{"id":99,"date":"2023-07-29T19:56:29","date_gmt":"2023-07-29T19:56:29","guid":{"rendered":"https:\/\/painfreebirthing.com\/turk\/agri-giderme-yontemleri\/hangisi-daha-iyi\/"},"modified":"2023-07-29T19:56:29","modified_gmt":"2023-07-29T19:56:29","slug":"hangisi-daha-iyi","status":"publish","type":"page","link":"https:\/\/painfreebirthing.com\/turk\/agri-giderme-yontemleri\/hangisi-daha-iyi\/","title":{"rendered":"Sistemik mi, yoksa rejyonel mi daha iyi?"},"content":{"rendered":"<div class=\"art-content-layout-wrapper layout-item-0\">\n<div class=\"art-content-layout layout-item-1\">\n<div class=\"art-content-layout-row\">\n<div class=\"art-layout-cell layout-item-2\" style=\"width: 100%\" >\n<p align=\"left\" style=\"margin-top: 10px; margin-bottom: 10px; font-weight: 400; background-color: rgb(221, 223, 223); text-align: left;\"><span style=\"color: rgb(0, 0, 0); font-family: Tahoma; font-size: medium; font-weight: 400; text-align: -webkit-left;\">Rejyonel anestezi a\u011fr\u0131 duymadan uyan\u0131k ve bilin\u00e7li olman\u0131z\u0131 sa\u011flar. A\u011fr\u0131 m\u00fckemmel bir \u015fekilde giderilir ve \u00e7ok az miktarda ila\u00e7 bebe\u011fe ula\u015f\u0131r.<\/span><span style=\"color: rgb(0, 0, 0); font-family: Tahoma, arial, verdana;\"><br \/><\/span><\/p>\n<p align=\"left\" style=\"margin-top: 10px; margin-bottom: 10px; font-weight: 400; background-color: rgb(221, 223, 223); text-align: left;\"><span style=\"color: rgb(61, 61, 61); font-family: Tahoma, arial, verdana;\"><span style=\"background-color: #FFFFFF; color: #000000;\"><br \/><\/span><\/span><\/p>\n<p align=\"left\" style=\"margin-top: 10px; margin-bottom: 10px; font-weight: 400; background-color: rgb(221, 223, 223); text-align: center;\"><img loading=\"lazy\" decoding=\"async\" width=\"300\" height=\"288\" alt=\"\" class=\"art-lightbox\" src=\"https:\/\/painfreebirthing.com\/turk\/wp-content\/uploads\/2023\/07\/comparison.gif\"><img loading=\"lazy\" decoding=\"async\" width=\"192\" height=\"192\" alt=\"\" class=\"art-lightbox\" src=\"https:\/\/painfreebirthing.com\/turk\/wp-content\/uploads\/2023\/07\/evolution1.gif\"><span style=\"color: rgb(61, 61, 61); font-family: Tahoma, arial, verdana;\"><span style=\"background-color: #FFFFFF; color: #000000;\"><br \/><\/span><\/span><\/p>\n<p align=\"left\" style=\"margin-top: 10px; margin-bottom: 10px; font-weight: 400; background-color: rgb(221, 223, 223); text-align: center;\"><\/p>\n<p align=\"left\" style=\"margin-top: 10px; margin-bottom: 10px; font-weight: 400; background-color: rgb(221, 223, 223); text-align: center;\">&nbsp;<span style=\"color: rgb(0, 0, 0); font-family: Tahoma, arial, verdana; font-size: medium; font-weight: 400; text-align: -webkit-center;\">Bir sonraki b\u00f6l\u00fcm i\u00e7in t\u0131klay\u0131n\u0131z<\/span><\/p>\n<p align=\"left\" style=\"margin-top: 10px; margin-bottom: 10px; font-weight: 400; background-color: rgb(221, 223, 223); text-align: center;\"><a href=\"\/agr%c4%b1s%c4%b1z-dogumda-alternatif-metodlar\" target=\"_parent\" rel=\"noopener\">A\u011fr\u0131s\u0131z Do\u011fumda Alternatif Metodlar<\/a><span style=\"font-size: 16px;\"><span style=\"color: rgb(135, 135, 135); font-family: Verdana, Geneva, Arial, Helvetica, sans-serif; line-height: 31px; text-align: left;\"><\/span><\/span><\/p>\n<p align=\"left\" style=\"text-align: start;margin-top: 10px; margin-bottom: 10px; font-weight: 400; background-color: rgb(221, 223, 223);\"><\/p>\n<\/p><\/div>\n<\/p><\/div>\n<\/div>\n<\/div>\n","protected":false},"excerpt":{"rendered":"<p>Rejyonel anestezi a\u011fr\u0131 duymadan uyan\u0131k ve bilin\u00e7li olman\u0131z\u0131 sa\u011flar. A\u011fr\u0131 m\u00fckemmel bir \u015fekilde giderilir ve \u00e7ok az miktarda ila\u00e7 bebe\u011fe ula\u015f\u0131r. &nbsp;Bir sonraki b\u00f6l\u00fcm i\u00e7in t\u0131klay\u0131n\u0131z A\u011fr\u0131s\u0131z Do\u011fumda Alternatif Metodlar<\/p>\n","protected":false},"author":1,"featured_media":0,"parent":95,"menu_order":9,"comment_status":"closed","ping_status":"closed","template":"","meta":{"footnotes":""},"class_list":["post-99","page","type-page","status-publish","hentry"],"_links":{"self":[{"href":"https:\/\/painfreebirthing.com\/turk\/wp-json\/wp\/v2\/pages\/99","targetHints":{"allow":["GET"]}}],"collection":[{"href":"https:\/\/painfreebirthing.com\/turk\/wp-json\/wp\/v2\/pages"}],"about":[{"href":"https:\/\/painfreebirthing.com\/turk\/wp-json\/wp\/v2\/types\/page"}],"author":[{"embeddable":true,"href":"https:\/\/painfreebirthing.com\/turk\/wp-json\/wp\/v2\/users\/1"}],"replies":[{"embeddable":true,"href":"https:\/\/painfreebirthing.com\/turk\/wp-json\/wp\/v2\/comments?post=99"}],"version-history":[{"count":0,"href":"https:\/\/painfreebirthing.com\/turk\/wp-json\/wp\/v2\/pages\/99\/revisions"}],"up":[{"embeddable":true,"href":"https:\/\/painfreebirthing.com\/turk\/wp-json\/wp\/v2\/pages\/95"}],"wp:attachment":[{"href":"https:\/\/painfreebirthing.com\/turk\/wp-json\/wp\/v2\/media?parent=99"}],"curies":[{"name":"wp","href":"https:\/\/api.w.org\/{rel}","templated":true}]}}