{"id":98,"date":"2023-07-29T19:56:28","date_gmt":"2023-07-29T19:56:28","guid":{"rendered":"https:\/\/painfreebirthing.com\/turk\/agri-giderme-yontemleri\/rejyonel-bolgesel-anestez\/"},"modified":"2023-07-29T19:56:28","modified_gmt":"2023-07-29T19:56:28","slug":"rejyonel-bolgesel-anestez","status":"publish","type":"page","link":"https:\/\/painfreebirthing.com\/turk\/agri-giderme-yontemleri\/rejyonel-bolgesel-anestez\/","title":{"rendered":"A\u011fr\u0131 kontrol metodlar\u0131"},"content":{"rendered":"<p><b style=\"color: rgb(0, 0, 0); font-family: 'Times New Roman'; font-size: medium; text-align: -webkit-center; \"><\/p>\n<p align=\"left\"><font face=\"Tahoma\"><font size=\"3\">B. Rejyonel Anestezi ( A\u011fr\u0131l\u0131 uyaranlar omurga i\u00e7inde bloke edilir ve beyine iletilmezler) Epidural alt omurga seviyesinde ger\u00e7ekle\u015ftirilen enjeksiyondur. V\u00fccudun enjeksiyonun alt\u0131nda kalan b\u00f6lgesi uyu\u015fur, kas\u0131lmalar s\u0131ras\u0131nda kad\u0131n\u0131n uyan\u0131k kalmas\u0131na ancak daha rahat hissetmesine izin verir.<\/font><\/font><\/p>\n<p><\/b><\/p>\n<p style=\"margin-top: 10px; margin-bottom: 10px; color: rgb(66, 66, 66); font-family: Arial, 'Arial Unicode MS', Helvetica, sans-serif; font-size: 13px; font-weight: 400;\"><font face=\"Tahoma, arial, verdana\" size=\"3\">&nbsp;<\/font><\/p>\n<p align=\"center\" style=\"margin-top: 10px; margin-bottom: 10px; color: rgb(66, 66, 66); font-family: Arial, 'Arial Unicode MS', Helvetica, sans-serif; font-size: 13px; font-weight: 400;\"><\/p>\n<p align=\"center\" style=\"margin-top: 10px; margin-bottom: 10px; color: rgb(66, 66, 66); font-family: Arial, 'Arial Unicode MS', Helvetica, sans-serif; font-size: 13px; font-weight: 400;\">&nbsp;<img loading=\"lazy\" decoding=\"async\" width=\"360\" height=\"432\" alt=\"\" class=\"art-lightbox\" src=\"https:\/\/painfreebirthing.com\/turk\/wp-content\/uploads\/2023\/07\/anat2ppw.gif\" ><\/p>\n<p><\/p>\n<table border=\"0\" width=\"100%\">\n<tbody>\n<tr>\n<td><font face=\"Tahoma\" style=\"font-size: 16px;\"><span style=\"color: #000000; \">Epidural anestezi ve spinal anesteziye rejyonel anestezi denilir, \u00e7\u00fcnk\u00fc v\u00fccudun belirli bir b\u00f6lgesinde anestezi yaparlar. Bu y\u00f6ntemler, a\u011fr\u0131 kontrol\u00fc m\u00fckemmel oldu\u011fu i\u00e7in ve bebe\u011fe \u00e7ok az ila\u00e7 ge\u00e7ti\u011fi i\u00e7in do\u011fumda pop\u00fclerdir. Burada kullan\u0131lan ila\u00e7lar lokal anestezikler (\u00f6rne\u011fin bupivakain gibi novokain benzeri ila\u00e7lar) ve narkotiklerdir. Bu ila\u00e7lar uterus (rahim) ve serviksten gelen a\u011fr\u0131y\u0131 omurgada yer alan spinal korda ve beyine ta\u015f\u0131yan sinirleri bloke ederler. Bu metod uyan\u0131k kalman\u0131z\u0131 ve g\u00f6receli olarak a\u011fr\u0131s\u0131z olman\u0131z\u0131 sa\u011flar. Nadir g\u00f6r\u00fclmekle beraber yan etkiler ve komplikasyonlar geli\u015febilir (Yan etkiler ve komplikasyonlar b\u00f6l\u00fcm\u00fcne bak\u0131n\u0131z).<\/span><\/p>\n<p align=\"center\">&nbsp;<\/p>\n<p><\/font><\/td>\n<\/tr>\n<tr>\n<td>\n<p align=\"center\"><span style=\"font-size: 16px;\"><\/p>\n<p><font face=\"Tahoma, arial, verdana\"><span style=\"color: #000000; \">Bir sonraki b\u00f6l\u00fcm i\u00e7in t\u0131klay\u0131n\u0131z<\/span><\/font><\/span><\/p>\n<\/td>\n<\/tr>\n<tr>\n<td>\n<p align=\"center\"><font face=\"Tahoma\"><a target=\"_parent\" href=\"\/agr%c4%b1-giderme-yontemleri\/hangisi-daha-iyi\" rel=\"noopener\"><span style=\"color: rgb(0, 0, 0); font-size: 16px;  \">Hangisi daha iyi?<\/span><\/a><\/font><\/p>\n<\/td>\n<\/tr>\n<\/tbody>\n<\/table>\n<p style=\"margin-top: 10px; margin-bottom: 10px; color: rgb(66, 66, 66); font-family: Arial, 'Arial Unicode MS', Helvetica, sans-serif; font-size: 13px; font-weight: 400;\"><span style=\"font-family: Tahoma, arial, verdana; font-size: medium;\"><\/span><\/p>\n<p align=\"center\" style=\"margin-top: 10px; margin-bottom: 10px; color: rgb(66, 66, 66); font-family: Arial, 'Arial Unicode MS', Helvetica, sans-serif; font-size: 13px; font-weight: 400;\"><a href=\"\/pain-relief-methods\/which-is-better\" target=\"_parent\" rel=\"noopener\"><\/a><\/p>\n<p><\/p>\n","protected":false},"excerpt":{"rendered":"<p>B. Rejyonel Anestezi ( A\u011fr\u0131l\u0131 uyaranlar omurga i\u00e7inde bloke edilir ve beyine iletilmezler) Epidural alt omurga seviyesinde ger\u00e7ekle\u015ftirilen enjeksiyondur. V\u00fccudun enjeksiyonun alt\u0131nda kalan b\u00f6lgesi uyu\u015fur, kas\u0131lmalar s\u0131ras\u0131nda kad\u0131n\u0131n uyan\u0131k kalmas\u0131na ancak daha rahat hissetmesine izin verir. &nbsp; &nbsp; Epidural anestezi ve spinal anesteziye rejyonel anestezi denilir, \u00e7\u00fcnk\u00fc v\u00fccudun belirli bir b\u00f6lgesinde anestezi yaparlar. Bu y\u00f6ntemler,&#8230;<\/p>\n<p class=\"more-link-wrap\"><a href=\"https:\/\/painfreebirthing.com\/turk\/agri-giderme-yontemleri\/rejyonel-bolgesel-anestez\/\" class=\"more-link\">Read More<span class=\"screen-reader-text\"> &ldquo;A\u011fr\u0131 kontrol metodlar\u0131&rdquo;<\/span> &raquo;<\/a><\/p>\n","protected":false},"author":1,"featured_media":0,"parent":95,"menu_order":8,"comment_status":"closed","ping_status":"closed","template":"","meta":{"footnotes":""},"class_list":["post-98","page","type-page","status-publish","hentry"],"_links":{"self":[{"href":"https:\/\/painfreebirthing.com\/turk\/wp-json\/wp\/v2\/pages\/98","targetHints":{"allow":["GET"]}}],"collection":[{"href":"https:\/\/painfreebirthing.com\/turk\/wp-json\/wp\/v2\/pages"}],"about":[{"href":"https:\/\/painfreebirthing.com\/turk\/wp-json\/wp\/v2\/types\/page"}],"author":[{"embeddable":true,"href":"https:\/\/painfreebirthing.com\/turk\/wp-json\/wp\/v2\/users\/1"}],"replies":[{"embeddable":true,"href":"https:\/\/painfreebirthing.com\/turk\/wp-json\/wp\/v2\/comments?post=98"}],"version-history":[{"count":0,"href":"https:\/\/painfreebirthing.com\/turk\/wp-json\/wp\/v2\/pages\/98\/revisions"}],"up":[{"embeddable":true,"href":"https:\/\/painfreebirthing.com\/turk\/wp-json\/wp\/v2\/pages\/95"}],"wp:attachment":[{"href":"https:\/\/painfreebirthing.com\/turk\/wp-json\/wp\/v2\/media?parent=98"}],"curies":[{"name":"wp","href":"https:\/\/api.w.org\/{rel}","templated":true}]}}