{"id":95,"date":"2023-07-29T19:56:25","date_gmt":"2023-07-29T19:56:25","guid":{"rendered":"https:\/\/painfreebirthing.com\/turk\/agri-giderme-yontemleri\/"},"modified":"2023-07-29T19:56:25","modified_gmt":"2023-07-29T19:56:25","slug":"agri-giderme-yontemleri","status":"publish","type":"page","link":"https:\/\/painfreebirthing.com\/turk\/agri-giderme-yontemleri\/","title":{"rendered":"New Page"},"content":{"rendered":"<p><b style=\"color: rgb(0, 0, 0); font-family: 'Times New Roman'; font-size: medium; text-align: start;\"><font size=\"3\">A\u011fr\u0131 giderme y\u00f6ntemleri<\/font><\/b><\/p>\n<p><a href=\"\/agr%c4%b1-giderme-yontemleri\/sistemik-agr%c4%b1-tedavisi\" target=\"_parent\" rel=\"noopener\">Sistemik a\u011fr\u0131 tedavisi&nbsp;<\/a><span lang=\"ES-CO\" style=\"color: rgb(0, 0, 0); font-family: 'Times New Roman'; font-size: medium; font-weight: 400; text-align: start;\"><a target=\"_parent\" href=\"\/agr%c4%b1-giderme-yontemleri\/sistemik-agr%c4%b1-tedavisi\" rel=\"noopener\"><font face=\"Tahoma\" size=\"2\"><\/font><\/a><\/span><b style=\"color: rgb(0, 0, 0); font-family: 'Times New Roman'; font-size: medium; text-align: start;\"><font size=\"3\"><br \/><\/font><\/b><\/p>\n<p><a href=\"\/agr%c4%b1-giderme-yontemleri\/nitroz-oksit\" target=\"_parent\" rel=\"noopener\">Nitr\u00f6z oksit<\/a><span style=\"color: rgb(34, 34, 34); font-family: arial, sans-serif; font-size: 12.8px; font-weight: 400; text-align: start; background-color: rgb(255, 255, 255);\"><\/span><a href=\"\/agr%c4%b1-giderme-yontemleri\/nitrous-oxide\" target=\"_parent\" rel=\"noopener\"><\/a><\/p>\n<p><a target=\"_parent\" href=\"\/agr%c4%b1-giderme-yontemleri\/rejyonel-bolgesel-anestez\" style=\"font-family: Tahoma; font-size: small; font-weight: 400; text-align: start; background-color: rgb(255, 255, 255); \" rel=\"noopener\">Rejyonel (B\u00f6lgesel) anestezi<\/a><\/p>\n<p><a href=\"\/agr%c4%b1-giderme-yontemleri\/hangisi-daha-iyi\" target=\"_parent\" rel=\"noopener\">&nbsp;Hangisi daha iyi?<\/a><b style=\"color: rgb(0, 0, 0); font-family: Tahoma; font-size: small; text-align: start; background-color: rgb(255, 255, 255);\"><\/b><a href=\"\/agr%c4%b1-giderme-yontemleri\/hangisi-daha-iyi\" style=\"font-family: Tahoma; font-size: small; font-weight: 400; text-align: start; background-color: rgb(255, 255, 255);\" target=\"_parent\" rel=\"noopener\"><\/a><b style=\"color: rgb(0, 0, 0); font-family: 'Times New Roman'; font-size: medium; text-align: start;\"><font size=\"3\"><br \/><\/font><\/b><\/p>\n","protected":false},"excerpt":{"rendered":"<p>A\u011fr\u0131 giderme y\u00f6ntemleri Sistemik a\u011fr\u0131 tedavisi&nbsp; Nitr\u00f6z oksit Rejyonel (B\u00f6lgesel) anestezi &nbsp;Hangisi daha iyi?<\/p>\n","protected":false},"author":1,"featured_media":0,"parent":0,"menu_order":5,"comment_status":"closed","ping_status":"closed","template":"","meta":{"footnotes":""},"class_list":["post-95","page","type-page","status-publish","hentry"],"_links":{"self":[{"href":"https:\/\/painfreebirthing.com\/turk\/wp-json\/wp\/v2\/pages\/95","targetHints":{"allow":["GET"]}}],"collection":[{"href":"https:\/\/painfreebirthing.com\/turk\/wp-json\/wp\/v2\/pages"}],"about":[{"href":"https:\/\/painfreebirthing.com\/turk\/wp-json\/wp\/v2\/types\/page"}],"author":[{"embeddable":true,"href":"https:\/\/painfreebirthing.com\/turk\/wp-json\/wp\/v2\/users\/1"}],"replies":[{"embeddable":true,"href":"https:\/\/painfreebirthing.com\/turk\/wp-json\/wp\/v2\/comments?post=95"}],"version-history":[{"count":0,"href":"https:\/\/painfreebirthing.com\/turk\/wp-json\/wp\/v2\/pages\/95\/revisions"}],"wp:attachment":[{"href":"https:\/\/painfreebirthing.com\/turk\/wp-json\/wp\/v2\/media?parent=95"}],"curies":[{"name":"wp","href":"https:\/\/api.w.org\/{rel}","templated":true}]}}