{"id":94,"date":"2023-07-29T19:56:24","date_gmt":"2023-07-29T19:56:24","guid":{"rendered":"https:\/\/painfreebirthing.com\/turk\/dogum-agrisinin-siddeti\/"},"modified":"2023-07-29T19:56:24","modified_gmt":"2023-07-29T19:56:24","slug":"dogum-agrisinin-siddeti","status":"publish","type":"page","link":"https:\/\/painfreebirthing.com\/turk\/dogum-agrisinin-siddeti\/","title":{"rendered":"Do\u011fum s\u0131ras\u0131nda a\u011fr\u0131n\u0131n \u015fiddeti"},"content":{"rendered":"<p><span style=\"color: #3D3D3D; font-weight: 400; font-family: Tahoma, arial, verdana; font-size: medium; background-color: #FFFFFF;\">.&nbsp;<\/span><\/p>\n<p style=\"text-align: center;\"><img loading=\"lazy\" decoding=\"async\" width=\"144\" height=\"252\" alt=\"\" class=\"art-lightbox\" src=\"https:\/\/painfreebirthing.com\/turk\/wp-content\/uploads\/2023\/07\/progresspreg.gif\"><span style=\"color: #3D3D3D; font-weight: 400; font-family: Tahoma, arial, verdana; font-size: medium; background-color: #FFFFFF;\"><br \/><\/span><\/p>\n<p><span style=\"color: #3D3D3D; font-weight: 400; font-family: Tahoma, arial, verdana; font-size: medium; background-color: #FFFFFF;\"><br \/><\/span><\/p>\n<table border=\"0\" width=\"100%\" height=\"563\">\n<tbody>\n<tr>\n<td align=\"center\">\n<p align=\"left\"><font face=\"Tahoma\"><span style=\"color: rgb(0, 0, 0); font-size: 16px;\">Travaya girmeden ne kadar a\u011fr\u0131n\u0131z\u0131n olaca\u011f\u0131n\u0131 tahmin etmek zordur. Baz\u0131 kad\u0131nlarda dayan\u0131labilir, kontrol edilebilir d\u00fczeyde a\u011fr\u0131 olurken, baz\u0131lar\u0131 a\u011fr\u0131 kontrol y\u00f6ntemlerinden faydalanabilir. Travay s\u0131ras\u0131nda a\u011fr\u0131y\u0131 kontrol etmeye yard\u0131mc\u0131 olabilecek medikal olmayan pek \u00e7ok teknik bulunmaktad\u0131r. Bunlar\u0131n aras\u0131nda nefes alma ve rahatlama teknikleri, \u0131l\u0131k banyo, masaj, destekleyici hem\u015fire bak\u0131m\u0131, pozisyon de\u011fi\u015fiklikleri (ayakta durmak, oturmak, y\u00fcr\u00fcmek, sallanmak) ve do\u011fum topu bulundurmaktad\u0131r. Medikal olmayan a\u011fr\u0131s\u0131z do\u011fum destekleyicileri, bu metodlar\u0131n a\u011fr\u0131n\u0131n \u00fcstesinden gelmede etkili olaca\u011f\u0131 ve travay ve do\u011fumu zevkli bir deneyim haline getirece\u011fi g\u00f6r\u00fc\u015f\u00fcn\u00fc savunur. Bu metodlar hakk\u0131nda ek bilgilere internet adreslerinden ula\u015fabilirsiniz. Do\u011fum e\u011fitmeni de size daha fazla bilgi vererek yard\u0131mc\u0131 olacakt\u0131r.<\/span><\/font><\/p>\n<p align=\"left\"><font face=\"Tahoma\"><span style=\"color: rgb(0, 0, 0); font-size: 16px;\"><br \/><\/span><\/font><\/p>\n<p align=\"left\" style=\"text-align: center; \"><span style=\"font-family: Tahoma, arial, verdana; text-align: -webkit-center; color: #000000; \">Bir sonraki b\u00f6l\u00fcm i\u00e7in t\u0131klay\u0131n\u0131z<\/span><font face=\"Tahoma\"><span style=\"color: rgb(0, 0, 0); font-size: 16px;\"><br \/><\/span><\/font><\/p>\n<p align=\"left\" style=\"text-align: center; \"><span style=\"font-family: Tahoma; text-align: -webkit-center; \"><a target=\"_parent\" href=\"\/agr%c4%b1-giderme-yontemleri\/sistemik-agr%c4%b1-tedavisi\" style=\"text-decoration: underline; color: rgb(156, 156, 156);  \" rel=\"noopener\">Sistemik a\u011fr\u0131 tedavisi<\/a><\/span><span style=\"font-family: Tahoma, arial, verdana; text-align: -webkit-center; \"><br \/><\/span><\/p>\n<\/td>\n<\/tr>\n<tr>\n<td>\n<p>&nbsp;<\/p>\n<\/td>\n<\/tr>\n<tr>\n<td>\n<p align=\"center\"><span style=\"font-family: Tahoma, arial, verdana; font-size: medium;\"><br \/><\/span><\/p>\n<\/td>\n<\/tr>\n<\/tbody>\n<\/table>\n<p style=\"text-align: left; \"><span style=\"color: #3D3D3D; font-weight: 400; font-family: Tahoma, arial, verdana; font-size: medium; background-color: #FFFFFF;\"><br \/><\/span><\/p>\n<p><span style=\"color: #3D3D3D; font-weight: 400; font-family: Tahoma, arial, verdana; font-size: medium; background-color: #FFFFFF;\"><br \/><\/span><\/p>\n<p style=\"text-align: center;\"><a href=\"\/pain-relief-methods\/systemic-pain-relief\" target=\"_parent\" rel=\"noopener\">Next: Pain Relief Methods: Systemic Pain Relief<\/a><span style=\"color: #3D3D3D; font-weight: 400; font-family: Tahoma, arial, verdana; font-size: medium; background-color: #FFFFFF;\"><\/span>\n                <\/p>\n","protected":false},"excerpt":{"rendered":"<p>.&nbsp; Travaya girmeden ne kadar a\u011fr\u0131n\u0131z\u0131n olaca\u011f\u0131n\u0131 tahmin etmek zordur. Baz\u0131 kad\u0131nlarda dayan\u0131labilir, kontrol edilebilir d\u00fczeyde a\u011fr\u0131 olurken, baz\u0131lar\u0131 a\u011fr\u0131 kontrol y\u00f6ntemlerinden faydalanabilir. Travay s\u0131ras\u0131nda a\u011fr\u0131y\u0131 kontrol etmeye yard\u0131mc\u0131 olabilecek medikal olmayan pek \u00e7ok teknik bulunmaktad\u0131r. Bunlar\u0131n aras\u0131nda nefes alma ve rahatlama teknikleri, \u0131l\u0131k banyo, masaj, destekleyici hem\u015fire bak\u0131m\u0131, pozisyon de\u011fi\u015fiklikleri (ayakta durmak, oturmak, y\u00fcr\u00fcmek,&#8230;<\/p>\n<p class=\"more-link-wrap\"><a href=\"https:\/\/painfreebirthing.com\/turk\/dogum-agrisinin-siddeti\/\" class=\"more-link\">Read More<span class=\"screen-reader-text\"> &ldquo;Do\u011fum s\u0131ras\u0131nda a\u011fr\u0131n\u0131n \u015fiddeti&rdquo;<\/span> &raquo;<\/a><\/p>\n","protected":false},"author":1,"featured_media":0,"parent":0,"menu_order":4,"comment_status":"closed","ping_status":"closed","template":"","meta":{"footnotes":""},"class_list":["post-94","page","type-page","status-publish","hentry"],"_links":{"self":[{"href":"https:\/\/painfreebirthing.com\/turk\/wp-json\/wp\/v2\/pages\/94","targetHints":{"allow":["GET"]}}],"collection":[{"href":"https:\/\/painfreebirthing.com\/turk\/wp-json\/wp\/v2\/pages"}],"about":[{"href":"https:\/\/painfreebirthing.com\/turk\/wp-json\/wp\/v2\/types\/page"}],"author":[{"embeddable":true,"href":"https:\/\/painfreebirthing.com\/turk\/wp-json\/wp\/v2\/users\/1"}],"replies":[{"embeddable":true,"href":"https:\/\/painfreebirthing.com\/turk\/wp-json\/wp\/v2\/comments?post=94"}],"version-history":[{"count":0,"href":"https:\/\/painfreebirthing.com\/turk\/wp-json\/wp\/v2\/pages\/94\/revisions"}],"wp:attachment":[{"href":"https:\/\/painfreebirthing.com\/turk\/wp-json\/wp\/v2\/media?parent=94"}],"curies":[{"name":"wp","href":"https:\/\/api.w.org\/{rel}","templated":true}]}}