{"id":93,"date":"2023-07-29T19:56:23","date_gmt":"2023-07-29T19:56:23","guid":{"rendered":"https:\/\/painfreebirthing.com\/turk\/dogum-sirasinda-agri\/"},"modified":"2023-07-29T19:56:23","modified_gmt":"2023-07-29T19:56:23","slug":"dogum-sirasinda-agri","status":"publish","type":"page","link":"https:\/\/painfreebirthing.com\/turk\/dogum-sirasinda-agri\/","title":{"rendered":"Do\u011fum s\u0131ras\u0131nda a\u011fr\u0131"},"content":{"rendered":"<p><span style=\"color: rgb(34, 2, 3); font-family: Arial, 'Arial Unicode MS', Helvetica, sans-serif; font-size: 14px;\"><br \/><\/span><\/p>\n<table>\n<tbody>\n<tr>\n<td><span style=\"color: rgb(0, 0, 0); font-family: Tahoma; font-size: medium; font-weight: 400; text-align: start; \">Travay s\u0131ras\u0131nda uterus kas\u0131ld\u0131\u011f\u0131 zaman, a\u011fr\u0131 uterustan sinirler arac\u0131l\u0131\u011f\u0131yla omurili\u011finize (\u015fekilde omurgan\u0131z g\u00f6sterilmi\u015ftir), oradan da \u015fekilde g\u00f6r\u00fcld\u00fc\u011f\u00fc gibi beyine ula\u015farak rahats\u0131zl\u0131k hissi olu\u015fturur.&nbsp;<\/span><font face=\"Tahoma, arial, verdana\" size=\"3\"><span style=\"color: rgb(34, 2, 3); \">&nbsp;<\/span><\/font><\/td>\n<\/tr>\n<tr>\n<td align=\"center\" style=\"text-align: center; \"><img loading=\"lazy\" decoding=\"async\" width=\"360\" height=\"432\" alt=\"\" class=\"art-lightbox\" src=\"https:\/\/painfreebirthing.com\/turk\/wp-content\/uploads\/2023\/07\/paiinpathways.gif\" ><\/td>\n<\/tr>\n<tr>\n<td align=\"center\" style=\"text-align: center; \"><\/td>\n<\/tr>\n<tr>\n<td><\/td>\n<\/tr>\n<tr>\n<td align=\"center\" style=\"text-align: center; \">\n<table width=\"100%\">\n<tbody>\n<tr>\n<td colspan=\"2\">\n<table border=\"0\" width=\"100%\">\n<tbody>\n<tr>\n<td align=\"center\">\n<table>\n<tbody>\n<tr>\n<td align=\"center\" style=\"text-align: center; \"><font face=\"Tahoma\" style=\"font-size: 16px;\"><span style=\"color: rgb(0, 0, 0); \">Her kad\u0131n i\u00e7in do\u011fum e\u015fsizdir. Hissedilebilecek a\u011fr\u0131 \u00e7e\u015fitli fakt\u00f6rlere ba\u011fl\u0131d\u0131r:<\/span><\/font><\/p>\n<p><font face=\"Tahoma\"><span style=\"color: rgb(0, 0, 0); font-size: 16px;\">&#8211;\tbebe\u011fin boyu<\/span><\/font><\/p>\n<p><font face=\"Tahoma\"><span style=\"color: rgb(0, 0, 0); font-size: 16px;\">&#8211;\tbebe\u011fin pozisyonu<\/span><\/font><\/p>\n<p><font face=\"Tahoma\"><span style=\"color: rgb(0, 0, 0); font-size: 16px;\">&nbsp;&#8211;\tpelvis geni\u015fli\u011fi<\/span><\/font><\/p>\n<p><font face=\"Tahoma\"><span style=\"color: rgb(0, 0, 0); font-size: 16px;\">&#8211;\tkas\u0131lmalar\u0131n g\u00fcc\u00fc<\/span><\/font><\/p>\n<p><font face=\"Tahoma\"><span style=\"color: rgb(0, 0, 0); font-size: 16px;\">&#8211;\tge\u00e7mi\u015f deneyimler ve beklentiler<\/span><\/font><\/p>\n<p><span style=\"font-size: 16px; font-family: Tahoma;\"><font><span style=\"color: #000000; \">&#8211;\then\u00fcz \u00e7\u00f6z\u00fclmemi\u015f pek \u00e7ok nedenler<\/span><\/font>&nbsp;&nbsp;<\/span><\/p>\n<p><span style=\"font-size: 16px; font-family: Tahoma;\">&nbsp;<\/span><\/p>\n<\/td>\n<\/tr>\n<tr>\n<td align=\"center\" style=\"text-align: center; \">\n<p align=\"left\"><span style=\"font-size: 16px; font-family: Tahoma;\"><font><span style=\"color: #000000; \">Bu y\u00fczden ne kadar a\u011fr\u0131 duyaca\u011f\u0131n\u0131z\u0131 do\u011fumu ya\u015famadan \u00f6nce tahmin etmek g\u00fc\u00e7t\u00fcr. Baz\u0131 kad\u0131nlar dayanabilecek, kontrol alt\u0131na alabilecek d\u00fczeyde a\u011fr\u0131 duyarken, baz\u0131lar\u0131 da \u00e7e\u015fitli a\u011fr\u0131 kesme y\u00f6ntemlerine ihtiya\u00e7 duyar. Nefes alma, rahatlama teknikleri, \u0131l\u0131k du\u015f, masaj, destekleyici hem\u015fire bak\u0131m\u0131, pozisyon de\u011fi\u015fiklikleri (ayakta durmak, oturmak, y\u00fcr\u00fcmek, sallanmak), do\u011fum topu kullanmak gibi do\u011fum a\u011fr\u0131s\u0131na yard\u0131mc\u0131 olan pek \u00e7ok medikal olmayan y\u00f6ntemler bulunmaktad\u0131r. Do\u011fum e\u011fitmeni size daha fazla bilgi i\u00e7in yard\u0131mc\u0131 olabilir. Ancak baz\u0131 kad\u0131nlar i\u00e7in bu y\u00f6ntemler yerli olmayabilir.<\/span><\/font>&nbsp;<\/span><\/p>\n<\/td>\n<\/tr>\n<tr>\n<td height=\"30\" style=\"text-align: center; \"><span style=\"font-size: 16px; font-family: Tahoma;\">&nbsp;<\/span><\/td>\n<\/tr>\n<\/tbody>\n<\/table>\n<\/td>\n<\/tr>\n<\/tbody>\n<\/table>\n<\/td>\n<\/tr>\n<\/tbody>\n<\/table>\n<p align=\"center\" style=\"color: rgb(0, 0, 0); font-weight: 400; text-align: center; \"><span style=\"font-size: 16px; font-family: Tahoma;\"><font><span style=\"color: #000000; \">Bir sonraki b\u00f6l\u00fcm i\u00e7in t\u0131klay\u0131n\u0131z<\/span><\/font>&nbsp;<\/span><\/p>\n<p align=\"center\" style=\"color: rgb(0, 0, 0); font-weight: 400; text-align: center; \"><a href=\"\/dogum-agr\u0131s\u0131n\u0131n-siddeti\" target=\"_parent\" rel=\"noopener\"><span style=\"color: rgb(0, 0, 0); font-size: 16px; font-family: Tahoma;  \">Do\u011fum a\u011fr\u0131s\u0131n\u0131n \u015fiddeti<\/span><\/a><\/p>\n<p align=\"center\" style=\"color: rgb(0, 0, 0); font-family: 'Times New Roman'; font-size: medium; font-weight: 400; \"><\/p>\n<p><font face=\"Tahoma, arial, verdana\" size=\"3\"><span style=\"color: rgb(34, 2, 3); \"><\/span><\/font><\/td>\n<\/tr>\n<tr>\n<td align=\"center\" style=\"text-align: center; \"><font face=\"Tahoma, arial, verdana\" size=\"3\"><\/font><\/td>\n<\/tr>\n<tr>\n<td align=\"center\" style=\"text-align: center; \"><font face=\"Tahoma, arial, verdana\" size=\"3\"><\/font><\/td>\n<\/tr>\n<tr>\n<td align=\"center\" style=\"text-align: center; \"><font face=\"Tahoma, arial, verdana\" size=\"3\"><\/font><\/td>\n<\/tr>\n<tr>\n<td align=\"center\" style=\"text-align: center; \"><font face=\"Tahoma, arial, verdana\" size=\"3\"><\/font><\/td>\n<\/tr>\n<tr>\n<td align=\"center\" style=\"text-align: center; \"><font face=\"Tahoma, arial, verdana\" size=\"3\"><\/font><\/td>\n<\/tr>\n<tr>\n<td align=\"center\" style=\"text-align: center; \"><font face=\"Tahoma, arial, verdana\" size=\"3\"><\/font><\/td>\n<\/tr>\n<tr>\n<td style=\"text-align: center; \"><font face=\"Tahoma, arial, verdana\" size=\"3\"><span style=\"color: rgb(34, 2, 3); \"><a href=\"\/dogum-agr\u0131s\u0131n\u0131n-siddeti\" target=\"_parent\" rel=\"noopener\"><\/a><\/span><\/font><\/td>\n<\/tr>\n<tr>\n<td align=\"center\" style=\"text-align: center; \"><span style=\"color: rgb(34, 2, 3); font-family: Tahoma, arial, verdana; font-size: medium;\"><br \/><\/span><\/td>\n<\/tr>\n<\/tbody>\n<\/table>\n<p><\/p>\n","protected":false},"excerpt":{"rendered":"<p>Travay s\u0131ras\u0131nda uterus kas\u0131ld\u0131\u011f\u0131 zaman, a\u011fr\u0131 uterustan sinirler arac\u0131l\u0131\u011f\u0131yla omurili\u011finize (\u015fekilde omurgan\u0131z g\u00f6sterilmi\u015ftir), oradan da \u015fekilde g\u00f6r\u00fcld\u00fc\u011f\u00fc gibi beyine ula\u015farak rahats\u0131zl\u0131k hissi olu\u015fturur.&nbsp;&nbsp; Her kad\u0131n i\u00e7in do\u011fum e\u015fsizdir. Hissedilebilecek a\u011fr\u0131 \u00e7e\u015fitli fakt\u00f6rlere ba\u011fl\u0131d\u0131r: &#8211; bebe\u011fin boyu &#8211; bebe\u011fin pozisyonu &nbsp;&#8211; pelvis geni\u015fli\u011fi &#8211; kas\u0131lmalar\u0131n g\u00fcc\u00fc &#8211; ge\u00e7mi\u015f deneyimler ve beklentiler &#8211; hen\u00fcz \u00e7\u00f6z\u00fclmemi\u015f pek \u00e7ok&#8230;<\/p>\n<p class=\"more-link-wrap\"><a href=\"https:\/\/painfreebirthing.com\/turk\/dogum-sirasinda-agri\/\" class=\"more-link\">Read More<span class=\"screen-reader-text\"> &ldquo;Do\u011fum s\u0131ras\u0131nda a\u011fr\u0131&rdquo;<\/span> &raquo;<\/a><\/p>\n","protected":false},"author":1,"featured_media":0,"parent":0,"menu_order":3,"comment_status":"closed","ping_status":"closed","template":"","meta":{"footnotes":""},"class_list":["post-93","page","type-page","status-publish","hentry"],"_links":{"self":[{"href":"https:\/\/painfreebirthing.com\/turk\/wp-json\/wp\/v2\/pages\/93","targetHints":{"allow":["GET"]}}],"collection":[{"href":"https:\/\/painfreebirthing.com\/turk\/wp-json\/wp\/v2\/pages"}],"about":[{"href":"https:\/\/painfreebirthing.com\/turk\/wp-json\/wp\/v2\/types\/page"}],"author":[{"embeddable":true,"href":"https:\/\/painfreebirthing.com\/turk\/wp-json\/wp\/v2\/users\/1"}],"replies":[{"embeddable":true,"href":"https:\/\/painfreebirthing.com\/turk\/wp-json\/wp\/v2\/comments?post=93"}],"version-history":[{"count":0,"href":"https:\/\/painfreebirthing.com\/turk\/wp-json\/wp\/v2\/pages\/93\/revisions"}],"wp:attachment":[{"href":"https:\/\/painfreebirthing.com\/turk\/wp-json\/wp\/v2\/media?parent=93"}],"curies":[{"name":"wp","href":"https:\/\/api.w.org\/{rel}","templated":true}]}}