{"id":141,"date":"2023-07-29T19:57:11","date_gmt":"2023-07-29T19:57:11","guid":{"rendered":"https:\/\/painfreebirthing.com\/turk\/anesthesia-for-cesarsezaryenle-dogumean-delivery\/sezaryenle-dogum-sonrasi-postoperatif-agri-kontrolu\/"},"modified":"2023-07-29T19:57:11","modified_gmt":"2023-07-29T19:57:11","slug":"sezaryenle-dogum-sonrasi-postoperatif-agri-kontrolu","status":"publish","type":"page","link":"https:\/\/painfreebirthing.com\/turk\/anesthesia-for-cesarsezaryenle-dogumean-delivery\/sezaryenle-dogum-sonrasi-postoperatif-agri-kontrolu\/","title":{"rendered":"Sezaryenle do\u011fum sonras\u0131 (postoperatif) a\u011fr\u0131 kontrol\u00fc"},"content":{"rendered":"<p style=\"margin-top: 10px; margin-bottom: 10px; color: rgb(105, 105, 105); font-family: Arial, 'Arial Unicode MS', Helvetica, sans-serif; background-color: rgba(255, 255, 255, 0.597656); font-weight: bold; text-align: center;\"><b><br \/><\/b><\/p>\n<p style=\"text-align: center;\"><font face=\"Tahoma, arial, verdana\" size=\"3\" style=\"font-weight: 400; background-color: rgba(255, 255, 255, 0.597656); color: rgb(0, 0, 0); font-size: medium; text-align: -webkit-left;\"><span style=\"font-weight: bold;\"><img loading=\"lazy\" decoding=\"async\" width=\"216\" height=\"288\" alt=\"\" class=\"art-lightbox\" src=\"https:\/\/painfreebirthing.com\/turk\/wp-content\/uploads\/2023\/07\/postoppain-2.gif\" ><font face=\"Tahoma, arial, verdana\" size=\"3\" style=\"font-weight: 400; background-color: rgba(255, 255, 255, 0.597656); color: rgb(0, 0, 0); font-size: medium; text-align: -webkit-left;\"><span style=\"font-weight: bold;\"><br \/><\/span><\/font><\/span><\/font><\/p>\n<p><font face=\"Tahoma, arial, verdana\" size=\"3\" style=\"font-weight: 400; background-color: rgba(255, 255, 255, 0.597656); color: rgb(0, 0, 0); font-size: medium; text-align: -webkit-left;\"><\/p>\n<table border=\"0\" width=\"100%\" height=\"200\">\n<tbody>\n<tr>\n<td align=\"left\">\n<p><font face=\"Tahoma\" style=\"font-size: 16px;\"><b>Ameliyattan sonra a\u011fr\u0131 olur mu?<\/b><\/p>\n<p>Kar\u0131n b\u00f6lgesindeki cerrahi kesiden kaynaklanan a\u011fr\u0131 yataktan kalkman\u0131z\u0131 ve yeni do\u011fan bebe\u011finizin bak\u0131m\u0131n\u0131 aktif olarak yapman\u0131z\u0131 k\u0131s\u0131tlayabilir. Bu nedenle rahat\u0131n\u0131z\u0131 devam ettirmenizi sa\u011flamak i\u00e7in ameliyattan sonraki d\u00f6nemde a\u011fr\u0131 kontrol\u00fc gereklidir.&nbsp;<\/p>\n<p><b>A\u011fr\u0131 kontrol\u00fcnde yakla\u015f\u0131m nedir?<\/b><\/p>\n<p>A\u011fr\u0131 tedavisi a\u011f\u0131zdan, intraven\u00f6z, veya daha \u00f6nce uygulanm\u0131\u015f rejyonel anestezi uygulamas\u0131n\u0131n bir par\u00e7as\u0131 olarak yap\u0131labilir. Mideniz \u00e7ok tolere edemeyece\u011fi i\u00e7in a\u011f\u0131z yoluyla ila\u00e7lar\u0131n al\u0131nmas\u0131 cerrahiden sonra birka\u00e7 saat pek m\u00fcmk\u00fcn olmaz. Anestezisti doktoru ameliyattan sonra rahat\u0131n\u0131z\u0131 sa\u011flayacakt\u0131r. A\u011fr\u0131 kontrol metodu, sezaryen s\u0131ras\u0131nda uygulanan anestezi\u011fe ba\u011fl\u0131d\u0131r. Rejyonel anestezi uygulanm\u0131\u015fsa, spinal veya epidural alana verilen ila\u00e7lar sersemlik hissiniz olmadan ameliyattan sonra 18 saate kadar s\u00fcrebilir. Genel anestezi alm\u0131\u015fsan\u0131z, kendi uygulaman\u0131za ba\u011f\u0131ml\u0131 intraven\u00f6z a\u011fr\u0131 kontrol\u00fc (hasta kontroll\u00fc analjezi) genellikle uygulan\u0131r. \u0130lk g\u00fcnden sonra a\u011fr\u0131 kontrol\u00fc genellikle a\u011f\u0131zdan al\u0131nan bir ila\u00e7la yap\u0131l\u0131r.&nbsp;<\/p>\n<p><b>Herhangi bir yan etki var m\u0131d\u0131r?<\/b><\/p>\n<p>A\u011fr\u0131 tedavisinde kullan\u0131lan ila\u00e7lar genelde narkotik ila\u00e7lar\u0131n bir formudur. Narkotik uygulamas\u0131na ba\u011fl\u0131 g\u00f6r\u00fclen yan etkiler uyku hali, ka\u015f\u0131nt\u0131, bulant\u0131, nefes almada g\u00fc\u00e7l\u00fck ve kab\u0131zl\u0131kt\u0131r. Yan etkiler genellikle \u00e7ok nadir ve kendi kendini s\u0131n\u0131rlay\u0131c\u0131d\u0131r. Rahats\u0131z edecek boyutta olursa bunlar\u0131 tedavi etmek i\u00e7in ba\u015fka ila\u00e7lar kullan\u0131labilir. Bu ila\u00e7lar\u0131n anne s\u00fct\u00fcnde fark edilecek d\u00fczeyde birikimi s\u00f6z konusu de\u011fildir. Narkotik ila\u00e7lara ba\u011f\u0131ml\u0131l\u0131k konusunda endi\u015felenmeniz gereksiz. Ameliyattan sonra aya\u011fa kalk\u0131p yataktan \u00e7\u0131kacak kadar rahat hissetmeniz, olas\u0131 yan etkiler i\u00e7in endi\u015felenmenizden daha \u00f6nemlidir.<\/font><\/p>\n<\/td>\n<\/tr>\n<tr>\n<td align=\"center\"><b><br \/><\/b><\/td>\n<\/tr>\n<\/tbody>\n<\/table>\n<p><\/font><\/p>\n<p style=\"margin-top: 10px; margin-bottom: 10px; font-weight: 400; background-color: rgba(255, 255, 255, 0.597656); color: rgb(0, 0, 0); font-family: 'Times New Roman'; font-size: medium; text-align: -webkit-left;\">\n<p style=\"margin-top: 10px; margin-bottom: 10px; font-weight: 400; background-color: rgba(255, 255, 255, 0.597656); color: rgb(0, 0, 0); font-family: 'Times New Roman'; font-size: medium; text-align: -webkit-left;\"><font face=\"Tahoma, arial, verdana\" size=\"3\"><\/font><\/p>\n<p style=\"margin-top: 10px; margin-bottom: 10px; font-weight: 400; background-color: rgba(255, 255, 255, 0.597656); color: rgb(0, 0, 0); font-family: 'Times New Roman'; font-size: medium; text-align: -webkit-left;\">\n<p style=\"margin-top: 10px; margin-bottom: 10px; font-weight: 400; background-color: rgba(255, 255, 255, 0.597656); color: rgb(0, 0, 0); font-family: 'Times New Roman'; font-size: medium; text-align: -webkit-left;\">\n<p style=\"margin-top: 10px; margin-bottom: 10px; font-weight: 400; background-color: rgba(255, 255, 255, 0.597656); color: rgb(0, 0, 0); font-family: 'Times New Roman'; font-size: medium; text-align: -webkit-left;\"><font face=\"Tahoma, arial, verdana\" size=\"3\"><\/font><\/p>\n<p style=\"margin-top: 10px; margin-bottom: 10px; font-weight: 400; background-color: rgba(255, 255, 255, 0.597656); color: rgb(0, 0, 0); font-family: 'Times New Roman'; font-size: medium; text-align: -webkit-left;\"><font face=\"Tahoma, arial, verdana\" size=\"3\"><\/font><\/p>\n<p style=\"margin-top: 10px; margin-bottom: 10px; font-weight: 400; background-color: rgba(255, 255, 255, 0.597656); color: rgb(0, 0, 0); font-family: 'Times New Roman'; font-size: medium; text-align: -webkit-left;\"><font face=\"Tahoma, arial, verdana\" size=\"3\"><br \/><\/font><\/p>\n<p><\/p>\n","protected":false},"excerpt":{"rendered":"<p>Ameliyattan sonra a\u011fr\u0131 olur mu? Kar\u0131n b\u00f6lgesindeki cerrahi kesiden kaynaklanan a\u011fr\u0131 yataktan kalkman\u0131z\u0131 ve yeni do\u011fan bebe\u011finizin bak\u0131m\u0131n\u0131 aktif olarak yapman\u0131z\u0131 k\u0131s\u0131tlayabilir. Bu nedenle rahat\u0131n\u0131z\u0131 devam ettirmenizi sa\u011flamak i\u00e7in ameliyattan sonraki d\u00f6nemde a\u011fr\u0131 kontrol\u00fc gereklidir.&nbsp; A\u011fr\u0131 kontrol\u00fcnde yakla\u015f\u0131m nedir? A\u011fr\u0131 tedavisi a\u011f\u0131zdan, intraven\u00f6z, veya daha \u00f6nce uygulanm\u0131\u015f rejyonel anestezi uygulamas\u0131n\u0131n bir par\u00e7as\u0131 olarak yap\u0131labilir. Mideniz&#8230;<\/p>\n<p class=\"more-link-wrap\"><a href=\"https:\/\/painfreebirthing.com\/turk\/anesthesia-for-cesarsezaryenle-dogumean-delivery\/sezaryenle-dogum-sonrasi-postoperatif-agri-kontrolu\/\" class=\"more-link\">Read More<span class=\"screen-reader-text\"> &ldquo;Sezaryenle do\u011fum sonras\u0131 (postoperatif) a\u011fr\u0131 kontrol\u00fc&rdquo;<\/span> &raquo;<\/a><\/p>\n","protected":false},"author":1,"featured_media":0,"parent":138,"menu_order":51,"comment_status":"closed","ping_status":"closed","template":"","meta":{"footnotes":""},"class_list":["post-141","page","type-page","status-publish","hentry"],"_links":{"self":[{"href":"https:\/\/painfreebirthing.com\/turk\/wp-json\/wp\/v2\/pages\/141","targetHints":{"allow":["GET"]}}],"collection":[{"href":"https:\/\/painfreebirthing.com\/turk\/wp-json\/wp\/v2\/pages"}],"about":[{"href":"https:\/\/painfreebirthing.com\/turk\/wp-json\/wp\/v2\/types\/page"}],"author":[{"embeddable":true,"href":"https:\/\/painfreebirthing.com\/turk\/wp-json\/wp\/v2\/users\/1"}],"replies":[{"embeddable":true,"href":"https:\/\/painfreebirthing.com\/turk\/wp-json\/wp\/v2\/comments?post=141"}],"version-history":[{"count":0,"href":"https:\/\/painfreebirthing.com\/turk\/wp-json\/wp\/v2\/pages\/141\/revisions"}],"up":[{"embeddable":true,"href":"https:\/\/painfreebirthing.com\/turk\/wp-json\/wp\/v2\/pages\/138"}],"wp:attachment":[{"href":"https:\/\/painfreebirthing.com\/turk\/wp-json\/wp\/v2\/media?parent=141"}],"curies":[{"name":"wp","href":"https:\/\/api.w.org\/{rel}","templated":true}]}}