{"id":139,"date":"2023-07-29T19:57:09","date_gmt":"2023-07-29T19:57:09","guid":{"rendered":"https:\/\/painfreebirthing.com\/turk\/anesthesia-for-cesarsezaryenle-dogumean-delivery\/spinal-epidural-kombine-spinal-epidural-kse\/"},"modified":"2023-07-29T19:57:09","modified_gmt":"2023-07-29T19:57:09","slug":"spinal-epidural-kombine-spinal-epidural-kse","status":"publish","type":"page","link":"https:\/\/painfreebirthing.com\/turk\/anesthesia-for-cesarsezaryenle-dogumean-delivery\/spinal-epidural-kombine-spinal-epidural-kse\/","title":{"rendered":"Sezaryenle Do\u011fumda Anestezi"},"content":{"rendered":"<p style=\"color: rgb(0, 0, 0); font-family: 'Times New Roman'; font-size: medium; font-weight: 400; text-align: start; \"><font face=\"Tahoma\">Her 5 do\u011fumdan birisi sezaryenle ger\u00e7ekle\u015fmektedir. Do\u011fum, planl\u0131 (\u00f6rne\u011fin elektif sezaryen) veya acil (annenin veya bebe\u011fin sa\u011fl\u0131\u011f\u0131 risk alt\u0131ndad\u0131r) olabilir. Rejyonel veya genel anestezik uygulanabilir. Anestezi se\u00e7imi klinik ve medikal durumunuza g\u00f6re belirlenir. Rahat\u0131n\u0131z\u0131n ve g\u00fcvenli\u011finizin sa\u011flanmas\u0131 anestezi doktoruna aittir.&nbsp;<\/p>\n<p><b>Anestezi bebek i\u00e7in g\u00fcvenli mi?<\/b><\/font><\/p>\n<p style=\"color: rgb(0, 0, 0); font-family: 'Times New Roman'; font-size: medium; font-weight: 400; text-align: start; \"><font face=\"Tahoma\">Hem genel hem de rejyonel anestezi g\u00fcvenlidir ve bebek \u00fczerine belirgin etkisi yoktur. Obstetrik anestezi doktoru, havayolu (solunum) komplikasyonlar\u0131 en az oldu\u011fu i\u00e7in m\u00fcmk\u00fcn oldu\u011funca rejyonel anestezi uygulamay\u0131 tercih eder. Ameliyat s\u0131ras\u0131nda a\u011fr\u0131s\u0131z ve uyan\u0131k olman\u0131z\u0131 sa\u011flad\u0131\u011f\u0131 i\u00e7in g\u00fcvenli ve etkili bir anestezi metodudur. Hem rejyonel, hem genel anestezi s\u0131ras\u0131nda hayati belirtilerinizi takip etmek ve bebe\u011fin sa\u011fl\u0131\u011f\u0131 a\u00e7\u0131s\u0131ndan gerekli s\u0131n\u0131rlarda oldu\u011funu g\u00f6rmek i\u00e7in g\u00fcvenlik monit\u00f6rleri kullan\u0131lmaktad\u0131r.&nbsp;<b><\/p>\n<p>Sezaryenle do\u011fum \u00f6ncesi a\u00e7 kalmak gerekli midir?<\/b><\/font><\/p>\n<p style=\"color: rgb(0, 0, 0); font-family: 'Times New Roman'; font-size: medium; font-weight: 400; text-align: start; \"><font face=\"Tahoma\">Uygulanacak anestezi y\u00f6ntemi ne olursa olsun t\u00fcm elektif cerrahilerden \u00f6nce a\u00e7 kalmak gerekir (Bak\u0131n\u0131z Do\u011fum s\u0131ras\u0131nda yiyip i\u00e7ebilir miyim?). Rejyonel veya genel anestezi \u00f6ncesi size i\u00e7meniz i\u00e7in antiasit verilecektir. Bu, midenizdeki asidi n\u00f6trle\u015ftirmek i\u00e7in gereklidir. Bu \u00f6nlem mide i\u00e7eri\u011finin havayollar\u0131na regurjitasyonu (geriye ka\u00e7mas\u0131) durumunda meydana gelecek akci\u011fer hasar\u0131 olas\u0131l\u0131\u011f\u0131n\u0131 azaltabilir. Ayr\u0131ca bulant\u0131ya kar\u015f\u0131 bir ila\u00e7 da damar yoluyla size verilebilir&nbsp;<br \/><b><br \/>&nbsp;Yemi\u015fsem ne olur?<\/b><\/font><\/p>\n<p style=\"color: rgb(0, 0, 0); font-family: 'Times New Roman'; font-size: medium; font-weight: 400; text-align: start; \"><font face=\"Tahoma\">Elektif durumda 8 saatlik a\u00e7l\u0131k s\u00fcresi gereklidir. Cerrahi i\u015flem geciktirilecektir. Acil durumda aspirasyon (mide i\u00e7eri\u011finin akci\u011ferlere regurjitasyonu) riskini azaltmak i\u00e7in \u00f6nlemler al\u0131nacakt\u0131r.<\/font><\/p>\n<p style=\"color: rgb(0, 0, 0); font-family: 'Times New Roman'; font-size: medium; font-weight: 400; text-align: start; \">&nbsp;<\/p>\n<table border=\"0\" width=\"100%\" height=\"200\">\n<tbody>\n<tr>\n<td width=\"100%\"><font face=\"Tahoma, arial, verdana\" size=\"3\"><\/font><\/p>\n<p style=\"margin-top: 10px; margin-bottom: 10px; \"><font face=\"Tahoma, arial, verdana\" size=\"3\"><b><\/b><\/font><\/p>\n<p style=\"margin-top: 10px; margin-bottom: 10px; \"><font face=\"Tahoma, arial, verdana\" size=\"3\"><\/font><\/p>\n<p style=\"margin-top: 10px; margin-bottom: 10px; \"><font face=\"Tahoma, arial, verdana\" size=\"3\"><b><\/b><\/font><\/p>\n<p style=\"margin-top: 10px; margin-bottom: 10px; \"><font face=\"Tahoma, arial, verdana\" size=\"3\"><\/font><\/p>\n<p style=\"margin-top: 10px; margin-bottom: 10px; \"><font face=\"Tahoma, arial, verdana\" size=\"3\"><b><\/b><\/font><\/p>\n<p style=\"margin-top: 10px; margin-bottom: 10px; \"><font face=\"Tahoma, arial, verdana\" size=\"3\"><\/font><\/p>\n<\/td>\n<\/tr>\n<tr>\n<td align=\"center\"><font face=\"Tahoma, arial, verdana\" size=\"3\"><b><span style=\"color: rgb(20, 20, 20); \"><\/span><\/b><\/font><\/td>\n<\/tr>\n<tr>\n<td align=\"center\"><\/td>\n<\/tr>\n<tr>\n<td align=\"center\" style=\"text-align: center; \"><img loading=\"lazy\" decoding=\"async\" width=\"288\" height=\"432\" alt=\"\" class=\"art-lightbox\" src=\"https:\/\/painfreebirthing.com\/turk\/wp-content\/uploads\/2023\/07\/spinalproc.gif\" ><\/td>\n<\/tr>\n<tr>\n<td>\n<p align=\"left\" style=\"color: rgb(0, 0, 0); font-family: Tahoma; font-size: medium; font-weight: 400; \"><b>Rejyonel anestezi nedir?<\/b><\/p>\n<p>Spinal, epidural ve kombine spinal-epidural rejyonel anestezi y\u00f6ntemleridir. Spinal kanala enjekte edilen ila\u00e7la v\u00fccudun bir b\u00f6l\u00fcm\u00fc hissiz kal\u0131r. Bacaklar, g\u00f6vde, g\u00f6\u011fs\u00fcn bir k\u0131sm\u0131 hissiz kalan alanlard\u0131r.&nbsp;<\/p>\n<p><b>Spinal, epidural ve kombine spinal-epidural aras\u0131ndaki fark nedir?<\/b><\/p>\n<p align=\"left\" style=\"color: rgb(0, 0, 0); font-family: Tahoma; font-size: medium; font-weight: 400; \">Spinal kord ve sinirler, i\u00e7inde spinal s\u0131v\u0131 (beyin omurilik s\u0131v\u0131s\u0131) bulunan kesede yer al\u0131rlar. Bunun etraf\u0131nda epidural alan bulunur (Rejyonel anestezi b\u00f6l\u00fcm\u00fcne bak\u0131n\u0131z). Spinal anestezi uyu\u015fturucu ilac\u0131n s\u0131v\u0131 dolu kese i\u00e7erisine enjeksiyonu yoluyla yap\u0131l\u0131r. Epidural anestezide ise kese d\u0131\u015f\u0131ndaki alana (epidural aral\u0131k) enjeksiyon yap\u0131l\u0131r. Spinal ve epidural anestezi ayn\u0131 etkiye (v\u00fccutta yayg\u0131n bir alan uyu\u015fur) sahiptir, \u00e7\u00fcnk\u00fc iki teknikte de sinirler spinal kordan dalland\u0131\u011f\u0131 yerde uyu\u015fturulur. Spinal enjeksiyon daha \u201cdirekt\u201d oldu\u011fu i\u00e7in etki hemen ba\u015flar. Travayda olmayan ancak sezaryenle do\u011fuma ihtiya\u00e7 duyan bir kad\u0131n i\u00e7in ilk tercih edilen y\u00f6ntem spinaldir. \u0130stenilen etkiyi olu\u015fturmak epidural anestezide daha uzun s\u00fcrer, \u00e7\u00fcnk\u00fc epidural bo\u015flu\u011fa k\u00fc\u00e7\u00fck bir t\u00fcp (kateter) kolayl\u0131kla yerle\u015ftirilir, gerekli s\u00fcre boyunca anesteziyi idame ettirmek i\u00e7in tekrarlayan dozlarda ila\u00e7 verilebilir. Epidural y\u00f6ntem, a\u011fr\u0131s\u0131z do\u011fum isteyen kad\u0131nlarda a\u011fr\u0131y\u0131 gidermek i\u00e7in tercih edilen ilk yoldur. Kombine spinal-epiduralde ise spinal enjeksiyonu epidural kateterin yerle\u015ftirilmesi takip eder. Etkinin ba\u015flamas\u0131, \u00f6nce spinal yap\u0131ld\u0131\u011f\u0131 i\u00e7in daha \u00e7abuk olur. Anestezi idamesi ise epidural kateter yoluyla yap\u0131l\u0131r.&nbsp;<\/p>\n<p><b>Spinal anestezik nas\u0131l verilir?<\/b><\/p>\n<p align=\"left\" style=\"color: rgb(0, 0, 0); font-family: Tahoma; font-size: medium; font-weight: 400; \">Spinal anestezi y\u00f6ntemi, do\u011fum veya sezaryen i\u00e7in uygulanan epidural anesteziyle benzerdir. Fark\u0131, ilac\u0131n do\u011frudan spinal keseye enjekte edilmesidir. Spinal ba\u015f a\u011fr\u0131s\u0131 olas\u0131l\u0131\u011f\u0131n\u0131 azaltmak i\u00e7in ince bir i\u011fne kullan\u0131lmaktad\u0131r.&nbsp;<\/p>\n<p><b>Spinalin \u00e7al\u0131\u015f\u0131p \u00e7al\u0131\u015fmayaca\u011f\u0131n\u0131 nereden bilebilirim?<\/b><\/p>\n<p>&nbsp;Pek \u00e7ok kad\u0131n ayaklarda hemen ba\u015flayan, bacaklara ve g\u00f6vdeye spinal anestezi etki ettik\u00e7e yay\u0131lan \u0131s\u0131nma ve kar\u0131ncalanma hissi tarif eder. Daha sonra bacaklar\u0131n\u0131z\u0131 uyu\u015fuk ve a\u011f\u0131r hissedersiniz. Nefes alma yetene\u011finiz de\u011fi\u015fmese de, spinal g\u00f6\u011f\u00fcs b\u00f6lgesini de uyu\u015fturaca\u011f\u0131 i\u00e7in nefes alma hissi de\u011fi\u015fir ve subjektif bir \u201cnefessiz kalma\u201d hissi olur. Yeterli nefes ald\u0131\u011f\u0131n\u0131z halde beyniniz g\u00f6\u011f\u00fcsteki uyu\u015fuklu\u011fa ba\u011fl\u0131 g\u00f6\u011f\u00fcs hareketlerinizi be\u011fenmeyecektir. Ellerinizde g\u00fc\u00e7 kayb\u0131 olmad\u0131\u011f\u0131 s\u00fcrece ve konu\u015fabildi\u011finiz s\u00fcrece yeterli miktarda nefes ald\u0131\u011f\u0131n\u0131za emin olabilirsiniz. Ayr\u0131ca her soluk al\u0131p veri\u015finizde maskenizin i\u00e7indeki nemin yo\u011funla\u015ft\u0131\u011f\u0131n\u0131 fark edebilirsiniz ve tabi anestezi doktorunun solunum, oksijen d\u00fczeyi, kan bas\u0131nc\u0131, kalp h\u0131z\u0131 ve di\u011fer hayati bulgular\u0131n\u0131z\u0131 takip etti\u011fini her zaman hat\u0131rlamal\u0131s\u0131n\u0131z. Spinal anestezi uygulad\u0131ktan sonra, anestezi doktoru uyu\u015fukluk yay\u0131l\u0131m\u0131n\u0131 de\u011ferlendirmek i\u00e7in anestezi seviyesini tespit edecektir. G\u00f6\u011f\u00fcs alt seviyesinden ayaklara kadar v\u00fccudunuzda uyu\u015fukluk hissetmeniz normaldir. Bu durum sizi ameliyat s\u0131ras\u0131nda rahat ettirecek do\u011fru miktarda anestezi olarak kabul edilmektedir.&nbsp;<\/p>\n<p><b>Travayda kullan\u0131lan epidural, sezaryenle do\u011fumda da kullan\u0131labilir mi?<br \/><\/b><br \/>Travaydaki baz\u0131 kad\u0131nlar\u0131n sezaryene ihtiyac\u0131 olabilir. Bu durum acil olmayan fakt\u00f6rler (ilerlemeyen travay) veya acil fakt\u00f6rler (anne veya bebe\u011fin durumu risk alt\u0131nda) sonucu olabilir. E\u011fer epidural kateter yerle\u015ftirilmi\u015f ve \u00e7al\u0131\u015f\u0131yor ise anestezi doktoru \u00e7o\u011fu zaman kateterden ek ila\u00e7 vererek uyu\u015fuklu\u011fu cerrahi i\u00e7in yeterli d\u00fczeye getirir. Spinal anestezide oldu\u011fu gibi g\u00f6\u011f\u00fcs alt seviyesinden ayaklara kadar v\u00fccudun uyu\u015fuk hissedilmesi normaldir. Bu sizi yine ameliyat s\u0131ras\u0131nda rahat ettirecek do\u011fru miktarda anestezi olarak kabul edilmektedir. Epidural \u00e7al\u0131\u015fm\u0131yorsa, yeniden yerle\u015ftirilir veya spinal veya genel anestezi uygulanabilir. Bu se\u00e7im durumun aciliyetine ba\u011fl\u0131d\u0131r. Ancak bu durum olduk\u00e7a nadirdir.<br \/>&nbsp;<\/p>\n<p class=\"MsoNormal\" style=\"color: rgb(0, 0, 0); font-family: Tahoma; font-size: medium; font-weight: 400; text-align: justify; \"><b><span lang=\"TR\">Ameliyat i\u00e7in uyan\u0131k olursam bir \u015fey hisseder miyim?<\/span><\/b><\/p>\n<p class=\"MsoNormal\" style=\"color: rgb(0, 0, 0); font-family: Tahoma; font-size: medium; font-weight: 400; text-align: justify; \"><span lang=\"TR\">&nbsp;Spinal veya epidural anesteziyle ameliyatta a\u011fr\u0131 hissetmemelisiniz. V\u00fccudunuzun alt b\u00f6lgesindeki hareketleri fark edeceksiniz. \u00d6zellikle obstetrisyeniniz kar\u0131n kaslar\u0131n\u0131 ve dokular\u0131 ay\u0131r\u0131rken \u201c\u00e7ekme ve as\u0131lma\u201d hissedebilirsiniz. Ayr\u0131ca do\u011fum s\u0131ras\u0131nda obstetrisyen bebe\u011fin durumunu kolayla\u015ft\u0131rmak i\u00e7in karn\u0131n\u0131za bast\u0131racakt\u0131r. Bunu g\u00f6\u011fs\u00fcn\u00fczde bas\u0131n\u00e7 olarak hissedeceksiniz.<\/span><\/p>\n<p align=\"center\" style=\"color: rgb(0, 0, 0); font-family: Tahoma; font-size: medium; font-weight: 400; \">Bir sonraki b\u00f6l\u00fcm i\u00e7in t\u0131klay\u0131n\u0131z<\/p>\n<p align=\"center\" style=\"color: rgb(0, 0, 0); font-family: Tahoma; font-size: medium; font-weight: 400; \"><a target=\"_parent\" href=\"\/anesthesia-for-cesarsezaryenle-dogumean-delivery\/genel-anestezi\" rel=\"noopener\">Genel anestezi<\/a><\/p>\n<p><font face=\"Tahoma, arial, verdana\" size=\"3\"><b><span style=\"color: rgb(20, 20, 20); \"><\/span><\/b><\/font><\/p>\n<p style=\"margin-top: 10px; margin-bottom: 10px; \"><font face=\"Tahoma, arial, verdana\" size=\"3\"><\/font><\/p>\n<p style=\"margin-top: 10px; margin-bottom: 10px; \"><font face=\"Tahoma, arial, verdana\" size=\"3\"><b><\/b><\/font><\/p>\n<p style=\"margin-top: 10px; margin-bottom: 10px; \"><font face=\"Tahoma, arial, verdana\" size=\"3\"><\/font><\/p>\n<p style=\"margin-top: 10px; margin-bottom: 10px; \"><font face=\"Tahoma, arial, verdana\" size=\"3\"><b><\/b><\/font><\/p>\n<p style=\"margin-top: 10px; margin-bottom: 10px; \"><font face=\"Tahoma, arial, verdana\" size=\"3\"><\/font><\/p>\n<p style=\"margin-top: 10px; margin-bottom: 10px; \"><font face=\"Tahoma, arial, verdana\" size=\"3\"><b><\/b><\/font><\/p>\n<p style=\"margin-top: 10px; margin-bottom: 10px; \"><font face=\"Tahoma, arial, verdana\" size=\"3\"><\/font><\/p>\n<p style=\"margin-top: 10px; margin-bottom: 10px; \"><font face=\"Tahoma, arial, verdana\" size=\"3\"><\/font><\/p>\n<p style=\"margin-top: 10px; margin-bottom: 10px; \"><font face=\"Tahoma, arial, verdana\" size=\"3\"><\/font><\/p>\n<p style=\"margin-top: 10px; margin-bottom: 10px; \"><font face=\"Tahoma, arial, verdana\" size=\"3\"><\/font><\/p>\n<p style=\"margin-top: 10px; margin-bottom: 10px; \"><font face=\"Tahoma, arial, verdana\" size=\"3\"><\/font><\/p>\n<p style=\"margin-top: 10px; margin-bottom: 10px; \"><font face=\"Tahoma, arial, verdana\" size=\"3\"><\/font><\/p>\n<p style=\"margin-top: 10px; margin-bottom: 10px; text-align: center; \"><span style=\"color: rgb(20, 20, 20); font-family: Tahoma; font-size: medium;\"><\/span><\/p>\n<\/td>\n<\/tr>\n<\/tbody>\n<\/table>\n<p><span style=\"color: rgb(0, 0, 0);\"><br \/><\/span><\/p>\n","protected":false},"excerpt":{"rendered":"<p>Her 5 do\u011fumdan birisi sezaryenle ger\u00e7ekle\u015fmektedir. Do\u011fum, planl\u0131 (\u00f6rne\u011fin elektif sezaryen) veya acil (annenin veya bebe\u011fin sa\u011fl\u0131\u011f\u0131 risk alt\u0131ndad\u0131r) olabilir. Rejyonel veya genel anestezik uygulanabilir. Anestezi se\u00e7imi klinik ve medikal durumunuza g\u00f6re belirlenir. Rahat\u0131n\u0131z\u0131n ve g\u00fcvenli\u011finizin sa\u011flanmas\u0131 anestezi doktoruna aittir.&nbsp; Anestezi bebek i\u00e7in g\u00fcvenli mi? Hem genel hem de rejyonel anestezi g\u00fcvenlidir ve bebek \u00fczerine&#8230;<\/p>\n<p class=\"more-link-wrap\"><a href=\"https:\/\/painfreebirthing.com\/turk\/anesthesia-for-cesarsezaryenle-dogumean-delivery\/spinal-epidural-kombine-spinal-epidural-kse\/\" class=\"more-link\">Read More<span class=\"screen-reader-text\"> &ldquo;Sezaryenle Do\u011fumda Anestezi&rdquo;<\/span> &raquo;<\/a><\/p>\n","protected":false},"author":1,"featured_media":0,"parent":138,"menu_order":49,"comment_status":"closed","ping_status":"closed","template":"","meta":{"footnotes":""},"class_list":["post-139","page","type-page","status-publish","hentry"],"_links":{"self":[{"href":"https:\/\/painfreebirthing.com\/turk\/wp-json\/wp\/v2\/pages\/139","targetHints":{"allow":["GET"]}}],"collection":[{"href":"https:\/\/painfreebirthing.com\/turk\/wp-json\/wp\/v2\/pages"}],"about":[{"href":"https:\/\/painfreebirthing.com\/turk\/wp-json\/wp\/v2\/types\/page"}],"author":[{"embeddable":true,"href":"https:\/\/painfreebirthing.com\/turk\/wp-json\/wp\/v2\/users\/1"}],"replies":[{"embeddable":true,"href":"https:\/\/painfreebirthing.com\/turk\/wp-json\/wp\/v2\/comments?post=139"}],"version-history":[{"count":0,"href":"https:\/\/painfreebirthing.com\/turk\/wp-json\/wp\/v2\/pages\/139\/revisions"}],"up":[{"embeddable":true,"href":"https:\/\/painfreebirthing.com\/turk\/wp-json\/wp\/v2\/pages\/138"}],"wp:attachment":[{"href":"https:\/\/painfreebirthing.com\/turk\/wp-json\/wp\/v2\/media?parent=139"}],"curies":[{"name":"wp","href":"https:\/\/api.w.org\/{rel}","templated":true}]}}