{"id":138,"date":"2023-07-29T19:57:08","date_gmt":"2023-07-29T19:57:08","guid":{"rendered":"https:\/\/painfreebirthing.com\/turk\/anesthesia-for-cesarsezaryenle-dogumean-delivery\/"},"modified":"2023-07-29T19:57:08","modified_gmt":"2023-07-29T19:57:08","slug":"anesthesia-for-cesarsezaryenle-dogumean-delivery","status":"publish","type":"page","link":"https:\/\/painfreebirthing.com\/turk\/anesthesia-for-cesarsezaryenle-dogumean-delivery\/","title":{"rendered":"Sezaryenle do\u011fum"},"content":{"rendered":"<p><span style=\"font-size: 16px; color: rgb(0, 0, 0);\"><a target=\"_parent\" href=\"\/anesthesia-for-cesarsezaryenle-dogumean-delivery\/spinal-epidural-kombine-spinal-epidural-kse\" rel=\"noopener\"><font style=\"color: rgb(0, 0, 0); font-family: 'Times New Roman'; text-align: start; background-color: rgb(255, 255, 255); \"><span style=\"color: rgb(0, 0, 0);\">Spinal \/ Epidural \/\t&nbsp;Kombine Spinal Epidural&nbsp;<\/span><\/font><\/a><a target=\"main\" href=\"http:\/\/www.painfreebirthing.com\/turkey\/cst.htm\" rel=\"noopener\"><font style=\"color: rgb(0, 0, 0); font-family: 'Times New Roman'; text-align: start; background-color: rgb(255, 255, 255);\"><font face=\"Tahoma\"><span style=\"color: rgb(0, 0, 0);\">(KSE)<\/span><\/font><\/font><\/a><span><br \/><\/span><\/span><\/p>\n<p><a href=\"\/anesthesia-for-cesarsezaryenle-dogumean-delivery\/genel-anestezi\" target=\"_parent\" rel=\"noopener\"><span style=\"color: #000000;\">Sezaryenle do\u011fumda genel anestezi<\/span><\/a><span style=\"font-family: Verdana, Geneva, Arial, Helvetica, sans-serif; font-size: 16px; line-height: 31px; color: #000000;\"><\/span><\/p>\n<p><a href=\"\/anesthesia-for-cesarsezaryenle-dogumean-delivery\/sezaryenle-dogum-sonras%c4%b1-postoperatif-agr%c4%b1-kontrolu\" target=\"_parent\" rel=\"noopener\"><span style=\"color: #000000;\">Sezaryenle do\u011fum sonras\u0131 (postoperatif) a\u011fr\u0131 kontrol\u00fc<\/span><\/a><span style=\"font-family: Verdana, Geneva, Arial, Helvetica, sans-serif; line-height: 31px; font-size: 16px; color: #000000;\"><\/span><span style=\"color: rgb(135, 135, 135); font-family: Verdana, Geneva, Arial, Helvetica, sans-serif; font-size: 26px; line-height: 31px;\"><br \/><\/span><\/p>\n<p style=\"text-align: center;\"><a href=\"\/cesarean-delivery\/regional-anesthesia-for-cesarean-delivery\" target=\"_parent\" rel=\"noopener\">Regional Anesthesia &#8211; Spinal, Epidural, or Combined Spinal Epidural Anesthesia<\/a><span style=\"color: rgb(0, 0, 0);\"><\/span><\/p>\n<p style=\"text-align: center;\"><span style=\"border-collapse: collapse; -webkit-border-horizontal-spacing: 2px; -webkit-border-vertical-spacing: 2px;\"><br \/><\/span><\/p>\n","protected":false},"excerpt":{"rendered":"<p>Spinal \/ Epidural \/ &nbsp;Kombine Spinal Epidural&nbsp;(KSE) Sezaryenle do\u011fumda genel anestezi Sezaryenle do\u011fum sonras\u0131 (postoperatif) a\u011fr\u0131 kontrol\u00fc Regional Anesthesia &#8211; Spinal, Epidural, or Combined Spinal Epidural Anesthesia<\/p>\n","protected":false},"author":1,"featured_media":0,"parent":0,"menu_order":48,"comment_status":"closed","ping_status":"closed","template":"","meta":{"footnotes":""},"class_list":["post-138","page","type-page","status-publish","hentry"],"_links":{"self":[{"href":"https:\/\/painfreebirthing.com\/turk\/wp-json\/wp\/v2\/pages\/138","targetHints":{"allow":["GET"]}}],"collection":[{"href":"https:\/\/painfreebirthing.com\/turk\/wp-json\/wp\/v2\/pages"}],"about":[{"href":"https:\/\/painfreebirthing.com\/turk\/wp-json\/wp\/v2\/types\/page"}],"author":[{"embeddable":true,"href":"https:\/\/painfreebirthing.com\/turk\/wp-json\/wp\/v2\/users\/1"}],"replies":[{"embeddable":true,"href":"https:\/\/painfreebirthing.com\/turk\/wp-json\/wp\/v2\/comments?post=138"}],"version-history":[{"count":0,"href":"https:\/\/painfreebirthing.com\/turk\/wp-json\/wp\/v2\/pages\/138\/revisions"}],"wp:attachment":[{"href":"https:\/\/painfreebirthing.com\/turk\/wp-json\/wp\/v2\/media?parent=138"}],"curies":[{"name":"wp","href":"https:\/\/api.w.org\/{rel}","templated":true}]}}