{"id":136,"date":"2023-07-29T19:57:06","date_gmt":"2023-07-29T19:57:06","guid":{"rendered":"https:\/\/painfreebirthing.com\/turk\/yan-etkiler-ve-komplikasyonlar\/"},"modified":"2023-07-29T19:57:06","modified_gmt":"2023-07-29T19:57:06","slug":"yan-etkiler-ve-komplikasyonlar","status":"publish","type":"page","link":"https:\/\/painfreebirthing.com\/turk\/yan-etkiler-ve-komplikasyonlar\/","title":{"rendered":"Rejyonel anestezinin yan etkileri ve komplikasyonlar\u0131"},"content":{"rendered":"<p align=\"left\" style=\"color: rgb(0, 0, 0); font-family: 'Times New Roman'; font-size: medium; font-weight: 400;\"><font face=\"Tahoma, arial, verdana\" size=\"3\">Anestezi doktoru komplikasyonlar\u0131 \u00f6nlemek i\u00e7in \u00e7e\u015fitli \u00f6nlemler al\u0131r. Yan etkiler nadiren g\u00f6r\u00fclmekle beraber bazen \u015funlar\u0131 i\u00e7erebilir. Baz\u0131 yan etkiler geli\u015f durumunuza \u00f6zel olabilece\u011fi i\u00e7in anestezi doktorunuzla bunlar\u0131 tart\u0131\u015fmal\u0131s\u0131n\u0131z.<\/font><\/p>\n<p align=\"left\" style=\"color: rgb(0, 0, 0); font-family: 'Times New Roman'; font-size: medium; font-weight: 400;\"><b><font face=\"Tahoma, arial, verdana\" size=\"3\">Titreme:<\/font><\/b><\/p>\n<p align=\"left\" style=\"color: rgb(0, 0, 0); font-family: 'Times New Roman'; font-size: medium; font-weight: 400;\"><font face=\"Tahoma, arial, verdana\" size=\"3\">Titreme s\u0131k g\u00f6r\u00fclen bir reaksiyondur. Bazen anestezik ila\u00e7lar kullan\u0131lmad\u0131\u011f\u0131 halde travay ve do\u011fum s\u0131ras\u0131nda g\u00f6r\u00fclebilir. Sizi s\u0131cak tutmak bunun azalmas\u0131na s\u0131kl\u0131kla yard\u0131mc\u0131 olmaktad\u0131r.<\/font><\/p>\n<p align=\"left\" style=\"color: rgb(0, 0, 0); font-family: 'Times New Roman'; font-size: medium; font-weight: 400;\"><b><font face=\"Tahoma, arial, verdana\" size=\"3\">Kan bas\u0131nc\u0131 d\u00fc\u015f\u00fckl\u00fc\u011f\u00fc:<\/font><\/b><\/p>\n<p align=\"left\" style=\"color: rgb(0, 0, 0); font-family: 'Times New Roman'; font-size: medium; font-weight: 400;\"><font face=\"Tahoma, arial, verdana\" size=\"3\">Size intraven\u00f6z (iv) s\u0131v\u0131lar verilecek ve kan bas\u0131nc\u0131n\u0131z dikkatlice takip edilip, gerekti\u011finde d\u00fczeltilecektir. Kan bas\u0131nc\u0131ndaki d\u00fc\u015fmeler h\u0131zl\u0131 bir \u015fekilde d\u00fczeltilecektir.<\/font><\/p>\n<p align=\"left\" style=\"color: rgb(0, 0, 0); font-family: 'Times New Roman'; font-size: medium; font-weight: 400;\"><b><font face=\"Tahoma, arial, verdana\" size=\"3\">Travay s\u0131ras\u0131nda hafif ka\u015f\u0131nt\u0131:<\/font><\/b><\/p>\n<p align=\"left\" style=\"color: rgb(0, 0, 0); font-family: 'Times New Roman'; font-size: medium; font-weight: 400;\"><font face=\"Tahoma, arial, verdana\" size=\"3\">Bu durum epidural ve spinal anestezide kullan\u0131lan narkotikler sonucu meydana gelir. E\u011fer ka\u015f\u0131nt\u0131 rahats\u0131z edici boyuttaysa, anestezi doktorunuz bunu ila\u00e7larla tedavi edebilir. Kad\u0131nlar\u0131n \u00e7o\u011funda ka\u015f\u0131nt\u0131 hafif miktarda olmaktad\u0131r.<\/font><\/p>\n<p align=\"left\" style=\"color: rgb(0, 0, 0); font-family: 'Times New Roman'; font-size: medium; font-weight: 400;\"><b><font face=\"Tahoma, arial, verdana\" size=\"3\">Lokal anestezik reaksiyonu:<\/font><\/b><\/p>\n<p align=\"left\" style=\"color: rgb(0, 0, 0); font-family: 'Times New Roman'; font-size: medium; font-weight: 400;\"><font face=\"Tahoma, arial, verdana\" size=\"3\">&nbsp;Lokal anestezik reaksiyonu nadir g\u00f6r\u00fclmekle beraber ciddi olabilir. Daha \u00f6nce lokal anesteziklere kar\u015f\u0131 herhangi bir reaksiyon geli\u015fmi\u015fse anestezi doktorunuza mutlaka s\u00f6yleyin.<\/font><\/p>\n<p align=\"left\" style=\"color: rgb(0, 0, 0); font-family: 'Times New Roman'; font-size: medium; font-weight: 400;\"><b><font face=\"Tahoma, arial, verdana\" size=\"3\">Solunum problemleri :<\/font><\/b><\/p>\n<p align=\"left\" style=\"color: rgb(0, 0, 0); font-family: 'Times New Roman'; font-size: medium; font-weight: 400;\"><font face=\"Tahoma, arial, verdana\" size=\"3\">&nbsp;Nadir durumlarda anestezik ila\u00e7lar g\u00f6\u011f\u00fcs kaslar\u0131n\u0131 etkileyerek nefes alman\u0131z\u0131 g\u00fc\u00e7le\u015ftirebilir. Bu durumu d\u00fczeltmek ve nefes alman\u0131za yard\u0131mc\u0131 olmak i\u00e7in oksijen verilebilir.<\/font><\/p>\n<p align=\"left\" style=\"color: rgb(0, 0, 0); font-family: 'Times New Roman'; font-size: medium; font-weight: 400;\"><font face=\"Tahoma, arial, verdana\" size=\"3\"><b>Venler i\u00e7ine enjeksiyon:<\/b><\/font><\/p>\n<p align=\"left\" style=\"color: rgb(0, 0, 0); font-family: 'Times New Roman'; font-size: medium; font-weight: 400;\"><font face=\"Tahoma, arial, verdana\" size=\"3\">Gebelikte epidural aral\u0131kta yer alan venler geni\u015flemektedir. Anestezik ila\u00e7lar\u0131n bunlar\u0131n i\u00e7ine enjekte edilme riski bulunmaktad\u0131r. Buna ba\u011fl\u0131 meydana gelecek istenmeyen reaksiyonlar\u0131 \u00f6nlemeye yard\u0131mc\u0131 olmak i\u00e7in, anestezi doktorunuz \u00f6nce test dozu ila\u00e7 uygulayarak size ba\u015f d\u00f6nmesi, a\u011f\u0131zda s\u0131ra d\u0131\u015f\u0131 bir tad, kulaklarda \u00e7\u0131nlama veya \u00e7arp\u0131nt\u0131 olup olmad\u0131\u011f\u0131n\u0131 sorabilir.<\/font><\/p>\n<p align=\"left\" style=\"color: rgb(0, 0, 0); font-family: 'Times New Roman'; font-size: medium; font-weight: 400;\"><b><font face=\"Tahoma, arial, verdana\" size=\"3\">Baz\u0131 b\u00f6lgelerde devaml\u0131 a\u011fr\u0131\/ a\u011fr\u0131n\u0131n giderilememesi:<\/font><\/b><\/p>\n<p align=\"left\" style=\"color: rgb(0, 0, 0); font-family: 'Times New Roman'; font-size: medium; font-weight: 400;\"><font face=\"Tahoma, arial, verdana\" size=\"3\">Bazen anestezik ila\u00e7 bir b\u00f6lgeye ula\u015famayabilir ve hala a\u011fr\u0131l\u0131 olan bir alan kalabilir. Anestezi doktoru yatakta pozisyonunuzu de\u011fi\u015ftirebilir veya a\u011fr\u0131n\u0131z\u0131 gidermek i\u00e7in epidural kateteri \u00e7\u0131karabilir. A\u011fr\u0131n\u0131z yeterli derecede ge\u00e7miyorsa bazen epidural kateterin \u00e7\u0131kar\u0131l\u0131p yeniden yerle\u015ftirilmesi gerekebilir. Anestezi doktoru sizi rahat ettirebilmek i\u00e7in sizinle i\u015fbirli\u011fi yapacakt\u0131r.<\/font><\/p>\n<p align=\"left\" style=\"color: rgb(0, 0, 0); font-family: 'Times New Roman'; font-size: medium; font-weight: 400;\"><font face=\"Tahoma, arial, verdana\" size=\"3\"><b>Parestezi:<\/b><\/font><\/p>\n<p align=\"left\" style=\"color: rgb(0, 0, 0); font-family: 'Times New Roman'; font-size: medium; font-weight: 400;\"><font face=\"Tahoma, arial, verdana\" size=\"3\">Epidural kateter yerle\u015ftirilirken epidural aral\u0131ktaki sinirlere dokunmas\u0131 sonucu ge\u00e7ici olarak \u201csinirin hissedilmesi\/elektrik \u00e7arpmas\u0131 hissi\u201d olabilir. Epidural enjeksiyonlar s\u0131ras\u0131nda s\u0131kl\u0131kla bu tarz duyu hissedilse de kal\u0131c\u0131 sinir hasar\u0131 olduk\u00e7a nadirdir.<\/font><\/p>\n<p align=\"left\" style=\"color: rgb(0, 0, 0); font-family: 'Times New Roman'; font-size: medium; font-weight: 400;\"><font face=\"Tahoma, arial, verdana\" size=\"3\"><b>S\u0131rt a\u011fr\u0131s\u0131:<\/b><\/font><\/p>\n<p align=\"left\" style=\"color: rgb(0, 0, 0); font-family: 'Times New Roman'; font-size: medium; font-weight: 400;\"><font face=\"Tahoma, arial, verdana\" size=\"3\">\u0130\u011fnenin yerle\u015ftirilmesine ba\u011fl\u0131 yakla\u015f\u0131k bir g\u00fcn s\u00fcren lokalize bir s\u0131rt a\u011fr\u0131n\u0131z olabilir. Bunun d\u0131\u015f\u0131nda yayg\u0131n s\u0131rt a\u011fr\u0131n\u0131z da olabilir ki, bu mutlaka epidurale ba\u011fl\u0131 de\u011fildir. \u00c7e\u015fitli \u00e7al\u0131\u015fmalarda do\u011fal yolla do\u011fum yapan annelerde, epidural yap\u0131lanlara g\u00f6re birka\u00e7 g\u00fcn s\u00fcren yayg\u0131n s\u0131rt a\u011fr\u0131s\u0131n\u0131n benzer s\u0131kl\u0131kta g\u00f6r\u00fcld\u00fc\u011f\u00fc g\u00f6sterilmi\u015ftir. Gebeli\u011fin kendisinin ligamentlerde (ba\u011flarda) gev\u015femeye ba\u011fl\u0131 s\u0131rtta gerilme nedeniyle s\u0131rt a\u011fr\u0131s\u0131 s\u0131kl\u0131\u011f\u0131n\u0131 art\u0131rd\u0131\u011f\u0131 g\u00f6r\u00fclmektedir.<\/font><\/p>\n<p align=\"left\" style=\"color: rgb(0, 0, 0); font-family: 'Times New Roman'; font-size: medium; font-weight: 400;\"><b><font face=\"Tahoma, arial, verdana\" size=\"3\">Ba\u015f a\u011fr\u0131s\u0131:<\/font><\/b><\/p>\n<p class=\"MsoNormal\" style=\"color: rgb(0, 0, 0); font-family: 'Times New Roman'; font-size: medium; font-weight: 400; text-align: justify;\"><font face=\"Tahoma\"><span lang=\"TR\">Travay ve do\u011fumdan sonra epidural anestezi ile ili\u015fkisi olmayan ba\u015f a\u011fr\u0131s\u0131 \u015fikayetinizin olmas\u0131n\u0131n \u00e7e\u015fitli nedenleri bulunabilir. Ancak, nadir olmakla beraber epidural blo\u011fu takiben ba\u015f a\u011fr\u0131s\u0131 geli\u015febilir (&lt;% 1). Bu, epidural i\u015flem s\u0131ras\u0131nda spinal s\u0131v\u0131 i\u00e7eren keseye yap\u0131lan i\u011fne deli\u011fine ba\u011fl\u0131 geli\u015fmektedir. Spinal s\u0131v\u0131n\u0131n epidural aral\u0131\u011fa s\u0131zmas\u0131 ba\u015f a\u011fr\u0131s\u0131 ile sonu\u00e7lanabilir. Epidural i\u011fne yerle\u015ftirilirken m\u00fcmk\u00fcn oldu\u011funca hareketsiz durman\u0131z, ba\u015f a\u011fr\u0131s\u0131 olas\u0131l\u0131\u011f\u0131n\u0131 azaltmaya yard\u0131mc\u0131 olur. Genellikle ba\u015f a\u011fr\u0131s\u0131 epidural blo\u011fu takip eden 24 saat i\u00e7inde meydana gelir. Ba\u015f a\u011fr\u0131s\u0131 tipik olarak oturur pozisyonda olmakta, yatar pozisyonda azalmaktad\u0131r. Bazen bir ka\u00e7 g\u00fcn s\u00fcrebilen bu ba\u015f ve boyun rahats\u0131zl\u0131\u011f\u0131 yatmak, s\u0131v\u0131 i\u00e7mek ve a\u011fr\u0131 kesici tablet kullanmak gibi basit y\u00f6ntemlerle azalt\u0131labilir veya tamamen ortadan kald\u0131r\u0131labilir. Bazen ba\u015f a\u011fr\u0131s\u0131 devam ederse veya beraberinde bulant\u0131, \u0131\u015f\u0131\u011fa bakmakta zorluk ve kulata u\u011fultu\/sesler duyulmas\u0131 e\u015flik ederse ek tedavi gerekebilir.<\/span><\/font><\/p>\n<p class=\"MsoNormal\" style=\"color: rgb(0, 0, 0); font-family: 'Times New Roman'; font-size: medium; font-weight: 400; text-align: justify;\"><font face=\"Tahoma\"><span lang=\"TR\">Sinir hasar\u0131, epidural veya spinal alana kanama, fel\u00e7 ve enfeksiyon gibi b\u00fcy\u00fck komplikasyonlar olduk\u00e7a nadirdir.<\/span><\/font><\/p>\n<p class=\"MsoNormal\" style=\"color: rgb(0, 0, 0); font-family: 'Times New Roman'; font-size: medium; font-weight: 400; text-align: justify;\"><font face=\"Tahoma\"><span lang=\"TR\">Epidural anestezi i\u011fnenin bele yerle\u015ftirilmesi yoluyla yap\u0131ld\u0131\u011f\u0131 i\u00e7in, do\u011fum sonras\u0131 g\u00f6r\u00fclen sinir problemlerinin epidural anesteziye ba\u011flanmas\u0131 e\u011filimi vard\u0131r. Ancak travay ve do\u011fumu takiben g\u00f6r\u00fclen sinir problemlerinin \u00e7o\u011fu, bebe\u011fin do\u011fum kanal\u0131nda hareketiyle sinirlerin etkilenmesine ba\u011fl\u0131, nadiren de rejyonel anesteziye ba\u011fl\u0131 meydana gelmektedir. Bacaklarda g\u00fc\u00e7s\u00fczl\u00fck veya ba\u015fka sinir problemleri ya\u015farsan\u0131z, anestezi doktoru problemi de\u011ferlendirilmesi ve uygun takibin yap\u0131lmas\u0131 konusunda yard\u0131mc\u0131 olacakt\u0131r.<\/span><\/font><\/p>\n<p class=\"MsoNormal\" style=\"color: rgb(0, 0, 0); font-family: 'Times New Roman'; font-size: medium; font-weight: 400; text-align: justify;\">&nbsp;<\/p>\n<p align=\"left\" style=\"color: rgb(0, 0, 0); font-family: 'Times New Roman'; font-size: medium; font-weight: 400;\">\n<p align=\"center\" style=\"color: rgb(0, 0, 0); font-family: 'Times New Roman'; font-size: medium; font-weight: 400;\"><font face=\"Tahoma, arial, verdana\" size=\"3\">Bir sonraki b\u00f6l\u00fcm i\u00e7in t\u0131klay\u0131n\u0131z<\/font><\/p>\n<p align=\"center\" style=\"color: rgb(0, 0, 0); font-family: 'Times New Roman'; font-size: medium; font-weight: 400;\"><a href=\"\/s%c4%b1kca-sorulan-sorular-sss\" target=\"_parent\" rel=\"noopener\"><font face=\"Tahoma\">S\u0131k\u00e7a sorulan sorular (SSS)<\/font><\/a><\/p>\n<p align=\"left\" style=\"margin-top: 10px; margin-bottom: 10px; color: rgb(105, 105, 105); font-family: Arial, 'Arial Unicode MS', Helvetica, sans-serif; font-weight: 400; background-color: rgba(255, 255, 255, 0.597656);\"><font face=\"Tahoma, arial, verdana\" size=\"3\"><span style=\"color: rgb(0, 0, 0);\"><\/span><\/font><\/p>\n<p align=\"left\" style=\"margin-top: 10px; margin-bottom: 10px; color: rgb(105, 105, 105); font-family: Arial, 'Arial Unicode MS', Helvetica, sans-serif; font-weight: 400; background-color: rgba(255, 255, 255, 0.597656);\"><font face=\"Tahoma, arial, verdana\" size=\"3\"><b><\/b><\/font><\/p>\n<p align=\"left\" style=\"margin-top: 10px; margin-bottom: 10px; color: rgb(105, 105, 105); font-family: Arial, 'Arial Unicode MS', Helvetica, sans-serif; font-weight: 400; background-color: rgba(255, 255, 255, 0.597656);\"><font face=\"Tahoma, arial, verdana\" size=\"3\"><b><\/b><\/font><\/p>\n<p align=\"left\" style=\"margin-top: 10px; margin-bottom: 10px; color: rgb(105, 105, 105); font-family: Arial, 'Arial Unicode MS', Helvetica, sans-serif; font-weight: 400; background-color: rgba(255, 255, 255, 0.597656);\"><font face=\"Tahoma, arial, verdana\" size=\"3\"><b><\/b><\/font><\/p>\n<p align=\"left\" style=\"margin-top: 10px; margin-bottom: 10px; color: rgb(105, 105, 105); font-family: Arial, 'Arial Unicode MS', Helvetica, sans-serif; font-weight: 400; background-color: rgba(255, 255, 255, 0.597656);\"><font face=\"Tahoma, arial, verdana\" size=\"3\"><b><\/b><\/font><\/p>\n<p align=\"left\" style=\"margin-top: 10px; margin-bottom: 10px; color: rgb(105, 105, 105); font-family: Arial, 'Arial Unicode MS', Helvetica, sans-serif; font-weight: 400; background-color: rgba(255, 255, 255, 0.597656);\"><font face=\"Tahoma, arial, verdana\" size=\"3\"><b><\/b><\/font><\/p>\n<p align=\"left\" style=\"margin-top: 10px; margin-bottom: 10px; color: rgb(105, 105, 105); font-family: Arial, 'Arial Unicode MS', Helvetica, sans-serif; font-weight: 400; background-color: rgba(255, 255, 255, 0.597656);\"><font face=\"Tahoma, arial, verdana\" size=\"3\"><b><\/b><\/font><\/p>\n<p align=\"left\" style=\"margin-top: 10px; margin-bottom: 10px; color: rgb(105, 105, 105); font-family: Arial, 'Arial Unicode MS', Helvetica, sans-serif; font-weight: 400; background-color: rgba(255, 255, 255, 0.597656);\"><font face=\"Tahoma, arial, verdana\" size=\"3\"><b><\/b><\/font><\/p>\n<p align=\"left\" style=\"margin-top: 10px; margin-bottom: 10px; color: rgb(105, 105, 105); font-family: Arial, 'Arial Unicode MS', Helvetica, sans-serif; font-weight: 400; background-color: rgba(255, 255, 255, 0.597656);\"><font face=\"Tahoma, arial, verdana\" size=\"3\"><b><\/b><\/font><\/p>\n<p align=\"left\" style=\"margin-top: 10px; margin-bottom: 10px; color: rgb(105, 105, 105); font-family: Arial, 'Arial Unicode MS', Helvetica, sans-serif; font-weight: 400; background-color: rgba(255, 255, 255, 0.597656);\"><font face=\"Tahoma, arial, verdana\" size=\"3\"><b><\/b><\/font><\/p>\n<p align=\"left\" style=\"margin-top: 10px; margin-bottom: 10px; color: rgb(105, 105, 105); font-family: Arial, 'Arial Unicode MS', Helvetica, sans-serif; font-weight: 400; background-color: rgba(255, 255, 255, 0.597656);\"><font face=\"Tahoma, arial, verdana\" size=\"3\"><b><\/b><\/font><\/p>\n<p align=\"left\" style=\"margin-top: 10px; margin-bottom: 10px; color: rgb(105, 105, 105); font-family: Arial, 'Arial Unicode MS', Helvetica, sans-serif; font-weight: 400; background-color: rgba(255, 255, 255, 0.597656);\"><font face=\"Tahoma, arial, verdana\" size=\"3\"><b><\/b><\/font><\/p>\n<p align=\"left\" style=\"margin-top: 10px; margin-bottom: 10px; color: rgb(105, 105, 105); font-family: Arial, 'Arial Unicode MS', Helvetica, sans-serif; font-weight: 400; background-color: rgba(255, 255, 255, 0.597656);\"><font face=\"Tahoma, arial, verdana\" size=\"3\"><b><\/b><\/font><\/p>\n<p align=\"left\" style=\"margin-top: 10px; margin-bottom: 10px; color: rgb(105, 105, 105); font-family: Arial, 'Arial Unicode MS', Helvetica, sans-serif; font-weight: 400; background-color: rgba(255, 255, 255, 0.59375); text-align: center;\"><a href=\"\/s%C4%B1kca-sorulan-sorular-sss\"><\/a><font face=\"Tahoma, arial, verdana\" size=\"3\"><\/font><\/p>\n<p><\/p>\n","protected":false},"excerpt":{"rendered":"<p>Anestezi doktoru komplikasyonlar\u0131 \u00f6nlemek i\u00e7in \u00e7e\u015fitli \u00f6nlemler al\u0131r. Yan etkiler nadiren g\u00f6r\u00fclmekle beraber bazen \u015funlar\u0131 i\u00e7erebilir. Baz\u0131 yan etkiler geli\u015f durumunuza \u00f6zel olabilece\u011fi i\u00e7in anestezi doktorunuzla bunlar\u0131 tart\u0131\u015fmal\u0131s\u0131n\u0131z. Titreme: Titreme s\u0131k g\u00f6r\u00fclen bir reaksiyondur. Bazen anestezik ila\u00e7lar kullan\u0131lmad\u0131\u011f\u0131 halde travay ve do\u011fum s\u0131ras\u0131nda g\u00f6r\u00fclebilir. Sizi s\u0131cak tutmak bunun azalmas\u0131na s\u0131kl\u0131kla yard\u0131mc\u0131 olmaktad\u0131r. Kan bas\u0131nc\u0131 d\u00fc\u015f\u00fckl\u00fc\u011f\u00fc:&#8230;<\/p>\n<p class=\"more-link-wrap\"><a href=\"https:\/\/painfreebirthing.com\/turk\/yan-etkiler-ve-komplikasyonlar\/\" class=\"more-link\">Read More<span class=\"screen-reader-text\"> &ldquo;Rejyonel anestezinin yan etkileri ve komplikasyonlar\u0131&rdquo;<\/span> &raquo;<\/a><\/p>\n","protected":false},"author":1,"featured_media":0,"parent":0,"menu_order":46,"comment_status":"closed","ping_status":"closed","template":"","meta":{"footnotes":""},"class_list":["post-136","page","type-page","status-publish","hentry"],"_links":{"self":[{"href":"https:\/\/painfreebirthing.com\/turk\/wp-json\/wp\/v2\/pages\/136","targetHints":{"allow":["GET"]}}],"collection":[{"href":"https:\/\/painfreebirthing.com\/turk\/wp-json\/wp\/v2\/pages"}],"about":[{"href":"https:\/\/painfreebirthing.com\/turk\/wp-json\/wp\/v2\/types\/page"}],"author":[{"embeddable":true,"href":"https:\/\/painfreebirthing.com\/turk\/wp-json\/wp\/v2\/users\/1"}],"replies":[{"embeddable":true,"href":"https:\/\/painfreebirthing.com\/turk\/wp-json\/wp\/v2\/comments?post=136"}],"version-history":[{"count":0,"href":"https:\/\/painfreebirthing.com\/turk\/wp-json\/wp\/v2\/pages\/136\/revisions"}],"wp:attachment":[{"href":"https:\/\/painfreebirthing.com\/turk\/wp-json\/wp\/v2\/media?parent=136"}],"curies":[{"name":"wp","href":"https:\/\/api.w.org\/{rel}","templated":true}]}}