{"id":135,"date":"2023-07-29T19:57:05","date_gmt":"2023-07-29T19:57:05","guid":{"rendered":"https:\/\/painfreebirthing.com\/turk\/sik-karsilasilan-endiseler\/epidural-yerlestirilirken-sakin-olamayacaginiz-konusunda-endiseli-misiniz\/"},"modified":"2023-07-29T19:57:05","modified_gmt":"2023-07-29T19:57:05","slug":"epidural-yerlestirilirken-sakin-olamayacaginiz-konusunda-endiseli-misiniz","status":"publish","type":"page","link":"https:\/\/painfreebirthing.com\/turk\/sik-karsilasilan-endiseler\/epidural-yerlestirilirken-sakin-olamayacaginiz-konusunda-endiseli-misiniz\/","title":{"rendered":"Epidural yerle\u015ftirilirken sakin olamayaca\u011f\u0131n\u0131z konusunda endi\u015feli misiniz?"},"content":{"rendered":"<table border=\"0\" width=\"100%\">\n<tbody>\n<tr>\n<td align=\"center\" style=\"text-align: center; \">\n<table border=\"0\" width=\"100%\">\n<tbody>\n<tr>\n<td align=\"center\" style=\"text-align: center; \"><font face=\"Tahoma, arial, verdana\" size=\"3\"><span style=\"color: #000000; \">Endi\u015felenmeyin\u2026&#8230;.<\/span><\/font><\/td>\n<\/tr>\n<tr>\n<td align=\"center\">\n<p align=\"left\"><font face=\"Tahoma, arial, verdana\" size=\"3\"><span style=\"color: #000000; \">Travay ve do\u011fum hem\u015fireleri size bu konuda yard\u0131mc\u0131 olacakt\u0131r. Bu konuda olduk\u00e7a deneyimlidirler. Size pozisyon vermede yard\u0131mc\u0131 olacaklar. Travay a\u011fr\u0131lar\u0131 boyunca da, i\u015flemin \u00f6nemli bir k\u0131sm\u0131 yap\u0131lana kadar pozisyonunuzu koruman\u0131za yard\u0131m edecekler. Anestezist sizinle i\u015fbirli\u011fi yaparak i\u015flemi ger\u00e7ekle\u015ftirecektir. Ba\u015farabildi\u011finizi g\u00f6r\u00fcnce \u015fa\u015f\u0131racaks\u0131n\u0131z.&nbsp;<\/span><br \/><\/font><\/p>\n<p><span style=\"font-family: Tahoma, arial, verdana; font-size: medium;\"><br \/><\/span><\/p>\n<\/td>\n<\/tr>\n<\/tbody>\n<\/table>\n<p><font face=\"Tahoma, arial, verdana\" size=\"3\"><span style=\"color: rgb(226, 52, 29); \"><\/span><\/font><\/td>\n<\/tr>\n<tr>\n<td align=\"center\" style=\"text-align: center; \"><font face=\"Tahoma, arial, verdana\"><span style=\"color: rgb(20, 20, 20); font-size: medium;\"><\/span><br \/><span style=\"font-size: medium;\"><img loading=\"lazy\" decoding=\"async\" width=\"288\" height=\"432\" alt=\"\" class=\"art-lightbox\" src=\"https:\/\/painfreebirthing.com\/turk\/wp-content\/uploads\/2023\/07\/motion.gif\" ><\/span><\/p>\n<p><span style=\"font-family: Tahoma, Arial, Helvetica, sans-serif; text-align: left; \"><\/p>\n<p style=\"font-size: 13px; text-align: center; \"><font face=\"Tahoma, arial, verdana\" size=\"3\">.<span style=\"color: #000000; \">&nbsp;Bir sonraki b\u00f6l\u00fcm i\u00e7in t\u0131klay\u0131n\u0131z<\/span><\/font><\/p>\n<p style=\"text-align: center; \"><font face=\"Tahoma\"><a href=\"\/yan-etkiler-ve-komplikasyonlar\" style=\" font-size: 16px; \" target=\"_parent\" rel=\"noopener\">Yan etkiler ve komplikasyonlar<\/a><\/font><\/p>\n<p><\/span><span style=\"font-size: medium;\"><a href=\"\/yan-etkiler-ve-komplikasyonlar\" target=\"_parent\" rel=\"noopener\"><\/a><\/span><\/font><\/td>\n<\/tr>\n<\/tbody>\n<\/table>\n<p><\/p>\n","protected":false},"excerpt":{"rendered":"<p>Endi\u015felenmeyin\u2026&#8230;. Travay ve do\u011fum hem\u015fireleri size bu konuda yard\u0131mc\u0131 olacakt\u0131r. Bu konuda olduk\u00e7a deneyimlidirler. Size pozisyon vermede yard\u0131mc\u0131 olacaklar. Travay a\u011fr\u0131lar\u0131 boyunca da, i\u015flemin \u00f6nemli bir k\u0131sm\u0131 yap\u0131lana kadar pozisyonunuzu koruman\u0131za yard\u0131m edecekler. Anestezist sizinle i\u015fbirli\u011fi yaparak i\u015flemi ger\u00e7ekle\u015ftirecektir. Ba\u015farabildi\u011finizi g\u00f6r\u00fcnce \u015fa\u015f\u0131racaks\u0131n\u0131z.&nbsp; .&nbsp;Bir sonraki b\u00f6l\u00fcm i\u00e7in t\u0131klay\u0131n\u0131z Yan etkiler ve komplikasyonlar<\/p>\n","protected":false},"author":1,"featured_media":0,"parent":133,"menu_order":45,"comment_status":"closed","ping_status":"closed","template":"","meta":{"footnotes":""},"class_list":["post-135","page","type-page","status-publish","hentry"],"_links":{"self":[{"href":"https:\/\/painfreebirthing.com\/turk\/wp-json\/wp\/v2\/pages\/135","targetHints":{"allow":["GET"]}}],"collection":[{"href":"https:\/\/painfreebirthing.com\/turk\/wp-json\/wp\/v2\/pages"}],"about":[{"href":"https:\/\/painfreebirthing.com\/turk\/wp-json\/wp\/v2\/types\/page"}],"author":[{"embeddable":true,"href":"https:\/\/painfreebirthing.com\/turk\/wp-json\/wp\/v2\/users\/1"}],"replies":[{"embeddable":true,"href":"https:\/\/painfreebirthing.com\/turk\/wp-json\/wp\/v2\/comments?post=135"}],"version-history":[{"count":0,"href":"https:\/\/painfreebirthing.com\/turk\/wp-json\/wp\/v2\/pages\/135\/revisions"}],"up":[{"embeddable":true,"href":"https:\/\/painfreebirthing.com\/turk\/wp-json\/wp\/v2\/pages\/133"}],"wp:attachment":[{"href":"https:\/\/painfreebirthing.com\/turk\/wp-json\/wp\/v2\/media?parent=135"}],"curies":[{"name":"wp","href":"https:\/\/api.w.org\/{rel}","templated":true}]}}