{"id":134,"date":"2023-07-29T19:57:04","date_gmt":"2023-07-29T19:57:04","guid":{"rendered":"https:\/\/painfreebirthing.com\/turk\/sik-karsilasilan-endiseler\/ignelerden-korkuyor-musunuz\/"},"modified":"2023-07-29T19:57:04","modified_gmt":"2023-07-29T19:57:04","slug":"ignelerden-korkuyor-musunuz","status":"publish","type":"page","link":"https:\/\/painfreebirthing.com\/turk\/sik-karsilasilan-endiseler\/ignelerden-korkuyor-musunuz\/","title":{"rendered":"\u0130\u011fnelerden korkuyor musunuz?"},"content":{"rendered":"<table border=\"0\" width=\"100%\">\n<tbody>\n<tr>\n<td align=\"center\" style=\"text-align: center; \"><span style=\"color: rgb(0, 0, 0); font-family: Tahoma; font-size: medium; font-weight: 400; text-align: -webkit-center; \">Endi\u015felenmeyin\u2026..<\/span><font face=\"Tahoma, arial, verdana\" size=\"3\"><span style=\"color: rgb(226, 52, 29); \"><\/span><\/font><\/td>\n<\/tr>\n<tr>\n<td align=\"center\">\n<table border=\"0\" width=\"100%\">\n<tbody>\n<tr>\n<td align=\"center\">\n<p align=\"left\"><font face=\"Tahoma, arial, verdana\" size=\"3\"><\/p>\n<p><span style=\"color: #000000; \">Epidural anestezi i\u015fleminizi ger\u00e7ekle\u015ftirmek i\u00e7in anestezi doktoru size yard\u0131mc\u0131 olacakt\u0131r. Epidural i\u011fnesini yerle\u015ftirmeden \u00f6nce anestezi doktoru \u00e7ok ince bir i\u011fne ile yeterli uyu\u015fuklu\u011fu sa\u011flayacak ila\u00e7 enjekte edecektir. Ba\u015flang\u0131\u00e7ta enjekte edilen uyu\u015fturucu ila\u00e7, do\u011fum a\u011fr\u0131lar\u0131n\u0131zdan daha fazla olmayacakt\u0131r. Uyu\u015fukluk meydana geldi\u011finde, epidural alan aran\u0131rken sadece bas\u0131n\u00e7 hissedeceksiniz.&nbsp;<\/span><\/p>\n<p><\/font><\/p>\n<\/td>\n<\/tr>\n<\/tbody>\n<\/table>\n<p align=\"left\" style=\"margin-top: 10px; margin-bottom: 10px; \"><span style=\"color: rgb(64, 64, 64); font-family: Tahoma, arial, verdana; font-size: medium;\"><br \/><\/span><\/p>\n<p align=\"left\" style=\"margin-top: 10px; margin-bottom: 10px; \"><font face=\"Tahoma, arial, verdana\" size=\"3\"><span style=\"color: rgb(64, 64, 64); \"><br \/><\/span><\/font><\/p>\n<p align=\"left\" style=\"margin-top: 10px; margin-bottom: 10px; text-align: center; \"><img loading=\"lazy\" decoding=\"async\" width=\"325\" height=\"288\" alt=\"\" class=\"art-lightbox\" src=\"https:\/\/painfreebirthing.com\/turk\/wp-content\/uploads\/2023\/07\/running.gif\" ><font face=\"Tahoma, arial, verdana\" size=\"3\"><span style=\"color: rgb(64, 64, 64); \"><br \/><\/span><\/font><\/p>\n<\/td>\n<\/tr>\n<\/tbody>\n<\/table>\n<p style=\"text-align: center; \"><font face=\"Tahoma\" style=\"color: rgb(0, 0, 0); font-size: medium; font-weight: 400; text-align: -webkit-center; \">.<\/font><font face=\"Tahoma, arial, verdana\" size=\"3\" style=\"color: rgb(0, 0, 0); font-size: medium; font-weight: 400; text-align: -webkit-center; \">Bir sonraki b\u00f6l\u00fcm i\u00e7in t\u0131klay\u0131n\u0131z<\/font><a href=\"\/common-worries\/are-you-scared-of-not-being-still-for-the-procedure\" target=\"_parent\" rel=\"noopener\"><\/a><\/p>\n<p style=\"text-align: center; \"><a href=\"\/s%c4%b1k-kars%c4%b1las%c4%b1lan-endiseler\/epidural-yerlestirilirken-sakin-olamayacag%c4%b1n%c4%b1z-konusunda-endiseli-misiniz\" target=\"_parent\" rel=\"noopener\">Epidural yerle\u015ftirilirken sakin olamayaca\u011f\u0131n\u0131z konusunda endi\u015feli misiniz?<\/a><span style=\"color: rgb(0, 0, 0); font-family: Tahoma, arial, verdana; font-size: medium; text-align: -webkit-center; \"><\/span><font face=\"Tahoma, arial, verdana\" size=\"3\" style=\"color: rgb(0, 0, 0); font-size: medium; font-weight: 400; text-align: -webkit-center; \"><br \/><\/font><\/p>\n<p style=\"text-align: center; \"><font face=\"Tahoma, arial, verdana\" size=\"3\" style=\"color: rgb(0, 0, 0); font-size: medium; font-weight: 400; text-align: -webkit-center; \"><br \/><\/font><\/p>\n","protected":false},"excerpt":{"rendered":"<p>Endi\u015felenmeyin\u2026.. Epidural anestezi i\u015fleminizi ger\u00e7ekle\u015ftirmek i\u00e7in anestezi doktoru size yard\u0131mc\u0131 olacakt\u0131r. Epidural i\u011fnesini yerle\u015ftirmeden \u00f6nce anestezi doktoru \u00e7ok ince bir i\u011fne ile yeterli uyu\u015fuklu\u011fu sa\u011flayacak ila\u00e7 enjekte edecektir. Ba\u015flang\u0131\u00e7ta enjekte edilen uyu\u015fturucu ila\u00e7, do\u011fum a\u011fr\u0131lar\u0131n\u0131zdan daha fazla olmayacakt\u0131r. Uyu\u015fukluk meydana geldi\u011finde, epidural alan aran\u0131rken sadece bas\u0131n\u00e7 hissedeceksiniz.&nbsp; .Bir sonraki b\u00f6l\u00fcm i\u00e7in t\u0131klay\u0131n\u0131z Epidural yerle\u015ftirilirken sakin&#8230;<\/p>\n<p class=\"more-link-wrap\"><a href=\"https:\/\/painfreebirthing.com\/turk\/sik-karsilasilan-endiseler\/ignelerden-korkuyor-musunuz\/\" class=\"more-link\">Read More<span class=\"screen-reader-text\"> &ldquo;\u0130\u011fnelerden korkuyor musunuz?&rdquo;<\/span> &raquo;<\/a><\/p>\n","protected":false},"author":1,"featured_media":0,"parent":133,"menu_order":44,"comment_status":"closed","ping_status":"closed","template":"","meta":{"footnotes":""},"class_list":["post-134","page","type-page","status-publish","hentry"],"_links":{"self":[{"href":"https:\/\/painfreebirthing.com\/turk\/wp-json\/wp\/v2\/pages\/134","targetHints":{"allow":["GET"]}}],"collection":[{"href":"https:\/\/painfreebirthing.com\/turk\/wp-json\/wp\/v2\/pages"}],"about":[{"href":"https:\/\/painfreebirthing.com\/turk\/wp-json\/wp\/v2\/types\/page"}],"author":[{"embeddable":true,"href":"https:\/\/painfreebirthing.com\/turk\/wp-json\/wp\/v2\/users\/1"}],"replies":[{"embeddable":true,"href":"https:\/\/painfreebirthing.com\/turk\/wp-json\/wp\/v2\/comments?post=134"}],"version-history":[{"count":0,"href":"https:\/\/painfreebirthing.com\/turk\/wp-json\/wp\/v2\/pages\/134\/revisions"}],"up":[{"embeddable":true,"href":"https:\/\/painfreebirthing.com\/turk\/wp-json\/wp\/v2\/pages\/133"}],"wp:attachment":[{"href":"https:\/\/painfreebirthing.com\/turk\/wp-json\/wp\/v2\/media?parent=134"}],"curies":[{"name":"wp","href":"https:\/\/api.w.org\/{rel}","templated":true}]}}