{"id":133,"date":"2023-07-29T19:57:03","date_gmt":"2023-07-29T19:57:03","guid":{"rendered":"https:\/\/painfreebirthing.com\/turk\/sik-karsilasilan-endiseler\/"},"modified":"2023-07-29T19:57:03","modified_gmt":"2023-07-29T19:57:03","slug":"sik-karsilasilan-endiseler","status":"publish","type":"page","link":"https:\/\/painfreebirthing.com\/turk\/sik-karsilasilan-endiseler\/","title":{"rendered":"S\u0131k kar\u015f\u0131la\u015f\u0131lan  endi\u015feler"},"content":{"rendered":"<p style=\"margin-top: 10px; margin-bottom: 10px; color: rgb(105, 105, 105); font-family: Arial, 'Arial Unicode MS', Helvetica, sans-serif; font-weight: 400; background-color: rgba(255, 255, 255, 0.597656);\"><a href=\"\/common-worries\/are-you-scared-of-needles\" style=\"font-family: Arial, 'Arial Unicode MS', Helvetica, sans-serif; cursor: pointer;\" target=\"_parent\" rel=\"noopener\"><span style=\"color: rgb(0, 0, 0);\"><\/span><\/a><\/p>\n<p style=\"margin-top: 10px; margin-bottom: 10px; color: rgb(105, 105, 105); font-family: Arial, 'Arial Unicode MS', Helvetica, sans-serif; font-weight: 400; background-color: rgba(255, 255, 255, 0.597656);\"><a href=\"\/s%c4%b1k-kars%c4%b1las%c4%b1lan-endiseler\/Ignelerden-korkuyor-musunuz\" target=\"_parent\" rel=\"noopener\">\u0130\u011fnelerden korkuyor musunuz?<\/a><\/p>\n<p style=\"margin-top: 10px; margin-bottom: 10px; color: rgb(105, 105, 105); font-family: Arial, 'Arial Unicode MS', Helvetica, sans-serif; font-weight: 400; background-color: rgba(255, 255, 255, 0.597656);\"><a href=\"\/common-worries\/are-you-scared-of-not-being-still-for-the-procedure\" style=\"font-family: Arial, 'Arial Unicode MS', Helvetica, sans-serif; \" target=\"_parent\" rel=\"noopener\"><span style=\"color: rgb(0, 0, 0); \"><\/span><\/a><\/p>\n<p><a href=\"\/s%c4%b1k-kars%c4%b1las%c4%b1lan-endiseler\/epidural-yerlestirilirken-sakin-olamayacag%c4%b1n%c4%b1z-konusunda-endiseli-misiniz\" target=\"_parent\" rel=\"noopener\">Epidural yerle\u015ftirilirken sakin olamayaca\u011f\u0131n\u0131z konusunda endi\u015feli misiniz?<\/a><\/p>\n","protected":false},"excerpt":{"rendered":"<p>\u0130\u011fnelerden korkuyor musunuz? Epidural yerle\u015ftirilirken sakin olamayaca\u011f\u0131n\u0131z konusunda endi\u015feli misiniz?<\/p>\n","protected":false},"author":1,"featured_media":0,"parent":0,"menu_order":43,"comment_status":"closed","ping_status":"closed","template":"","meta":{"footnotes":""},"class_list":["post-133","page","type-page","status-publish","hentry"],"_links":{"self":[{"href":"https:\/\/painfreebirthing.com\/turk\/wp-json\/wp\/v2\/pages\/133","targetHints":{"allow":["GET"]}}],"collection":[{"href":"https:\/\/painfreebirthing.com\/turk\/wp-json\/wp\/v2\/pages"}],"about":[{"href":"https:\/\/painfreebirthing.com\/turk\/wp-json\/wp\/v2\/types\/page"}],"author":[{"embeddable":true,"href":"https:\/\/painfreebirthing.com\/turk\/wp-json\/wp\/v2\/users\/1"}],"replies":[{"embeddable":true,"href":"https:\/\/painfreebirthing.com\/turk\/wp-json\/wp\/v2\/comments?post=133"}],"version-history":[{"count":0,"href":"https:\/\/painfreebirthing.com\/turk\/wp-json\/wp\/v2\/pages\/133\/revisions"}],"wp:attachment":[{"href":"https:\/\/painfreebirthing.com\/turk\/wp-json\/wp\/v2\/media?parent=133"}],"curies":[{"name":"wp","href":"https:\/\/api.w.org\/{rel}","templated":true}]}}