{"id":131,"date":"2023-07-29T19:57:01","date_gmt":"2023-07-29T19:57:01","guid":{"rendered":"https:\/\/painfreebirthing.com\/turk\/bilmek-istedikleriniz\/epidural-atesimi-yukseltir-mi\/"},"modified":"2023-07-29T19:57:01","modified_gmt":"2023-07-29T19:57:01","slug":"epidural-atesimi-yukseltir-mi","status":"publish","type":"page","link":"https:\/\/painfreebirthing.com\/turk\/bilmek-istedikleriniz\/epidural-atesimi-yukseltir-mi\/","title":{"rendered":"Epidural anestezi v\u00fccut \u0131s\u0131s\u0131n\u0131 y\u00fckseltir mi?"},"content":{"rendered":"<p align=\"left\" style=\"color: rgb(0, 0, 0); font-family: 'Times New Roman'; font-size: medium; font-weight: 400;\"><font face=\"Tahoma\">\u00c7ok az say\u0131da hamile kad\u0131n\u0131n do\u011fum esnas\u0131nda ate\u015fi y\u00fckselir. \u00d6zellikle ilk \u00e7ocu\u011funa hamile ve uzun s\u00fcren do\u011fum eylemi ve epidural anestezi uygulananlarda daha s\u0131kt\u0131r.Ara\u015ft\u0131rmalar ger\u00e7ek anlamda bir anne veya bebek enfeksiyonuyla ilgisinin olmad\u0131\u011f\u0131n\u0131 g\u00f6stermi\u015ftir. Ancak baz\u0131 olgularda \u00e7ocuk doktorlar\u0131 bebekte baz\u0131 kan tetkikleri yaparak enfeksiyon olas\u0131l\u0131\u011f\u0131n\u0131 ortadan kald\u0131rabilir. Bir \u00e7ok kad\u0131nda epidural yap\u0131lm\u0131\u015f olsun olmas\u0131n ate\u015f g\u00f6zlenmezken epidural kullan\u0131lanlarda d\u00fc\u015f\u00fck de olsa b\u00f6yle bir olas\u0131l\u0131\u011f\u0131n oldu\u011fu ak\u0131lda tutulmal\u0131d\u0131r. Son bulgular ilk \u00e7ocu\u011funa hamile epidural anestezi yap\u0131lan kad\u0131nlar\u0131n %24\u2019\u00fcnde ate\u015f g\u00f6r\u00fcl\u00fcrken epidural anestezi yap\u0131lmayanlarda %5 s\u0131kl\u0131kta g\u00f6r\u00fcld\u00fc\u011f\u00fcn\u00fc ortaya koymu\u015ftur. \u0130kinci veya daha sonraki \u00e7ocuklar\u0131n\u0131 do\u011furanlarda bir fark g\u00f6r\u00fclmemi\u015ftir. Bu olay\u0131n mekanizmas\u0131 bilinmemektedir. Do\u011fum eylemi esnas\u0131nda v\u00fccut \u0131s\u0131s\u0131n\u0131n olu\u015fturulmas\u0131 ve da\u011f\u0131t\u0131m\u0131 ile ilgili bir sorun olas\u0131l\u0131\u011f\u0131 \u00fczerinde durulmaktad\u0131r. A\u011fr\u0131l\u0131 do\u011fumlarda hastalar s\u0131k ve h\u0131zl\u0131 solumakta b\u00f6ylece v\u00fccuttan \u0131s\u0131 kayb\u0131 artmaktad\u0131r. A\u011fr\u0131 giderildi\u011finde ise solunum sakinle\u015fir ve rahatlar, \u0131s\u0131 y\u00fckselebilir.<\/font><\/p>\n<p align=\"left\" style=\"color: rgb(0, 0, 0); font-family: 'Times New Roman'; font-size: medium; font-weight: 400;\"><font face=\"Tahoma\">K<b>aynak\u00e7a<\/b><\/font><\/p>\n<p align=\"left\" style=\"margin-top: 10px; margin-bottom: 10px; color: rgb(105, 105, 105); font-family: Arial, 'Arial Unicode MS', Helvetica, sans-serif; font-weight: 400; background-color: rgba(255, 255, 255, 0.597656);\"><font face=\"Tahoma\"><\/font><\/p>\n<p align=\"left\" style=\"margin-top: 10px; margin-bottom: 10px; color: rgb(105, 105, 105); font-family: Arial, 'Arial Unicode MS', Helvetica, sans-serif; font-weight: 400; background-color: rgba(255, 255, 255, 0.597656);\"><font face=\"Tahoma\"><\/font><\/p>\n<p align=\"left\" style=\"margin-top: 10px; margin-bottom: 10px; color: rgb(105, 105, 105); font-family: Arial, 'Arial Unicode MS', Helvetica, sans-serif; font-weight: 400; background-color: rgba(255, 255, 255, 0.597656);\"><font face=\"Tahoma\">ACOG (American College Of Obstetricians and Gynecologists) Practice Bulletin on Obstetric Analgesia and Anesthesia. July 2002;36:177-191.<\/font><\/p>\n<p align=\"left\" style=\"margin-top: 10px; margin-bottom: 10px; color: rgb(105, 105, 105); font-family: Arial, 'Arial Unicode MS', Helvetica, sans-serif; font-weight: 400; background-color: rgba(255, 255, 255, 0.597656);\"><font face=\"Tahoma\">Philip J, Alaxander JM, Sharma K, Leveno KJ, McIntire DD, Wiley J. Epidural analgesia during labor and maternal fever. Anesthesiology 1999;90:1271-5.<\/font><\/p>\n<p align=\"left\" style=\"margin-top: 10px; margin-bottom: 10px; color: rgb(105, 105, 105); font-family: Arial, 'Arial Unicode MS', Helvetica, sans-serif; font-weight: 400; background-color: rgba(255, 255, 255, 0.597656);\">Anim-Somuah M, Smyth RM, Jones L. Epidural versus non-epidural or no analgesia in labor.Cochrane Database Syst Rev 2011 Dec 7, (12): CD000331<\/p>\n<p align=\"left\" style=\"margin-top: 10px; margin-bottom: 10px; color: rgb(105, 105, 105); font-family: Arial, 'Arial Unicode MS', Helvetica, sans-serif; font-weight: 400; background-color: rgba(255, 255, 255, 0.59375); text-align: center;\"><span style=\"color: rgb(0, 0, 0); font-family: Tahoma, arial, verdana; font-size: medium; font-weight: 400; text-align: -webkit-center;\">Bir sonraki b\u00f6l\u00fcm i\u00e7in t\u0131klay\u0131n\u0131z<\/span><\/p>\n<p align=\"left\" style=\"margin-top: 10px; margin-bottom: 10px; color: rgb(105, 105, 105); font-family: Arial, 'Arial Unicode MS', Helvetica, sans-serif; background-color: rgba(255, 255, 255, 0.589844); text-align: center;\"><a href=\"\/bilmek-istedikleriniz\/epidural-ve-dovme\" target=\"_parent\" rel=\"noopener\">S\u0131rt\u0131mda d\u00f6vme varsa epidural yapt\u0131rabilir miyim?<\/a><span style=\"color: rgb(0, 0, 0); font-family: Tahoma, arial, verdana; font-size: medium; text-align: -webkit-center;\"><\/span><a href=\"\/what-you-wanted-to-know\/can-i-have-epidural-if-i-have-tattoo\" target=\"_parent\" rel=\"noopener\"><\/a><\/p>\n<p><\/p>\n","protected":false},"excerpt":{"rendered":"<p>\u00c7ok az say\u0131da hamile kad\u0131n\u0131n do\u011fum esnas\u0131nda ate\u015fi y\u00fckselir. \u00d6zellikle ilk \u00e7ocu\u011funa hamile ve uzun s\u00fcren do\u011fum eylemi ve epidural anestezi uygulananlarda daha s\u0131kt\u0131r.Ara\u015ft\u0131rmalar ger\u00e7ek anlamda bir anne veya bebek enfeksiyonuyla ilgisinin olmad\u0131\u011f\u0131n\u0131 g\u00f6stermi\u015ftir. Ancak baz\u0131 olgularda \u00e7ocuk doktorlar\u0131 bebekte baz\u0131 kan tetkikleri yaparak enfeksiyon olas\u0131l\u0131\u011f\u0131n\u0131 ortadan kald\u0131rabilir. Bir \u00e7ok kad\u0131nda epidural yap\u0131lm\u0131\u015f olsun olmas\u0131n&#8230;<\/p>\n<p class=\"more-link-wrap\"><a href=\"https:\/\/painfreebirthing.com\/turk\/bilmek-istedikleriniz\/epidural-atesimi-yukseltir-mi\/\" class=\"more-link\">Read More<span class=\"screen-reader-text\"> &ldquo;Epidural anestezi v\u00fccut \u0131s\u0131s\u0131n\u0131 y\u00fckseltir mi?&rdquo;<\/span> &raquo;<\/a><\/p>\n","protected":false},"author":1,"featured_media":0,"parent":121,"menu_order":41,"comment_status":"closed","ping_status":"closed","template":"","meta":{"footnotes":""},"class_list":["post-131","page","type-page","status-publish","hentry"],"_links":{"self":[{"href":"https:\/\/painfreebirthing.com\/turk\/wp-json\/wp\/v2\/pages\/131","targetHints":{"allow":["GET"]}}],"collection":[{"href":"https:\/\/painfreebirthing.com\/turk\/wp-json\/wp\/v2\/pages"}],"about":[{"href":"https:\/\/painfreebirthing.com\/turk\/wp-json\/wp\/v2\/types\/page"}],"author":[{"embeddable":true,"href":"https:\/\/painfreebirthing.com\/turk\/wp-json\/wp\/v2\/users\/1"}],"replies":[{"embeddable":true,"href":"https:\/\/painfreebirthing.com\/turk\/wp-json\/wp\/v2\/comments?post=131"}],"version-history":[{"count":0,"href":"https:\/\/painfreebirthing.com\/turk\/wp-json\/wp\/v2\/pages\/131\/revisions"}],"up":[{"embeddable":true,"href":"https:\/\/painfreebirthing.com\/turk\/wp-json\/wp\/v2\/pages\/121"}],"wp:attachment":[{"href":"https:\/\/painfreebirthing.com\/turk\/wp-json\/wp\/v2\/media?parent=131"}],"curies":[{"name":"wp","href":"https:\/\/api.w.org\/{rel}","templated":true}]}}