{"id":130,"date":"2023-07-29T19:57:00","date_gmt":"2023-07-29T19:57:00","guid":{"rendered":"https:\/\/painfreebirthing.com\/turk\/bilmek-istedikleriniz\/epidural-emzirmemi-etkiler-mi\/"},"modified":"2023-07-29T19:57:00","modified_gmt":"2023-07-29T19:57:00","slug":"epidural-emzirmemi-etkiler-mi","status":"publish","type":"page","link":"https:\/\/painfreebirthing.com\/turk\/bilmek-istedikleriniz\/epidural-emzirmemi-etkiler-mi\/","title":{"rendered":"Epidural, emzirmemi      etkiler mi?"},"content":{"rendered":"<table border=\"0\" width=\"100%\">\n<tbody>\n<tr>\n<td align=\"center\">\n<p align=\"left\"><font face=\"Tahoma\" style=\"font-size: 16px;\"><span style=\"color: #000000; \">G\u00fcn\u00fcm\u00fczde travay ve do\u011fumda uygulanan epidural anestezide olduk\u00e7a d\u00fc\u015f\u00fck dozda ila\u00e7 kullan\u0131lmaktad\u0131r. Hassas \u00f6l\u00e7\u00fcmlerle bebekte bu ila\u00e7lar tespit edilse bile travay ve sezaryenle do\u011fum s\u0131ras\u0131nda uygulanan uzun s\u00fcreli epidural inf\u00fczyonlarda sonra bile mutlak seviye olduk\u00e7a d\u00fc\u015f\u00fckt\u00fcr. Travayda ve do\u011fum s\u0131ras\u0131nda kullan\u0131lan anestezi metodundan ba\u011f\u0131ms\u0131z olarak farkl\u0131 nedenlerden dolay\u0131 baz\u0131 kad\u0131nlarda s\u00fct vermede zorluklar g\u00f6r\u00fclmektedir. Hastanenizde size ba\u015far\u0131l\u0131 anne s\u00fct\u00fc verme konusunda yard\u0131mc\u0131 olabilecek bir laktasyon dan\u0131\u015fman\u0131 bulunabilir. Tibbi kontrendikasyon olmad\u0131\u011f\u0131 s\u00fcrece anne s\u00fct\u00fc \u00e7ocu\u011fa optimum beslenme sa\u011flar.<\/span><\/font><\/p>\n<p align=\"left\"><font face=\"Tahoma\" style=\"font-size: 16px; \"><span style=\"color: #000000; \">ACOG (American College Of Obstetricians and Gynecologists) Practice Bulletin on Obstetric Analgesia and Anesthesia. July 2002;36:177-191.<\/span><\/font><\/p>\n<p align=\"left\"><font face=\"Tahoma\" style=\"font-size: 16px; \"><span style=\"color: #000000; \">&nbsp;Bader AM, Fragneto R, Terui K, Arthur GR, Loferski B, Datta S. Maternal and neonatal fentanyl and bupivacaine concentrations after epidural infusion during labor. Anesth Analg 1995;81:829-31.<\/span><\/font><\/p>\n<p align=\"left\"><font face=\"Tahoma\" style=\"font-size: 16px; \"><span style=\"color: #000000; \">Halpern SH, Levine T, Wilson DB, MacDonell J, Katsiris SE, Leighton BL. Effect of labor analgesia on breastfeeding success. Birth 1999;26:83-88. &nbsp;<\/span><br \/><\/font><\/p>\n<p><span style=\"font-size: 16px; color: #000000; \">&nbsp;<\/span><\/td>\n<\/tr>\n<tr>\n<td align=\"left\">\n<p align=\"center\"><font face=\"Tahoma, arial, verdana\" style=\"font-size: 16px; \"><span style=\"color: #000000; \">&nbsp;Bir sonraki b\u00f6l\u00fcm i\u00e7in t\u0131klay\u0131n\u0131z<\/span><\/font><\/p>\n<p align=\"center\"><font face=\"Tahoma\"><a href=\"\/bilmek-istedikleriniz\/epidural-atesimi-yukseltir-mi\" style=\"font-size: 16px; \" target=\"_parent\" rel=\"noopener\"><span style=\"color: rgb(0, 0, 0);  \">Epidural, ate\u015fimi y\u00fckseltir mi?<\/span><\/a><\/font><\/p>\n<\/td>\n<\/tr>\n<\/tbody>\n<\/table>\n<p align=\"left\" style=\"margin-top: 10px; margin-bottom: 10px; color: rgb(105, 105, 105); font-weight: 400; background-color: rgba(255, 255, 255, 0.59375); \"><span style=\"font-family: Tahoma;\"><br \/><\/span><\/p>\n","protected":false},"excerpt":{"rendered":"<p>G\u00fcn\u00fcm\u00fczde travay ve do\u011fumda uygulanan epidural anestezide olduk\u00e7a d\u00fc\u015f\u00fck dozda ila\u00e7 kullan\u0131lmaktad\u0131r. Hassas \u00f6l\u00e7\u00fcmlerle bebekte bu ila\u00e7lar tespit edilse bile travay ve sezaryenle do\u011fum s\u0131ras\u0131nda uygulanan uzun s\u00fcreli epidural inf\u00fczyonlarda sonra bile mutlak seviye olduk\u00e7a d\u00fc\u015f\u00fckt\u00fcr. Travayda ve do\u011fum s\u0131ras\u0131nda kullan\u0131lan anestezi metodundan ba\u011f\u0131ms\u0131z olarak farkl\u0131 nedenlerden dolay\u0131 baz\u0131 kad\u0131nlarda s\u00fct vermede zorluklar g\u00f6r\u00fclmektedir. Hastanenizde&#8230;<\/p>\n<p class=\"more-link-wrap\"><a href=\"https:\/\/painfreebirthing.com\/turk\/bilmek-istedikleriniz\/epidural-emzirmemi-etkiler-mi\/\" class=\"more-link\">Read More<span class=\"screen-reader-text\"> &ldquo;Epidural, emzirmemi      etkiler mi?&rdquo;<\/span> &raquo;<\/a><\/p>\n","protected":false},"author":1,"featured_media":0,"parent":121,"menu_order":40,"comment_status":"closed","ping_status":"closed","template":"","meta":{"footnotes":""},"class_list":["post-130","page","type-page","status-publish","hentry"],"_links":{"self":[{"href":"https:\/\/painfreebirthing.com\/turk\/wp-json\/wp\/v2\/pages\/130","targetHints":{"allow":["GET"]}}],"collection":[{"href":"https:\/\/painfreebirthing.com\/turk\/wp-json\/wp\/v2\/pages"}],"about":[{"href":"https:\/\/painfreebirthing.com\/turk\/wp-json\/wp\/v2\/types\/page"}],"author":[{"embeddable":true,"href":"https:\/\/painfreebirthing.com\/turk\/wp-json\/wp\/v2\/users\/1"}],"replies":[{"embeddable":true,"href":"https:\/\/painfreebirthing.com\/turk\/wp-json\/wp\/v2\/comments?post=130"}],"version-history":[{"count":0,"href":"https:\/\/painfreebirthing.com\/turk\/wp-json\/wp\/v2\/pages\/130\/revisions"}],"up":[{"embeddable":true,"href":"https:\/\/painfreebirthing.com\/turk\/wp-json\/wp\/v2\/pages\/121"}],"wp:attachment":[{"href":"https:\/\/painfreebirthing.com\/turk\/wp-json\/wp\/v2\/media?parent=130"}],"curies":[{"name":"wp","href":"https:\/\/api.w.org\/{rel}","templated":true}]}}