{"id":127,"date":"2023-07-29T19:56:57","date_gmt":"2023-07-29T19:56:57","guid":{"rendered":"https:\/\/painfreebirthing.com\/turk\/bilmek-istedikleriniz\/agrinin-giderilmesi-dogumu-nasil-etkiler\/"},"modified":"2023-07-29T19:56:57","modified_gmt":"2023-07-29T19:56:57","slug":"agrinin-giderilmesi-dogumu-nasil-etkiler","status":"publish","type":"page","link":"https:\/\/painfreebirthing.com\/turk\/bilmek-istedikleriniz\/agrinin-giderilmesi-dogumu-nasil-etkiler\/","title":{"rendered":"A\u011fr\u0131n\u0131n giderilmesi     do\u011fumu nas\u0131l etkiler?"},"content":{"rendered":"<table border=\"0\" width=\"100%\" height=\"563\">\n<tbody>\n<tr>\n<td align=\"center\" height=\"89\"><span style=\"font-family: Tahoma, arial, verdana; \"><b><span style=\"font-size: 16px; color: #000000; \">A\u011fr\u0131 kontrol\u00fcn\u00fcn travay seyirine etkisi Epidural analjezi travay\u0131 az miktarda uzat\u0131r ve sezaryen riskini art\u0131rmaz<\/span><br \/><\/b><\/span><span style=\"font-family: Tahoma, arial, verdana; font-weight: bold; font-size: medium;\"><\/p>\n<ul type=\"disc\" style=\"color: rgb(0, 0, 0); font-family: 'Times New Roman'; font-size: medium; font-weight: 400; text-align: -webkit-center; \">\n<li class=\"MsoNormal\" style=\"font-size: 12pt; font-family: 'Times New Roman'; \">\n<p align=\"left\"><font face=\"Tahoma\"><span lang=\"TR\">Epidural analjezi uygulanan kad\u0131nlarda, iv metod uygulananlara g\u00f6re travay daha uzun olmaktad\u0131r. \u00c7e\u015fitli \u00e7al\u0131\u015fmalar bu fark\u0131n yakla\u015f\u0131k 1 saat oldu\u011funu g\u00f6stermi\u015ftir. Ancak bu s\u00fcre travay \u015feklinize g\u00f6re de\u011fi\u015fkenlik g\u00f6sterebilir.<\/span><\/font><\/p>\n<\/li>\n<li class=\"MsoNormal\" style=\"font-size: 12pt; font-family: 'Times New Roman'; \">\n<p align=\"left\"><font face=\"Tahoma\"><span lang=\"TR\">Epidural analjezi sezaryen riskini artt\u0131rmaz. Randomize klinik \u00e7al\u0131\u015fmalarda epidural analjezinin sezaryen riskini art\u0131rd\u0131\u011f\u0131n\u0131 g\u00f6steren g\u00fc\u00e7l\u00fc kan\u0131tlar yoktur.<\/span><\/font><\/p>\n<\/li>\n<li class=\"MsoNormal\" style=\"font-size: 12pt; font-family: 'Times New Roman'; \">\n<p align=\"left\"><font face=\"Tahoma\"><span lang=\"TR\">Epidural analjezi ve forseps do\u011fumu aras\u0131ndaki ili\u015fki karma\u015f\u0131kt\u0131r. Baz\u0131 \u00e7al\u0131\u015fmalar epiduralle forseps do\u011fumlar\u0131n\u0131n artt\u0131\u011f\u0131n\u0131 g\u00f6sterirken, di\u011ferleri g\u00f6stermemektedir. Bu b\u00fcy\u00fck oranda obstetrisyeninizin \u00e7al\u0131\u015fma \u015fekline ve tercihlerine ba\u011fl\u0131d\u0131r.<\/span><\/font><\/p>\n<\/li>\n<li class=\"MsoNormal\" style=\"font-size: 12pt; font-family: 'Times New Roman'; \">\n<p align=\"left\"><span lang=\"TR\"><font face=\"Tahoma\">Hasta memnuniyeti ve yenido\u011fan\u0131n durumu a\u011fr\u0131s\u0131z do\u011fumda epiduralde, iv metoda g\u00f6re daha iyidir.<\/font><\/span><\/p>\n<\/li>\n<\/ul>\n<p style=\"color: rgb(0, 0, 0); font-family: 'Times New Roman'; font-size: medium; font-weight: 400; text-align: -webkit-center; \"><font face=\"Tahoma, arial, verdana\" size=\"3\">Bir sonraki b\u00f6l\u00fcm i\u00e7in t\u0131klay\u0131n\u0131z<\/font><\/p>\n<p style=\"color: rgb(0, 0, 0); font-family: 'Times New Roman'; font-size: medium; font-weight: 400; text-align: -webkit-center; \"><font face=\"Tahoma, arial, verdana\" size=\"3\">Detais Click Here<\/font><\/p>\n<p><\/span><\/td>\n<\/tr>\n<\/tbody>\n<\/table>\n<p><font face=\"Tahoma, arial, verdana\" size=\"3\" style=\"color: rgb(105, 105, 105); font-weight: 400; background-color: rgba(255, 255, 255, 0.597656);\"><span style=\"color: rgb(0, 0, 0);\"><\/span><\/font><\/p>\n<ul style=\"color: rgb(105, 105, 105); font-family: Arial, 'Arial Unicode MS', Helvetica, sans-serif; font-weight: 400; background-color: rgba(255, 255, 255, 0.597656);\">\n<li style=\"font-family: Arial, 'Arial Unicode MS', Helvetica, sans-serif;\"><span style=\"font-family: Tahoma, arial, verdana; font-size: medium; color: rgb(0, 0, 0);\">Patients receiving epidural analgesia have longer labors when compared to women receiving I.V method of childbirth pain relief. Numerous studies have shown that the difference is approximately one hour on an average. However, this may be highly variable depending on your labor pattern.<\/span><\/li>\n<li style=\"font-family: Arial, 'Arial Unicode MS', Helvetica, sans-serif;\"><span style=\"font-family: Tahoma, arial, verdana; font-size: medium; color: rgb(0, 0, 0);\">Epidural analgesia does not increase the risk of cesarean delivery. Randomized clinical trials present powerful evidence that there is no added risk of cesarean delivery owing to epidural analgesia.&nbsp;<\/span><\/li>\n<li style=\"font-family: Arial, 'Arial Unicode MS', Helvetica, sans-serif;\"><span style=\"font-family: Tahoma, arial, verdana; font-size: medium; color: rgb(0, 0, 0);\">The relationship between epidural analgesia and forceps deliveries is complex.&nbsp; Some studies have shown more forceps deliveries in patients with epidurals while others have not. This may be highly dependent on practice style and preferences of your own obstetrician.<\/span><\/li>\n<li style=\"font-family: Arial, 'Arial Unicode MS', Helvetica, sans-serif;\"><span style=\"font-family: Tahoma, arial, verdana; font-size: medium; color: rgb(0, 0, 0);\">Patient satisfaction and neonatal outcome are better after epidural than I.V method of childbirth pain relief.<\/span><\/li>\n<\/ul>\n<div style=\"color: rgb(105, 105, 105); font-family: Arial, 'Arial Unicode MS', Helvetica, sans-serif; font-weight: 400; background-color: rgba(255, 255, 255, 0.597656); margin-left: 2em;\"><\/div>\n<p align=\"center\" style=\"margin-top: 10px; margin-bottom: 10px; font-weight: 400; background-color: rgba(255, 255, 255, 0.59375);\"><span style=\"color: rgb(0, 0, 0); font-family: Tahoma, arial, verdana; font-size: medium;\">If You Want To Know More Details&#8230; Click Here<\/span><\/p>\n<p align=\"center\" style=\"margin-top: 10px; margin-bottom: 10px; font-weight: 400; background-color: rgba(255, 255, 255, 0.59375);\"><a href=\"\/bilmek-istedikleriniz\/agr%c4%b1n%c4%b1n-giderilmesi-dogumu-nas%c4%b1l-etkiler\/more-details-on-the-effect-of-pain-relief-on-the-labor\" target=\"_parent\" rel=\"noopener\">A\u011fr\u0131 kontrol\u00fcn\u00fcn travay seyrine etkisi<\/a><b style=\"color: rgb(0, 0, 0); font-family: Tahoma, arial, verdana; font-size: medium; \"><\/b><span style=\"color: rgb(0, 0, 0); font-family: Tahoma, arial, verdana; font-size: medium;\"><br \/><\/span><\/p>\n<p><\/p>\n","protected":false},"excerpt":{"rendered":"<p>A\u011fr\u0131 kontrol\u00fcn\u00fcn travay seyirine etkisi Epidural analjezi travay\u0131 az miktarda uzat\u0131r ve sezaryen riskini art\u0131rmaz Epidural analjezi uygulanan kad\u0131nlarda, iv metod uygulananlara g\u00f6re travay daha uzun olmaktad\u0131r. \u00c7e\u015fitli \u00e7al\u0131\u015fmalar bu fark\u0131n yakla\u015f\u0131k 1 saat oldu\u011funu g\u00f6stermi\u015ftir. Ancak bu s\u00fcre travay \u015feklinize g\u00f6re de\u011fi\u015fkenlik g\u00f6sterebilir. Epidural analjezi sezaryen riskini artt\u0131rmaz. Randomize klinik \u00e7al\u0131\u015fmalarda epidural analjezinin sezaryen&#8230;<\/p>\n<p class=\"more-link-wrap\"><a href=\"https:\/\/painfreebirthing.com\/turk\/bilmek-istedikleriniz\/agrinin-giderilmesi-dogumu-nasil-etkiler\/\" class=\"more-link\">Read More<span class=\"screen-reader-text\"> &ldquo;A\u011fr\u0131n\u0131n giderilmesi     do\u011fumu nas\u0131l etkiler?&rdquo;<\/span> &raquo;<\/a><\/p>\n","protected":false},"author":1,"featured_media":0,"parent":121,"menu_order":37,"comment_status":"closed","ping_status":"closed","template":"","meta":{"footnotes":""},"class_list":["post-127","page","type-page","status-publish","hentry"],"_links":{"self":[{"href":"https:\/\/painfreebirthing.com\/turk\/wp-json\/wp\/v2\/pages\/127","targetHints":{"allow":["GET"]}}],"collection":[{"href":"https:\/\/painfreebirthing.com\/turk\/wp-json\/wp\/v2\/pages"}],"about":[{"href":"https:\/\/painfreebirthing.com\/turk\/wp-json\/wp\/v2\/types\/page"}],"author":[{"embeddable":true,"href":"https:\/\/painfreebirthing.com\/turk\/wp-json\/wp\/v2\/users\/1"}],"replies":[{"embeddable":true,"href":"https:\/\/painfreebirthing.com\/turk\/wp-json\/wp\/v2\/comments?post=127"}],"version-history":[{"count":0,"href":"https:\/\/painfreebirthing.com\/turk\/wp-json\/wp\/v2\/pages\/127\/revisions"}],"up":[{"embeddable":true,"href":"https:\/\/painfreebirthing.com\/turk\/wp-json\/wp\/v2\/pages\/121"}],"wp:attachment":[{"href":"https:\/\/painfreebirthing.com\/turk\/wp-json\/wp\/v2\/media?parent=127"}],"curies":[{"name":"wp","href":"https:\/\/api.w.org\/{rel}","templated":true}]}}