{"id":125,"date":"2023-07-29T19:56:55","date_gmt":"2023-07-29T19:56:55","guid":{"rendered":"https:\/\/painfreebirthing.com\/turk\/bilmek-istedikleriniz\/agrimin-giderilmesine-ne-zaman-baslanmali\/"},"modified":"2023-07-29T19:56:55","modified_gmt":"2023-07-29T19:56:55","slug":"agrimin-giderilmesine-ne-zaman-baslanmali","status":"publish","type":"page","link":"https:\/\/painfreebirthing.com\/turk\/bilmek-istedikleriniz\/agrimin-giderilmesine-ne-zaman-baslanmali\/","title":{"rendered":"Ne zaman epidural yapt\u0131rabilirim?"},"content":{"rendered":"<table border=\"0\" width=\"100%\">\n<tbody>\n<tr>\n<td>\n<table border=\"0\" width=\"100%\">\n<tbody>\n<tr>\n<td><font face=\"Tahoma\" size=\"3\"><span style=\"color: #000000; \">Epidural anestezi tercihi sizinle do\u011fum doktorunuz\/ebeniz ve anestezistinizin birlikte karar verece\u011fi bir konudur. Epidural analjezi genellikle d\u00fczenli a\u011fr\u0131larla g\u00f6r\u00fclen uterus (rahim) kas\u0131lmalar\u0131yla ortaya \u00e7\u0131kan aktif do\u011fum eyleminin ba\u015flad\u0131\u011f\u0131 anda verilir. \u00d6nerimiz a\u011fr\u0131s\u0131z do\u011fuma az da olsa ilgi duyuyorsan\u0131z \u00f6nceden anestezistinizle g\u00f6r\u00fc\u015fmenizdir. B\u00f6ylece anestezistiniz t\u0131bbi \u00f6yk\u00fcn\u00fcz\u00fc \u00f6nceden \u00f6\u011frenebilecek ve gereken tetkikleri yapt\u0131rabilecektir. Daha \u00f6nemlisi a\u011fr\u0131 giderici y\u00f6ntemlerden size uygun olanlara birlikte karar verebilmenizdir. Anestezistinize tercihinizi belirtmek veya \u00f6nceden form imzalamak her zaman bunun aynen ger\u00e7ekle\u015ftirilece\u011fi anlam\u0131na gelmez. Sonradan tercihinizi de\u011fi\u015ftirerek normal do\u011fum veya di\u011fer bir y\u00f6nteme ge\u00e7ebilirsiniz.<\/span><br \/><span style=\"color: #000000; \">Epidural karar\u0131nda bebe\u011fin do\u011fum kanal\u0131 i\u00e7indeki pozisyonundan, ilk veya sonraki bir bebek olmas\u0131na kadar pek \u00e7ok fakt\u00f6r rol oynar. Baz\u0131 doktorlar\/ebeler epidural yapmadan \u00f6nce en az 4 cm\u2019lik a\u00e7\u0131kl\u0131k olmas\u0131n\u0131 isterler. Bu doktorlar ve ebeler erken bir epiduralin do\u011fumu geciktirece\u011fine inan\u0131rlar. Ancak bu konu hala tart\u0131\u015fmal\u0131d\u0131r. Belli t\u0131bbi durumlar ise erken epidural yap\u0131lmas\u0131n\u0131 gerektirir. Doktorunuz\/ebeniz bir kez epidural anesteziye karar vermi\u015fse anestezist epidural yapar. E\u011fer \u00f6nceden bir g\u00f6r\u00fc\u015fme olmam\u0131\u015fsa k\u0131sa bir \u00f6yk\u00fc ve muayeneyi takiben yaz\u0131l\u0131 izin al\u0131n\u0131r. Bebe\u011fin ba\u015f\u0131 g\u00f6r\u00fcn\u00fcr hale gelmedik\u00e7e epidural i\u00e7in ge\u00e7 kal\u0131nm\u0131\u015f say\u0131lmaz. Ba\u015flang\u0131\u00e7ta normal do\u011fum denemi\u015f ve bir anestezistle g\u00f6r\u00fc\u015fmemi\u015fseniz a\u015f\u0131r\u0131 a\u011fr\u0131l\u0131 do\u011fum nedeniyle karar\u0131n\u0131z\u0131 sonradan de\u011fi\u015ftirebilirsiniz. \u00d6nerimiz do\u011fum e\u011fitimi s\u0131n\u0131flar\u0131na gitmeniz ve a\u011fr\u0131 giderme y\u00f6ntemleri hakk\u0131ndaki dersleri dikkatlice dinlemenizdir. Do\u011fum \u00f6ncesi ve s\u0131ras\u0131nda a\u00e7\u0131k fikirli ve uyumlu olmak \u00f6nemlidir. Herkes do\u011fumu kendince farkl\u0131 ya\u015far. Uyumlu olmak ise hem size hem de bebe\u011finize yararl\u0131 olacakt\u0131r.<\/span>&nbsp;<\/p>\n<p><b><span style=\"color: #000000; \">Kaynak\u00e7a<\/span><\/b>&nbsp;<br \/><span style=\"color: #000000; \">Amerikan Do\u011fum ve Kad\u0131n Hastal\u0131klar\u0131 Son G\u00f6r\u00fc\u015fler \u015eubat 2002.<\/span>&nbsp;<br \/><span style=\"color: #000000; \">\u00c7e\u015fitli \u00e7al\u0131\u015fmalarda, 5 cm\u2019lik servikal dilatasyondan \u00f6nce epidural analjezi uygulanan nullipar kad\u0131nlarda (ilk gebeli\u011fi olan kad\u0131nlar) sezaryanle do\u011fumun risk derecesi ile ilgili \u00e7eli\u015fkili sonu\u00e7lar rapor edilmi\u015ftir. Sonu\u00e7 olarak baz\u0131 klinikler, travaydaki kad\u0131nda 4-5 cm\u2019lik dilatasyonu epidural analjezi i\u00e7in gerekli g\u00f6rmektedir. Bu kliniklerde hastan\u0131n ihtiya\u00e7lar\u0131na duyarl\u0131 lokal protokollerin geli\u015ftirilip geli\u015ftirilmedi\u011fi bilinmemektedir. Pek \u00e7ok kad\u0131n i\u00e7in do\u011fum ciddi a\u011fr\u0131ya neden olmaktad\u0131r ve g\u00fcvenli giri\u015fime uygun, ancak m\u00fcdahale edilmeyen bu ciddi a\u011fr\u0131n\u0131n hasta taraf\u0131ndan ya\u015fanmas\u0131n\u0131n kabul edilir oldu\u011fu ba\u015fka bir durum yoktur. Bu y\u00fczden Amerikan Do\u011fum ve Kad\u0131n Hastal\u0131klar\u0131, Amerikan Anesteziyoloji Derne\u011fi ile ortakla\u015fa yay\u0131nlad\u0131klar\u0131 \u201cDoktor kontrol\u00fcnde olmas\u0131 ko\u015fuluyla medikal bir kontrendikasyon olmad\u0131\u011f\u0131 s\u00fcrece do\u011fum i\u00e7in a\u011fr\u0131n\u0131n giderilmesi endikasyonunda annenin iste\u011finin yeterli olaca\u011f\u0131\u201d g\u00f6r\u00fc\u015f\u00fcn\u00fcn tekrar do\u011frulanmas\u0131n\u0131 istemektedir. Analjezi karar\u0131, obstetrisyen, anestezist, hasta ve destek personleiyle ortakla\u015fa verilmelidir.<\/span>&nbsp;<br \/>&nbsp;<\/font><\/p>\n<p><font face=\"Tahoma\" size=\"3\"><b><span style=\"color: #000000; \">Kaynak\u00e7a<\/span><\/b>&nbsp;<br \/><span style=\"color: #000000; \">Obstetrik anestezide pratik yollar. Anesthesiology 1999;90:600.<\/span><\/p>\n<p><\/font><\/p>\n<\/td>\n<\/tr>\n<tr>\n<td><\/td>\n<\/tr>\n<tr>\n<td align=\"center\">&nbsp;<\/p>\n<p style=\"text-align: center; \"><font face=\"Tahoma, arial, verdana\" size=\"3\"><span style=\"color: #000000; \">Bir sonraki b\u00f6l\u00fcm i\u00e7in t\u0131klay\u0131n\u0131z<\/span><\/font><\/p>\n<p style=\"text-align: center; \"><font face=\"Tahoma\" size=\"3\"><a target=\"_parent\" href=\"\/bilmek-istedikleriniz\/agr%c4%b1n%c4%b1n-giderilmesi-bebegi-nas%c4%b1l-etkiler\" rel=\"noopener\">A\u011fr\u0131n\u0131n giderilmesi bebe\u011fi nas\u0131l etkiler?<\/a><\/font><\/p>\n<p><\/p>\n<\/td>\n<\/tr>\n<\/tbody>\n<\/table>\n<p><span style=\"color: rgb(20, 20, 20); font-family: Tahoma, arial, verdana; font-size: medium;\"><br \/><\/span><\/td>\n<\/tr>\n<tr>\n<td>\n<p style=\"margin-top: 10px; margin-bottom: 10px; \">&nbsp;&nbsp;<\/p>\n<\/td>\n<\/tr>\n<\/tbody>\n<\/table>\n<p><\/p>\n","protected":false},"excerpt":{"rendered":"<p>Epidural anestezi tercihi sizinle do\u011fum doktorunuz\/ebeniz ve anestezistinizin birlikte karar verece\u011fi bir konudur. Epidural analjezi genellikle d\u00fczenli a\u011fr\u0131larla g\u00f6r\u00fclen uterus (rahim) kas\u0131lmalar\u0131yla ortaya \u00e7\u0131kan aktif do\u011fum eyleminin ba\u015flad\u0131\u011f\u0131 anda verilir. \u00d6nerimiz a\u011fr\u0131s\u0131z do\u011fuma az da olsa ilgi duyuyorsan\u0131z \u00f6nceden anestezistinizle g\u00f6r\u00fc\u015fmenizdir. B\u00f6ylece anestezistiniz t\u0131bbi \u00f6yk\u00fcn\u00fcz\u00fc \u00f6nceden \u00f6\u011frenebilecek ve gereken tetkikleri yapt\u0131rabilecektir. Daha \u00f6nemlisi a\u011fr\u0131 giderici&#8230;<\/p>\n<p class=\"more-link-wrap\"><a href=\"https:\/\/painfreebirthing.com\/turk\/bilmek-istedikleriniz\/agrimin-giderilmesine-ne-zaman-baslanmali\/\" class=\"more-link\">Read More<span class=\"screen-reader-text\"> &ldquo;Ne zaman epidural yapt\u0131rabilirim?&rdquo;<\/span> &raquo;<\/a><\/p>\n","protected":false},"author":1,"featured_media":0,"parent":121,"menu_order":35,"comment_status":"closed","ping_status":"closed","template":"","meta":{"footnotes":""},"class_list":["post-125","page","type-page","status-publish","hentry"],"_links":{"self":[{"href":"https:\/\/painfreebirthing.com\/turk\/wp-json\/wp\/v2\/pages\/125","targetHints":{"allow":["GET"]}}],"collection":[{"href":"https:\/\/painfreebirthing.com\/turk\/wp-json\/wp\/v2\/pages"}],"about":[{"href":"https:\/\/painfreebirthing.com\/turk\/wp-json\/wp\/v2\/types\/page"}],"author":[{"embeddable":true,"href":"https:\/\/painfreebirthing.com\/turk\/wp-json\/wp\/v2\/users\/1"}],"replies":[{"embeddable":true,"href":"https:\/\/painfreebirthing.com\/turk\/wp-json\/wp\/v2\/comments?post=125"}],"version-history":[{"count":0,"href":"https:\/\/painfreebirthing.com\/turk\/wp-json\/wp\/v2\/pages\/125\/revisions"}],"up":[{"embeddable":true,"href":"https:\/\/painfreebirthing.com\/turk\/wp-json\/wp\/v2\/pages\/121"}],"wp:attachment":[{"href":"https:\/\/painfreebirthing.com\/turk\/wp-json\/wp\/v2\/media?parent=125"}],"curies":[{"name":"wp","href":"https:\/\/api.w.org\/{rel}","templated":true}]}}