{"id":124,"date":"2023-07-29T19:56:54","date_gmt":"2023-07-29T19:56:54","guid":{"rendered":"https:\/\/painfreebirthing.com\/turk\/bilmek-istedikleriniz\/yuruyen-epidural-nedir\/"},"modified":"2023-07-29T19:56:54","modified_gmt":"2023-07-29T19:56:54","slug":"yuruyen-epidural-nedir","status":"publish","type":"page","link":"https:\/\/painfreebirthing.com\/turk\/bilmek-istedikleriniz\/yuruyen-epidural-nedir\/","title":{"rendered":"Y\u00fcr\u00fcyen epidural"},"content":{"rendered":"<p align=\"left\" style=\"color: rgb(0, 0, 0); font-family: 'Times New Roman'; font-size: medium; font-weight: 400;\"><font face=\"Tahoma, arial, verdana\" size=\"3\">Y\u00fcr\u00fcyen epidural, kombine spinal epidural b\u00f6l\u00fcm\u00fcnde (KSE) tarif edilen spinal ve epidural tekniklerinin kombinasyonudur. Spinal ile bacaklarda g\u00fc\u00e7s\u00fczl\u00fck olu\u015fturmadan h\u0131zla a\u011fr\u0131 giderilirken, epidural ile analjezinin devaml\u0131l\u0131\u011f\u0131 sa\u011flan\u0131r. Bu teknik gebe kad\u0131n\u0131n do\u011fum servisinde a\u011fr\u0131 duymadan y\u00fcr\u00fcyebilmesine olanak verir. \u201cY\u00fcr\u00fcyen epiduralde\u201d do\u011fum s\u00fcresinin k\u0131sal\u0131p k\u0131salmad\u0131\u011f\u0131 kesin de\u011filken, hareketle analjezik gereksiniminin azald\u0131\u011f\u0131 bildirilmi\u015ftir ve kad\u0131nlar i\u00e7in do\u011fum s\u0131ras\u0131nda k\u0131sa s\u00fcreli de olsa hareket etmek \u00e7ok k\u0131ymetlidir.Baz\u0131 anesteziyologlar KSE tekni\u011fini do\u011fum analjezisinde kullan\u0131rlar ama epidural yapt\u0131ktan sonra hastalar\u0131n\u0131n y\u00fcr\u00fcmesine izin vermezler. &nbsp;<\/font><\/p>\n<p style=\"color: rgb(0, 0, 0); font-family: 'Times New Roman'; font-size: medium; font-weight: 400; text-align: -webkit-center;\">&nbsp;<\/p>\n<p align=\"center\" style=\"color: rgb(0, 0, 0); font-size: medium; font-weight: 400;\"><span style=\"font-family: Tahoma, arial, verdana;\"><br \/><\/span><\/p>\n<p><span style=\"color: rgb(0, 0, 0); font-family: Tahoma, arial, verdana; font-size: medium; font-weight: 400; text-align: -webkit-left; background-color: rgba(255, 255, 255, 0.597656);\"><\/span><\/p>\n<p style=\"text-align: center;\"><img loading=\"lazy\" decoding=\"async\" width=\"384\" height=\"288\" alt=\"\" class=\"art-lightbox\" src=\"https:\/\/painfreebirthing.com\/turk\/wp-content\/uploads\/2023\/07\/walkingpic.gif\"><span style=\"color: rgb(0, 0, 0); font-family: Tahoma, arial, verdana; font-size: medium; font-weight: 400; text-align: -webkit-left; background-color: rgba(255, 255, 255, 0.597656);\"><br \/><\/span><\/p>\n<p align=\"center\" style=\"color: rgb(0, 0, 0); font-family: 'Times New Roman'; font-size: medium; font-weight: 400;\"><font face=\"Tahoma, arial, verdana\" size=\"3\"><br \/><\/font><\/p>\n<p align=\"center\" style=\"color: rgb(0, 0, 0); font-family: 'Times New Roman'; font-size: medium; font-weight: 400;\"><font face=\"Tahoma, arial, verdana\" size=\"3\"><br \/><\/font><\/p>\n<p align=\"center\" style=\"color: rgb(0, 0, 0); font-family: 'Times New Roman'; font-size: medium; font-weight: 400;\"><font face=\"Tahoma, arial, verdana\" size=\"3\">Bir sonraki b\u00f6l\u00fcm i\u00e7in t\u0131klay\u0131n\u0131z<\/font><\/p>\n<p align=\"center\" style=\"color: rgb(0, 0, 0); font-family: 'Times New Roman'; font-size: medium; font-weight: 400;\"><a target=\"main\" href=\"http:\/\/www.painfreebirthing.com\/turkey\/whencanihavet.htm\" rel=\"noopener\"><\/a><\/p>\n<p style=\"text-align: center;\"><a href=\"\/what-you-wanted-to-know\/when-can-i-have-pain-relief\" target=\"_parent\" rel=\"noopener\"><\/a><span style=\"color: rgb(0, 0, 0); font-family: Tahoma, arial, verdana; font-size: medium; font-weight: 400; text-align: -webkit-left; background-color: rgba(255, 255, 255, 0.597656);\"><\/span><\/p>\n<p style=\"text-align: center;\"><a href=\"\/bilmek-istedikleriniz\/agr%c4%b1m%c4%b1n-giderilmesine-ne-zaman-baslanmal%c4%b1\" target=\"_parent\" rel=\"noopener\">&nbsp;Ne zaman a\u011fr\u0131m giderilmeli?<\/a><span style=\"color: rgb(0, 0, 0); font-family: Tahoma, arial, verdana; font-size: medium; font-weight: 400; text-align: -webkit-left; background-color: rgba(255, 255, 255, 0.597656);\"><br \/><\/span><\/p>\n<p><span style=\"color: rgb(0, 0, 0); font-family: Tahoma, arial, verdana; font-size: medium; font-weight: 400; text-align: -webkit-left; background-color: rgba(255, 255, 255, 0.597656);\"><br \/><\/span><\/p>\n","protected":false},"excerpt":{"rendered":"<p>Y\u00fcr\u00fcyen epidural, kombine spinal epidural b\u00f6l\u00fcm\u00fcnde (KSE) tarif edilen spinal ve epidural tekniklerinin kombinasyonudur. Spinal ile bacaklarda g\u00fc\u00e7s\u00fczl\u00fck olu\u015fturmadan h\u0131zla a\u011fr\u0131 giderilirken, epidural ile analjezinin devaml\u0131l\u0131\u011f\u0131 sa\u011flan\u0131r. Bu teknik gebe kad\u0131n\u0131n do\u011fum servisinde a\u011fr\u0131 duymadan y\u00fcr\u00fcyebilmesine olanak verir. \u201cY\u00fcr\u00fcyen epiduralde\u201d do\u011fum s\u00fcresinin k\u0131sal\u0131p k\u0131salmad\u0131\u011f\u0131 kesin de\u011filken, hareketle analjezik gereksiniminin azald\u0131\u011f\u0131 bildirilmi\u015ftir ve kad\u0131nlar i\u00e7in do\u011fum&#8230;<\/p>\n<p class=\"more-link-wrap\"><a href=\"https:\/\/painfreebirthing.com\/turk\/bilmek-istedikleriniz\/yuruyen-epidural-nedir\/\" class=\"more-link\">Read More<span class=\"screen-reader-text\"> &ldquo;Y\u00fcr\u00fcyen epidural&rdquo;<\/span> &raquo;<\/a><\/p>\n","protected":false},"author":1,"featured_media":0,"parent":121,"menu_order":34,"comment_status":"closed","ping_status":"closed","template":"","meta":{"footnotes":""},"class_list":["post-124","page","type-page","status-publish","hentry"],"_links":{"self":[{"href":"https:\/\/painfreebirthing.com\/turk\/wp-json\/wp\/v2\/pages\/124","targetHints":{"allow":["GET"]}}],"collection":[{"href":"https:\/\/painfreebirthing.com\/turk\/wp-json\/wp\/v2\/pages"}],"about":[{"href":"https:\/\/painfreebirthing.com\/turk\/wp-json\/wp\/v2\/types\/page"}],"author":[{"embeddable":true,"href":"https:\/\/painfreebirthing.com\/turk\/wp-json\/wp\/v2\/users\/1"}],"replies":[{"embeddable":true,"href":"https:\/\/painfreebirthing.com\/turk\/wp-json\/wp\/v2\/comments?post=124"}],"version-history":[{"count":0,"href":"https:\/\/painfreebirthing.com\/turk\/wp-json\/wp\/v2\/pages\/124\/revisions"}],"up":[{"embeddable":true,"href":"https:\/\/painfreebirthing.com\/turk\/wp-json\/wp\/v2\/pages\/121"}],"wp:attachment":[{"href":"https:\/\/painfreebirthing.com\/turk\/wp-json\/wp\/v2\/media?parent=124"}],"curies":[{"name":"wp","href":"https:\/\/api.w.org\/{rel}","templated":true}]}}