{"id":122,"date":"2023-07-29T19:56:52","date_gmt":"2023-07-29T19:56:52","guid":{"rendered":"https:\/\/painfreebirthing.com\/turk\/bilmek-istedikleriniz\/kombine-spinal-epidural-ne-demek\/"},"modified":"2023-07-29T19:56:52","modified_gmt":"2023-07-29T19:56:52","slug":"kombine-spinal-epidural-ne-demek","status":"publish","type":"page","link":"https:\/\/painfreebirthing.com\/turk\/bilmek-istedikleriniz\/kombine-spinal-epidural-ne-demek\/","title":{"rendered":"Kombine spinal epidural     ne demek?"},"content":{"rendered":"<table border=\"0\" width=\"100%\" height=\"563\">\n<tbody>\n<tr>\n<td align=\"center\">\n<table border=\"0\" width=\"100%\" height=\"563\">\n<tbody>\n<tr>\n<td align=\"center\" style=\"text-align: center; \"><font face=\"Tahoma, arial, verdana\" size=\"3\"><b><span style=\"color: #000000; \">Kombine spinal epidural anestezi (KSE) her iki tekni\u011fin de avantajlar\u0131n\u0131 birle\u015ftirir. KSE\u2019nin epidural \u00fczerine belirgin avantajlar\u0131:<\/span><\/b><\/font><\/p>\n<p><font face=\"Tahoma, arial, verdana\" size=\"3\"><b><span style=\"color: #000000; \">&#8211; H\u0131zl\u0131 ba\u015flang\u0131\u00e7<\/span><\/b><\/font><\/p>\n<p><font face=\"Tahoma, arial, verdana\" size=\"3\"><b><span style=\"color: #000000; \">&#8211;\tA\u011fr\u0131n\u0131n \u00e7ok kuvvetli bask\u0131lanmas\u0131<\/span><\/b><\/font><\/p>\n<p><font face=\"Tahoma, arial, verdana\" size=\"3\"><b><span style=\"color: #000000; \">&#8211;\tBacaklar\u0131 hareket kabiliyetinin \u00e7ok az azalmas\u0131<\/span><\/b><\/font><\/p>\n<p><font face=\"Tahoma, arial, verdana\" size=\"3\"><b><span style=\"color: #000000; \">&#8211;\t\u0130la\u00e7lar\u0131n v\u00fccudun di\u011fer sistemlerine ve bebe\u011fe ihmal edilir d\u00fczeyde ge\u00e7i\u015fi<\/span><\/b><\/font><\/p>\n<p><font face=\"Tahoma, arial, verdana\" size=\"3\"><b><span style=\"color: #000000; \">&#8211;\tAnne memnuniyetinin \u00e7ok y\u00fcksek olmas\u0131<\/span><\/b><\/font><\/p>\n<p>&nbsp;<\/p>\n<p>&nbsp;<\/p>\n<\/td>\n<\/tr>\n<tr>\n<td align=\"center\" style=\"text-align: center; \"><b><font face=\"Tahoma, arial, verdana\" size=\"3\"><span style=\"color: #000000; \">Kombine spinal epidural anestezi y\u00f6ntemi<\/span><\/font><\/b>&nbsp;<font face=\"Tahoma, arial, verdana\" size=\"5\"><b><span style=\"color: #000000; \">(KSE)<\/span><\/b><\/font><\/td>\n<\/tr>\n<\/tbody>\n<\/table>\n<p><\/td>\n<\/tr>\n<tr>\n<td align=\"center\" style=\"text-align: center; \"><\/td>\n<\/tr>\n<tr>\n<td align=\"center\" style=\"text-align: center; \"><img loading=\"lazy\" decoding=\"async\" width=\"288\" height=\"432\" alt=\"\" class=\"art-lightbox\" src=\"https:\/\/painfreebirthing.com\/turk\/wp-content\/uploads\/2023\/07\/cseporc.gif\"><\/td>\n<\/tr>\n<tr>\n<td>\n<table border=\"0\" width=\"100%\" height=\"563\">\n<tbody>\n<tr>\n<td align=\"center\"><\/td>\n<\/tr>\n<tr>\n<td><font face=\"Tahoma, arial, verdana\" size=\"3\"><span style=\"color: rgb(0, 0, 0); \">KSE\u2019de epidural alan \u201cepidural anestezi\u201dde tan\u0131mland\u0131\u011f\u0131 gibi bulunmaktad\u0131r. Epidural aral\u0131k bulunduktan sonra, ince bir i\u011fne epidural i\u011fnenin i\u00e7inden ge\u00e7irilerek spinal s\u0131v\u0131ya ula\u015f\u0131l\u0131r ve spinal s\u0131v\u0131ya az miktarda ila\u00e7 verilir (spinal anestezi). Bunun sonucunda a\u011fr\u0131 aniden kesilir ve kendinizi rahat hissetmeye ba\u015flars\u0131n\u0131z. \u0130nce spinal i\u011fne \u00e7\u0131kar\u0131l\u0131r ve epidural kateter epidural aral\u0131\u011fa yerle\u015ftirilir. Daha sonra epidural i\u011fne \u00e7\u0131kar\u0131l\u0131r ve kateter s\u0131rta her zaman yap\u0131ldu\u011f\u0131 \u015fekilde tespit edilir. \u201cEpidural anestezi\u201dde anlat\u0131ld\u0131\u011f\u0131 gibi epidural pompa, ila\u00e7lar\u0131 epidural aral\u0131\u011fa yava\u015f yava\u015f enjekte eder. KSE\u2019de spinal anestezinin etkisi genellikle 90 dakika s\u00fcrer. Spinal anestezinin etkisi kalkt\u0131k\u00e7a epidural anestezi devreye girer ve a\u011fr\u0131s\u0131z ve rahat olursunuz. Epidural ila\u00e7lar, bebe\u011finizi do\u011furana kadar optimum derecede a\u011fr\u0131s\u0131z olabilmeniz i\u00e7in ayarlanacakt\u0131r.&nbsp;<\/span><\/p>\n<p><\/font><\/p>\n<p align=\"center\"><font face=\"Tahoma, arial, verdana\" size=\"3\"><span style=\"color: #000000; \">Bir sonraki b\u00f6l\u00fcm i\u00e7in t\u0131klay\u0131n\u0131z.<\/span><\/font><\/p>\n<p align=\"center\"><font face=\"Tahoma\"><a href=\"\/bilmek-istedikleriniz\/hasta-kontrollu-epidural-analjezi\" target=\"_parent\" rel=\"noopener\">Hasta kontroll\u00fc analjezi<\/a><\/font><\/p>\n<\/td>\n<\/tr>\n<\/tbody>\n<\/table>\n<p><span style=\"color: rgb(0, 0, 0); font-size: 16px;\"><br \/><\/span><\/p>\n<p style=\"margin-top: 10px; margin-bottom: 10px; \"><span style=\"font-size: 16px; color: rgb(0, 0, 0); \"><br \/><\/span><\/p>\n<p style=\"margin-top: 10px; margin-bottom: 10px; text-align: center; \"><\/p>\n<p style=\"margin-top: 10px; margin-bottom: 10px; \"><b style=\"font-style: italic; \"><\/b><\/p>\n<\/td>\n<\/tr>\n<\/tbody>\n<\/table>\n<p><\/p>\n","protected":false},"excerpt":{"rendered":"<p>Kombine spinal epidural anestezi (KSE) her iki tekni\u011fin de avantajlar\u0131n\u0131 birle\u015ftirir. KSE\u2019nin epidural \u00fczerine belirgin avantajlar\u0131: &#8211; H\u0131zl\u0131 ba\u015flang\u0131\u00e7 &#8211; A\u011fr\u0131n\u0131n \u00e7ok kuvvetli bask\u0131lanmas\u0131 &#8211; Bacaklar\u0131 hareket kabiliyetinin \u00e7ok az azalmas\u0131 &#8211; \u0130la\u00e7lar\u0131n v\u00fccudun di\u011fer sistemlerine ve bebe\u011fe ihmal edilir d\u00fczeyde ge\u00e7i\u015fi &#8211; Anne memnuniyetinin \u00e7ok y\u00fcksek olmas\u0131 &nbsp; &nbsp; Kombine spinal epidural anestezi y\u00f6ntemi&nbsp;(KSE)&#8230;<\/p>\n<p class=\"more-link-wrap\"><a href=\"https:\/\/painfreebirthing.com\/turk\/bilmek-istedikleriniz\/kombine-spinal-epidural-ne-demek\/\" class=\"more-link\">Read More<span class=\"screen-reader-text\"> &ldquo;Kombine spinal epidural     ne demek?&rdquo;<\/span> &raquo;<\/a><\/p>\n","protected":false},"author":1,"featured_media":0,"parent":121,"menu_order":32,"comment_status":"closed","ping_status":"closed","template":"","meta":{"footnotes":""},"class_list":["post-122","page","type-page","status-publish","hentry"],"_links":{"self":[{"href":"https:\/\/painfreebirthing.com\/turk\/wp-json\/wp\/v2\/pages\/122","targetHints":{"allow":["GET"]}}],"collection":[{"href":"https:\/\/painfreebirthing.com\/turk\/wp-json\/wp\/v2\/pages"}],"about":[{"href":"https:\/\/painfreebirthing.com\/turk\/wp-json\/wp\/v2\/types\/page"}],"author":[{"embeddable":true,"href":"https:\/\/painfreebirthing.com\/turk\/wp-json\/wp\/v2\/users\/1"}],"replies":[{"embeddable":true,"href":"https:\/\/painfreebirthing.com\/turk\/wp-json\/wp\/v2\/comments?post=122"}],"version-history":[{"count":0,"href":"https:\/\/painfreebirthing.com\/turk\/wp-json\/wp\/v2\/pages\/122\/revisions"}],"up":[{"embeddable":true,"href":"https:\/\/painfreebirthing.com\/turk\/wp-json\/wp\/v2\/pages\/121"}],"wp:attachment":[{"href":"https:\/\/painfreebirthing.com\/turk\/wp-json\/wp\/v2\/media?parent=122"}],"curies":[{"name":"wp","href":"https:\/\/api.w.org\/{rel}","templated":true}]}}