{"id":121,"date":"2023-07-29T19:56:51","date_gmt":"2023-07-29T19:56:51","guid":{"rendered":"https:\/\/painfreebirthing.com\/turk\/bilmek-istedikleriniz\/"},"modified":"2023-07-29T19:56:51","modified_gmt":"2023-07-29T19:56:51","slug":"bilmek-istedikleriniz","status":"publish","type":"page","link":"https:\/\/painfreebirthing.com\/turk\/bilmek-istedikleriniz\/","title":{"rendered":"Bilmek istedikleriniz"},"content":{"rendered":"<p style=\"margin-top: 10px; margin-bottom: 10px; font-family: Arial, 'Arial Unicode MS', Helvetica, sans-serif; font-weight: 400; background-color: rgba(255, 255, 255, 0.59375);\"><a target=\"_parent\" href=\"\/bilmek-istedikleriniz\/kombine-spinal-epidural-ne-demek\" style=\"font-family: 'Times New Roman'; font-size: medium; font-weight: 400; text-align: start; \" rel=\"noopener\">&nbsp;Kombine spinal epidural&nbsp;&nbsp;&nbsp; ne demek?&nbsp;<\/a><span style=\"font-family: 'Times New Roman'; font-size: medium; font-weight: 400; text-align: start; color: rgb(0, 0, 0);\"><br \/><\/span><\/p>\n<p style=\"margin-top: 10px; margin-bottom: 10px; font-family: Arial, 'Arial Unicode MS', Helvetica, sans-serif; font-weight: 400; background-color: rgba(255, 255, 255, 0.59375);\"><a target=\"_parent\" href=\"\/bilmek-istedikleriniz\/hasta-kontrollu-epidural-analjezi\" style=\"font-family: Tahoma, arial, verdana; font-size: small; font-weight: 400; text-align: start; background-color: rgb(255, 255, 255); \" rel=\"noopener\">Hasta kontroll\u00fc analjezi&nbsp;<\/a><\/p>\n<p style=\"margin-top: 10px; margin-bottom: 10px; font-family: Arial, 'Arial Unicode MS', Helvetica, sans-serif; font-weight: 400; background-color: rgba(255, 255, 255, 0.59375);\"><span lang=\"ES-CO\" style=\"color: rgb(0, 0, 0); font-size: medium; font-weight: 400; text-align: start; font-family: Tahoma;\"><a target=\"_parent\" href=\"\/bilmek-istedikleriniz\/yuruyen-epidural-nedir\" rel=\"noopener\"><font size=\"2\">Y\u00fcr\u00fcyen epidural nedir?<\/font><\/a><\/span><a target=\"main\" href=\"http:\/\/www.painfreebirthing.com\/turkey\/walkingt.htm\" style=\"font-family: 'Times New Roman'; font-size: medium; font-weight: 400; text-align: start;\" rel=\"noopener\">&nbsp;<\/a><\/p>\n<p style=\"margin-top: 10px; margin-bottom: 10px; font-weight: 400; background-color: rgba(255, 255, 255, 0.589844);\"><a href=\"\/bilmek-istedikleriniz\/agr%c4%b1m%c4%b1n-giderilmesine-ne-zaman-baslanmal%c4%b1\" target=\"_parent\" rel=\"noopener\">A\u011fr\u0131m\u0131n giderilmesine&nbsp;ne zaman ba\u015flanmal\u0131?<\/a><span lang=\"ES-CO\" style=\"color: rgb(0, 0, 0); font-family: 'Times New Roman'; font-size: medium; font-weight: 400; text-align: start;\"><a target=\"main\" href=\"http:\/\/www.painfreebirthing.com\/turkey\/whencanihavet.htm\" rel=\"noopener\"><\/a><\/span><a target=\"main\" href=\"http:\/\/www.painfreebirthing.com\/turkey\/whencanihavet.htm\" rel=\"noopener\"><font size=\"2\" style=\"color: rgb(0, 0, 0); font-family: 'Times New Roman'; font-weight: 400; text-align: start;\"><span lang=\"ES-CO\" style=\"font-family: Tahoma;\"><\/span><\/font><\/a><span style=\"color: rgb(135, 135, 135); font-family: Verdana, Geneva, Arial, Helvetica, sans-serif; font-size: 26px; line-height: 31px;\"><br \/><\/span><\/p>\n<p style=\"margin-top: 10px; margin-bottom: 10px; font-weight: 400; background-color: rgba(255, 255, 255, 0.589844);\"><a href=\"\/bilmek-istedikleriniz\/agr%c4%b1n%c4%b1n-giderilmesi-bebegi-nas%c4%b1l-etkiler\" target=\"_parent\" rel=\"noopener\">A\u011fr\u0131n\u0131n giderilmesi bebe\u011fi nas\u0131l etkiler?<\/a><\/p>\n<p style=\"margin-top: 10px; margin-bottom: 10px; font-weight: 400; background-color: rgba(255, 255, 255, 0.589844);\"><a href=\"\/bilmek-istedikleriniz\/agr%c4%b1n%c4%b1n-giderilmesi-dogumu-nas%c4%b1l-etkiler\" target=\"_parent\" rel=\"noopener\">A\u011fr\u0131n\u0131n giderilmesi do\u011fumu nas\u0131l etkiler?<\/a><\/p>\n<p style=\"margin-top: 10px; margin-bottom: 10px; font-weight: 400; background-color: rgba(255, 255, 255, 0.589844);\"><a href=\"\/bilmek-istedikleriniz\/dogum-eylemi-s%c4%b1ras%c4%b1nda-yiyip-icebilir-miyim\" target=\"_parent\" rel=\"noopener\">Do\u011fum eylemi s\u0131ras\u0131nda yiyip i\u00e7ebilir miyim?<\/a><\/p>\n<p style=\"margin-top: 10px; margin-bottom: 10px; font-weight: 400; background-color: rgba(255, 255, 255, 0.589844);\"><a href=\"\/bilmek-istedikleriniz\/epidural-emzirmemi-etkiler-mi\" target=\"_parent\" rel=\"noopener\">Epidural, emzirmemi etkiler mi?<\/a><\/p>\n<p style=\"margin-top: 10px; margin-bottom: 10px; font-weight: 400; background-color: rgba(255, 255, 255, 0.589844);\"><a href=\"\/bilmek-istedikleriniz\/epidural-atesimi-yukseltir-mi\" target=\"_parent\" rel=\"noopener\">Epidural, ate\u015fimi y\u00fckseltir mi?<\/a><\/p>\n<p style=\"margin-top: 10px; margin-bottom: 10px; font-weight: 400; background-color: rgba(255, 255, 255, 0.589844);\"><a href=\"\/bilmek-istedikleriniz\/epidural-ve-dovme\">Epidural ve d\u00f6vme<\/a><\/p>\n<p style=\"margin-top: 10px; margin-bottom: 10px; font-family: Arial, 'Arial Unicode MS', Helvetica, sans-serif; font-weight: 400; background-color: rgba(255, 255, 255, 0.59375);\"><\/p>\n<p style=\"margin-top: 10px; margin-bottom: 10px; font-family: Arial, 'Arial Unicode MS', Helvetica, sans-serif; font-weight: 400; background-color: rgba(255, 255, 255, 0.59375);\"><\/p>\n","protected":false},"excerpt":{"rendered":"<p>&nbsp;Kombine spinal epidural&nbsp;&nbsp;&nbsp; ne demek?&nbsp; Hasta kontroll\u00fc analjezi&nbsp; Y\u00fcr\u00fcyen epidural nedir?&nbsp; A\u011fr\u0131m\u0131n giderilmesine&nbsp;ne zaman ba\u015flanmal\u0131? A\u011fr\u0131n\u0131n giderilmesi bebe\u011fi nas\u0131l etkiler? A\u011fr\u0131n\u0131n giderilmesi do\u011fumu nas\u0131l etkiler? Do\u011fum eylemi s\u0131ras\u0131nda yiyip i\u00e7ebilir miyim? Epidural, emzirmemi etkiler mi? Epidural, ate\u015fimi y\u00fckseltir mi? Epidural ve d\u00f6vme<\/p>\n","protected":false},"author":1,"featured_media":0,"parent":0,"menu_order":31,"comment_status":"closed","ping_status":"closed","template":"","meta":{"footnotes":""},"class_list":["post-121","page","type-page","status-publish","hentry"],"_links":{"self":[{"href":"https:\/\/painfreebirthing.com\/turk\/wp-json\/wp\/v2\/pages\/121","targetHints":{"allow":["GET"]}}],"collection":[{"href":"https:\/\/painfreebirthing.com\/turk\/wp-json\/wp\/v2\/pages"}],"about":[{"href":"https:\/\/painfreebirthing.com\/turk\/wp-json\/wp\/v2\/types\/page"}],"author":[{"embeddable":true,"href":"https:\/\/painfreebirthing.com\/turk\/wp-json\/wp\/v2\/users\/1"}],"replies":[{"embeddable":true,"href":"https:\/\/painfreebirthing.com\/turk\/wp-json\/wp\/v2\/comments?post=121"}],"version-history":[{"count":0,"href":"https:\/\/painfreebirthing.com\/turk\/wp-json\/wp\/v2\/pages\/121\/revisions"}],"wp:attachment":[{"href":"https:\/\/painfreebirthing.com\/turk\/wp-json\/wp\/v2\/media?parent=121"}],"curies":[{"name":"wp","href":"https:\/\/api.w.org\/{rel}","templated":true}]}}