{"id":120,"date":"2023-07-29T19:56:50","date_gmt":"2023-07-29T19:56:50","guid":{"rendered":"https:\/\/painfreebirthing.com\/turk\/epidural-yapildiktan-sonra-ne-olur\/agri-tedavisinin-izlenmesi\/"},"modified":"2023-07-29T19:56:50","modified_gmt":"2023-07-29T19:56:50","slug":"agri-tedavisinin-izlenmesi","status":"publish","type":"page","link":"https:\/\/painfreebirthing.com\/turk\/epidural-yapildiktan-sonra-ne-olur\/agri-tedavisinin-izlenmesi\/","title":{"rendered":"A\u011fr\u0131 tedavisinin izlenmesi"},"content":{"rendered":"<table border=\"0\" width=\"100%\">\n<tbody>\n<tr>\n<td align=\"center\">\n<table border=\"0\" width=\"100%\">\n<tbody>\n<tr>\n<td align=\"center\"><b><font face=\"Tahoma, arial, verdana\"><span style=\"color: #000000; \">D<\/span><\/font><\/b><font face=\"Tahoma, arial, verdana\" size=\"3\"><b><span style=\"color: #000000; \">o\u011fum a\u011fr\u0131s\u0131n\u0131n giderilmesinin takibi<\/span><\/b><\/font><\/td>\n<\/tr>\n<tr>\n<td><font face=\"Tahoma, arial, verdana\" size=\"3\"><span style=\"color: #000000; \">Daha \u00f6nce de tan\u0131mland\u0131\u011f\u0131 gibi \u00f6nce epiduralden lokal anestezik verilerek sizi rahatlatt\u0131ktan sonra periyodik olarak ayarlanm\u0131\u015f ila\u00e7 uygulayan bir epidural pompa ayarlan\u0131r. Bebek do\u011fana kadar pompa epiduralden ila\u00e7 uygulamaya devam eder. Bu da do\u011fum s\u0131ras\u0131nda sizin rahat etmenizi sa\u011flar. Duruma g\u00f6re epidural pompa ile uygulanan ayarlanm\u0131\u015f miktar yetersiz kalabilir ve siz do\u011fum s\u0131ras\u0131nda kontraksiyonlardan rahats\u0131z olabilirsiniz. Anestezi doktoru sizi rahatlatabilir ve ek epidural ila\u00e7larla a\u011fr\u0131y\u0131 optimum derecede giderir. Travay ve do\u011fum hem\u015fireniz ve anestezi doktoru do\u011fum s\u0131ras\u0131nda a\u011fr\u0131n\u0131z\u0131n giderilmesini monit\u00f6rize eder. &nbsp;&nbsp;<\/span><\/font><\/td>\n<\/tr>\n<\/tbody>\n<\/table>\n<p><font face=\"Tahoma, arial, verdana\" size=\"3\"><b><span style=\"color: #000000; \"><\/span><\/b><\/font><\/td>\n<\/tr>\n<tr>\n<td><font face=\"Tahoma, arial, verdana\" size=\"3\"><span style=\"color: #000000; \"><\/span><\/font><\/p>\n<p style=\"margin-top: 10px; margin-bottom: 10px; \"><span style=\"color: #000000; \">&nbsp;<\/span><\/p>\n<\/td>\n<\/tr>\n<tr>\n<td align=\"center\"><span style=\"font-family: Tahoma, arial, verdana; font-size: medium;\"><br \/><\/span><\/td>\n<\/tr>\n<tr>\n<td align=\"center\">\n<\/td>\n<\/tr>\n<tr>\n<td align=\"center\" style=\"text-align: center; \"><img loading=\"lazy\" decoding=\"async\" width=\"432\" height=\"432\" alt=\"\" class=\"art-lightbox\" src=\"https:\/\/painfreebirthing.com\/turk\/wp-content\/uploads\/2023\/07\/paincontraction.gif\" ><\/p>\n<table border=\"0\" width=\"100%\">\n<tbody>\n<tr>\n<td>\n<p align=\"center\"><font face=\"Tahoma, arial, verdana\" size=\"3\">Bir sonraki b\u00f6l\u00fcm i\u00e7in t\u0131klay\u0131n\u0131z<\/font><\/p>\n<\/td>\n<\/tr>\n<tr>\n<td>\n<p align=\"center\"><font face=\"Tahoma\"><a href=\"\/bilmek-istedikleriniz\/kombine-spinal-epidural-ne-demek\" target=\"_parent\" rel=\"noopener\">Kombine spinal epidural ne demek?<\/a><\/font><\/p>\n<p align=\"center\"><\/p>\n<\/td>\n<\/tr>\n<\/tbody>\n<\/table>\n<\/td>\n<\/tr>\n<tr>\n<td>\n<p align=\"center\" style=\"margin-top: 10px; margin-bottom: 10px; \">&nbsp;<\/p>\n<\/td>\n<\/tr>\n<\/tbody>\n<\/table>\n<p><\/p>\n","protected":false},"excerpt":{"rendered":"<p>Do\u011fum a\u011fr\u0131s\u0131n\u0131n giderilmesinin takibi Daha \u00f6nce de tan\u0131mland\u0131\u011f\u0131 gibi \u00f6nce epiduralden lokal anestezik verilerek sizi rahatlatt\u0131ktan sonra periyodik olarak ayarlanm\u0131\u015f ila\u00e7 uygulayan bir epidural pompa ayarlan\u0131r. Bebek do\u011fana kadar pompa epiduralden ila\u00e7 uygulamaya devam eder. Bu da do\u011fum s\u0131ras\u0131nda sizin rahat etmenizi sa\u011flar. Duruma g\u00f6re epidural pompa ile uygulanan ayarlanm\u0131\u015f miktar yetersiz kalabilir ve siz&#8230;<\/p>\n<p class=\"more-link-wrap\"><a href=\"https:\/\/painfreebirthing.com\/turk\/epidural-yapildiktan-sonra-ne-olur\/agri-tedavisinin-izlenmesi\/\" class=\"more-link\">Read More<span class=\"screen-reader-text\"> &ldquo;A\u011fr\u0131 tedavisinin izlenmesi&rdquo;<\/span> &raquo;<\/a><\/p>\n","protected":false},"author":1,"featured_media":0,"parent":116,"menu_order":30,"comment_status":"closed","ping_status":"closed","template":"","meta":{"footnotes":""},"class_list":["post-120","page","type-page","status-publish","hentry"],"_links":{"self":[{"href":"https:\/\/painfreebirthing.com\/turk\/wp-json\/wp\/v2\/pages\/120","targetHints":{"allow":["GET"]}}],"collection":[{"href":"https:\/\/painfreebirthing.com\/turk\/wp-json\/wp\/v2\/pages"}],"about":[{"href":"https:\/\/painfreebirthing.com\/turk\/wp-json\/wp\/v2\/types\/page"}],"author":[{"embeddable":true,"href":"https:\/\/painfreebirthing.com\/turk\/wp-json\/wp\/v2\/users\/1"}],"replies":[{"embeddable":true,"href":"https:\/\/painfreebirthing.com\/turk\/wp-json\/wp\/v2\/comments?post=120"}],"version-history":[{"count":0,"href":"https:\/\/painfreebirthing.com\/turk\/wp-json\/wp\/v2\/pages\/120\/revisions"}],"up":[{"embeddable":true,"href":"https:\/\/painfreebirthing.com\/turk\/wp-json\/wp\/v2\/pages\/116"}],"wp:attachment":[{"href":"https:\/\/painfreebirthing.com\/turk\/wp-json\/wp\/v2\/media?parent=120"}],"curies":[{"name":"wp","href":"https:\/\/api.w.org\/{rel}","templated":true}]}}