{"id":119,"date":"2023-07-29T19:56:49","date_gmt":"2023-07-29T19:56:49","guid":{"rendered":"https:\/\/painfreebirthing.com\/turk\/epidural-yapildiktan-sonra-ne-olur\/epidural-analjezinin-amaci\/"},"modified":"2023-07-29T19:56:49","modified_gmt":"2023-07-29T19:56:49","slug":"epidural-analjezinin-amaci","status":"publish","type":"page","link":"https:\/\/painfreebirthing.com\/turk\/epidural-yapildiktan-sonra-ne-olur\/epidural-analjezinin-amaci\/","title":{"rendered":"Epidural analjezinin amac\u0131"},"content":{"rendered":"<table border=\"0\" width=\"100%\">\n<tbody>\n<tr>\n<td align=\"center\"><font face=\"Tahoma, arial, verdana\" size=\"3\" style=\"color: rgb(0, 0, 0); font-size: medium; font-weight: 400; text-align: start; \">Anesteziyologlar bacaklar\u0131n\u0131z hareket ettirebilme ya da do\u011fum s\u0131ras\u0131nda \u0131k\u0131nabilmenizi engellemeden a\u011fr\u0131y\u0131 gidermeyi ama\u00e7lar. Ba\u015fka bir deyi\u015fle a\u011fr\u0131n\u0131z olmayacak fakat epidural anljezi s\u0131ras\u0131nda ayaklar\u0131n\u0131z\u0131 hareket ettirebileceksiniz. Yeni bir geli\u015fme de travay s\u0131ras\u0131nda hastan\u0131n aya\u011fa kalkmas\u0131na ve y\u00fcr\u00fcmesine olanak veren \u201cy\u00fcr\u00fcyen epidural\u201d kavram\u0131d\u0131r (y\u00fcr\u00fcyen epidural b\u00f6l\u00fcm\u00fcne bak\u0131n\u0131z). Aya\u011fa kalkmak ve \u00e7evrede hareket etme g\u00fcc\u00fcn\u00fcz\u00fcn yeterince g\u00fc\u00e7l\u00fc oldu\u011funu hissetseniz de, baz\u0131 hastanelerde bir kez epidural tak\u0131l\u0131nca y\u00fcr\u00fcmenize izin verilmeyebilir.&nbsp;<\/font><\/p>\n<p style=\"color: rgb(0, 0, 0); font-family: 'Times New Roman'; font-size: medium; font-weight: 400; text-align: start; \"><font face=\"Tahoma, arial, verdana\" size=\"3\">Ki\u015finin epidural yolla lokal anestezik medikasyonu ihtiyac\u0131na ba\u011fl\u0131 olarak ki\u015fi zaman zaman bacaklar\u0131n\u0131 hareket ettirebilmesini engelleyen ve zaman i\u00e7inde d\u00fczelen ge\u00e7ici bir g\u00fc\u00e7s\u00fczl\u00fckle kar\u015f\u0131la\u015fabilir. Anesteziyolog travay ve do\u011fum hem\u015firenizin yard\u0131m\u0131yla epidural yoldan lokal anestezik ihtiyac\u0131n\u0131z\u0131 kaydeder (monit\u00f6rize eder).&nbsp;&nbsp;<\/font><\/p>\n<p><span style=\"color: rgb(0, 0, 0); font-family: Tahoma, arial, verdana; font-weight: bold; font-size: medium;\"><br \/><\/span><\/td>\n<\/tr>\n<tr>\n<td>\n<p style=\"margin-top: 10px; margin-bottom: 10px; text-align: center; \">&nbsp;<img loading=\"lazy\" decoding=\"async\" width=\"500\" height=\"288\" alt=\"\" class=\"art-lightbox\" src=\"https:\/\/painfreebirthing.com\/turk\/wp-content\/uploads\/2023\/07\/idealrelief.gif\" ><\/p>\n<\/td>\n<\/tr>\n<tr>\n<td align=\"center\" style=\"text-align: center; \"><\/td>\n<\/tr>\n<tr>\n<td>\n<table border=\"0\" width=\"100%\">\n<tbody>\n<tr>\n<td>\n<p align=\"center\"><font face=\"Tahoma, arial, verdana\" size=\"3\"><span style=\"color: #000000; \">Bir sonraki b\u00f6l\u00fcm i\u00e7in t\u0131klay\u0131n\u0131z<\/span><\/font><\/p>\n<\/td>\n<\/tr>\n<tr>\n<td>\n<p align=\"center\"><font face=\"Tahoma\"><a href=\"\/epidural-yap%c4%b1ld%c4%b1ktan-sonra-ne-olur\/agr%c4%b1-tedavisinin-izlenmesi\" target=\"_parent\" rel=\"noopener\">A\u011fr\u0131 tedavisinin izlenmesi<\/a><\/font><\/p>\n<\/td>\n<\/tr>\n<\/tbody>\n<\/table>\n<p align=\"center\" style=\"margin-top: 10px; margin-bottom: 10px; \"><a href=\"\/after-epidural-placement\/monitoring-of-pain-relief\" target=\"_parent\" rel=\"noopener\"><\/a><\/p>\n<\/td>\n<\/tr>\n<tr>\n<td><\/td>\n<\/tr>\n<\/tbody>\n<\/table>\n<p><\/p>\n","protected":false},"excerpt":{"rendered":"<p>Anesteziyologlar bacaklar\u0131n\u0131z hareket ettirebilme ya da do\u011fum s\u0131ras\u0131nda \u0131k\u0131nabilmenizi engellemeden a\u011fr\u0131y\u0131 gidermeyi ama\u00e7lar. Ba\u015fka bir deyi\u015fle a\u011fr\u0131n\u0131z olmayacak fakat epidural anljezi s\u0131ras\u0131nda ayaklar\u0131n\u0131z\u0131 hareket ettirebileceksiniz. Yeni bir geli\u015fme de travay s\u0131ras\u0131nda hastan\u0131n aya\u011fa kalkmas\u0131na ve y\u00fcr\u00fcmesine olanak veren \u201cy\u00fcr\u00fcyen epidural\u201d kavram\u0131d\u0131r (y\u00fcr\u00fcyen epidural b\u00f6l\u00fcm\u00fcne bak\u0131n\u0131z). Aya\u011fa kalkmak ve \u00e7evrede hareket etme g\u00fcc\u00fcn\u00fcz\u00fcn yeterince g\u00fc\u00e7l\u00fc oldu\u011funu&#8230;<\/p>\n<p class=\"more-link-wrap\"><a href=\"https:\/\/painfreebirthing.com\/turk\/epidural-yapildiktan-sonra-ne-olur\/epidural-analjezinin-amaci\/\" class=\"more-link\">Read More<span class=\"screen-reader-text\"> &ldquo;Epidural analjezinin amac\u0131&rdquo;<\/span> &raquo;<\/a><\/p>\n","protected":false},"author":1,"featured_media":0,"parent":116,"menu_order":29,"comment_status":"closed","ping_status":"closed","template":"","meta":{"footnotes":""},"class_list":["post-119","page","type-page","status-publish","hentry"],"_links":{"self":[{"href":"https:\/\/painfreebirthing.com\/turk\/wp-json\/wp\/v2\/pages\/119","targetHints":{"allow":["GET"]}}],"collection":[{"href":"https:\/\/painfreebirthing.com\/turk\/wp-json\/wp\/v2\/pages"}],"about":[{"href":"https:\/\/painfreebirthing.com\/turk\/wp-json\/wp\/v2\/types\/page"}],"author":[{"embeddable":true,"href":"https:\/\/painfreebirthing.com\/turk\/wp-json\/wp\/v2\/users\/1"}],"replies":[{"embeddable":true,"href":"https:\/\/painfreebirthing.com\/turk\/wp-json\/wp\/v2\/comments?post=119"}],"version-history":[{"count":0,"href":"https:\/\/painfreebirthing.com\/turk\/wp-json\/wp\/v2\/pages\/119\/revisions"}],"up":[{"embeddable":true,"href":"https:\/\/painfreebirthing.com\/turk\/wp-json\/wp\/v2\/pages\/116"}],"wp:attachment":[{"href":"https:\/\/painfreebirthing.com\/turk\/wp-json\/wp\/v2\/media?parent=119"}],"curies":[{"name":"wp","href":"https:\/\/api.w.org\/{rel}","templated":true}]}}