{"id":118,"date":"2023-07-29T19:56:48","date_gmt":"2023-07-29T19:56:48","guid":{"rendered":"https:\/\/painfreebirthing.com\/turk\/epidural-yapildiktan-sonra-ne-olur\/epidural-kan-basincimi-etkiler-mi\/"},"modified":"2023-07-29T19:56:48","modified_gmt":"2023-07-29T19:56:48","slug":"epidural-kan-basincimi-etkiler-mi","status":"publish","type":"page","link":"https:\/\/painfreebirthing.com\/turk\/epidural-yapildiktan-sonra-ne-olur\/epidural-kan-basincimi-etkiler-mi\/","title":{"rendered":"Epidural kan bas\u0131nc\u0131m\u0131    etkiler mi?"},"content":{"rendered":"<table border=\"0\" width=\"100%\">\n<tbody>\n<tr>\n<td align=\"center\">\n<table border=\"0\" width=\"100%\">\n<tbody>\n<tr>\n<td align=\"center\"><font face=\"Tahoma, arial, verdana\" size=\"3\"><b>Epidural anestezi s\u0131ras\u0131nda kan bas\u0131nc\u0131nda de\u011fi\u015fiklikler<\/b><\/font><\/td>\n<\/tr>\n<tr>\n<td><font face=\"Tahoma, arial, verdana\" size=\"3\">Hem\u015fire ve anestezi doktoru t\u00fcm epidural anestezi s\u00fcresince kan bas\u0131nc\u0131n\u0131z\u0131 monit\u00f6rize eder. Duruma g\u00f6re kan bas\u0131nc\u0131 (tansiyon) epidural anestezi s\u0131ras\u0131nda d\u00fc\u015febilir. Anestezi doktoru kan bas\u0131nc\u0131n\u0131 normale getirmek i\u00e7in intraven\u00f6z tedaviyle vakit kaybetmeden d\u00fczeltecektir. Kan bas\u0131nc\u0131ndaki bu ge\u00e7ici d\u00fc\u015fmeler bebek i\u00e7in problem olmayacakt\u0131r \u00e7\u00fcnk\u00fc bebe\u011fin fetal kalp h\u0131z\u0131 monit\u00f6rize olarak kontrol alt\u0131ndad\u0131r. &nbsp;&nbsp;<\/font><\/td>\n<\/tr>\n<\/tbody>\n<\/table>\n<p><span style=\"color: rgb(0, 0, 0); font-family: Tahoma, arial, verdana; font-weight: bold; font-size: medium;\"><br \/><\/span><\/td>\n<\/tr>\n<tr>\n<td><font face=\"Tahoma, arial, verdana\" size=\"3\"><span style=\"color: rgb(0, 0, 0); \">&nbsp;&nbsp;&nbsp;<\/span><\/font><\/p>\n<p style=\"margin-top: 10px; margin-bottom: 10px; \">&nbsp;<\/p>\n<\/td>\n<\/tr>\n<tr>\n<td align=\"center\" style=\"text-align: center; \"><img loading=\"lazy\" decoding=\"async\" width=\"432\" height=\"432\" alt=\"\" class=\"art-lightbox\" src=\"https:\/\/painfreebirthing.com\/turk\/wp-content\/uploads\/2023\/07\/hypotension.gif\" ><\/td>\n<\/tr>\n<tr>\n<td align=\"center\" style=\"text-align: center; \">\n<table border=\"0\" width=\"100%\">\n<tbody>\n<tr>\n<td>\n<p align=\"center\"><font face=\"Tahoma, arial, verdana\" size=\"3\"><span style=\"color: #000000; \">Bir sonraki b\u00f6l\u00fcm i\u00e7in t\u0131klay\u0131n\u0131z<\/span><\/font><\/p>\n<p align=\"center\">&nbsp;<\/p>\n<\/td>\n<\/tr>\n<tr>\n<td>\n<p align=\"center\"><a href=\"\/epidural-yap%c4%b1ld%c4%b1ktan-sonra-ne-olur\/epidural-analjezinin-amac%c4%b1\" target=\"_parent\" rel=\"noopener\">Epidural analjezinin amac\u0131<\/a><\/p>\n<\/td>\n<\/tr>\n<\/tbody>\n<\/table>\n<p><a href=\"\/after-epidural-placement\/aim-of-epidural-labor-analgesia\" target=\"_parent\" rel=\"noopener\"><\/a><\/td>\n<\/tr>\n<\/tbody>\n<\/table>\n<p><\/p>\n","protected":false},"excerpt":{"rendered":"<p>Epidural anestezi s\u0131ras\u0131nda kan bas\u0131nc\u0131nda de\u011fi\u015fiklikler Hem\u015fire ve anestezi doktoru t\u00fcm epidural anestezi s\u00fcresince kan bas\u0131nc\u0131n\u0131z\u0131 monit\u00f6rize eder. Duruma g\u00f6re kan bas\u0131nc\u0131 (tansiyon) epidural anestezi s\u0131ras\u0131nda d\u00fc\u015febilir. Anestezi doktoru kan bas\u0131nc\u0131n\u0131 normale getirmek i\u00e7in intraven\u00f6z tedaviyle vakit kaybetmeden d\u00fczeltecektir. Kan bas\u0131nc\u0131ndaki bu ge\u00e7ici d\u00fc\u015fmeler bebek i\u00e7in problem olmayacakt\u0131r \u00e7\u00fcnk\u00fc bebe\u011fin fetal kalp h\u0131z\u0131 monit\u00f6rize olarak&#8230;<\/p>\n<p class=\"more-link-wrap\"><a href=\"https:\/\/painfreebirthing.com\/turk\/epidural-yapildiktan-sonra-ne-olur\/epidural-kan-basincimi-etkiler-mi\/\" class=\"more-link\">Read More<span class=\"screen-reader-text\"> &ldquo;Epidural kan bas\u0131nc\u0131m\u0131    etkiler mi?&rdquo;<\/span> &raquo;<\/a><\/p>\n","protected":false},"author":1,"featured_media":0,"parent":116,"menu_order":28,"comment_status":"closed","ping_status":"closed","template":"","meta":{"footnotes":""},"class_list":["post-118","page","type-page","status-publish","hentry"],"_links":{"self":[{"href":"https:\/\/painfreebirthing.com\/turk\/wp-json\/wp\/v2\/pages\/118","targetHints":{"allow":["GET"]}}],"collection":[{"href":"https:\/\/painfreebirthing.com\/turk\/wp-json\/wp\/v2\/pages"}],"about":[{"href":"https:\/\/painfreebirthing.com\/turk\/wp-json\/wp\/v2\/types\/page"}],"author":[{"embeddable":true,"href":"https:\/\/painfreebirthing.com\/turk\/wp-json\/wp\/v2\/users\/1"}],"replies":[{"embeddable":true,"href":"https:\/\/painfreebirthing.com\/turk\/wp-json\/wp\/v2\/comments?post=118"}],"version-history":[{"count":0,"href":"https:\/\/painfreebirthing.com\/turk\/wp-json\/wp\/v2\/pages\/118\/revisions"}],"up":[{"embeddable":true,"href":"https:\/\/painfreebirthing.com\/turk\/wp-json\/wp\/v2\/pages\/116"}],"wp:attachment":[{"href":"https:\/\/painfreebirthing.com\/turk\/wp-json\/wp\/v2\/media?parent=118"}],"curies":[{"name":"wp","href":"https:\/\/api.w.org\/{rel}","templated":true}]}}