{"id":117,"date":"2023-07-29T19:56:47","date_gmt":"2023-07-29T19:56:47","guid":{"rendered":"https:\/\/painfreebirthing.com\/turk\/epidural-yapildiktan-sonra-ne-olur\/surekli-uyaniklik\/"},"modified":"2023-07-29T19:56:47","modified_gmt":"2023-07-29T19:56:47","slug":"surekli-uyaniklik","status":"publish","type":"page","link":"https:\/\/painfreebirthing.com\/turk\/epidural-yapildiktan-sonra-ne-olur\/surekli-uyaniklik\/","title":{"rendered":"Epidural analjezi s\u0131ras\u0131nda uyan\u0131kl\u0131k"},"content":{"rendered":"<table border=\"0\" width=\"100%\">\n<tbody>\n<tr>\n<td align=\"center\"><b style=\"color: rgb(0, 0, 0); font-family: Tahoma, arial, verdana; font-size: medium; text-align: -webkit-center; \">A\u011fr\u0131s\u0131z do\u011fum s\u0131ras\u0131nda monit\u00f6rizasyon<\/b><font face=\"Tahoma, arial, verdana\" size=\"3\"><b><span style=\"color: rgb(20, 20, 20); \"><\/span><\/b><\/font><\/td>\n<\/tr>\n<tr>\n<td>\n<table border=\"0\" width=\"100%\">\n<tbody>\n<tr>\n<td align=\"center\"><span style=\"font-family: Tahoma, arial, verdana; font-weight: bold; font-size: medium;\"><br \/><\/span><\/td>\n<\/tr>\n<tr>\n<td><font face=\"Tahoma, arial, verdana\" size=\"3\"><span style=\"color: #000000; \">Epidural tak\u0131ld\u0131ktan sonra travay ve do\u011fum hem\u015firesi ve anestezi doktorunun yak\u0131n g\u00f6zetimi alt\u0131nda olacaks\u0131n\u0131z. Bebe\u011finizin kalp h\u0131z\u0131 s\u00fcrekli monit\u00f6rize edilecektir. Vital bulgular\u0131n\u0131z s\u0131k bir \u015fekilde kaydedilecektir. Uterus kontraksiyonlar\u0131n\u0131z\u0131n s\u0131kl\u0131\u011f\u0131 da kaydedilecktir. \u0130stirahat halinde ya da uyuyor olsan\u0131z bile do\u011fumunuz ilerledik\u00e7e monit\u00f6rizasyon ve uyan\u0131kl\u0131\u011f\u0131n\u0131z devam edecektir.<\/span><\/font><\/td>\n<\/tr>\n<\/tbody>\n<\/table>\n<p><span style=\"color: rgb(20, 20, 20); font-family: Tahoma, arial, verdana; font-size: medium;\"><br \/><\/span><\/td>\n<\/tr>\n<tr>\n<td align=\"center\" style=\"text-align: center; \"><img loading=\"lazy\" decoding=\"async\" width=\"288\" height=\"432\" alt=\"\" class=\"art-lightbox\" src=\"https:\/\/painfreebirthing.com\/turk\/wp-content\/uploads\/2023\/07\/monitors.gif\" ><\/p>\n<table border=\"0\" width=\"100%\">\n<tbody>\n<tr>\n<td>\n<p align=\"center\"><font face=\"Tahoma, arial, verdana\" size=\"3\"><span style=\"color: #000000; \">Bir sonraki b\u00f6l\u00fcm i\u00e7in t\u0131klay\u0131n\u0131z<\/span><\/font><\/p>\n<\/td>\n<\/tr>\n<tr>\n<td>\n<p align=\"center\"><font face=\"Tahoma\"><a href=\"\/epidural-yap%c4%b1ld%c4%b1ktan-sonra-ne-olur\/epidural-kan-bas%c4%b1nc%c4%b1m%c4%b1-etkiler-mi\" target=\"_parent\" rel=\"noopener\">Epidural kan bas\u0131nc\u0131m\u0131 etkiler mi?<\/a><\/font><\/p>\n<\/td>\n<\/tr>\n<\/tbody>\n<\/table>\n<p><a href=\"\/after-epidural-placement\/does-epidural-affect-my-blood-pressue\" target=\"_parent\" rel=\"noopener\"><\/a><\/td>\n<\/tr>\n<\/tbody>\n<\/table>\n<p><span style=\"color: rgb(0, 0, 0);\"><br \/><\/span><\/p>\n","protected":false},"excerpt":{"rendered":"<p>A\u011fr\u0131s\u0131z do\u011fum s\u0131ras\u0131nda monit\u00f6rizasyon Epidural tak\u0131ld\u0131ktan sonra travay ve do\u011fum hem\u015firesi ve anestezi doktorunun yak\u0131n g\u00f6zetimi alt\u0131nda olacaks\u0131n\u0131z. Bebe\u011finizin kalp h\u0131z\u0131 s\u00fcrekli monit\u00f6rize edilecektir. Vital bulgular\u0131n\u0131z s\u0131k bir \u015fekilde kaydedilecektir. Uterus kontraksiyonlar\u0131n\u0131z\u0131n s\u0131kl\u0131\u011f\u0131 da kaydedilecktir. \u0130stirahat halinde ya da uyuyor olsan\u0131z bile do\u011fumunuz ilerledik\u00e7e monit\u00f6rizasyon ve uyan\u0131kl\u0131\u011f\u0131n\u0131z devam edecektir. Bir sonraki b\u00f6l\u00fcm i\u00e7in t\u0131klay\u0131n\u0131z Epidural&#8230;<\/p>\n<p class=\"more-link-wrap\"><a href=\"https:\/\/painfreebirthing.com\/turk\/epidural-yapildiktan-sonra-ne-olur\/surekli-uyaniklik\/\" class=\"more-link\">Read More<span class=\"screen-reader-text\"> &ldquo;Epidural analjezi s\u0131ras\u0131nda uyan\u0131kl\u0131k&rdquo;<\/span> &raquo;<\/a><\/p>\n","protected":false},"author":1,"featured_media":0,"parent":116,"menu_order":27,"comment_status":"closed","ping_status":"closed","template":"","meta":{"footnotes":""},"class_list":["post-117","page","type-page","status-publish","hentry"],"_links":{"self":[{"href":"https:\/\/painfreebirthing.com\/turk\/wp-json\/wp\/v2\/pages\/117","targetHints":{"allow":["GET"]}}],"collection":[{"href":"https:\/\/painfreebirthing.com\/turk\/wp-json\/wp\/v2\/pages"}],"about":[{"href":"https:\/\/painfreebirthing.com\/turk\/wp-json\/wp\/v2\/types\/page"}],"author":[{"embeddable":true,"href":"https:\/\/painfreebirthing.com\/turk\/wp-json\/wp\/v2\/users\/1"}],"replies":[{"embeddable":true,"href":"https:\/\/painfreebirthing.com\/turk\/wp-json\/wp\/v2\/comments?post=117"}],"version-history":[{"count":0,"href":"https:\/\/painfreebirthing.com\/turk\/wp-json\/wp\/v2\/pages\/117\/revisions"}],"up":[{"embeddable":true,"href":"https:\/\/painfreebirthing.com\/turk\/wp-json\/wp\/v2\/pages\/116"}],"wp:attachment":[{"href":"https:\/\/painfreebirthing.com\/turk\/wp-json\/wp\/v2\/media?parent=117"}],"curies":[{"name":"wp","href":"https:\/\/api.w.org\/{rel}","templated":true}]}}