{"id":115,"date":"2023-07-29T19:56:45","date_gmt":"2023-07-29T19:56:45","guid":{"rendered":"https:\/\/painfreebirthing.com\/turk\/rejyonel-bolgesel-anestezi\/yapilan-islem\/"},"modified":"2023-07-29T19:56:45","modified_gmt":"2023-07-29T19:56:45","slug":"yapilan-islem","status":"publish","type":"page","link":"https:\/\/painfreebirthing.com\/turk\/rejyonel-bolgesel-anestezi\/yapilan-islem\/","title":{"rendered":"Do\u011fumda epidural y\u00f6ntem"},"content":{"rendered":"<p><font style=\"color: rgb(105, 105, 105); font-weight: 400; background-color: rgba(255, 255, 255, 0.597656);\"><b style=\"font-family: Tahoma; font-size: 13px;\">Procedure of epidural placement for pain relief during childbirth<\/b><\/font><\/p>\n<p align=\"center\" style=\"margin-top: 10px; margin-bottom: 10px; color: rgb(105, 105, 105); font-weight: 400; background-color: rgba(255, 255, 255, 0.59375);\"><img loading=\"lazy\" decoding=\"async\" width=\"432\" height=\"288\" alt=\"\" class=\"art-lightbox\" src=\"https:\/\/painfreebirthing.com\/turk\/wp-content\/uploads\/2023\/07\/procepid.gif\"><span style=\"font-family: Tahoma; font-size: 13px;\"><br \/><\/span><\/p>\n<p align=\"left\" style=\"font-family: 'Times New Roman'; font-size: medium; font-weight: 400;\"><span style=\"font-family: Tahoma; color: rgb(0, 0, 0);\"><font face=\"Tahoma, arial, verdana\">Epidural i\u00e7in kendime nas\u0131l pozisyon verebilirim?\u201d b\u00f6l\u00fcm\u00fcndeki g\u00f6r\u00fcnt\u00fclerde g\u00f6sterildi\u011fi gibi ya yan yatman\u0131z, ya da oturup m\u00fcmk\u00fcn oldu\u011funca \u00e7ok belden e\u011filmeniz istenecektir. Anestezi doktoru s\u0131rt\u0131n\u0131z\u0131n alt b\u00f6lgesinde kemik i\u015faret noktalar\u0131n\u0131 hissedecek ve epidurali takmadan \u00f6nce s\u0131rt\u0131n\u0131z\u0131 bir antiseptik sol\u00fcsyonla temizleyecektir. Epidural i\u011fnesini yerle\u015ftirmeden \u00f6nce cildinizi uyu\u015fturmak i\u00e7in k\u00fc\u00e7\u00fck miktarda lokal anestezik sol\u00fcsyon enjekte edilecektir. \u0130\u011fne epidural aral\u0131\u011fa geldikten sonra ince bir kateter (plastik t\u00fcp) i\u011fnenin i\u00e7inden epidural alana yerle\u015ftirilecektir. Bazen, epidural kateter epidural aral\u0131kta sinirlere dokundu\u011funda baz\u0131 kad\u0131nlarda bacaklarda ge\u00e7ici bir elektrik \u00e7arpma hissi (parestezi) \u015fikayeti olur. Ancak bu ge\u00e7icidir ve h\u0131zla kaybolur. Kateter yerindeyse i\u011fne \u00e7\u0131kar\u0131l\u0131r ve kateter s\u0131rt\u0131n\u0131za bantlan\u0131r. Ba\u015flang\u0131\u00e7 ila\u00e7lar\u0131 kateterden enjekte edilir. Baz\u0131 kad\u0131nlar, ila\u00e7lar enjekte edilirken s\u0131rtta so\u011fukluk hissettiklerini rapor etmi\u015ftir. Bundan sonra bebe\u011finiz do\u011fana kadar otomatik bir pompa arac\u0131l\u0131\u011fyla ila\u00e7lar uygulan\u0131r. Uterus ve serviksten gelen sinirler, daha \u00f6nce a\u00e7\u0131kland\u0131\u011f\u0131 gibi, epidural alandan ge\u00e7ti\u011fi i\u00e7in ila\u00e7lar bu sinirleri y\u0131kayarak a\u011fr\u0131 hissini bloke ederler.&nbsp;<\/p>\n<p>Epiduralin yerle\u015ftirilmesi 15-20 dakika, ila\u00e7lar\u0131n etki etmesi de ek olarak 15-20 dakika s\u00fcrer. Pek \u00e7ok kad\u0131n kas\u0131lmalar\u0131 s\u0131ras\u0131nda meydana gelen a\u011fr\u0131n\u0131n daha az \u015fiddette ve daha k\u0131sa oldu\u011funu fark eder. Sonunda kas\u0131lmalar\u0131 sadece hafif gerilme (hafif bas\u0131n\u00e7) olarak hissederler. Kas\u0131lmalar\u0131 hi\u00e7 hissetmeyebilirsiniz, her kad\u0131n i\u00e7in de\u011fi\u015fmektedir.&nbsp;<\/p>\n<p><\/font><\/span><\/p>\n<p align=\"center\" style=\"font-family: 'Times New Roman'; font-size: medium; font-weight: 400;\"><span style=\"font-family: Tahoma; color: rgb(0, 0, 0);\"><font face=\"Tahoma, arial, verdana\" size=\"3\"><br \/>Bir sonraki b\u00f6l\u00fcm i\u00e7in t\u0131klay\u0131n\u0131z<\/font><\/span><\/p>\n<p align=\"center\" style=\"font-family: 'Times New Roman'; font-size: medium; font-weight: 400;\"><span style=\"font-family: Tahoma; color: rgb(0, 0, 0);\"><a href=\"\/epidural-yap%c4%b1ld%c4%b1ktan-sonra-ne-olur\/surekli-uyan%c4%b1kl%c4%b1k\" target=\"_parent\" rel=\"noopener\"><font face=\"Tahoma\">S\u00fcrekli uyan\u0131kl\u0131k<\/font><\/a><\/span><\/p>\n<p><span style=\"font-family: Tahoma; color: rgb(0, 0, 0);\">&nbsp;<\/span><\/p>\n<p style=\"margin-top: 10px; margin-bottom: 10px; color: rgb(105, 105, 105); font-weight: 400; background-color: rgba(255, 255, 255, 0.59375);\"><span style=\"color: rgb(0, 0, 0); font-family: Tahoma; font-size: 13px;\"><br \/><\/span><\/p>\n<p style=\"margin-top: 10px; margin-bottom: 10px; font-weight: 400; background-color: rgba(255, 255, 255, 0.589844); text-align: center;\"><span style=\"color: rgb(0, 0, 0); font-family: Tahoma;\"><br \/><\/span><\/p>\n","protected":false},"excerpt":{"rendered":"<p>Procedure of epidural placement for pain relief during childbirth Epidural i\u00e7in kendime nas\u0131l pozisyon verebilirim?\u201d b\u00f6l\u00fcm\u00fcndeki g\u00f6r\u00fcnt\u00fclerde g\u00f6sterildi\u011fi gibi ya yan yatman\u0131z, ya da oturup m\u00fcmk\u00fcn oldu\u011funca \u00e7ok belden e\u011filmeniz istenecektir. Anestezi doktoru s\u0131rt\u0131n\u0131z\u0131n alt b\u00f6lgesinde kemik i\u015faret noktalar\u0131n\u0131 hissedecek ve epidurali takmadan \u00f6nce s\u0131rt\u0131n\u0131z\u0131 bir antiseptik sol\u00fcsyonla temizleyecektir. Epidural i\u011fnesini yerle\u015ftirmeden \u00f6nce cildinizi uyu\u015fturmak&#8230;<\/p>\n<p class=\"more-link-wrap\"><a href=\"https:\/\/painfreebirthing.com\/turk\/rejyonel-bolgesel-anestezi\/yapilan-islem\/\" class=\"more-link\">Read More<span class=\"screen-reader-text\"> &ldquo;Do\u011fumda epidural y\u00f6ntem&rdquo;<\/span> &raquo;<\/a><\/p>\n","protected":false},"author":1,"featured_media":0,"parent":109,"menu_order":25,"comment_status":"closed","ping_status":"closed","template":"","meta":{"footnotes":""},"class_list":["post-115","page","type-page","status-publish","hentry"],"_links":{"self":[{"href":"https:\/\/painfreebirthing.com\/turk\/wp-json\/wp\/v2\/pages\/115","targetHints":{"allow":["GET"]}}],"collection":[{"href":"https:\/\/painfreebirthing.com\/turk\/wp-json\/wp\/v2\/pages"}],"about":[{"href":"https:\/\/painfreebirthing.com\/turk\/wp-json\/wp\/v2\/types\/page"}],"author":[{"embeddable":true,"href":"https:\/\/painfreebirthing.com\/turk\/wp-json\/wp\/v2\/users\/1"}],"replies":[{"embeddable":true,"href":"https:\/\/painfreebirthing.com\/turk\/wp-json\/wp\/v2\/comments?post=115"}],"version-history":[{"count":0,"href":"https:\/\/painfreebirthing.com\/turk\/wp-json\/wp\/v2\/pages\/115\/revisions"}],"up":[{"embeddable":true,"href":"https:\/\/painfreebirthing.com\/turk\/wp-json\/wp\/v2\/pages\/109"}],"wp:attachment":[{"href":"https:\/\/painfreebirthing.com\/turk\/wp-json\/wp\/v2\/media?parent=115"}],"curies":[{"name":"wp","href":"https:\/\/api.w.org\/{rel}","templated":true}]}}