{"id":114,"date":"2023-07-29T19:56:44","date_gmt":"2023-07-29T19:56:44","guid":{"rendered":"https:\/\/painfreebirthing.com\/turk\/rejyonel-bolgesel-anestezi\/islem-sirasinda-nasil-bir-pozisyon-almam-gerekir\/"},"modified":"2023-07-29T19:56:44","modified_gmt":"2023-07-29T19:56:44","slug":"islem-sirasinda-nasil-bir-pozisyon-almam-gerekir","status":"publish","type":"page","link":"https:\/\/painfreebirthing.com\/turk\/rejyonel-bolgesel-anestezi\/islem-sirasinda-nasil-bir-pozisyon-almam-gerekir\/","title":{"rendered":"Epidural yap\u0131l\u0131rken nas\u0131l bir pozisyon almal\u0131y\u0131m?"},"content":{"rendered":"<table border=\"0\" width=\"100%\">\n<tbody>\n<tr>\n<td align=\"center\" height=\"31\"><b style=\"color: rgb(0, 0, 0); font-family: Tahoma; font-size: medium; text-align: -webkit-center; \">Epidural yap\u0131l\u0131rken ideal pozisyonlar<\/b><font face=\"Tahoma, arial, verdana\"><b style=\"font-size: 13px;\"><span style=\"color: rgb(0, 0, 0); \"><\/span><\/b><\/font><\/td>\n<\/tr>\n<tr>\n<td height=\"78\">\n<table border=\"0\" width=\"100%\" style=\"margin-right: auto; margin-left: auto; \">\n<tbody>\n<tr>\n<td height=\"78\"><font size=\"3\" face=\"Tahoma\"><span style=\"color: #000000; \">\u0130deal bir pozisyon i\u00e7in omurgan\u0131z\u0131 bir yay haline getirip, s\u0131rt\u0131n\u0131z\u0131 d\u0131\u015far\u0131 \u00e7\u0131karmal\u0131s\u0131n\u0131z. Bu pozisyonu hastalara tarif etmek i\u00e7in \u00f6zel baz\u0131 terimler kullan\u0131l\u0131r: \u201cC\u201d harfi gibi, karides gibi, k\u0131zg\u0131n kedi, kal\u00e7an\u0131n \u00e7ekilmesi. Alttaki \u015fekiller pozisyonlar\u0131 daha iyi anlaman\u0131za yard\u0131mc\u0131 olacakt\u0131r. Hastaneye gitmeden \u00f6nce pozisyonu evde denemek yarar sa\u011flar. \u0130deal bir pozisyon ise epiduralin yerle\u015ftirilmesini kolayla\u015ft\u0131racakt\u0131r.<\/span><\/font><\/td>\n<\/tr>\n<tr>\n<td align=\"center\" height=\"69\" style=\"text-align: center; \"><b><font face=\"Tahoma\"><span style=\"color: rgb(0, 0, 0); font-size: 16px;\">Oturma pozisyonu<\/span><\/font><\/b><\/p>\n<p><span style=\"font-size: 16px;\">&nbsp;<\/span><\/p>\n<\/td>\n<\/tr>\n<tr>\n<td align=\"center\" height=\"40\"><font face=\"Tahoma\"><span style=\"color: rgb(0, 0, 0); font-size: 16px;\">S\u0131rt\u0131n\u0131z\u0131 d\u0131\u015far\u0131 \u00e7\u0131karmak yan\u0131nda her iki tarafa e\u011filmeden omuzlar\u0131n\u0131z a\u015fa\u011f\u0131ya \u00e7ekmeli ve \u00e7enenizi g\u00f6vdenize yap\u0131\u015ft\u0131rmal\u0131s\u0131n\u0131z.<\/span><\/font><\/p>\n<p><font face=\"Tahoma, arial, verdana\"><span style=\"color: rgb(0, 0, 0); font-size: 16px;\">Bak\u0131n\u0131z resim<\/span><\/font><\/p>\n<\/td>\n<\/tr>\n<\/tbody>\n<\/table>\n<p><font face=\"Tahoma, arial, verdana\"><span style=\"color: rgb(0, 0, 0); font-size: 13px;\"><\/span><\/font><\/td>\n<\/tr>\n<tr>\n<td align=\"center\" height=\"69\"><font face=\"Tahoma, arial, verdana\"><b><\/b><\/font><\/td>\n<\/tr>\n<tr>\n<td align=\"center\" height=\"40\"><font face=\"Tahoma, arial, verdana\"><span style=\"color: rgb(0, 0, 0); font-size: 13px;\"><\/span><\/font><\/td>\n<\/tr>\n<tr>\n<td align=\"center\" height=\"58\" style=\"text-align: center; \"><img loading=\"lazy\" decoding=\"async\" width=\"288\" height=\"432\" alt=\"\" class=\"art-lightbox\" src=\"https:\/\/painfreebirthing.com\/turk\/wp-content\/uploads\/2023\/07\/Copy-of-position.gif\"><span style=\"font-size: 13px;\"><br \/><\/span><\/p>\n<p style=\"margin-top: 10px; margin-bottom: 10px; \"><span style=\"font-size: 13px;\">&nbsp;<\/span><\/p>\n<\/td>\n<\/tr>\n<tr>\n<td align=\"center\" height=\"69\" style=\"text-align: center; \"><font face=\"Tahoma, arial, verdana\" size=\"3\" style=\"color: rgb(0, 0, 0); font-size: medium; font-weight: 400; text-align: -webkit-center; \"><br \/>S\u0131rt\u0131n\u0131z\u0131 d\u0131\u015far\u0131 \u00e7\u0131kararak \u00f6ne e\u011filmeden omuzlar\u0131n\u0131z a\u015fa\u011f\u0131ya \u00e7ekin \u00e7enenizi g\u00f6vdenize yap\u0131\u015ft\u0131r\u0131n.<\/font><\/p>\n<p style=\"color: rgb(0, 0, 0); font-family: 'Times New Roman'; font-size: medium; font-weight: 400; text-align: -webkit-center; \"><font face=\"Tahoma, arial, verdana\">Bak\u0131n\u0131z resim<\/font><\/p>\n<p><font face=\"Tahoma, arial, verdana\"><b><span style=\"color: rgb(0, 0, 0); font-size: 13px;\"><\/span><\/b><\/font><\/td>\n<\/tr>\n<tr>\n<td align=\"center\" height=\"40\"><font face=\"Tahoma, arial, verdana\"><span style=\"color: rgb(0, 0, 0); font-size: 13px;\"><\/span><\/font><\/td>\n<\/tr>\n<tr>\n<td align=\"center\" height=\"328\" style=\"text-align: center; \"><img loading=\"lazy\" decoding=\"async\" width=\"432\" height=\"288\" alt=\"\" class=\"art-lightbox\" src=\"https:\/\/painfreebirthing.com\/turk\/wp-content\/uploads\/2023\/07\/positionbed.gif\" ><span style=\"font-size: 13px;\"><br \/><\/span><\/p>\n<p style=\"margin-top: 10px; margin-bottom: 10px; \"><span style=\"font-size: 13px;\">&nbsp;<\/span><\/p>\n<\/td>\n<\/tr>\n<tr>\n<td align=\"center\" height=\"98\" style=\"text-align: center; \">\n<table border=\"0\" width=\"100%\">\n<tbody>\n<tr>\n<td align=\"center\" height=\"98\" style=\"text-align: center; \"><font face=\"Tahoma\" style=\"font-size: 16px;\"><span style=\"color: #000000; \">Bu pozisyonlar epidural yap\u0131lmas\u0131n\u0131 nas\u0131l kolayla\u015ft\u0131r\u0131r?<\/span><\/font><\/p>\n<p><font face=\"Tahoma\" style=\"font-size: 16px; \"><span style=\"color: #000000; \">Daha iyi anlamak i\u00e7in a\u015fa\u011f\u0131daki resimlere bak\u0131n\u0131z.<\/span><br \/><\/font><\/p>\n<\/td>\n<\/tr>\n<tr>\n<td align=\"center\" height=\"40\" style=\"text-align: center; \"><font face=\"Tahoma\" style=\"font-size: 16px; \"><span style=\"color: #000000; \">Yukarda anlat\u0131ld\u0131\u011f\u0131 gibi omurgan\u0131z\u0131 bir yay gibi yapman\u0131z omurlar\u0131n\u0131z aras\u0131ndaki a\u00e7\u0131kl\u0131\u011f\u0131 geni\u015fletir ve i\u011fnenin girmesini kolayla\u015ft\u0131r\u0131r.<\/span><span style=\"color: #000000; \">&nbsp;<\/span><\/font><\/td>\n<\/tr>\n<\/tbody>\n<\/table>\n<p><font face=\"Tahoma, arial, verdana\"><b><span style=\"color: rgb(0, 0, 0); font-size: 13px;\"><\/span><\/b><\/font><\/td>\n<\/tr>\n<tr>\n<td align=\"center\" height=\"40\" style=\"text-align: center; \"><font face=\"Tahoma, arial, verdana\"><span style=\"color: rgb(0, 0, 0); font-size: 13px;\"><\/span><\/font><\/td>\n<\/tr>\n<tr>\n<td align=\"center\" height=\"294\" style=\"text-align: center; \"><span style=\"font-size: 13px;\">&nbsp;<img loading=\"lazy\" decoding=\"async\" width=\"288\" height=\"288\" alt=\"\" class=\"art-lightbox\" src=\"https:\/\/painfreebirthing.com\/turk\/wp-content\/uploads\/2023\/07\/widespace.gif\"><img loading=\"lazy\" decoding=\"async\" width=\"288\" height=\"288\" alt=\"\" class=\"art-lightbox\" src=\"https:\/\/painfreebirthing.com\/turk\/wp-content\/uploads\/2023\/07\/narrowspace.gif\" ><\/p>\n<table border=\"0\" width=\"100%\">\n<tbody>\n<tr>\n<td height=\"21\">\n<p align=\"center\"><font face=\"Tahoma, arial, verdana\" size=\"3\"><span style=\"color: #000000; \">Bir sonraki b\u00f6l\u00fcm i\u00e7in t\u0131klay\u0131n\u0131z<\/span><\/font><\/p>\n<\/td>\n<\/tr>\n<tr>\n<td height=\"21\">\n<p align=\"center\"><font face=\"Tahoma\"><a target=\"_parent\" href=\"\/rejyonel-bolgesel-anestezi\/yap%c4%b1lan-islem\" rel=\"noopener\">Yap\u0131lan i\u015flem<\/a><\/font><\/p>\n<\/td>\n<\/tr>\n<\/tbody>\n<\/table>\n<p><a href=\"\/regional-pain-relif-of-labor-pain\/actual-procedure-of-labor-epidural\" target=\"_parent\" rel=\"noopener\"><\/a><\/span><\/td>\n<\/tr>\n<\/tbody>\n<\/table>\n<p><\/p>\n","protected":false},"excerpt":{"rendered":"<p>Epidural yap\u0131l\u0131rken ideal pozisyonlar \u0130deal bir pozisyon i\u00e7in omurgan\u0131z\u0131 bir yay haline getirip, s\u0131rt\u0131n\u0131z\u0131 d\u0131\u015far\u0131 \u00e7\u0131karmal\u0131s\u0131n\u0131z. Bu pozisyonu hastalara tarif etmek i\u00e7in \u00f6zel baz\u0131 terimler kullan\u0131l\u0131r: \u201cC\u201d harfi gibi, karides gibi, k\u0131zg\u0131n kedi, kal\u00e7an\u0131n \u00e7ekilmesi. Alttaki \u015fekiller pozisyonlar\u0131 daha iyi anlaman\u0131za yard\u0131mc\u0131 olacakt\u0131r. Hastaneye gitmeden \u00f6nce pozisyonu evde denemek yarar sa\u011flar. \u0130deal bir pozisyon ise&#8230;<\/p>\n<p class=\"more-link-wrap\"><a href=\"https:\/\/painfreebirthing.com\/turk\/rejyonel-bolgesel-anestezi\/islem-sirasinda-nasil-bir-pozisyon-almam-gerekir\/\" class=\"more-link\">Read More<span class=\"screen-reader-text\"> &ldquo;Epidural yap\u0131l\u0131rken nas\u0131l bir pozisyon almal\u0131y\u0131m?&rdquo;<\/span> &raquo;<\/a><\/p>\n","protected":false},"author":1,"featured_media":0,"parent":109,"menu_order":24,"comment_status":"closed","ping_status":"closed","template":"","meta":{"footnotes":""},"class_list":["post-114","page","type-page","status-publish","hentry"],"_links":{"self":[{"href":"https:\/\/painfreebirthing.com\/turk\/wp-json\/wp\/v2\/pages\/114","targetHints":{"allow":["GET"]}}],"collection":[{"href":"https:\/\/painfreebirthing.com\/turk\/wp-json\/wp\/v2\/pages"}],"about":[{"href":"https:\/\/painfreebirthing.com\/turk\/wp-json\/wp\/v2\/types\/page"}],"author":[{"embeddable":true,"href":"https:\/\/painfreebirthing.com\/turk\/wp-json\/wp\/v2\/users\/1"}],"replies":[{"embeddable":true,"href":"https:\/\/painfreebirthing.com\/turk\/wp-json\/wp\/v2\/comments?post=114"}],"version-history":[{"count":0,"href":"https:\/\/painfreebirthing.com\/turk\/wp-json\/wp\/v2\/pages\/114\/revisions"}],"up":[{"embeddable":true,"href":"https:\/\/painfreebirthing.com\/turk\/wp-json\/wp\/v2\/pages\/109"}],"wp:attachment":[{"href":"https:\/\/painfreebirthing.com\/turk\/wp-json\/wp\/v2\/media?parent=114"}],"curies":[{"name":"wp","href":"https:\/\/api.w.org\/{rel}","templated":true}]}}