{"id":112,"date":"2023-07-29T19:56:42","date_gmt":"2023-07-29T19:56:42","guid":{"rendered":"https:\/\/painfreebirthing.com\/turk\/rejyonel-bolgesel-anestezi\/epidural-ve-spinal-nedir\/omurga\/"},"modified":"2023-07-29T19:56:42","modified_gmt":"2023-07-29T19:56:42","slug":"omurga","status":"publish","type":"page","link":"https:\/\/painfreebirthing.com\/turk\/rejyonel-bolgesel-anestezi\/epidural-ve-spinal-nedir\/omurga\/","title":{"rendered":"Omurga."},"content":{"rendered":"<table>\n<tbody>\n<tr>\n<td align=\"center\">\n<p align=\"left\" style=\"margin-top: 10px; margin-bottom: 10px; \"><span style=\"color: rgb(0, 0, 0); font-family: Tahoma, arial, verdana; font-size: medium; font-weight: 400; \">Omurga, arkaya do\u011fru spina denilen kemik uzant\u0131lar\u0131n bulundu\u011fu bir seri omurga kemi\u011finin (vertebra) \u00fcst \u00fcste dizilmesiyle meydana gelmektedir. Spinal kord (medulla spinalis) ve sinirler omurga i\u00e7inde yer almaktad\u0131r. A\u015fa\u011f\u0131daki \u015fekilde normalde epidural veya spinal uygulanan b\u00f6lgeyi yak\u0131ndan inceleyin.<\/span><span style=\"color: rgb(0, 0, 0); font-family: Tahoma, arial, verdana; font-size: medium;\"><br \/><\/span><\/p>\n<\/td>\n<\/tr>\n<tr>\n<td align=\"center\" style=\"text-align: center; \"><img loading=\"lazy\" decoding=\"async\" width=\"288\" height=\"432\" alt=\"\" class=\"art-lightbox\" src=\"https:\/\/painfreebirthing.com\/turk\/wp-content\/uploads\/2023\/07\/anat3bw.gif\" ><\/td>\n<\/tr>\n<tr>\n<td align=\"center\" height=\"1\"><font face=\"Tahoma, arial, verdana\" size=\"3\"><b><span style=\"color: #000000; \"><b style=\"font-size: medium; text-align: -webkit-center; \">Spinal Kord ve Sinirler<\/b><\/span><\/b><\/font><\/td>\n<\/tr>\n<tr>\n<td align=\"center\" height=\"97\">\n<p align=\"left\" style=\"margin-top: 10px; margin-bottom: 10px; \"><span style=\"color: rgb(0, 0, 0); font-family: Tahoma, arial, verdana; font-size: medium; font-weight: 400; text-align: start; \">Spinal anestezi sa\u011flamak i\u00e7in spinal i\u011fnesi spinal aral\u0131\u011fa yerle\u015ftirilir. \u0130\u011fne spinal s\u0131v\u0131 ve spinal kordu i\u00e7eren keseyi deler. Lokal anestezik, spinal s\u0131v\u0131 i\u00e7ine enjekte edilir. Sinirler spinal alanda bloke edilir. Spinal i\u011fne, spinal korda hasar olmamas\u0131 i\u00e7in spinal kordun bitti\u011fi seviyenin alt\u0131nda spinal aral\u0131\u011fa yerle\u015ftirilir.<\/span><font face=\"Tahoma, arial, verdana\" size=\"3\"><span style=\"color: #000000; \">&nbsp;<\/span><\/font><\/p>\n<\/td>\n<\/tr>\n<tr>\n<td align=\"center\" height=\"434\" style=\"text-align: center; \"><img loading=\"lazy\" decoding=\"async\" width=\"288\" height=\"432\" alt=\"\" class=\"art-lightbox\" src=\"https:\/\/painfreebirthing.com\/turk\/wp-content\/uploads\/2023\/07\/anat4bwspace.gif\" ><br \/><span style=\"font-family: Tahoma, arial, verdana; font-size: 16px; color: #000000; \"><br \/>Bir sonraki b\u00f6l\u00fcm i\u00e7in t\u0131klay\u0131n\u0131z<\/span><\/p>\n<p><a href=\"\/rejyonel-bolgesel-anestezi\/epidural-ve-spinal-nedir\/epidural-anestezi-spinal-anestezi\" target=\"_parent\" rel=\"noopener\">Epidural Anestezi \/Spinal Anestezi<\/a><span style=\"color: rgb(0, 0, 0); font-family: Tahoma, arial, verdana; font-size: medium; text-align: -webkit-center; \"><span style=\"font-size: medium; \"><\/span><\/span><br \/><span style=\"font-family: Tahoma, arial, verdana; font-size: medium;\"><\/p>\n<p><\/span><\/p>\n<\/td>\n<\/tr>\n<\/tbody>\n<\/table>\n<p><\/p>\n","protected":false},"excerpt":{"rendered":"<p>Omurga, arkaya do\u011fru spina denilen kemik uzant\u0131lar\u0131n bulundu\u011fu bir seri omurga kemi\u011finin (vertebra) \u00fcst \u00fcste dizilmesiyle meydana gelmektedir. Spinal kord (medulla spinalis) ve sinirler omurga i\u00e7inde yer almaktad\u0131r. A\u015fa\u011f\u0131daki \u015fekilde normalde epidural veya spinal uygulanan b\u00f6lgeyi yak\u0131ndan inceleyin. Spinal Kord ve Sinirler Spinal anestezi sa\u011flamak i\u00e7in spinal i\u011fnesi spinal aral\u0131\u011fa yerle\u015ftirilir. \u0130\u011fne spinal s\u0131v\u0131 ve&#8230;<\/p>\n<p class=\"more-link-wrap\"><a href=\"https:\/\/painfreebirthing.com\/turk\/rejyonel-bolgesel-anestezi\/epidural-ve-spinal-nedir\/omurga\/\" class=\"more-link\">Read More<span class=\"screen-reader-text\"> &ldquo;Omurga.&rdquo;<\/span> &raquo;<\/a><\/p>\n","protected":false},"author":1,"featured_media":0,"parent":111,"menu_order":22,"comment_status":"closed","ping_status":"closed","template":"","meta":{"footnotes":""},"class_list":["post-112","page","type-page","status-publish","hentry"],"_links":{"self":[{"href":"https:\/\/painfreebirthing.com\/turk\/wp-json\/wp\/v2\/pages\/112","targetHints":{"allow":["GET"]}}],"collection":[{"href":"https:\/\/painfreebirthing.com\/turk\/wp-json\/wp\/v2\/pages"}],"about":[{"href":"https:\/\/painfreebirthing.com\/turk\/wp-json\/wp\/v2\/types\/page"}],"author":[{"embeddable":true,"href":"https:\/\/painfreebirthing.com\/turk\/wp-json\/wp\/v2\/users\/1"}],"replies":[{"embeddable":true,"href":"https:\/\/painfreebirthing.com\/turk\/wp-json\/wp\/v2\/comments?post=112"}],"version-history":[{"count":0,"href":"https:\/\/painfreebirthing.com\/turk\/wp-json\/wp\/v2\/pages\/112\/revisions"}],"up":[{"embeddable":true,"href":"https:\/\/painfreebirthing.com\/turk\/wp-json\/wp\/v2\/pages\/111"}],"wp:attachment":[{"href":"https:\/\/painfreebirthing.com\/turk\/wp-json\/wp\/v2\/media?parent=112"}],"curies":[{"name":"wp","href":"https:\/\/api.w.org\/{rel}","templated":true}]}}