{"id":111,"date":"2023-07-29T19:56:41","date_gmt":"2023-07-29T19:56:41","guid":{"rendered":"https:\/\/painfreebirthing.com\/turk\/rejyonel-bolgesel-anestezi\/epidural-ve-spinal-nedir\/"},"modified":"2023-07-29T19:56:41","modified_gmt":"2023-07-29T19:56:41","slug":"epidural-ve-spinal-nedir","status":"publish","type":"page","link":"https:\/\/painfreebirthing.com\/turk\/rejyonel-bolgesel-anestezi\/epidural-ve-spinal-nedir\/","title":{"rendered":"Rejyonel Anestezide Anatomi"},"content":{"rendered":"<table>\n<tbody>\n<tr>\n<td align=\"center\" height=\"60\"><b style=\"color: rgb(0, 0, 0); font-family: Tahoma, arial, verdana; font-size: medium; text-align: -webkit-center; \">Uterus (rahim) kas\u0131ld\u0131\u011f\u0131 zaman a\u011fr\u0131yla ilgili uyar\u0131lar, uterustan beyine omurga i\u00e7indeki sinirler yoluyla ula\u015f\u0131r.<\/b><font face=\"Tahoma, arial, verdana\" size=\"3&quot;5&quot;\"><span style=\"font-weight: bold; color: #000000; \"><\/span><\/font><\/td>\n<\/tr>\n<tr>\n<td align=\"center\" height=\"434\" style=\"text-align: center; \"><img loading=\"lazy\" decoding=\"async\" width=\"288\" height=\"432\" alt=\"\" class=\"art-lightbox\" src=\"https:\/\/painfreebirthing.com\/turk\/wp-content\/uploads\/2023\/07\/anat1ppw.gif\" ><\/td>\n<\/tr>\n<tr>\n<td align=\"center\" height=\"58\"><b style=\"color: rgb(0, 0, 0); font-family: Tahoma, arial, verdana; font-size: medium; text-align: -webkit-center; \">Epidural ve spinal anestezide uterustan kaynaklanan a\u011fr\u0131l\u0131 uyar\u0131lar\u0131 durdurmak i\u00e7in omurga i\u00e7ine lokal anestezikler verilir.<\/b><span style=\"color: rgb(0, 0, 0); font-family: Tahoma, arial, verdana; font-weight: bold; font-size: medium;\"><br \/><\/span><\/td>\n<\/tr>\n<tr>\n<td align=\"center\" height=\"434\" style=\"text-align: center; \"><img loading=\"lazy\" decoding=\"async\" width=\"360\" height=\"432\" alt=\"\" class=\"art-lightbox\" src=\"https:\/\/painfreebirthing.com\/turk\/wp-content\/uploads\/2023\/07\/Copy-of-anat2ppw.gif\" ><\/td>\n<\/tr>\n<tr>\n<td align=\"center\" height=\"21\" style=\"text-align: center; \"><span style=\"color: rgb(0, 0, 0); font-family: Tahoma, arial, verdana; font-size: medium;\"><br \/><font face=\"Tahoma, arial, verdana\" size=\"3\" style=\"font-size: medium; font-weight: 400; text-align: -webkit-center; \">Bir sonraki b\u00f6l\u00fcm i\u00e7in t\u0131klay\u0131n\u0131z<\/font><\/p>\n<p style=\"font-family: 'Times New Roman'; font-size: medium; font-weight: 400; text-align: -webkit-center; \"><font face=\"Tahoma, arial, verdana\" size=\"3\"><a target=\"main\" href=\"http:\/\/www.painfreebirthing.com\/turkey\/anatomy1t.htm\" rel=\"noopener\"><\/a><\/font><\/p>\n<p><a href=\"\/regional-pain-relif-of-labor-pain\/epidurals-and-spinals-what-are-they\/your-backbone\" target=\"_parent\" rel=\"noopener\"><\/a><\/span><\/td>\n<\/tr>\n<\/tbody>\n<\/table>\n<p><a href=\"\/rejyonel-bolgesel-anestezi\/epidural-ve-spinal-nedir\/omurga\" target=\"_parent\" rel=\"noopener\">Omurga.<\/a><\/p>\n","protected":false},"excerpt":{"rendered":"<p>Uterus (rahim) kas\u0131ld\u0131\u011f\u0131 zaman a\u011fr\u0131yla ilgili uyar\u0131lar, uterustan beyine omurga i\u00e7indeki sinirler yoluyla ula\u015f\u0131r. Epidural ve spinal anestezide uterustan kaynaklanan a\u011fr\u0131l\u0131 uyar\u0131lar\u0131 durdurmak i\u00e7in omurga i\u00e7ine lokal anestezikler verilir. Bir sonraki b\u00f6l\u00fcm i\u00e7in t\u0131klay\u0131n\u0131z Omurga.<\/p>\n","protected":false},"author":1,"featured_media":0,"parent":109,"menu_order":21,"comment_status":"closed","ping_status":"closed","template":"","meta":{"footnotes":""},"class_list":["post-111","page","type-page","status-publish","hentry"],"_links":{"self":[{"href":"https:\/\/painfreebirthing.com\/turk\/wp-json\/wp\/v2\/pages\/111","targetHints":{"allow":["GET"]}}],"collection":[{"href":"https:\/\/painfreebirthing.com\/turk\/wp-json\/wp\/v2\/pages"}],"about":[{"href":"https:\/\/painfreebirthing.com\/turk\/wp-json\/wp\/v2\/types\/page"}],"author":[{"embeddable":true,"href":"https:\/\/painfreebirthing.com\/turk\/wp-json\/wp\/v2\/users\/1"}],"replies":[{"embeddable":true,"href":"https:\/\/painfreebirthing.com\/turk\/wp-json\/wp\/v2\/comments?post=111"}],"version-history":[{"count":0,"href":"https:\/\/painfreebirthing.com\/turk\/wp-json\/wp\/v2\/pages\/111\/revisions"}],"up":[{"embeddable":true,"href":"https:\/\/painfreebirthing.com\/turk\/wp-json\/wp\/v2\/pages\/109"}],"wp:attachment":[{"href":"https:\/\/painfreebirthing.com\/turk\/wp-json\/wp\/v2\/media?parent=111"}],"curies":[{"name":"wp","href":"https:\/\/api.w.org\/{rel}","templated":true}]}}