{"id":110,"date":"2023-07-29T19:56:40","date_gmt":"2023-07-29T19:56:40","guid":{"rendered":"https:\/\/painfreebirthing.com\/turk\/rejyonel-bolgesel-anestezi\/rejyonel-bolgesel-anestezi-yontemleri\/"},"modified":"2023-07-29T19:56:40","modified_gmt":"2023-07-29T19:56:40","slug":"rejyonel-bolgesel-anestezi-yontemleri","status":"publish","type":"page","link":"https:\/\/painfreebirthing.com\/turk\/rejyonel-bolgesel-anestezi\/rejyonel-bolgesel-anestezi-yontemleri\/","title":{"rendered":"A\u011fr\u0131s\u0131z do\u011fumda kullan\u0131lan rejyonel anestezi \u00e7e\u015fitleri"},"content":{"rendered":"<table border=\"0\" width=\"100%\">\n<tbody>\n<tr>\n<td align=\"center\">\n<p align=\"center\"><span style=\"font-size: 16px;\"><font face=\"Tahoma\"><span style=\"color: rgb(0, 0, 0); \">Travay ve do\u011fumda kullan\u0131lan rejyonel anestezi \u00e7e\u015fitleri<\/span>&nbsp;<br \/><\/font><font face=\"Tahoma\"><span style=\"color: #000000; \">-Epidural<\/span><br \/><span style=\"color: #000000; \">-Kombine spinal epidural (KSE)<\/span><\/font><\/span><\/p>\n<p><span style=\"font-size: 16px;\">&nbsp;<\/span><\/p>\n<\/td>\n<\/tr>\n<tr>\n<td>\n<p align=\"center\"><span style=\"font-size: 16px;\"><font face=\"Tahoma\"><br \/><span style=\"color: #000000; \">Sezaryende kullan\u0131lan rejyonel anestezi \u00e7e\u015fitleri<\/span>&nbsp;<\/p>\n<p><span style=\"color: #000000; \">-Spinal<\/span><\/font><font face=\"Tahoma\"><br \/><span style=\"color: #000000; \">-Epidural<\/span><br \/><span style=\"color: #000000; \">-Kombine spinal epidural (KSE)<\/span><\/font><\/span><\/p>\n<\/td>\n<\/tr>\n<tr>\n<td><span style=\"font-size: 16px;\">&nbsp;<\/span><\/p>\n<p><span style=\"font-size: 16px;\">&nbsp;<\/span><\/p>\n<p align=\"center\"><font face=\"Tahoma, arial, verdana\"><span style=\"color: rgb(0, 0, 0); font-size: 16px;\">Bir sonraki b\u00f6l\u00fcm i\u00e7in t\u0131klay\u0131n\u0131z<\/span><\/font><\/p>\n<p><font face=\"Tahoma, arial, verdana\"><\/p>\n<p align=\"center\"><a target=\"_parent\" href=\"\/rejyonel-bolgesel-anestezi\/epidural-ve-spinal-nedir\" rel=\"noopener\"><span style=\"color: rgb(0, 0, 0); font-size: 16px;  \">Epidural ve spinal nedir?<\/span><\/a><\/p>\n<p><\/font><\/td>\n<\/tr>\n<\/tbody>\n<\/table>\n<p style=\"text-align: center;\"><span style=\"border-collapse: collapse; font-family: Tahoma, arial, verdana; font-weight: bold; -webkit-border-horizontal-spacing: 2px; -webkit-border-vertical-spacing: 2px; font-size: medium;\"><br \/><\/span><\/p>\n","protected":false},"excerpt":{"rendered":"<p>Travay ve do\u011fumda kullan\u0131lan rejyonel anestezi \u00e7e\u015fitleri&nbsp;-Epidural-Kombine spinal epidural (KSE) &nbsp; Sezaryende kullan\u0131lan rejyonel anestezi \u00e7e\u015fitleri&nbsp; -Spinal-Epidural-Kombine spinal epidural (KSE) &nbsp; &nbsp; Bir sonraki b\u00f6l\u00fcm i\u00e7in t\u0131klay\u0131n\u0131z Epidural ve spinal nedir?<\/p>\n","protected":false},"author":1,"featured_media":0,"parent":109,"menu_order":20,"comment_status":"closed","ping_status":"closed","template":"","meta":{"footnotes":""},"class_list":["post-110","page","type-page","status-publish","hentry"],"_links":{"self":[{"href":"https:\/\/painfreebirthing.com\/turk\/wp-json\/wp\/v2\/pages\/110","targetHints":{"allow":["GET"]}}],"collection":[{"href":"https:\/\/painfreebirthing.com\/turk\/wp-json\/wp\/v2\/pages"}],"about":[{"href":"https:\/\/painfreebirthing.com\/turk\/wp-json\/wp\/v2\/types\/page"}],"author":[{"embeddable":true,"href":"https:\/\/painfreebirthing.com\/turk\/wp-json\/wp\/v2\/users\/1"}],"replies":[{"embeddable":true,"href":"https:\/\/painfreebirthing.com\/turk\/wp-json\/wp\/v2\/comments?post=110"}],"version-history":[{"count":0,"href":"https:\/\/painfreebirthing.com\/turk\/wp-json\/wp\/v2\/pages\/110\/revisions"}],"up":[{"embeddable":true,"href":"https:\/\/painfreebirthing.com\/turk\/wp-json\/wp\/v2\/pages\/109"}],"wp:attachment":[{"href":"https:\/\/painfreebirthing.com\/turk\/wp-json\/wp\/v2\/media?parent=110"}],"curies":[{"name":"wp","href":"https:\/\/api.w.org\/{rel}","templated":true}]}}