{"id":109,"date":"2023-07-29T19:56:39","date_gmt":"2023-07-29T19:56:39","guid":{"rendered":"https:\/\/painfreebirthing.com\/turk\/rejyonel-bolgesel-anestezi\/"},"modified":"2023-07-29T19:56:39","modified_gmt":"2023-07-29T19:56:39","slug":"rejyonel-bolgesel-anestezi","status":"publish","type":"page","link":"https:\/\/painfreebirthing.com\/turk\/rejyonel-bolgesel-anestezi\/","title":{"rendered":"Rejyonel (B\u00f6lgesel) anestezi"},"content":{"rendered":"<p style=\"margin-top: 10px; margin-bottom: 10px; color: rgb(61, 61, 61); font-family: Arial, 'Arial Unicode MS', Helvetica, sans-serif; font-weight: 400;\"><a target=\"_parent\" href=\"\/rejyonel-bolgesel-anestezi\/rejyonel-bolgesel-anestezi-yontemleri\" style=\"font-family: Tahoma; font-size: small; font-weight: 400; text-align: start; background-color: rgb(255, 255, 255); \" rel=\"noopener\">Rejyonel (B\u00f6lgesel) anestezi y\u00f6ntemleri&nbsp;<\/a><a href=\"\/regional-pain-relif-of-labor-pain\/methods-of-regional-pain-relief\" style=\"font-family: Arial, 'Arial Unicode MS', Helvetica, sans-serif; cursor: pointer;\" target=\"_parent\" rel=\"noopener\"><span style=\"color: rgb(0, 0, 0);\"><\/span><\/a><\/p>\n<p style=\"margin-top: 10px; margin-bottom: 10px; color: rgb(61, 61, 61); font-family: Arial, 'Arial Unicode MS', Helvetica, sans-serif; font-weight: 400;\"><a target=\"_parent\" href=\"\/rejyonel-bolgesel-anestezi\/epidural-ve-spinal-nedir\" style=\"font-family: Tahoma; font-size: small; font-weight: 400; text-align: start; background-color: rgb(255, 255, 255); \" rel=\"noopener\">Epidural ve spinal nedir?&nbsp;<\/a><a href=\"\/regional-pain-relif-of-labor-pain\/epidurals-and-spinals-what-are-they\" style=\"font-family: Arial, 'Arial Unicode MS', Helvetica, sans-serif; cursor: pointer;\" target=\"_parent\" rel=\"noopener\"><span style=\"color: rgb(0, 0, 0);\"><\/span><\/a><\/p>\n<p style=\"margin-top: 10px; margin-bottom: 10px; color: rgb(61, 61, 61); font-family: Arial, 'Arial Unicode MS', Helvetica, sans-serif; font-weight: 400;\">&nbsp;<a href=\"\/rejyonel-bolgesel-anestezi\/Islem-s%c4%b1ras%c4%b1nda-nas%c4%b1l-bir-pozisyon-almam-gerekir\" style=\"font-family: Tahoma; font-size: small; font-weight: 400; text-align: start; background-color: rgb(255, 255, 255); \" target=\"_parent\" rel=\"noopener\">\u0130\u015flem s\u0131ras\u0131nda nas\u0131l bir<\/a><a href=\"\/regional-pain-relif-of-labor-pain\/how-do-i-postion-myself-for-epidural\" style=\"font-family: Arial, 'Arial Unicode MS', Helvetica, sans-serif; cursor: pointer;\" target=\"_parent\" rel=\"noopener\"><span style=\"color: rgb(0, 0, 0);\"><\/span><\/a><\/p>\n<p style=\"margin-top: 10px; margin-bottom: 10px; color: rgb(61, 61, 61); font-family: Arial, 'Arial Unicode MS', Helvetica, sans-serif; font-weight: 400;\"><a href=\"\/rejyonel-bolgesel-anestezi\/yap%c4%b1lan-islem\" style=\"font-family: Tahoma; font-size: small; font-weight: 400; text-align: start; background-color: rgb(255, 255, 255); \" target=\"_parent\" rel=\"noopener\">Yap\u0131lan i\u015flem&nbsp;<\/a><a href=\"\/regional-pain-relif-of-labor-pain\/actual-procedure-of-labor-epidural\" style=\"font-family: Arial, 'Arial Unicode MS', Helvetica, sans-serif; cursor: pointer;\" target=\"_parent\" rel=\"noopener\"><span style=\"color: rgb(0, 0, 0);\"><\/span><\/a><\/p>\n<p><\/p>\n","protected":false},"excerpt":{"rendered":"<p>Rejyonel (B\u00f6lgesel) anestezi y\u00f6ntemleri&nbsp; Epidural ve spinal nedir?&nbsp; &nbsp;\u0130\u015flem s\u0131ras\u0131nda nas\u0131l bir Yap\u0131lan i\u015flem&nbsp;<\/p>\n","protected":false},"author":1,"featured_media":0,"parent":0,"menu_order":19,"comment_status":"closed","ping_status":"closed","template":"","meta":{"footnotes":""},"class_list":["post-109","page","type-page","status-publish","hentry"],"_links":{"self":[{"href":"https:\/\/painfreebirthing.com\/turk\/wp-json\/wp\/v2\/pages\/109","targetHints":{"allow":["GET"]}}],"collection":[{"href":"https:\/\/painfreebirthing.com\/turk\/wp-json\/wp\/v2\/pages"}],"about":[{"href":"https:\/\/painfreebirthing.com\/turk\/wp-json\/wp\/v2\/types\/page"}],"author":[{"embeddable":true,"href":"https:\/\/painfreebirthing.com\/turk\/wp-json\/wp\/v2\/users\/1"}],"replies":[{"embeddable":true,"href":"https:\/\/painfreebirthing.com\/turk\/wp-json\/wp\/v2\/comments?post=109"}],"version-history":[{"count":0,"href":"https:\/\/painfreebirthing.com\/turk\/wp-json\/wp\/v2\/pages\/109\/revisions"}],"wp:attachment":[{"href":"https:\/\/painfreebirthing.com\/turk\/wp-json\/wp\/v2\/media?parent=109"}],"curies":[{"name":"wp","href":"https:\/\/api.w.org\/{rel}","templated":true}]}}