{"id":108,"date":"2023-07-29T19:56:38","date_gmt":"2023-07-29T19:56:38","guid":{"rendered":"https:\/\/painfreebirthing.com\/turk\/agrisiz-dogumda-alternatif-metodlar\/anne-hareketleri-ve-pozisyon-degisiklikleri\/"},"modified":"2023-07-29T19:56:38","modified_gmt":"2023-07-29T19:56:38","slug":"anne-hareketleri-ve-pozisyon-degisiklikleri","status":"publish","type":"page","link":"https:\/\/painfreebirthing.com\/turk\/agrisiz-dogumda-alternatif-metodlar\/anne-hareketleri-ve-pozisyon-degisiklikleri\/","title":{"rendered":"Anne hareketleri ve pozisyon de\u011fi\u015fiklikleri"},"content":{"rendered":"<p class=\"MsoNormal\" align=\"left\" style=\"color: rgb(0, 0, 0); font-family: 'Times New Roman'; font-size: medium; font-weight: 400; margin-left: 0.25in;\"><font face=\"Tahoma\">Do\u011fumun farkl\u0131 evrelerinde anne adaylar\u0131 baz\u0131 pozisyonlar\u0131 ve hareketleri di\u011ferlerine g\u00f6re daha rahat bulurlar. 1900\u2019lerin ba\u015f\u0131ndan beri do\u011fum, t\u0131bbi personel, intraven\u00f6z yol, epidural ve di\u011fer t\u0131bbi bak\u0131m \u00e7e\u015fitleri nedeniyle evden hastaneye ge\u00e7mi\u015ftir. Bu annenin hareket \u00f6zg\u00fcrl\u00fc\u011f\u00fcn\u00fcn k\u0131s\u0131tlanmas\u0131na neden olmu\u015ftur. Anne pozisyon de\u011fi\u015ftirdik\u00e7e, bebe\u011fin ba\u015f pozisyonu, uterus kas\u0131lmalar\u0131 ve pelvis aras\u0131ndaki ili\u015fkiyi yer \u00e7ekimi etkisiyle de\u011fi\u015ftirir. Travay s\u0131ras\u0131nda hareket ve pozisyonlar pozisyon bozuklu\u011fu olan bebe\u011fin veya dilatasyon ve ini\u015fin yava\u015f ilerledi\u011fi travay\u0131n d\u00fczeltilmesinde tavsiye edilebilir. Pek \u00e7ok \u00e7al\u0131\u015fmada y\u00fcr\u00fcmenin ve oturman\u0131n travay h\u0131z\u0131n\u0131 artt\u0131rd\u0131\u011f\u0131 ileri s\u00fcr\u00fclm\u00fc\u015ft\u00fcr. \u00d6rnek pozisyonlar: \u2022\tBa\u015f yukar\u0131 \u2022\t\u00c7\u00f6melme \u2022\tYan \u2022\tS\u0131rt\u00fcst\u00fc \u2022\tEller ve dizler Son d\u00f6nemlerde do\u011fum toplar\u0131 travay s\u0131ras\u0131nda rahatlatmak i\u00e7in kullan\u0131lmaktad\u0131r. Anne a\u011fr\u0131y\u0131 hafifletmek ve do\u011fumu h\u0131zland\u0131rmak i\u00e7in oturabilir, sallanabilir, yaylanabilir ve \u015fi\u015firilebilir top \u00fczerinde gerinebilir. S\u0131n\u0131rlamalar Hi\u00e7bir \u00e7al\u0131\u015fmada herhangi bir pozisyonun bebe\u011fe veya anneye zararl\u0131 oldu\u011fu rapor edilmemi\u015ftir. Annenin kendisini rahat hissetti\u011fi pozisyonu almas\u0131 te\u015fvik edilmeli ve istedi\u011finde ba\u015f yukar\u0131 pozisyonda devam etmelidir. Epidural gibi \u00e7e\u015fitli i\u015flemler bacaklarda yeterli kuvvet oldu\u011fu halde ambulasyonu\/hareketi g\u00fcvensiz hale getirebilir. Pek \u00e7ok do\u011fum biriminde insan g\u00fcc\u00fc veya epiduralle y\u00fcr\u00fcmeye uygun b\u00f6lgeler bulunmamaktad\u0131r. Do\u011fum toplar\u0131, d\u00fc\u015fmeleri \u00f6nlemek i\u00e7in deneyimli bak\u0131m personeli e\u015fli\u011finde olmadan kullan\u0131lmamal\u0131d\u0131r. Yukar\u0131daki bilgiler \u015fu yay\u0131nlardan elde edilmi\u015ftir. Hareket ve pozisyonlarla ilgili daha detayl\u0131 bilgi i\u00e7in yay\u0131nlar\u0131 okuman\u0131z\u0131 ve obstetristyeninizle tart\u0131\u015fman\u0131z\u0131 \u00f6neririz.<\/font><\/p>\n<p class=\"MsoNormal\" align=\"left\" style=\"color: rgb(0, 0, 0); font-family: 'Times New Roman'; font-size: medium; font-weight: 400;\"><font face=\"Tahoma\">Murray Enkin, A Guide to Effective Care in Pregnancy and Childbirth, 3rd Ed., Oxford University Press, 2000<\/font><\/p>\n<p class=\"MsoNormal\" align=\"left\" style=\"color: rgb(0, 0, 0); font-family: 'Times New Roman'; font-size: medium; font-weight: 400;\"><font face=\"Tahoma\">Eappen S, Robbins D., Nonpharmacological means of pain relief for labor and delivery, Int Anesthesiol Clini. 2002 Fall; 40(4): 103-14, Review<\/font><\/p>\n<p class=\"MsoNormal\" align=\"left\" style=\"color: rgb(0, 0, 0); font-family: 'Times New Roman'; font-size: medium; font-weight: 400;\"><font face=\"Tahoma\">Simkin P.,Nonpharmacologic relief of pain during labor:Systematic reviews of five methods, Am J Obstet gynecol, 2002 Volume 186, Number 5 ,S131-159<\/font><\/p>\n<p align=\"left\" style=\"color: rgb(0, 0, 0); font-family: 'Times New Roman'; font-size: medium; font-weight: 400;\">&nbsp;<\/p>\n<p align=\"left\" style=\"color: rgb(0, 0, 0); font-size: medium; font-weight: 400; text-align: center;\"><span style=\"font-family: Tahoma, arial, verdana; font-size: medium; font-weight: 400; text-align: -webkit-center;\">Bir sonraki b\u00f6l\u00fcm i\u00e7in t\u0131klay\u0131n\u0131z<\/span><span style=\"font-family: Tahoma, arial, verdana;\"><br \/><\/span><\/p>\n<p style=\"text-align: center;\"><a href=\"\/rejyonel-bolgesel-anestezi\" target=\"_parent\" rel=\"noopener\">Rejyonel (B\u00f6lgesel) anestezi<\/a><b style=\"color: rgb(0, 0, 0); font-family: Tahoma; font-size: small; text-align: start; background-color: rgb(255, 255, 255);\"><\/b><\/p>\n","protected":false},"excerpt":{"rendered":"<p>Do\u011fumun farkl\u0131 evrelerinde anne adaylar\u0131 baz\u0131 pozisyonlar\u0131 ve hareketleri di\u011ferlerine g\u00f6re daha rahat bulurlar. 1900\u2019lerin ba\u015f\u0131ndan beri do\u011fum, t\u0131bbi personel, intraven\u00f6z yol, epidural ve di\u011fer t\u0131bbi bak\u0131m \u00e7e\u015fitleri nedeniyle evden hastaneye ge\u00e7mi\u015ftir. Bu annenin hareket \u00f6zg\u00fcrl\u00fc\u011f\u00fcn\u00fcn k\u0131s\u0131tlanmas\u0131na neden olmu\u015ftur. Anne pozisyon de\u011fi\u015ftirdik\u00e7e, bebe\u011fin ba\u015f pozisyonu, uterus kas\u0131lmalar\u0131 ve pelvis aras\u0131ndaki ili\u015fkiyi yer \u00e7ekimi etkisiyle de\u011fi\u015ftirir&#8230;.<\/p>\n<p class=\"more-link-wrap\"><a href=\"https:\/\/painfreebirthing.com\/turk\/agrisiz-dogumda-alternatif-metodlar\/anne-hareketleri-ve-pozisyon-degisiklikleri\/\" class=\"more-link\">Read More<span class=\"screen-reader-text\"> &ldquo;Anne hareketleri ve pozisyon de\u011fi\u015fiklikleri&rdquo;<\/span> &raquo;<\/a><\/p>\n","protected":false},"author":1,"featured_media":0,"parent":100,"menu_order":18,"comment_status":"closed","ping_status":"closed","template":"","meta":{"footnotes":""},"class_list":["post-108","page","type-page","status-publish","hentry"],"_links":{"self":[{"href":"https:\/\/painfreebirthing.com\/turk\/wp-json\/wp\/v2\/pages\/108","targetHints":{"allow":["GET"]}}],"collection":[{"href":"https:\/\/painfreebirthing.com\/turk\/wp-json\/wp\/v2\/pages"}],"about":[{"href":"https:\/\/painfreebirthing.com\/turk\/wp-json\/wp\/v2\/types\/page"}],"author":[{"embeddable":true,"href":"https:\/\/painfreebirthing.com\/turk\/wp-json\/wp\/v2\/users\/1"}],"replies":[{"embeddable":true,"href":"https:\/\/painfreebirthing.com\/turk\/wp-json\/wp\/v2\/comments?post=108"}],"version-history":[{"count":0,"href":"https:\/\/painfreebirthing.com\/turk\/wp-json\/wp\/v2\/pages\/108\/revisions"}],"up":[{"embeddable":true,"href":"https:\/\/painfreebirthing.com\/turk\/wp-json\/wp\/v2\/pages\/100"}],"wp:attachment":[{"href":"https:\/\/painfreebirthing.com\/turk\/wp-json\/wp\/v2\/media?parent=108"}],"curies":[{"name":"wp","href":"https:\/\/api.w.org\/{rel}","templated":true}]}}