{"id":106,"date":"2023-07-29T19:56:36","date_gmt":"2023-07-29T19:56:36","guid":{"rendered":"https:\/\/painfreebirthing.com\/turk\/agrisiz-dogumda-alternatif-metodlar\/transkutanoz-elektriksel-sinir-stimulasyonu-tens\/"},"modified":"2023-07-29T19:56:36","modified_gmt":"2023-07-29T19:56:36","slug":"transkutanoz-elektriksel-sinir-stimulasyonu-tens","status":"publish","type":"page","link":"https:\/\/painfreebirthing.com\/turk\/agrisiz-dogumda-alternatif-metodlar\/transkutanoz-elektriksel-sinir-stimulasyonu-tens\/","title":{"rendered":"Transkutan\u00f6z Elektriksel Sinir Stimulasyonu (TENS)"},"content":{"rendered":"<p align=\"center\" style=\"color: rgb(0, 0, 0); font-family: 'Times New Roman'; font-size: medium; font-weight: 400;\"><img loading=\"lazy\" decoding=\"async\" border=\"0\" src=\"http:\/\/painfreebirthing.com\/Images\/tesn.jpg\" width=\"183\" height=\"295\" class=\"\">&nbsp;<\/p>\n<p align=\"left\" style=\"color: rgb(0, 0, 0); font-family: 'Times New Roman'; font-size: medium; font-weight: 400;\"><font face=\"Tahoma, arial, verdana\">TENS, cilde d\u00fc\u015f\u00fck miktarda elektrik ak\u0131m\u0131 uygulayarak v\u00fccudun ba\u015fka bir yerindeki a\u011fr\u0131n\u0131n alg\u0131lanmas\u0131n\u0131 azalt\u0131r. TENS cerrahi ve kronik a\u011fr\u0131 hastalar\u0131nda kullan\u0131lm\u0131\u015ft\u0131r. Ak\u0131m, ge\u00e7i\u015fe izin vermeyen bir kap\u0131 gibi a\u011fr\u0131 sinyallerinin beyne ula\u015fmas\u0131n\u0131 engeller. Bu teorik olarak v\u00fccudun daha \u00e7ok endorfin (do\u011fal a\u011fr\u0131 kesiciler) \u00fcretmesini uyar\u0131r .<\/p>\n<p><b>Y\u00f6ntem<\/b><\/p>\n<p>Elektrodlar alt s\u0131rt b\u00f6lgesine veya suprapubik b\u00f6lgeye (kemer d\u00fc\u011fmesinin hemen alt\u0131) yerle\u015ftirilir. Bu elektrodlar, anne taraf\u0131ndan elektrik uyar\u0131 frekans\u0131n\u0131n kontrol edildi\u011fi k\u00fc\u00e7\u00fck bir kutuya ba\u011fl\u0131d\u0131r. Kutu taraf\u0131ndan verilen d\u00fc\u015f\u00fck miktardaki elektrik, anne taraf\u0131ndan elektrodlar\u0131n oldu\u011fu b\u00f6lgede a\u011fr\u0131s\u0131z bir titre\u015fim (ciltte uyu\u015fukluk) olarak alg\u0131lan\u0131r.&nbsp;<\/p>\n<p><b>K\u0131s\u0131tlamalar<\/b><\/p>\n<p>Travaydaki kad\u0131nda TENS\u2019in etkinli\u011fi \u00e7ok iyi ara\u015ft\u0131r\u0131lm\u0131\u015ft\u0131r. Kontrollerle kar\u015f\u0131la\u015ft\u0131rld\u0131\u011f\u0131nda a\u011fr\u0131 hissinde veya a\u011fr\u0131 kesici ila\u00e7 t\u00fcketiminde herhangi bir de\u011fi\u015fiklik rapor edilmemi\u015ftir. Ancak pek \u00e7ok kad\u0131n TENS\u2019i, travaydaki kad\u0131na a\u011fr\u0131y\u0131 kontrol etmede daha aktif bir rol y\u00fckledi\u011fi i\u00e7in faydal\u0131 bulmu\u015ftur. TENS tedavisinin anneye veya bebe\u011fe zararl\u0131 oldu\u011fu bulunmam\u0131\u015ft\u0131r.&nbsp;<\/p>\n<p>Yukar\u0131daki bilgiler \u015fu yay\u0131nlardan elde edilmi\u015ftir. TENS konusunda daha detayl\u0131 bilgi i\u00e7in yay\u0131nlar\u0131 okuman\u0131z\u0131 ve obstetrisyeninizle tart\u0131\u015fman\u0131z\u0131 \u00f6neririz.&nbsp;<\/p>\n<p>Eappen S, Robbins D. Nonpharmacological means of pain relief for labor and delivery. Int Anestesiol Clin 2002; fall; 40 (4): 103-114 (review).<\/p>\n<p>Simkin P. Nonpharmacological relief of pain during labor: systematic review of five methods. Am J Obstet Gyn 2002; 186: S131-159.<\/p>\n<p>Murray E. A guide to effective care in pregnancy and childbirth, 3rd Edition, Oxford University Press, 2000.<\/p>\n<p>TENS Kaynaklar\u0131&nbsp;<\/p>\n<p>USA: http;\/\/www.paintechnology.com\/060.htm<br \/>\u0130ngiltere: htpp:\/\/ pulsar-tens.com\/main.htlm<\/p>\n<p><\/font><\/p>\n<p align=\"center\" style=\"color: rgb(0, 0, 0); font-family: 'Times New Roman'; font-size: medium; font-weight: 400;\"><font face=\"Tahoma\">Bir sonraki b\u00f6l\u00fcm i\u00e7in t\u0131klay\u0131n\u0131z&nbsp;<\/font>&nbsp;<\/p>\n<p align=\"center\" style=\"color: rgb(0, 0, 0); font-family: 'Times New Roman'; font-size: medium; font-weight: 400;\"><a href=\"\/agr%c4%b1s%c4%b1z-dogumda-alternatif-metodlar\/dokunma-ve-masaj\" target=\"_parent\" rel=\"noopener\">Dokunma ve masajTouch and MassageNext to Touch and Massage<\/a><b><a href=\"http:\/\/www.painfreebirthing.com\/turkey\/touchandmassaget.htm\"><font face=\"Tahoma\"><\/font><\/a><\/b><\/p>\n<p align=\"center\" style=\"color: rgb(0, 0, 0); font-family: 'Times New Roman'; font-size: medium; font-weight: 400;\"><a href=\"http:\/\/www.painfreebirthing.com\/turkey\/touchandmassaget.htm\"><font face=\"Tahoma\"><\/font><\/a><\/p>\n<p align=\"center\" style=\"color: rgb(0, 0, 0); font-size: medium; font-weight: 400;\"><a href=\"\/alternative-methods\/touch-and-massage\" target=\"_parent\" rel=\"noopener\"><\/a><span style=\"font-family: Tahoma, arial, verdana;\"><\/span><\/p>\n","protected":false},"excerpt":{"rendered":"<p>&nbsp; TENS, cilde d\u00fc\u015f\u00fck miktarda elektrik ak\u0131m\u0131 uygulayarak v\u00fccudun ba\u015fka bir yerindeki a\u011fr\u0131n\u0131n alg\u0131lanmas\u0131n\u0131 azalt\u0131r. TENS cerrahi ve kronik a\u011fr\u0131 hastalar\u0131nda kullan\u0131lm\u0131\u015ft\u0131r. Ak\u0131m, ge\u00e7i\u015fe izin vermeyen bir kap\u0131 gibi a\u011fr\u0131 sinyallerinin beyne ula\u015fmas\u0131n\u0131 engeller. Bu teorik olarak v\u00fccudun daha \u00e7ok endorfin (do\u011fal a\u011fr\u0131 kesiciler) \u00fcretmesini uyar\u0131r . Y\u00f6ntem Elektrodlar alt s\u0131rt b\u00f6lgesine veya suprapubik b\u00f6lgeye&#8230;<\/p>\n<p class=\"more-link-wrap\"><a href=\"https:\/\/painfreebirthing.com\/turk\/agrisiz-dogumda-alternatif-metodlar\/transkutanoz-elektriksel-sinir-stimulasyonu-tens\/\" class=\"more-link\">Read More<span class=\"screen-reader-text\"> &ldquo;Transkutan\u00f6z Elektriksel Sinir Stimulasyonu (TENS)&rdquo;<\/span> &raquo;<\/a><\/p>\n","protected":false},"author":1,"featured_media":0,"parent":100,"menu_order":16,"comment_status":"closed","ping_status":"closed","template":"","meta":{"footnotes":""},"class_list":["post-106","page","type-page","status-publish","hentry"],"_links":{"self":[{"href":"https:\/\/painfreebirthing.com\/turk\/wp-json\/wp\/v2\/pages\/106","targetHints":{"allow":["GET"]}}],"collection":[{"href":"https:\/\/painfreebirthing.com\/turk\/wp-json\/wp\/v2\/pages"}],"about":[{"href":"https:\/\/painfreebirthing.com\/turk\/wp-json\/wp\/v2\/types\/page"}],"author":[{"embeddable":true,"href":"https:\/\/painfreebirthing.com\/turk\/wp-json\/wp\/v2\/users\/1"}],"replies":[{"embeddable":true,"href":"https:\/\/painfreebirthing.com\/turk\/wp-json\/wp\/v2\/comments?post=106"}],"version-history":[{"count":0,"href":"https:\/\/painfreebirthing.com\/turk\/wp-json\/wp\/v2\/pages\/106\/revisions"}],"up":[{"embeddable":true,"href":"https:\/\/painfreebirthing.com\/turk\/wp-json\/wp\/v2\/pages\/100"}],"wp:attachment":[{"href":"https:\/\/painfreebirthing.com\/turk\/wp-json\/wp\/v2\/media?parent=106"}],"curies":[{"name":"wp","href":"https:\/\/api.w.org\/{rel}","templated":true}]}}