{"id":104,"date":"2023-07-29T19:56:34","date_gmt":"2023-07-29T19:56:34","guid":{"rendered":"https:\/\/painfreebirthing.com\/turk\/agrisiz-dogumda-alternatif-metodlar\/su-icinde-dogum\/"},"modified":"2023-07-29T19:56:34","modified_gmt":"2023-07-29T19:56:34","slug":"su-icinde-dogum","status":"publish","type":"page","link":"https:\/\/painfreebirthing.com\/turk\/agrisiz-dogumda-alternatif-metodlar\/su-icinde-dogum\/","title":{"rendered":"Su i\u00e7inde do\u011fum"},"content":{"rendered":"<p align=\"left\" style=\"color: rgb(0, 0, 0); font-family: 'Times New Roman'; font-size: medium; font-weight: 400;\"><font face=\"Tahoma, arial, verdana\">Pek \u00e7ok kad\u0131n su i\u00e7inde do\u011fumun a\u011fr\u0131y\u0131 azaltt\u0131\u011f\u0131n\u0131 belirtmi\u015flerdir. Y\u0131llarca hastane i\u00e7inde veya hastane d\u0131\u015f\u0131nda su i\u00e7inde do\u011fum yap\u0131lm\u0131\u015ft\u0131r. Pek \u00e7ok hastane su i\u00e7inde do\u011fum servisi sa\u011flamakta veya ailenin gerekli malzemeleri getirmesine izin vermektedir.&nbsp;<\/p>\n<p><b>Teknik<\/b><\/p>\n<p>Gebe kad\u0131n do\u011fum eyleminin aktif faz\u0131na girdi\u011fi zaman (servikal dilatasyon &gt;4 cm), \u0131l\u0131k su i\u00e7ine yerle\u015ftirilir. S\u0131cakl\u0131\u011f\u0131 v\u00fccut s\u0131cakl\u0131\u011f\u0131na yak\u0131n olan (37-38<\/font><font face=\"Tahoma\">\u00b0<\/font><font face=\"Tahoma, arial, verdana\">C) suyun seviyesi, d\u00fczg\u00fcn serinleme olabilmesi i\u00e7in meme ucunu ge\u00e7memelidir.&nbsp;<\/p>\n<p><b>S\u00fcre<\/b><\/p>\n<p>Pek \u00e7ok kad\u0131n 1-1.5 saat s\u00fcreyle uyguland\u0131\u011f\u0131nda \u0131l\u0131k suyun sakinle\u015ftirici oldu\u011funu ve daha az a\u011fr\u0131 hissedildi\u011fini bildirmi\u015ftir. \u00c7al\u0131\u015fmalar, i\u015flemi daha uzun s\u00fcre uygulaman\u0131n a\u011fr\u0131y\u0131 azaltmad\u0131\u011f\u0131n\u0131 ve bebek \u00fczerinde uzun s\u00fcre y\u00fcksek s\u0131cakl\u0131\u011fa maruz kalma riskinin ortaya \u00e7\u0131kt\u0131\u011f\u0131n\u0131 g\u00f6stermi\u015ftir.&nbsp;<\/p>\n<p><b>K\u0131s\u0131tlamalar<\/b><\/p>\n<p>\u2022\tFetal v\u00fccut s\u0131cakl\u0131\u011f\u0131 anne s\u0131cakl\u0131\u011f\u0131ndan yakla\u015f\u0131k bir derece daha y\u00fcksektir. Fetusun y\u00fcksek s\u0131cakl\u0131klara maruz kalmamas\u0131 i\u00e7in su s\u0131cakl\u0131\u011f\u0131n\u0131n 37<\/font><font face=\"Tahoma\">\u00b0<\/font><font face=\"Tahoma, arial, verdana\">C\u2019den fazla olmamas\u0131 ve i\u015flemin 2 saatten k\u0131sa olmas\u0131 \u00f6nerilmektedir.<\/font><\/p>\n<p align=\"left\" style=\"color: rgb(0, 0, 0); font-family: 'Times New Roman'; font-size: medium; font-weight: 400;\"><font face=\"Tahoma, arial, verdana\">\u2022 Pek \u00e7ok \u00e7al\u0131\u015fma, annede erken membran rupt\u00fcr\u00fc oldu\u011funda enfeksiyon riskinin veya antibiyotik kulan\u0131m\u0131n\u0131n artmad\u0131\u011f\u0131n\u0131 g\u00f6stermi\u015ftir. Bu konuda \u00f6nerilerde bulunabilmek i\u00e7in membran rupt\u00fcr\u00fc durumunda i\u015flemin yap\u0131lmas\u0131yla ilgili daha \u00e7ok \u00e7al\u0131\u015fmaya ihtiya\u00e7 vard\u0131r.&nbsp;<\/p>\n<p>Su i\u00e7inde do\u011fumla ilgili yukar\u0131daki bilgiler \u015fu \u00e7al\u0131\u015fmadan al\u0131nm\u0131\u015ft\u0131r. Bu konuda daha fazla bilgi i\u00e7in tavsiye edilen yaz\u0131y\u0131 okuman\u0131z\u0131, internet adresine ula\u015fman\u0131z\u0131 ve tabi obstetrisyeninizle bu konuyu g\u00f6r\u00fc\u015fmenizi \u00f6neririz.&nbsp;<\/p>\n<p>\u0130nternet adresi: http:\/\/www.parentsplace.com\/pregnancy\/labor\/articles\/0,,239070_114897,00.html<\/p>\n<p>Simkin P. Nonpharmacologic relief of pain during labor: systematic review of five methods. Am J Obst Gyn 2002; 186 (5): S131-159.<\/p>\n<p>Odent M. Water birth: what&#8217;s next. Electronic response to: perinatal morbidity and mortality among babies delivered in water: surveillance study and postal survey. Disponibile al sito www. bmj.com<\/p>\n<p>Odent M. Can water immersion stop labor? J Nurse Midwifery 1997; 42: 414-416.<\/p>\n<p><\/font><\/p>\n<p align=\"center\" style=\"color: rgb(0, 0, 0); font-family: 'Times New Roman'; font-size: medium; font-weight: 400;\"><font face=\"Tahoma, arial, verdana\"><br \/><font face=\"Tahoma, arial, verdana\" size=\"3\">Bir sonraki b\u00f6l\u00fcm i\u00e7in t\u0131klay\u0131n\u0131z<\/font><br \/><a target=\"_parent\" href=\"\/agr%c4%b1s%c4%b1z-dogumda-alternatif-metodlar\/akupunktur\" rel=\"noopener\">Akupunktur<\/a><\/font><a href=\"http:\/\/www.painfreebirthing.com\/italian\/acupunctureit.htm\"><\/a><\/p>\n<p align=\"left\" style=\"color: rgb(0, 0, 0); font-family: 'Times New Roman'; font-size: medium; font-weight: 400;\">&nbsp;<\/p>\n<p align=\"left\" style=\"margin-top: 10px; margin-bottom: 10px; font-weight: 400; background-color: rgba(255, 255, 255, 0.59375); color: rgb(0, 0, 0); font-size: medium;\"><span style=\"font-family: Tahoma, arial, verdana;\"><br \/><\/span><\/p>\n<p align=\"left\" style=\"margin-top: 10px; margin-bottom: 10px; font-weight: 400; background-color: rgba(255, 255, 255, 0.597656); color: rgb(0, 0, 0); font-family: 'Times New Roman'; font-size: medium;\"><font face=\"Tahoma, arial, verdana\" size=\"3\"><br \/><\/font><\/p>\n<p style=\"text-align: center;\"><span style=\"font-size: medium;\"><br \/><\/span><\/p>\n<p><\/p>\n","protected":false},"excerpt":{"rendered":"<p>Pek \u00e7ok kad\u0131n su i\u00e7inde do\u011fumun a\u011fr\u0131y\u0131 azaltt\u0131\u011f\u0131n\u0131 belirtmi\u015flerdir. Y\u0131llarca hastane i\u00e7inde veya hastane d\u0131\u015f\u0131nda su i\u00e7inde do\u011fum yap\u0131lm\u0131\u015ft\u0131r. Pek \u00e7ok hastane su i\u00e7inde do\u011fum servisi sa\u011flamakta veya ailenin gerekli malzemeleri getirmesine izin vermektedir.&nbsp; Teknik Gebe kad\u0131n do\u011fum eyleminin aktif faz\u0131na girdi\u011fi zaman (servikal dilatasyon &gt;4 cm), \u0131l\u0131k su i\u00e7ine yerle\u015ftirilir. S\u0131cakl\u0131\u011f\u0131 v\u00fccut s\u0131cakl\u0131\u011f\u0131na yak\u0131n&#8230;<\/p>\n<p class=\"more-link-wrap\"><a href=\"https:\/\/painfreebirthing.com\/turk\/agrisiz-dogumda-alternatif-metodlar\/su-icinde-dogum\/\" class=\"more-link\">Read More<span class=\"screen-reader-text\"> &ldquo;Su i\u00e7inde do\u011fum&rdquo;<\/span> &raquo;<\/a><\/p>\n","protected":false},"author":1,"featured_media":0,"parent":100,"menu_order":14,"comment_status":"closed","ping_status":"closed","template":"","meta":{"footnotes":""},"class_list":["post-104","page","type-page","status-publish","hentry"],"_links":{"self":[{"href":"https:\/\/painfreebirthing.com\/turk\/wp-json\/wp\/v2\/pages\/104","targetHints":{"allow":["GET"]}}],"collection":[{"href":"https:\/\/painfreebirthing.com\/turk\/wp-json\/wp\/v2\/pages"}],"about":[{"href":"https:\/\/painfreebirthing.com\/turk\/wp-json\/wp\/v2\/types\/page"}],"author":[{"embeddable":true,"href":"https:\/\/painfreebirthing.com\/turk\/wp-json\/wp\/v2\/users\/1"}],"replies":[{"embeddable":true,"href":"https:\/\/painfreebirthing.com\/turk\/wp-json\/wp\/v2\/comments?post=104"}],"version-history":[{"count":0,"href":"https:\/\/painfreebirthing.com\/turk\/wp-json\/wp\/v2\/pages\/104\/revisions"}],"up":[{"embeddable":true,"href":"https:\/\/painfreebirthing.com\/turk\/wp-json\/wp\/v2\/pages\/100"}],"wp:attachment":[{"href":"https:\/\/painfreebirthing.com\/turk\/wp-json\/wp\/v2\/media?parent=104"}],"curies":[{"name":"wp","href":"https:\/\/api.w.org\/{rel}","templated":true}]}}