{"id":103,"date":"2023-07-29T19:56:33","date_gmt":"2023-07-29T19:56:33","guid":{"rendered":"https:\/\/painfreebirthing.com\/turk\/agrisiz-dogumda-alternatif-metodlar\/lamaze\/"},"modified":"2023-07-29T19:56:33","modified_gmt":"2023-07-29T19:56:33","slug":"lamaze","status":"publish","type":"page","link":"https:\/\/painfreebirthing.com\/turk\/agrisiz-dogumda-alternatif-metodlar\/lamaze\/","title":{"rendered":"Lamaze"},"content":{"rendered":"<table>\n<tbody>\n<tr>\n<td><font face=\"Tahoma, arial, verdana\" size=\"3\"><\/p>\n<p>Lamaze da baz\u0131 kad\u0131nlar taraf\u0131ndan kullan\u0131lan di\u011fer bir tekniktir. Dr. Grantley Dick Read bilgi ve rahatlama yoluyla do\u011fum a\u011fr\u0131s\u0131 ve korkusunu azaltarak do\u011fal yolla do\u011fumu kad\u0131nlarda te\u015fvik etmi\u015ftir. Dr. Lamaze da kad\u0131nlar\u0131 ila\u00e7 almadan normal do\u011fuma te\u015fvik etmek i\u00e7in, bunu baz\u0131 basit stratejilerle ilerletmi\u015ftir. Dr. Lamaze\u2019nin do\u011fum metodu olan Psikoproflaksi, devaml\u0131 travay deste\u011fi, gev\u015feme ve nefes alma stratejileri i\u00e7ermektedir. Lamaze kontroll\u00fc ve kondisyonlu solunum egzersizlerinin annenin kas\u0131lma a\u011fr\u0131lar\u0131n\u0131 alg\u0131lamas\u0131n\u0131 engellemede etkili oldu\u011funa inanm\u0131\u015ft\u0131r.<\/font><\/p>\n<p><span lang=\"TR\" style=\"font-size: 12pt; font-family: Tahoma; \">Detayl\u0131 bilgi i\u00e7in:&nbsp;<a target=\"_blank\" href=\"http:\/\/www.lamaze.com\/\" style=\"color: blue; text-decoration: underline;  \" rel=\"noopener\">www.lamaze-childbirth.com<\/a>&nbsp;veya&nbsp;<a target=\"_blank\" href=\"http:\/\/lamaze-childbirth.com\/2000\/JPEextend.html\" style=\"color: blue; text-decoration: underline;  \" rel=\"noopener\">http:\/\/lamaze-childbirth.com\/2000\/JPEextend.html<\/a>&nbsp;&nbsp;<\/span><\/p>\n<p>&nbsp;<\/p>\n<p>&nbsp;<\/p>\n<\/td>\n<\/tr>\n<tr>\n<td>\n<p align=\"center\"><font face=\"Tahoma\">.<br \/><\/font><font face=\"Tahoma, arial, verdana\" size=\"3\"><span style=\"color: #000000; \">Bir sonraki b\u00f6l\u00fcm i\u00e7in t\u0131klay\u0131n\u0131z<\/span><\/font><br \/><b><a target=\"_parent\" href=\"\/agr%c4%b1s%c4%b1z-dogumda-alternatif-metodlar\/su-icinde-dogum\" rel=\"noopener\"><font face=\"Tahoma, arial, verdana\" >Su i\u00e7inde do\u011fum<\/font><\/a><\/b><\/p>\n<p align=\"center\"><\/p>\n<\/td>\n<\/tr>\n<\/tbody>\n<\/table>\n<p><span style=\"color: rgb(105, 105, 105); font-family: Tahoma, arial, verdana; font-weight: bold; font-size: medium;\"><br \/><\/span><\/p>\n<p style=\"margin-top: 10px; margin-bottom: 10px; color: rgb(105, 105, 105); font-family: Arial, 'Arial Unicode MS', Helvetica, sans-serif; font-weight: 400; background-color: rgba(255, 255, 255, 0.597656);\">&nbsp;<\/p>\n<p><\/p>\n","protected":false},"excerpt":{"rendered":"<p>Lamaze da baz\u0131 kad\u0131nlar taraf\u0131ndan kullan\u0131lan di\u011fer bir tekniktir. Dr. Grantley Dick Read bilgi ve rahatlama yoluyla do\u011fum a\u011fr\u0131s\u0131 ve korkusunu azaltarak do\u011fal yolla do\u011fumu kad\u0131nlarda te\u015fvik etmi\u015ftir. Dr. Lamaze da kad\u0131nlar\u0131 ila\u00e7 almadan normal do\u011fuma te\u015fvik etmek i\u00e7in, bunu baz\u0131 basit stratejilerle ilerletmi\u015ftir. Dr. Lamaze\u2019nin do\u011fum metodu olan Psikoproflaksi, devaml\u0131 travay deste\u011fi, gev\u015feme ve&#8230;<\/p>\n<p class=\"more-link-wrap\"><a href=\"https:\/\/painfreebirthing.com\/turk\/agrisiz-dogumda-alternatif-metodlar\/lamaze\/\" class=\"more-link\">Read More<span class=\"screen-reader-text\"> &ldquo;Lamaze&rdquo;<\/span> &raquo;<\/a><\/p>\n","protected":false},"author":1,"featured_media":0,"parent":100,"menu_order":13,"comment_status":"closed","ping_status":"closed","template":"","meta":{"footnotes":""},"class_list":["post-103","page","type-page","status-publish","hentry"],"_links":{"self":[{"href":"https:\/\/painfreebirthing.com\/turk\/wp-json\/wp\/v2\/pages\/103","targetHints":{"allow":["GET"]}}],"collection":[{"href":"https:\/\/painfreebirthing.com\/turk\/wp-json\/wp\/v2\/pages"}],"about":[{"href":"https:\/\/painfreebirthing.com\/turk\/wp-json\/wp\/v2\/types\/page"}],"author":[{"embeddable":true,"href":"https:\/\/painfreebirthing.com\/turk\/wp-json\/wp\/v2\/users\/1"}],"replies":[{"embeddable":true,"href":"https:\/\/painfreebirthing.com\/turk\/wp-json\/wp\/v2\/comments?post=103"}],"version-history":[{"count":0,"href":"https:\/\/painfreebirthing.com\/turk\/wp-json\/wp\/v2\/pages\/103\/revisions"}],"up":[{"embeddable":true,"href":"https:\/\/painfreebirthing.com\/turk\/wp-json\/wp\/v2\/pages\/100"}],"wp:attachment":[{"href":"https:\/\/painfreebirthing.com\/turk\/wp-json\/wp\/v2\/media?parent=103"}],"curies":[{"name":"wp","href":"https:\/\/api.w.org\/{rel}","templated":true}]}}