{"id":101,"date":"2023-07-29T19:56:31","date_gmt":"2023-07-29T19:56:31","guid":{"rendered":"https:\/\/painfreebirthing.com\/turk\/agrisiz-dogumda-alternatif-metodlar\/aromaterapi\/"},"modified":"2023-07-29T19:56:31","modified_gmt":"2023-07-29T19:56:31","slug":"aromaterapi","status":"publish","type":"page","link":"https:\/\/painfreebirthing.com\/turk\/agrisiz-dogumda-alternatif-metodlar\/aromaterapi\/","title":{"rendered":"Aromaterapi"},"content":{"rendered":"<p align=\"center\" style=\"margin-top: 10px; margin-bottom: 10px; color: rgb(105, 105, 105); font-family: Arial, 'Arial Unicode MS', Helvetica, sans-serif; font-weight: 400; background-color: rgba(255, 255, 255, 0.597656);\"><img loading=\"lazy\" decoding=\"async\" border=\"0\" src=\"http:\/\/painfreebirthing.com\/Images\/aroma.jpg\" width=\"332\" height=\"153\" class=\"\"><\/p>\n<p align=\"left\" style=\"margin-top: 10px; margin-bottom: 10px; color: rgb(105, 105, 105); font-weight: 400; background-color: rgba(255, 255, 255, 0.59375); \"><span style=\"font-family: Tahoma, arial, verdana; font-size: medium;\"><br \/><\/span><\/p>\n<table border=\"0\" width=\"100%\">\n<tbody>\n<tr>\n<td align=\"center\">\n<p align=\"left\"><font size=\"3\" face=\"Tahoma\">A<span style=\"color: #000000; \">romaterapi travay s\u0131ras\u0131nda stresi azaltmas\u0131 nedeniyle son d\u00f6nemlerde dikkatleri \u00e7ekmi\u015ftir. G\u00fcn ge\u00e7tik\u00e7e daha \u00e7ok kad\u0131n duygusal fakt\u00f6rlerle ba\u015fa \u00e7\u0131kmak i\u00e7in travayda aromaterapiye d\u00f6nm\u00fc\u015ft\u00fcr. A\u011fr\u0131y\u0131 direkt veya indirekt yolla azaltma s\u00f6z konusu de\u011fildir. Ancak aromaterapi stresi azaltarak a\u011fr\u0131y\u0131 daha katlan\u0131l\u0131r hale getirmektedir. Baz\u0131lar\u0131, aromaterapinin yard\u0131mc\u0131 personelde de stresi azaltt\u0131\u011f\u0131n\u0131 ve ortam\u0131 iyile\u015ftirdi\u011fini ileri s\u00fcrm\u00fc\u015ft\u00fcr.<\/span><\/font><\/p>\n<p align=\"left\"><font size=\"3\" face=\"Tahoma\"><span style=\"color: #000000; \">Teknik; g\u00fcl, lavanta, neroli, ada\u00e7ay\u0131 ve benzerlerinin esansiyel ya\u011flar\u0131n\u0131n banyoya, y\u00fcze, masaj ya\u011flar\u0131na konulmas\u0131n\u0131 veya direkt olarak travaydaki annenin cildine s\u00fcr\u00fclmesini i\u00e7erir. Pek \u00e7o\u011fu, travay\u0131n farkl\u0131 evreleri i\u00e7in farkl\u0131 ya\u011flar\u0131n kullan\u0131lmas\u0131n\u0131 tavsiye etmektedir. Bebe\u011fin ini\u015fi ba\u015flamadan \u00f6nce travay\u0131n ilk evresinde sakinle\u015ftirici ya\u011f\u0131n kullan\u0131lmas\u0131 pek \u00e7o\u011fu taraf\u0131ndan \u00f6nerilmektedir. Bebe\u011fin ini\u015fi ve do\u011fumunun ger\u00e7ekle\u015fti\u011fi ikinci evrede ise nane ya\u011f\u0131n\u0131n g\u00fc\u00e7 hissi verdi\u011fi bulunmu\u015ftur. A\u015fa\u011f\u0131da s\u0131k kullan\u0131lan ya\u011flar ve ileri s\u00fcr\u00fclen etkileri verilmi\u015ftir:<\/span><\/font><\/p>\n<p align=\"left\"><font size=\"3\" face=\"Tahoma\"><b><span style=\"color: #000000; \">Papatya<\/span><\/b>&nbsp;<span style=\"color: #000000; \">\u2013 Menstruasyon \u00f6ncesi a\u011fr\u0131da ve gerilimde sakinle\u015ftirici etki, sindirim g\u00fc\u00e7l\u00fc\u011f\u00fc, hafif antiallerjik, rinit, akne, egzema, ve di\u011fer duyarl\u0131 cilt rahats\u0131zl\u0131klar\u0131<\/span><\/font><\/p>\n<p align=\"left\"><font size=\"3\" face=\"Tahoma\"><b><span style=\"color: #000000; \">Okalipt\u00fcs<\/span><\/b>&nbsp;<span style=\"color: #000000; \">\u2013 \u00d6ks\u00fcr\u00fck, so\u011fuk alg\u0131nl\u0131\u011f\u0131, bron\u015fit, viral enfeksiyonlar, kas a\u011fr\u0131lar\u0131, romatizmal rahats\u0131zl\u0131klarda etkili antiseptik<\/span><\/font><\/p>\n<p align=\"left\"><font size=\"3\" face=\"Tahoma\"><b><span style=\"color: #000000; \">Germanium<\/span><\/b>&nbsp;<span style=\"color: #000000; \">\u2013kesi ve yaralanmalarda, mantar enfeksiyonlar\u0131nda yararl\u0131 hafif s\u0131k\u0131\u015ft\u0131r\u0131c\u0131, b\u00f6cek savar, egzema, yaralanma gibi cilt problemlerini rahatlat\u0131c\u0131, hafif derecde idrar s\u00f6kt\u00fcr\u00fcc\u00fc, antidepresan.<\/span><\/font><\/p>\n<p align=\"left\"><font size=\"3\" face=\"Tahoma\"><b><span style=\"color: #000000; \">Lavanta<\/span><\/b>&nbsp;<span style=\"color: #000000; \">\u2013 Yaralanma, ezilme ve ba\u015fa\u011fr\u0131s\u0131nda yararl\u0131 hafif analjezik, antiseptik, b\u00f6cek sokmalar\u0131, ya\u011fl\u0131 cilt, akne, \u015fi\u015fme, insomnia (uykusuzluk\/uyuyamazl\u0131k) ve hafif antidepresan<\/span><\/font><\/p>\n<p align=\"left\"><font size=\"3\" face=\"Tahoma\"><b><span style=\"color: #000000; \">G\u00fcl<\/span><\/b>&nbsp;<span style=\"color: #000000; \">\u2013 Bo\u011faz ve sin\u00fcs a\u011fr\u0131s\u0131, \u015fi\u015flik, konjesyon da etkili antiseptik, hafif sedatif, insomnia, menstruasyon \u00f6ncesi a\u011fr\u0131 ve gerilim, menapoz, libido azl\u0131\u011f\u0131<\/span><\/font><\/p>\n<p align=\"left\"><font size=\"3\" face=\"Tahoma\"><b><span style=\"color: #000000; \">Biberiye<\/span>&nbsp;<\/b><span style=\"color: #000000; \">\u2013 Fizik ve mental yorgunlukta yararl\u0131 hafif uyar\u0131c\u0131, unutkanl\u0131k, solunum problemleri, ast\u0131m, romatizmal a\u011fr\u0131lar ve a\u011fr\u0131<\/span><\/font><\/p>\n<p align=\"left\"><font size=\"3\" face=\"Tahoma\"><b><span style=\"color: #000000; \">Sandala\u011fac\u0131 odunu<\/span>&nbsp;<\/b><span style=\"color: #000000; \">\u2013 Kuru ve \u00e7atlam\u0131\u015f ciltlerde, aknede yararl\u0131 antiseptik, meditasyon s\u0131ras\u0131nda sakinle\u015ftirici, afrodiziyak<\/span><\/font><\/p>\n<p align=\"left\"><font size=\"3\" face=\"Tahoma\"><b><span style=\"color: #000000; \">Mercank\u00f6\u015fk<\/span><\/b>&nbsp;<span style=\"color: #000000; \">\u2013 Menstruel a\u011fr\u0131da, ba\u015fa\u011fr\u0131s\u0131, bo\u011faz a\u011fr\u0131s\u0131nda yararl\u0131, hafif sedatif, insomnia, \u0131s\u0131t\u0131c\u0131, dola\u015f\u0131m\u0131 d\u00fczenleyici, akne<\/span><\/font><\/p>\n<p align=\"left\"><font size=\"3\" face=\"Tahoma\"><b><span style=\"color: #000000; \">Yasemin<\/span>&nbsp;<\/b><span style=\"color: #000000; \">\u2013 depresyonda yararl\u0131 antidepresan, postnatal (lohusal\u0131k) depresyon, do\u011fum s\u0131ras\u0131nda kas\u0131lmalar\u0131 g\u00fc\u00e7lendirici, afrodiziyak<\/span><\/font><\/p>\n<p align=\"left\"><font size=\"3\" face=\"Tahoma\"><b><span style=\"color: #000000; \">Neroli<\/span><\/b>&nbsp;<span style=\"color: #000000; \">\u2013 insomniada, kayg\u0131da, depresyonda etkili, hafif sedatif, hafif \u0131s\u0131t\u0131c\u0131, dola\u015f\u0131m\u0131 d\u00fczenleyici, akne, menstruasyon \u00f6ncesi a\u011fr\u0131 ve gerilimde, bel a\u011fr\u0131s\u0131<\/span><\/font><\/p>\n<p align=\"left\"><font size=\"3\" face=\"Tahoma\"><span style=\"color: #000000; \">(<\/span><a href=\"http:\/\/www.aworldofaromatherapy.xn--comden-5h0c\/\"><span style=\"color: #000000; \">www.aworldofaromatherapy.com\u2019den<\/span><\/a><span style=\"color: #000000; \">)<\/span><\/font><\/p>\n<p align=\"left\"><b><font size=\"3\" face=\"Tahoma\"><span style=\"color: #000000; \">S\u0131n\u0131rlamalar<\/span><\/font><\/b><\/p>\n<p align=\"left\"><font size=\"3\" face=\"Tahoma\"><span style=\"color: #000000; \">\u2022\tDirekt olarak a\u011fr\u0131y\u0131 gidermiyor.<\/span><\/font><\/p>\n<p align=\"left\"><font size=\"3\" face=\"Tahoma\"><span style=\"color: #000000; \">\u2022 Baz\u0131 kad\u0131nlarda belli ya\u011f preparatlar\u0131na kar\u015f\u0131 allerjik reaksiyon g\u00f6r\u00fclebilir.<\/span><\/font><\/p>\n<p align=\"left\"><font size=\"3\" face=\"Tahoma\"><span style=\"color: #000000; \">\u2022 Travaydaki pek \u00e7ok kad\u0131n do\u011fumdaki bulant\u0131 ve kusmay\u0131 tetikleyebilen belli kokulara duyarl\u0131d\u0131r.<\/span><\/font><\/p>\n<p align=\"left\"><font size=\"3\" face=\"Tahoma\"><span style=\"color: #000000; \">Travaydaki anneye yararl\u0131 oldu\u011funu g\u00f6steren iyi \u00e7al\u0131\u015fmalar bulunmad\u0131\u011f\u0131 halde, cok d\u00fc\u015f\u00fck risk ve maliyeti bulunan aromaterapi pek \u00e7ok travaydaki kad\u0131na ek bir y\u00f6ntem olmu\u015ftur. Do\u011fum \u00f6ncesinde annenin memnun edici ya\u011flar almas\u0131 ak\u0131ll\u0131ca olabilir. Bu, bulant\u0131 ve kusmay\u0131 tetikleyici kokular\u0131n kullan\u0131lmas\u0131n\u0131 \u00f6nlemeye yard\u0131mc\u0131 olabilir.<\/span><\/font><\/p>\n<p align=\"left\"><font size=\"3\" face=\"Tahoma\"><span style=\"color: #000000; \">Yukar\u0131daki bilgiler \u015fu yay\u0131nlardan elde edilmi\u015ftir. Aromaterapiyle ilgili daha fazla bilgi i\u00e7in bu yaz\u0131lar\u0131n okunmas\u0131n\u0131 ve obstetrisyeninizle tart\u0131\u015fman\u0131z\u0131 tavsiye ederiz.<\/span><\/font><\/p>\n<p align=\"left\"><font size=\"3\" face=\"Tahoma\"><span style=\"color: #000000; \">\u0130nternet adresleri:<\/span><\/font><\/p>\n<p align=\"left\"><font size=\"3\" face=\"Tahoma\"><span style=\"color: #000000; \">http:\/\/www.childbirthsolutions.com\/articles\/birth\/aromabirth\/index.php https:\/\/www.securewebexchange.com\/poyanaturals.com\/catalog\/default.php Murray Enkin, A Guide to Effe<\/span><\/font><\/p>\n<p align=\"left\">&nbsp;<\/p>\n<\/td>\n<\/tr>\n<tr>\n<td>\n<p><font face=\"Tahoma\"><span style=\"color: #000000; \">Murray Enkin, A Guide to Effective Care in Pregnancy and Childbirth, 3rd Ed., Oxford University Press, 2000 &nbsp;<\/span><\/font><\/p>\n<\/td>\n<\/tr>\n<tr>\n<td align=\"center\">\n<p style=\"text-align: center; \"><font face=\"Tahoma, arial, verdana\" size=\"3\"><span style=\"color: #000000; \">Bir sonraki b\u00f6l\u00fcm i\u00e7in t\u0131klay\u0131n\u0131z<\/span><\/font><\/p>\n<p style=\"text-align: center; \"><font face=\"Tahoma, arial, verdana\" size=\"3\"><b><a target=\"_parent\" href=\"\/agr%c4%b1s%c4%b1z-dogumda-alternatif-metodlar\/hipnoterapi\" rel=\"noopener\"><span style=\"color: rgb(0, 0, 0);  \">Hipnoterapi<\/span><\/a><\/b><\/font><\/p>\n<\/td>\n<\/tr>\n<\/tbody>\n<\/table>\n<p><\/p>\n","protected":false},"excerpt":{"rendered":"<p>Aromaterapi travay s\u0131ras\u0131nda stresi azaltmas\u0131 nedeniyle son d\u00f6nemlerde dikkatleri \u00e7ekmi\u015ftir. G\u00fcn ge\u00e7tik\u00e7e daha \u00e7ok kad\u0131n duygusal fakt\u00f6rlerle ba\u015fa \u00e7\u0131kmak i\u00e7in travayda aromaterapiye d\u00f6nm\u00fc\u015ft\u00fcr. A\u011fr\u0131y\u0131 direkt veya indirekt yolla azaltma s\u00f6z konusu de\u011fildir. Ancak aromaterapi stresi azaltarak a\u011fr\u0131y\u0131 daha katlan\u0131l\u0131r hale getirmektedir. Baz\u0131lar\u0131, aromaterapinin yard\u0131mc\u0131 personelde de stresi azaltt\u0131\u011f\u0131n\u0131 ve ortam\u0131 iyile\u015ftirdi\u011fini ileri s\u00fcrm\u00fc\u015ft\u00fcr. Teknik; g\u00fcl,&#8230;<\/p>\n<p class=\"more-link-wrap\"><a href=\"https:\/\/painfreebirthing.com\/turk\/agrisiz-dogumda-alternatif-metodlar\/aromaterapi\/\" class=\"more-link\">Read More<span class=\"screen-reader-text\"> &ldquo;Aromaterapi&rdquo;<\/span> &raquo;<\/a><\/p>\n","protected":false},"author":1,"featured_media":0,"parent":100,"menu_order":11,"comment_status":"closed","ping_status":"closed","template":"","meta":{"footnotes":""},"class_list":["post-101","page","type-page","status-publish","hentry"],"_links":{"self":[{"href":"https:\/\/painfreebirthing.com\/turk\/wp-json\/wp\/v2\/pages\/101","targetHints":{"allow":["GET"]}}],"collection":[{"href":"https:\/\/painfreebirthing.com\/turk\/wp-json\/wp\/v2\/pages"}],"about":[{"href":"https:\/\/painfreebirthing.com\/turk\/wp-json\/wp\/v2\/types\/page"}],"author":[{"embeddable":true,"href":"https:\/\/painfreebirthing.com\/turk\/wp-json\/wp\/v2\/users\/1"}],"replies":[{"embeddable":true,"href":"https:\/\/painfreebirthing.com\/turk\/wp-json\/wp\/v2\/comments?post=101"}],"version-history":[{"count":0,"href":"https:\/\/painfreebirthing.com\/turk\/wp-json\/wp\/v2\/pages\/101\/revisions"}],"up":[{"embeddable":true,"href":"https:\/\/painfreebirthing.com\/turk\/wp-json\/wp\/v2\/pages\/100"}],"wp:attachment":[{"href":"https:\/\/painfreebirthing.com\/turk\/wp-json\/wp\/v2\/media?parent=101"}],"curies":[{"name":"wp","href":"https:\/\/api.w.org\/{rel}","templated":true}]}}