{"id":100,"date":"2023-07-29T19:56:30","date_gmt":"2023-07-29T19:56:30","guid":{"rendered":"https:\/\/painfreebirthing.com\/turk\/agrisiz-dogumda-alternatif-metodlar\/"},"modified":"2023-07-29T19:56:30","modified_gmt":"2023-07-29T19:56:30","slug":"agrisiz-dogumda-alternatif-metodlar","status":"publish","type":"page","link":"https:\/\/painfreebirthing.com\/turk\/agrisiz-dogumda-alternatif-metodlar\/","title":{"rendered":"A\u011fr\u0131s\u0131z Do\u011fumda Alternatif Metodlar"},"content":{"rendered":"<p align=\"left\" style=\"color: rgb(0, 0, 0); font-family: 'Times New Roman'; font-size: medium; font-weight: 400;\"><font face=\"Tahoma, arial, verdana\" size=\"3\">Annenin do\u011fumda ila\u00e7 veya rejyonel anestezi kullanmak istemedi\u011fi durumlar veya bu olanaklar\u0131n bulunmad\u0131\u011f\u0131 yerler vard\u0131r. Bu durumlarda, do\u011fum yapan annelerin do\u011fum a\u011fr\u0131s\u0131yla ba\u015f etmede yard\u0131mc\u0131 oldu\u011funu kabul ettikleri \u00e7e\u015fitli metodlar bulunmaktad\u0131r. Her metod hakk\u0131nda tan\u0131m ve detayl\u0131 bilgi i\u00e7eren ba\u011flant\u0131lar\u0131 vard\u0131r. \u0130yi ara\u015ft\u0131rmalara dayanan g\u00f6r\u00fc\u015fleri sa\u011flama \u00e7abas\u0131yla farmakolojik olmayan analjezi metodlar\u0131yla ilgili bilgileri \u00f6zetledik.&nbsp;<\/p>\n<p><a href=\"\/agr%c4%b1s%c4%b1z-dogumda-alternatif-metodlar\/aromaterapi\" target=\"_parent\" rel=\"noopener\">Aromaterapi<\/a><\/font><\/p>\n<p align=\"left\" style=\"color: rgb(0, 0, 0); font-family: 'Times New Roman'; font-size: medium; font-weight: 400;\"><font face=\"Tahoma, arial, verdana\" size=\"3\"><br \/><a target=\"_parent\" href=\"\/agr%c4%b1s%c4%b1z-dogumda-alternatif-metodlar\/hipnoterapi\" rel=\"noopener\">Hipnoterapi<\/a><\/font><\/p>\n<p align=\"left\" style=\"color: rgb(0, 0, 0); font-family: 'Times New Roman'; font-size: medium; font-weight: 400;\"><font face=\"Tahoma, arial, verdana\" size=\"3\"><br \/><a target=\"_parent\" href=\"\/agr%c4%b1s%c4%b1z-dogumda-alternatif-metodlar\/lamaze\" rel=\"noopener\">Lamaze<\/a><\/font><\/p>\n<p align=\"left\" style=\"color: rgb(0, 0, 0); font-family: 'Times New Roman'; font-size: medium; font-weight: 400;\"><font face=\"Tahoma, arial, verdana\" size=\"3\"><br \/><a target=\"_parent\" href=\"\/agr%c4%b1s%c4%b1z-dogumda-alternatif-metodlar\/su-icinde-dogum\" rel=\"noopener\">Su i\u00e7inde do\u011fum<\/a><\/font><\/p>\n<p align=\"left\" style=\"color: rgb(0, 0, 0); font-family: 'Times New Roman'; font-size: medium; font-weight: 400;\"><font face=\"Tahoma, arial, verdana\" size=\"3\"><br \/><a target=\"_parent\" href=\"\/agr%c4%b1s%c4%b1z-dogumda-alternatif-metodlar\/akupunktur\" rel=\"noopener\">Akupunktur<\/a><\/font><\/p>\n<p align=\"left\" style=\"color: rgb(0, 0, 0); font-family: 'Times New Roman'; font-size: medium; font-weight: 400;\"><font face=\"Tahoma, arial, verdana\" size=\"3\"><br \/><a target=\"_parent\" href=\"\/agr%c4%b1s%c4%b1z-dogumda-alternatif-metodlar\/transkutanoz-elektriksel-sinir-stimulasyonu-tens\" rel=\"noopener\">Transkutan\u00f6z Elektrik Stim\u00fclasyonu (TENS)<\/a><\/font><\/p>\n<p align=\"left\" style=\"color: rgb(0, 0, 0); font-family: 'Times New Roman'; font-size: medium; font-weight: 400;\"><font face=\"Tahoma, arial, verdana\" size=\"3\"><br \/><a target=\"_parent\" href=\"\/agr%c4%b1s%c4%b1z-dogumda-alternatif-metodlar\/dokunma-ve-masaj\" rel=\"noopener\">Dokunma ve Masaj<\/a><\/font><\/p>\n<p align=\"left\" style=\"color: rgb(0, 0, 0); font-family: 'Times New Roman'; font-size: medium; font-weight: 400;\"><font face=\"Tahoma, arial, verdana\" size=\"3\"><br \/><a href=\"\/agr%c4%b1s%c4%b1z-dogumda-alternatif-metodlar\/anne-hareketleri-ve-pozisyon-degisiklikleri\" target=\"_parent\" rel=\"noopener\">Do\u011fum s\u0131ras\u0131nda annenin hareketleri ve pozisyonu<\/a><\/font><\/p>\n<p><span style=\"border-collapse: collapse; color: rgb(15, 15, 15); font-family: Tahoma; font-size: 16px; -webkit-border-horizontal-spacing: 2px; -webkit-border-vertical-spacing: 2px;\"><br \/><\/span><\/p>\n","protected":false},"excerpt":{"rendered":"<p>Annenin do\u011fumda ila\u00e7 veya rejyonel anestezi kullanmak istemedi\u011fi durumlar veya bu olanaklar\u0131n bulunmad\u0131\u011f\u0131 yerler vard\u0131r. Bu durumlarda, do\u011fum yapan annelerin do\u011fum a\u011fr\u0131s\u0131yla ba\u015f etmede yard\u0131mc\u0131 oldu\u011funu kabul ettikleri \u00e7e\u015fitli metodlar bulunmaktad\u0131r. Her metod hakk\u0131nda tan\u0131m ve detayl\u0131 bilgi i\u00e7eren ba\u011flant\u0131lar\u0131 vard\u0131r. \u0130yi ara\u015ft\u0131rmalara dayanan g\u00f6r\u00fc\u015fleri sa\u011flama \u00e7abas\u0131yla farmakolojik olmayan analjezi metodlar\u0131yla ilgili bilgileri \u00f6zetledik.&nbsp; Aromaterapi&#8230;<\/p>\n<p class=\"more-link-wrap\"><a href=\"https:\/\/painfreebirthing.com\/turk\/agrisiz-dogumda-alternatif-metodlar\/\" class=\"more-link\">Read More<span class=\"screen-reader-text\"> &ldquo;A\u011fr\u0131s\u0131z Do\u011fumda Alternatif Metodlar&rdquo;<\/span> &raquo;<\/a><\/p>\n","protected":false},"author":1,"featured_media":0,"parent":0,"menu_order":10,"comment_status":"closed","ping_status":"closed","template":"","meta":{"footnotes":""},"class_list":["post-100","page","type-page","status-publish","hentry"],"_links":{"self":[{"href":"https:\/\/painfreebirthing.com\/turk\/wp-json\/wp\/v2\/pages\/100","targetHints":{"allow":["GET"]}}],"collection":[{"href":"https:\/\/painfreebirthing.com\/turk\/wp-json\/wp\/v2\/pages"}],"about":[{"href":"https:\/\/painfreebirthing.com\/turk\/wp-json\/wp\/v2\/types\/page"}],"author":[{"embeddable":true,"href":"https:\/\/painfreebirthing.com\/turk\/wp-json\/wp\/v2\/users\/1"}],"replies":[{"embeddable":true,"href":"https:\/\/painfreebirthing.com\/turk\/wp-json\/wp\/v2\/comments?post=100"}],"version-history":[{"count":0,"href":"https:\/\/painfreebirthing.com\/turk\/wp-json\/wp\/v2\/pages\/100\/revisions"}],"wp:attachment":[{"href":"https:\/\/painfreebirthing.com\/turk\/wp-json\/wp\/v2\/media?parent=100"}],"curies":[{"name":"wp","href":"https:\/\/api.w.org\/{rel}","templated":true}]}}