{"id":289,"date":"2023-07-08T15:12:54","date_gmt":"2023-07-08T15:12:54","guid":{"rendered":"https:\/\/painfreebirthing.com\/spn\/disclaimer\/"},"modified":"2023-07-08T15:12:54","modified_gmt":"2023-07-08T15:12:54","slug":"disclaimer","status":"publish","type":"page","link":"https:\/\/painfreebirthing.com\/spn\/disclaimer\/","title":{"rendered":"Disclaimer"},"content":{"rendered":"<p><span style=\"color: rgb(0, 0, 0); font-family: Verdana, Arial, Helvetica, sans-serif; font-size: medium; font-weight: 400; text-align: -webkit-left;\">Disclaimer<\/span><br style=\"color: rgb(0, 0, 0); font-family: Verdana, Arial, Helvetica, sans-serif; font-size: medium; font-weight: 400; text-align: -webkit-left;\"><span style=\"color: rgb(0, 0, 0); font-family: Verdana, Arial, Helvetica, sans-serif; font-size: medium; font-weight: 400; text-align: -webkit-left;\">Derechos de autor<\/span><br style=\"color: rgb(0, 0, 0); font-family: Verdana, Arial, Helvetica, sans-serif; font-size: medium; font-weight: 400; text-align: -webkit-left;\"><span style=\"color: rgb(0, 0, 0); font-family: Verdana, Arial, Helvetica, sans-serif; font-size: medium; font-weight: 400; text-align: -webkit-left;\">Painfreebirthing.com. Derechos reservados. La reproducci\u00f3n parcial o total en cualquier medio sin el debido consentimiento escrito por BSK esta totalmente prohibido.<\/span><br style=\"color: rgb(0, 0, 0); font-family: Verdana, Arial, Helvetica, sans-serif; font-size: medium; font-weight: 400; text-align: -webkit-left;\"><br style=\"color: rgb(0, 0, 0); font-family: Verdana, Arial, Helvetica, sans-serif; font-size: medium; font-weight: 400; text-align: -webkit-left;\"><span style=\"color: rgb(0, 0, 0); font-family: Verdana, Arial, Helvetica, sans-serif; font-size: medium; font-weight: 400; text-align: -webkit-left;\">No hay relaci\u00f3n medico paciente<\/span><br style=\"color: rgb(0, 0, 0); font-family: Verdana, Arial, Helvetica, sans-serif; font-size: medium; font-weight: 400; text-align: -webkit-left;\"><span style=\"color: rgb(0, 0, 0); font-family: Verdana, Arial, Helvetica, sans-serif; font-size: medium; font-weight: 400; text-align: -webkit-left;\">Si usted utiliza este medio, el usuario certifica que su inter\u00e9s no es el de entrar en una relaci\u00f3n medico paciente. Como tal, el usuario comprende y acepta que esta pagina no substituye, aumenta o reemplaza la relaci\u00f3n medico-paciente.<\/span><br style=\"color: rgb(0, 0, 0); font-family: Verdana, Arial, Helvetica, sans-serif; font-size: medium; font-weight: 400; text-align: -webkit-left;\"><br style=\"color: rgb(0, 0, 0); font-family: Verdana, Arial, Helvetica, sans-serif; font-size: medium; font-weight: 400; text-align: -webkit-left;\"><span style=\"color: rgb(0, 0, 0); font-family: Verdana, Arial, Helvetica, sans-serif; font-size: medium; font-weight: 400; text-align: -webkit-left;\">La informaci\u00f3n en Painfreebirthing.com tiene como objetivo el brindar informaci\u00f3n sobre los diferentes m\u00e9todos para aliviar el dolor durante el parto. No hay ninguna intenci\u00f3n de entrar en una relaci\u00f3n medico-paciente. BSK ha realizado grandes esfuerzos para asegurar que la informaci\u00f3n en esta pagina sea precisa y conforme a los est\u00e1ndares aceptados durante la preparaci\u00f3n de esta pagina. Sin embargo, los constantes cambios en la informaci\u00f3n como resultado de nuevas investigaciones, aspectos \u00fanicos en situaciones cl\u00ednicas individuales, y la posibilidad de error humano en la preparaci\u00f3n de esta revisi\u00f3n extensa requiere que el lector aplique su propio juicio cuando tome alguna decisi\u00f3n y , si es necesario, consultar y comparar informaci\u00f3n de otras fuentes. En particular, se aconseja al lector consultar a con su proveedor de salud y tomar las decisiones basadas en discusi\u00f3n y sugerencias de estos proveedores.<\/span><br style=\"color: rgb(0, 0, 0); font-family: Verdana, Arial, Helvetica, sans-serif; font-size: medium; font-weight: 400; text-align: -webkit-left;\"><br style=\"color: rgb(0, 0, 0); font-family: Verdana, Arial, Helvetica, sans-serif; font-size: medium; font-weight: 400; text-align: -webkit-left;\"><span style=\"color: rgb(0, 0, 0); font-family: Verdana, Arial, Helvetica, sans-serif; font-size: medium; font-weight: 400; text-align: -webkit-left;\">Disclaimer para patrocinadores comerciales<\/span><br style=\"color: rgb(0, 0, 0); font-family: Verdana, Arial, Helvetica, sans-serif; font-size: medium; font-weight: 400; text-align: -webkit-left;\"><br style=\"color: rgb(0, 0, 0); font-family: Verdana, Arial, Helvetica, sans-serif; font-size: medium; font-weight: 400; text-align: -webkit-left;\"><span style=\"color: rgb(0, 0, 0); font-family: Verdana, Arial, Helvetica, sans-serif; font-size: medium; font-weight: 400; text-align: -webkit-left;\">Painfreebirthing.com no tiene ning\u00fan soporte comercial, ni financiero o t\u00e9cnico, para producir y mantener esta pagina. Por lo tanto los patrocinadores comerciales no tienen ninguna influencia en el material incluido o excluido en el contenido en esta pagina.<\/span><br style=\"color: rgb(0, 0, 0); font-family: Verdana, Arial, Helvetica, sans-serif; font-size: medium; font-weight: 400; text-align: -webkit-left;\"><br style=\"color: rgb(0, 0, 0); font-family: Verdana, Arial, Helvetica, sans-serif; font-size: medium; font-weight: 400; text-align: -webkit-left;\"><span style=\"color: rgb(0, 0, 0); font-family: Verdana, Arial, Helvetica, sans-serif; font-size: medium; font-weight: 400; text-align: -webkit-left;\">Errores y Omisiones<\/span><br style=\"color: rgb(0, 0, 0); font-family: Verdana, Arial, Helvetica, sans-serif; font-size: medium; font-weight: 400; text-align: -webkit-left;\"><br style=\"color: rgb(0, 0, 0); font-family: Verdana, Arial, Helvetica, sans-serif; font-size: medium; font-weight: 400; text-align: -webkit-left;\"><span style=\"color: rgb(0, 0, 0); font-family: Verdana, Arial, Helvetica, sans-serif; font-size: medium; font-weight: 400; text-align: -webkit-left;\">Esta pagina es realizada por BSK. Basada en un principio \u201ccomo es\u201d y \u201ccomo esta\u201d.<\/span><br style=\"color: rgb(0, 0, 0); font-family: Verdana, Arial, Helvetica, sans-serif; font-size: medium; font-weight: 400; text-align: -webkit-left;\"><span style=\"color: rgb(0, 0, 0); font-family: Verdana, Arial, Helvetica, sans-serif; font-size: medium; font-weight: 400; text-align: -webkit-left;\">PFB.com no hace ninguna representaci\u00f3n o garant\u00edas de ning\u00fan tipo, explicitas o implicadas, en la operaci\u00f3n, el contenido, la informaci\u00f3n incluidas en esta pagina. En toda la extensi\u00f3n permitida y aplicable por ley, BSK de PSB.com deniega todas las garant\u00edas, explicitas o implicadas, incluidas pero no limitadas a garant\u00edas para mercadeo y ajuste para prop\u00f3sitos particulares. BSK of PFB.com no podr\u00e1 ser responsable por ning\u00fan da\u00f1o de ning\u00fan tipo como consecuencia del uso de esta pagina, incluida pero no limitada a danos directos, indirectos, incidentales o punitivos. Ninguna sugerencia verbal o escrita dada por BSK creara ninguna garant\u00eda.<\/span><br style=\"color: rgb(0, 0, 0); font-family: Verdana, Arial, Helvetica, sans-serif; font-size: medium; font-weight: 400; text-align: -webkit-left;\"><br style=\"color: rgb(0, 0, 0); font-family: Verdana, Arial, Helvetica, sans-serif; font-size: medium; font-weight: 400; text-align: -webkit-left;\"><span style=\"color: rgb(0, 0, 0); font-family: Verdana, Arial, Helvetica, sans-serif; font-size: medium; font-weight: 400; text-align: -webkit-left;\">Bajo ninguna circunstancia BSK de PFB.com podr\u00e1 ser responsable por ning\u00fan da\u00f1o directo, indirecto, especial o consecuente como resultado de fallas t\u00e9cnicas, de hardware o software de ning\u00fan tipo: desconeccion o perdida de coneccion en red; o transmision lenta o retrasada del servidor.<\/span><br style=\"color: rgb(0, 0, 0); font-family: Verdana, Arial, Helvetica, sans-serif; font-size: medium; font-weight: 400; text-align: -webkit-left;\"><br style=\"color: rgb(0, 0, 0); font-family: Verdana, Arial, Helvetica, sans-serif; font-size: medium; font-weight: 400; text-align: -webkit-left;\"><span style=\"color: rgb(0, 0, 0); font-family: Verdana, Arial, Helvetica, sans-serif; font-size: medium; font-weight: 400; text-align: -webkit-left;\">Leyes Aplicables<\/span><br style=\"color: rgb(0, 0, 0); font-family: Verdana, Arial, Helvetica, sans-serif; font-size: medium; font-weight: 400; text-align: -webkit-left;\"><br style=\"color: rgb(0, 0, 0); font-family: Verdana, Arial, Helvetica, sans-serif; font-size: medium; font-weight: 400; text-align: -webkit-left;\"><span style=\"color: rgb(0, 0, 0); font-family: Verdana, Arial, Helvetica, sans-serif; font-size: medium; font-weight: 400; text-align: -webkit-left;\">Esta pagina es creada y controlada por BSK en Massachussets. Como tal, estas denegaciones, t\u00e9rminos y condiciones, est\u00e1n regidos bajo las leyes de Massachussets. BSK se reserva el derecho de realizar cambios a esta pagina estas denegaciones, t\u00e9rminos y condiciones en cualquier momento.<\/span><\/p>\n","protected":false},"excerpt":{"rendered":"<p>DisclaimerDerechos de autorPainfreebirthing.com. Derechos reservados. La reproducci\u00f3n parcial o total en cualquier medio sin el debido consentimiento escrito por BSK esta totalmente prohibido.No hay relaci\u00f3n medico pacienteSi usted utiliza este medio, el usuario certifica que su inter\u00e9s no es el de entrar en una relaci\u00f3n medico paciente. Como tal, el usuario comprende y acepta que&#8230;<\/p>\n<p class=\"more-link-wrap\"><a href=\"https:\/\/painfreebirthing.com\/spn\/disclaimer\/\" class=\"more-link\">Read More<span class=\"screen-reader-text\"> &ldquo;Disclaimer&rdquo;<\/span> &raquo;<\/a><\/p>\n","protected":false},"author":1,"featured_media":0,"parent":0,"menu_order":54,"comment_status":"closed","ping_status":"closed","template":"","meta":{"footnotes":""},"class_list":["post-289","page","type-page","status-publish","hentry"],"_links":{"self":[{"href":"https:\/\/painfreebirthing.com\/spn\/wp-json\/wp\/v2\/pages\/289","targetHints":{"allow":["GET"]}}],"collection":[{"href":"https:\/\/painfreebirthing.com\/spn\/wp-json\/wp\/v2\/pages"}],"about":[{"href":"https:\/\/painfreebirthing.com\/spn\/wp-json\/wp\/v2\/types\/page"}],"author":[{"embeddable":true,"href":"https:\/\/painfreebirthing.com\/spn\/wp-json\/wp\/v2\/users\/1"}],"replies":[{"embeddable":true,"href":"https:\/\/painfreebirthing.com\/spn\/wp-json\/wp\/v2\/comments?post=289"}],"version-history":[{"count":0,"href":"https:\/\/painfreebirthing.com\/spn\/wp-json\/wp\/v2\/pages\/289\/revisions"}],"wp:attachment":[{"href":"https:\/\/painfreebirthing.com\/spn\/wp-json\/wp\/v2\/media?parent=289"}],"curies":[{"name":"wp","href":"https:\/\/api.w.org\/{rel}","templated":true}]}}