{"id":286,"date":"2023-07-08T15:12:51","date_gmt":"2023-07-08T15:12:51","guid":{"rendered":"https:\/\/painfreebirthing.com\/spn\/anestesia-para-cesarea\/anestesia-general\/"},"modified":"2023-07-08T15:12:51","modified_gmt":"2023-07-08T15:12:51","slug":"anestesia-general","status":"publish","type":"page","link":"https:\/\/painfreebirthing.com\/spn\/anestesia-para-cesarea\/anestesia-general\/","title":{"rendered":"General Anesthesia For Cesarean Delivery"},"content":{"rendered":"<p><b style=\"color: rgb(0, 0, 0); font-family: 'Times New Roman'; font-size: medium; text-align: start; \">\u00bf<\/b><font face=\"Tahoma\" style=\"color: rgb(0, 0, 0); font-size: medium; font-weight: 400; text-align: start; \"><b>Cu\u00e1ndo es usada la anestesia general?<\/b><\/font><\/p>\n<p style=\"color: rgb(0, 0, 0); font-family: 'Times New Roman'; font-size: medium; font-weight: 400; text-align: start; \"><font face=\"Tahoma\"><br \/>La anestesia general es usada cuando un bloqueo regional no es la mejor opci\u00f3n ya sea por razones medicas o alguna otra raz\u00f3n. Por ejemplo, cuando una ces\u00e1rea de urgencia es necesaria, y no hay tiempo suficiente para establecer anestesia regional. Algunas condiciones maternas tambi\u00e9n son contraindicaci\u00f3n para el uso de anestesia regional. Adem\u00e1s, la anestesia general se usa cuando la anestesia regional falla en proveer adecauda anestesia para la cirug\u00eda.<\/p>\n<p><b>\u00bfEs la anestesia general segura para el bebe?<\/b><\/p>\n<p>Los medicamentos usados para inducir y mantener la anestesia no son da\u00f1inos para el bebe. De hecho, tienen m\u00ednimo efecto anest\u00e9sico sobre el bebe. Esto es debido a que la cantidad de medicamento usado en la madre no alcanza el cerebro del bebe en las cantidades necesarias para dormirlo. Por lo tanto, aunque la madre este durmiendo, los bebes usualmente est\u00e1n llorando y activos. Sus signos vitales (respiraci\u00f3n, presi\u00f3n sangu\u00ednea, frecuencia cardiaca) pueden cambiar con la aplicaci\u00f3n de la anestesia. Su anestesi\u00f3logo cuidadosamente vigilara estos signos vitales y se asegurara que permanezcan dentro de los limites que aseguran su bienestar y el del bebe. Por lo tanto, la anestesia general no da\u00f1a al bebe. Sin embargo, las razones por las cuales es requerida la anestesia general, en vez de regional, (complicaciones medicas u obst\u00e9tricas) pueden tener efecto sobre el bebe.<\/p>\n<p>\u00bf<b>Que es la anestesia general y como es aplicada?<\/b><\/p>\n<p>La anesthesia general implica el administrar medicamentos intravenosos. El resultado es una r\u00e1pida perdida de la conciencia.<br \/>Usted va a ser llevada a la sala de operaciones donde los monitores para sus signos vitales le van a ser colocados. Estos incluyen un tensi\u00f3metro, un monitor para el oxigeno, y un monitor de la frecuencia cardiaca. Usted va a estar acostada boca arriba con el abdomen hacia un lado. Despu\u00e9s le colocaran sobre la boca y nariz una mascara con oxigeno. Poco despu\u00e9s le inyectaran los medicamentos intravenosos y usted se dormir\u00e1.<br \/>Como su habilidad para respirar va a estar alterada, va a ser necesario colocar un tubo para respirar en su boca una vez usted este dormida. Este tubo va a estar en la traquea hasta los pulmones. Esto le va a permitir al anestesi\u00f3logo controlar su respiraci\u00f3n y asegurar que usted y su bebe est\u00e1n recibiendo adecuado oxigeno. El tubo tambi\u00e9n protege sus pulmones de cualquier regurgitaci\u00f3n del contenido del estomago hacia los pulmones. Una vez el tubo para respirar se encuentre en su lugar usted respirara un gas especial que la mantendr\u00e1 dormida por el resto de la cirug\u00eda. Medicamentos para el dolor le ser\u00e1n administrados intravenosos para asegurar que va a estar confortable cuando se despierte.<br \/>Cuando la cirug\u00eda se acaba, se revierten las medicaciones para despertarla, su habilidad para respirar por si misma tambi\u00e9n regresa. Cuando este despierta, se retirara el tubo y una mascara con oxigeno le ser\u00e1 colocada en la cara.<\/font><\/p>\n<table border=\"0\" width=\"100%\" height=\"200\">\n<tbody>\n<tr>\n<td><font face=\"Tahoma, arial, verdana\" size=\"3\"><b><\/b><\/font><\/p>\n<p style=\"margin-top: 10px; margin-bottom: 10px; \"><font face=\"Tahoma, arial, verdana\" size=\"3\"><\/font><\/p>\n<p style=\"margin-top: 10px; margin-bottom: 10px; \"><font face=\"Tahoma, arial, verdana\" size=\"3\"><b><\/b><\/font><\/p>\n<p style=\"margin-top: 10px; margin-bottom: 10px; \"><font face=\"Tahoma, arial, verdana\" size=\"3\"><span style=\"color: rgb(20, 20, 20); \"><\/span><\/font><\/p>\n<\/td>\n<\/tr>\n<tr>\n<td align=\"center\"><b>&nbsp;<\/b><\/td>\n<\/tr>\n<tr>\n<td align=\"center\"><\/td>\n<\/tr>\n<tr>\n<td align=\"center\" style=\"text-align: center; \"><img loading=\"lazy\" decoding=\"async\" width=\"432\" height=\"288\" alt=\"\" class=\"art-lightbox\" src=\"https:\/\/painfreebirthing.com\/spn\/wp-content\/uploads\/2023\/07\/csga.gif\" ><\/td>\n<\/tr>\n<tr>\n<td align=\"left\">\n<p style=\"color: rgb(0, 0, 0); font-family: Tahoma, arial, verdana; font-size: medium; font-weight: 400; text-align: -webkit-left; \"><b>\u00bfCu\u00e1l es el mayor riesgo de la anestesia general?<\/b><br \/>Una de las condiciones que causa mayor preocupaci\u00f3n al administrar anestesia general es el saber si hay l\u00edquidos o comida en el estomago de la madre. Durante el periodo de inconsciencia la madre puede \u201caspirar\u201d, osea que los contenidos del estomago suban por el es\u00f3fago y terminen en los pulmones. En los pulmones estos pueden causar dificultades respiratorias y neumon\u00eda ( vea la seccion Puedo comer o tomar durante el parto). Por lo tanto su anestesi\u00f3logo toma precauciones extras para proteger sus pulmones. Estas incluyen las siguientes: darle un anti\u00e1cido para neutralizar el \u00e1cido del estomago, y colocar un tubo para respirar en la boca hasta los pulmones despu\u00e9s de que usted este bajo anestesia. Mientras usted se duerme puede sentir los dedos del asistente por debajo de la manzana de Ad\u00e1n ( en el cuello). Esta maniobra se realiza para minimizar el riesgo de que el contenido del estomago llegue a los pulmones antes de que el tubo para respirar sea colocado.<\/p>\n<p><b>\u00bfMe acordare de algo si estoy dormida para la operaci\u00f3n?<\/b><\/p>\n<p>Usted no recordara ninguno de los eventos que sucedan mientras ese bajo efecto de la anestesia. Sin embargo algunos casos de recolecci\u00f3n de algunos eventos ha sido reportados como un hecho raro y aislado. Aunque se necesita alg\u00fan grado de conciencia antes de poder retirar el tubo para respirar, la mayor\u00eda de personas no recuerdan este evento.<\/p>\n<p align=\"center\" style=\"color: rgb(0, 0, 0); font-family: Tahoma, arial, verdana; font-size: medium; font-weight: 400; \">Hega Click<\/p>\n<p align=\"center\" style=\"color: rgb(0, 0, 0); font-family: Tahoma, arial, verdana; font-size: medium; font-weight: 400; \"><a href=\"\/anestesia-para-cesarea\/manejo-del-dolor-despues-de-cirugia\" target=\"_parent\" rel=\"noopener\">Manejo Del Dolor Despues De Cirugia<\/a><\/p>\n<p style=\"margin-top: 10px; margin-bottom: 10px; \"><font face=\"Tahoma, arial, verdana\" size=\"3\"><b><span style=\"color: rgb(0, 0, 0); \"><\/span><\/b><\/font><\/p>\n<p style=\"margin-top: 10px; margin-bottom: 10px; \"><font face=\"Tahoma, arial, verdana\" size=\"3\"><\/font><\/p>\n<p style=\"margin-top: 10px; margin-bottom: 10px; \"><font face=\"Tahoma, arial, verdana\" size=\"3\"><\/font><\/p>\n<p style=\"margin-top: 10px; margin-bottom: 10px; \"><font face=\"Tahoma, arial, verdana\" size=\"3\"><\/font><\/p>\n<p style=\"margin-top: 10px; margin-bottom: 10px; \"><font face=\"Tahoma, arial, verdana\" size=\"3\"><\/font><\/p>\n<p style=\"margin-top: 10px; margin-bottom: 10px; \"><font face=\"Tahoma, arial, verdana\" size=\"3\"><b><\/b><\/font><\/p>\n<p style=\"margin-top: 10px; margin-bottom: 10px; \"><font face=\"Tahoma, arial, verdana\" size=\"3\"><\/font><\/p>\n<p style=\"margin-top: 10px; margin-bottom: 10px; \"><font face=\"Tahoma, arial, verdana\" size=\"3\"><b><\/b><\/font><\/p>\n<p style=\"margin-top: 10px; margin-bottom: 10px; \"><font face=\"Tahoma, arial, verdana\" size=\"3\"><\/font><\/p>\n<p style=\"margin-top: 10px; margin-bottom: 10px; \"><font face=\"Tahoma, arial, verdana\" size=\"3\"><\/font><\/p>\n<p style=\"margin-top: 10px; margin-bottom: 10px; text-align: center; \"><a href=\"\/anesthesia-for-cesarean-delivery\/postoperative-pain-relief\" target=\"_parent\" rel=\"noopener\"><\/a><font face=\"Tahoma, arial, verdana\" size=\"3\"><span style=\"color: rgb(0, 0, 0); \"><\/span><\/font><\/p>\n<\/td>\n<\/tr>\n<\/tbody>\n<\/table>\n<p><\/p>\n","protected":false},"excerpt":{"rendered":"<p>\u00bfCu\u00e1ndo es usada la anestesia general? La anestesia general es usada cuando un bloqueo regional no es la mejor opci\u00f3n ya sea por razones medicas o alguna otra raz\u00f3n. Por ejemplo, cuando una ces\u00e1rea de urgencia es necesaria, y no hay tiempo suficiente para establecer anestesia regional. Algunas condiciones maternas tambi\u00e9n son contraindicaci\u00f3n para el&#8230;<\/p>\n<p class=\"more-link-wrap\"><a href=\"https:\/\/painfreebirthing.com\/spn\/anestesia-para-cesarea\/anestesia-general\/\" class=\"more-link\">Read More<span class=\"screen-reader-text\"> &ldquo;General Anesthesia For Cesarean Delivery&rdquo;<\/span> &raquo;<\/a><\/p>\n","protected":false},"author":1,"featured_media":0,"parent":284,"menu_order":51,"comment_status":"closed","ping_status":"closed","template":"","meta":{"footnotes":""},"class_list":["post-286","page","type-page","status-publish","hentry"],"_links":{"self":[{"href":"https:\/\/painfreebirthing.com\/spn\/wp-json\/wp\/v2\/pages\/286","targetHints":{"allow":["GET"]}}],"collection":[{"href":"https:\/\/painfreebirthing.com\/spn\/wp-json\/wp\/v2\/pages"}],"about":[{"href":"https:\/\/painfreebirthing.com\/spn\/wp-json\/wp\/v2\/types\/page"}],"author":[{"embeddable":true,"href":"https:\/\/painfreebirthing.com\/spn\/wp-json\/wp\/v2\/users\/1"}],"replies":[{"embeddable":true,"href":"https:\/\/painfreebirthing.com\/spn\/wp-json\/wp\/v2\/comments?post=286"}],"version-history":[{"count":0,"href":"https:\/\/painfreebirthing.com\/spn\/wp-json\/wp\/v2\/pages\/286\/revisions"}],"up":[{"embeddable":true,"href":"https:\/\/painfreebirthing.com\/spn\/wp-json\/wp\/v2\/pages\/284"}],"wp:attachment":[{"href":"https:\/\/painfreebirthing.com\/spn\/wp-json\/wp\/v2\/media?parent=286"}],"curies":[{"name":"wp","href":"https:\/\/api.w.org\/{rel}","templated":true}]}}