{"id":285,"date":"2023-07-08T15:12:50","date_gmt":"2023-07-08T15:12:50","guid":{"rendered":"https:\/\/painfreebirthing.com\/spn\/anestesia-para-cesarea\/espinal-raquidea-periduralcombinada\/"},"modified":"2023-07-08T15:12:50","modified_gmt":"2023-07-08T15:12:50","slug":"espinal-raquidea-periduralcombinada","status":"publish","type":"page","link":"https:\/\/painfreebirthing.com\/spn\/anestesia-para-cesarea\/espinal-raquidea-periduralcombinada\/","title":{"rendered":"Anestesia para ces\u00e1rea"},"content":{"rendered":"<table border=\"0\" width=\"100%\" height=\"200\">\n<tbody>\n<tr>\n<td width=\"100%\">\n<p style=\"color: rgb(0, 0, 0); font-size: medium; text-align: start; \"><span style=\"font-weight: bold; font-family: Tahoma;\">Espinal (Raquidea)\/ Peridural\/Combinada<\/span><font face=\"Tahoma\" style=\"font-family: 'Times New Roman'; font-weight: 400; \"><br \/><\/font><\/p>\n<p style=\"color: rgb(0, 0, 0); font-family: 'Times New Roman'; font-size: medium; font-weight: 400; text-align: start; \"><font face=\"Tahoma\"><br \/><\/font><\/p>\n<p style=\"color: rgb(0, 0, 0); font-family: 'Times New Roman'; font-size: medium; font-weight: 400; text-align: start; \"><font face=\"Tahoma\">Se realizan ces\u00e1reas en cerca de 1 de cada 5 embarazos. Esta puede ser planeada (ces\u00e1rea electiva), o puede ser una emergencia (cuando el bienestar de la madre o el bebe est\u00e1n en peligro). La ces\u00e1rea necesita anestesia. Esta puede ser regional o general. La elecci\u00f3n del tipo de anestesia depende de la situaci\u00f3n cl\u00ednica y de la condici\u00f3n medica de la madre y el bebe. El rol de su anestesi\u00f3logo en el de procurar que usted este c\u00f3moda y segura.<\/p>\n<p><b>\u00bfEs la anestesia segura para el bebe?<\/b><\/font><\/p>\n<p style=\"color: rgb(0, 0, 0); font-family: 'Times New Roman'; font-size: medium; font-weight: 400; text-align: start; \"><font face=\"Tahoma\"><br \/>Ambos tipos de anestesia general y regional son seguras y no tienen efectos significativos en el bebe. Los anestesi\u00f3logos especializados en obstetricia prefieren administrar anestesia regional cuando es posible ya que minimiza los riesgos de complicaciones con la v\u00eda a\u00e9rea. Es un tipo de anestesia segura y efectiva que le permite estar despierta y sin dolor durante su operaci\u00f3n. Durante ambas regional y general, los signos vitales y los monitores de rutina son empleados para asegurar su bienestar y el de su bebe.<\/p>\n<p>\u00bf<b>Es necesario estar en ayunas para la ces\u00e1rea?<\/b><\/font><\/p>\n<p style=\"color: rgb(0, 0, 0); font-family: 'Times New Roman'; font-size: medium; font-weight: 400; text-align: start; \"><font face=\"Tahoma\"><br \/>Antes de cualquier cirug\u00eda electiva, sin importar el tipo de anestesia que se va a administrar, el ayuno es necesario. (Puede consultar la seccion, \u00bfpuedo comer o beber durante el trabajo de parto?). Antes de la administraci\u00f3n de anestesia general o regional, le dar\u00e1n a tomar un anti\u00e1cido. Este es necesario para neutralizar el \u00e1cido del estomago. Esta precauci\u00f3n reduce el riesgo de da\u00f1o en el pulm\u00f3n en el caso en que la paciente vomite y este contenido vaya a los pulmones. Adem\u00e1s le pueden dar medicaciones intravenosas para prevenir nausea.<\/p>\n<p><b>\u00bfQue pasa si acabo de comer?<\/b><\/font><\/p>\n<p style=\"color: rgb(0, 0, 0); font-family: 'Times New Roman'; font-size: medium; font-weight: 400; text-align: start; \"><font face=\"Tahoma\"><br \/>En una situaci\u00f3n electiva, un periodo de mas o menos 8 horas de ayuno es necesario. La cirug\u00eda ser\u00e1 retrasada hasta que se cumpla este ayuno. En una situaci\u00f3n de emergencia, se toman algunas precauciones para minimizar el riesgo de aspiraci\u00f3n (contenido del estomago en los pulmones).<\/font><\/p>\n<p><font face=\"Tahoma, arial, verdana\" size=\"3\"><span style=\"color: rgb(20, 20, 20); \"><\/span><\/font><\/p>\n<p style=\"margin-top: 10px; margin-bottom: 10px; \"><font face=\"Tahoma, arial, verdana\" size=\"3\"><b><\/b><\/font><\/p>\n<p style=\"margin-top: 10px; margin-bottom: 10px; \"><font face=\"Tahoma, arial, verdana\" size=\"3\"><\/font><\/p>\n<p style=\"margin-top: 10px; margin-bottom: 10px; \"><font face=\"Tahoma, arial, verdana\" size=\"3\"><b><\/b><\/font><\/p>\n<p style=\"margin-top: 10px; margin-bottom: 10px; \"><font face=\"Tahoma, arial, verdana\" size=\"3\"><\/font><\/p>\n<p style=\"margin-top: 10px; margin-bottom: 10px; \"><font face=\"Tahoma, arial, verdana\" size=\"3\"><b><\/b><\/font><\/p>\n<p style=\"margin-top: 10px; margin-bottom: 10px; \"><font face=\"Tahoma, arial, verdana\" size=\"3\"><span style=\"color: rgb(20, 20, 20); \"><\/span><\/font><\/p>\n<\/td>\n<\/tr>\n<tr>\n<td align=\"center\"><span style=\"color: rgb(20, 20, 20); font-family: Tahoma, arial, verdana; font-weight: bold; font-size: medium;\"><br \/><\/span><\/td>\n<\/tr>\n<tr>\n<td align=\"center\"><\/td>\n<\/tr>\n<tr>\n<td align=\"center\" style=\"text-align: center; \"><img loading=\"lazy\" decoding=\"async\" width=\"288\" height=\"432\" alt=\"\" class=\"art-lightbox\" src=\"https:\/\/painfreebirthing.com\/spn\/wp-content\/uploads\/2023\/07\/spinalproc.gif\" ><\/td>\n<\/tr>\n<tr>\n<td>\n<p align=\"left\" style=\"color: rgb(0, 0, 0); font-family: Tahoma; font-size: medium; \"><span style=\"font-weight: bold;\">\u00bfQue es anestesia regional?<\/span><\/p>\n<p align=\"left\" style=\"color: rgb(0, 0, 0); font-family: Tahoma; font-size: medium; \">Espinal o raqu\u00eddea, perd\u00farales y t\u00e9cnica combinada espinal-peridural son todas t\u00e9cnicas regionales. Una seccion o regi\u00f3n del cuerpo es anestesiada por la dedicaci\u00f3n que es inyectada en el canal espinal. Las piernas, el abdomen y parte del t\u00f3rax ser\u00e1 anestesiado.<\/p>\n<p>\u00bfCu\u00e1l es la diferencia entre anestesia espinal, peridural y t\u00e9cnica combinada?<br \/>La medula espinal esta contenida en un saco lleno de liquido cefalorraqu\u00eddeo. El espacio alrededor de este saco es el espacio peridural (vea la seccion Anestesia Regional). La anestesia espinal requiere la inyecci\u00f3n de la anestesia local directamente dentro del liquido contenido en el saco. La peridural requiere la inyecci\u00f3n en el espacio por fuera del saco (espacio peridural). Espinales y peridurales tienen el mismo efecto (por ejemplo: Anestesiar una parte del cuerpo) por que ambas t\u00e9cnicas involucran anestesiar las ra\u00edces nerviosas cuando salen de la medula espinal. Como la espinal es mas \u201cdirecta\u201d, el efecto es inmediato. Espinal es usualmente la primera opci\u00f3n para ces\u00e1reas en mujeres que no est\u00e1n en trabajo de parto pero que necesitan ces\u00e1rea. La anestesia peridural tarda un poco mas en tener efecto, Usualmente se deja un cat\u00e9ter muy peque\u00f1o en el espacio peridural y por medio de este se administran dosis repetidas de anestesia por el tiempo que sea necesario. La peridural es la primera opci\u00f3n para el manejo del dolor en mujeres en trabajo de parto. La t\u00e9cnica combinada espinal peridural consiste en una inyecci\u00f3n espinal seguida de la peridural. Las ventajas son un r\u00e1pido efecto y la posibilidad de utilizar el cat\u00e9ter por el tiempo que sea necesario para el control del dolor.<\/p>\n<p><span style=\"font-weight: bold;\">\u00bfC\u00f3mo se administra la espinal o raqu\u00eddea?<\/span><br \/>El procedimiento es similar a la peridural para mujeres en trabajo de parto o para ces\u00e1rea (vea el diagrama). La diferencia radica en que la medicaci\u00f3n es inyectada directamente en el saco que contiene el liquido cefalorraqu\u00eddeo. Una aguja muy delgada es usada para disminuir el riesgo de dolor de cabeza despu\u00e9s de la anestesia.<\/p>\n<p><span style=\"font-weight: bold;\">\u00bfC\u00f3mo saber si la raqu\u00eddea esta funcionando?<\/span><\/p>\n<p>Muchas mujeres describen una inmediata sensaci\u00f3n de calor y hormigueo en las piernas y avanza hacia el abdomen. Luego sus piernas se le van a adormecer y volverse pesadas. Su habilidad para respirar va a estar intacta, pero la raqu\u00eddea tambi\u00e9n adormece los m\u00fasculos del pecho, por lo tanto la sensaci\u00f3n de no poder respirar es normal en los primeros segundos de la anestesia. Aunque usted este respirando normalmente, su cerebro no siente los movimientos del pecho debido a que est\u00e1n anestesiados, mientras usted tenga fuerza en las manos y pueda hablar, usted va a poder respirar sin problema. Recuerde que el anestesi\u00f3logo esta siempre vigilando su respiraci\u00f3n, el nivel de oxigeno de la sangre, la presi\u00f3n sangu\u00ednea y la frecuencia cardiaca. Despu\u00e9s de que la raqu\u00eddea es colocada, el anestesi\u00f3logo revisara el nivel de la anestesia examinando la extensi\u00f3n del bloqueo, es normal sentir el cuerpo dormido desde la parte baja del pecho hasta los dedos de los pies. Este es considerado el nivel adecuado de anestesia para que no sienta dolor durante la cirug\u00eda.<\/p>\n<p><span style=\"font-weight: bold;\">\u00bfSe puede usar la peridural para la ces\u00e1rea?<\/span><\/p>\n<p>Algunas mujeres en trabajo de parto pueden eventualmente requerir ces\u00e1rea. Esta puede ser debido a factores no urgentes, (como falla en la progresi\u00f3n del cuello del \u00fatero), o causas urgentes (madre o el bebe est\u00e1n en riesgo). Si el cat\u00e9ter peridural hab\u00eda sido colocado con anticipaci\u00f3n y estaba funcionando correctamente, la mayor\u00eda del tiempo el anestesi\u00f3logo colocara una dosis adicional de medicamento por el cat\u00e9ter y este ser\u00e1 suficiente para la ces\u00e1rea. Como con la raqu\u00eddea, es normal sentir el cuerpo dormido desde el pecho hasta los pies. Si la peridural no funciona, puede ser reemplazada, o una raqu\u00eddea o anestesia general pueden ser usadas. Todo depende de la urgencia de la situaci\u00f3n. Sin embargo esto es poco com\u00fan.<\/p>\n<p><span style=\"font-weight: bold;\">\u00bfSentir\u00e9 algo si estoy despierta para la operaci\u00f3n?<\/span><\/p>\n<p>Con una raqu\u00eddea o peridural usted no va a sentir ning\u00fan dolor durante la operaci\u00f3n. Al estar despierta usted puede sentir algunos movimientos de su cuerpo cuando el obstetra esta separando los m\u00fasculos del abdomen, pero no va a asentir dolor. Adem\u00e1s puede sentir presi\u00f3n en el pecho cuando el obstetra presione su abdomen para sacar al bebe.<br \/>&nbsp;<\/p>\n<p align=\"center\" style=\"color: rgb(0, 0, 0); font-family: Tahoma; font-size: medium; font-weight: 400; \">Hega Click<\/p>\n<p align=\"center\" style=\"color: rgb(0, 0, 0); font-family: Tahoma; font-size: medium; font-weight: 400; \"><a target=\"_parent\" href=\"\/anestesia-para-cesarea\/anestesia-general\" style=\"font-family: Tahoma; font-size: small; font-weight: 400; text-align: start; background-color: rgb(255, 255, 255); \" rel=\"noopener\">Anestesia General&nbsp;<\/a><a target=\"main\" href=\"http:\/\/www.painfreebirthing.com\/spanish\/csgasp.htm\" style=\"font-family: Tahoma; font-size: small; font-weight: 400; text-align: start; background-color: rgb(255, 255, 255);  \" rel=\"noopener\"><\/a><\/p>\n<p><font face=\"Tahoma, arial, verdana\" size=\"3\"><b><span style=\"color: rgb(20, 20, 20); \"><\/span><\/b><\/font><\/p>\n<p style=\"margin-top: 10px; margin-bottom: 10px; \"><font face=\"Tahoma, arial, verdana\" size=\"3\"><\/font><\/p>\n<p style=\"margin-top: 10px; margin-bottom: 10px; \"><font face=\"Tahoma, arial, verdana\" size=\"3\"><b><\/b><\/font><\/p>\n<p style=\"margin-top: 10px; margin-bottom: 10px; \"><font face=\"Tahoma, arial, verdana\" size=\"3\"><\/font><\/p>\n<p style=\"margin-top: 10px; margin-bottom: 10px; \"><font face=\"Tahoma, arial, verdana\" size=\"3\"><b><\/b><\/font><\/p>\n<p style=\"margin-top: 10px; margin-bottom: 10px; \"><font face=\"Tahoma, arial, verdana\" size=\"3\"><\/font><\/p>\n<p style=\"margin-top: 10px; margin-bottom: 10px; \"><font face=\"Tahoma, arial, verdana\" size=\"3\"><b><\/b><\/font><\/p>\n<p style=\"margin-top: 10px; margin-bottom: 10px; \"><font face=\"Tahoma, arial, verdana\" size=\"3\"><\/font><\/p>\n<p style=\"margin-top: 10px; margin-bottom: 10px; \"><font face=\"Tahoma, arial, verdana\" size=\"3\"><\/font><\/p>\n<p style=\"margin-top: 10px; margin-bottom: 10px; \"><font face=\"Tahoma, arial, verdana\" size=\"3\"><\/font><\/p>\n<p style=\"margin-top: 10px; margin-bottom: 10px; \"><font face=\"Tahoma, arial, verdana\" size=\"3\"><\/font><\/p>\n<p style=\"margin-top: 10px; margin-bottom: 10px; \"><font face=\"Tahoma, arial, verdana\" size=\"3\"><\/font><\/p>\n<p style=\"margin-top: 10px; margin-bottom: 10px; \"><font face=\"Tahoma, arial, verdana\" size=\"3\"><\/font><\/p>\n<p style=\"margin-top: 10px; margin-bottom: 10px; text-align: center; \"><span style=\"color: rgb(20, 20, 20); font-family: Tahoma; font-size: medium;\"><\/span><\/p>\n<\/td>\n<\/tr>\n<\/tbody>\n<\/table>\n<p><span style=\"color: rgb(0, 0, 0);\"><br \/><\/span><\/p>\n","protected":false},"excerpt":{"rendered":"<p>Espinal (Raquidea)\/ Peridural\/Combinada Se realizan ces\u00e1reas en cerca de 1 de cada 5 embarazos. Esta puede ser planeada (ces\u00e1rea electiva), o puede ser una emergencia (cuando el bienestar de la madre o el bebe est\u00e1n en peligro). La ces\u00e1rea necesita anestesia. Esta puede ser regional o general. La elecci\u00f3n del tipo de anestesia depende de&#8230;<\/p>\n<p class=\"more-link-wrap\"><a href=\"https:\/\/painfreebirthing.com\/spn\/anestesia-para-cesarea\/espinal-raquidea-periduralcombinada\/\" class=\"more-link\">Read More<span class=\"screen-reader-text\"> &ldquo;Anestesia para ces\u00e1rea&rdquo;<\/span> &raquo;<\/a><\/p>\n","protected":false},"author":1,"featured_media":0,"parent":284,"menu_order":50,"comment_status":"closed","ping_status":"closed","template":"","meta":{"footnotes":""},"class_list":["post-285","page","type-page","status-publish","hentry"],"_links":{"self":[{"href":"https:\/\/painfreebirthing.com\/spn\/wp-json\/wp\/v2\/pages\/285","targetHints":{"allow":["GET"]}}],"collection":[{"href":"https:\/\/painfreebirthing.com\/spn\/wp-json\/wp\/v2\/pages"}],"about":[{"href":"https:\/\/painfreebirthing.com\/spn\/wp-json\/wp\/v2\/types\/page"}],"author":[{"embeddable":true,"href":"https:\/\/painfreebirthing.com\/spn\/wp-json\/wp\/v2\/users\/1"}],"replies":[{"embeddable":true,"href":"https:\/\/painfreebirthing.com\/spn\/wp-json\/wp\/v2\/comments?post=285"}],"version-history":[{"count":0,"href":"https:\/\/painfreebirthing.com\/spn\/wp-json\/wp\/v2\/pages\/285\/revisions"}],"up":[{"embeddable":true,"href":"https:\/\/painfreebirthing.com\/spn\/wp-json\/wp\/v2\/pages\/284"}],"wp:attachment":[{"href":"https:\/\/painfreebirthing.com\/spn\/wp-json\/wp\/v2\/media?parent=285"}],"curies":[{"name":"wp","href":"https:\/\/api.w.org\/{rel}","templated":true}]}}