{"id":283,"date":"2023-07-08T15:12:48","date_gmt":"2023-07-08T15:12:48","guid":{"rendered":"https:\/\/painfreebirthing.com\/spn\/preguntas-freceuntes\/"},"modified":"2023-07-08T15:12:48","modified_gmt":"2023-07-08T15:12:48","slug":"preguntas-freceuntes","status":"publish","type":"page","link":"https:\/\/painfreebirthing.com\/spn\/preguntas-freceuntes\/","title":{"rendered":"Preguntas Frecuentes (FAQ&#8217;s)s"},"content":{"rendered":"<table width=\"100%\">\n<tbody>\n<tr>\n<td colspan=\"2\">\n<table border=\"0\" width=\"100%\" height=\"563\">\n<tbody>\n<tr>\n<td align=\"center\" height=\"89\">\n<p align=\"left\"><font face=\"Tahoma, arial, verdana\" size=\"3\">L<span style=\"color: #000000; \">a mayor\u00eda de los puntos fueron resueltos en las paginas anteriores, sin embargo ac\u00e1 aclaramos algunas dudas frecuentes.<\/span><\/p>\n<p><b><span style=\"color: #000000; \">Tengo que estar en la cama despu\u00e9s de la anestesia regional?<\/span><\/b><br \/><span style=\"color: #000000; \">No necesariamente, pero esto puede cambiar dependiendo de las practicas de su hospital. En algunos hospitales, los doctores prefieren que usted este en la cama despu\u00e9s de la anestesia, por seguridad y monitoreo, en algunos hospitales usted va a poder estar en una silla o incluso caminar.<\/span><\/p>\n<p><b><span style=\"color: #000000; \">Si recibo anestesia regional voy a ser capaz de pujar?<\/span><\/b><br \/><span style=\"color: #000000; \">Si. Las t\u00e9cnicas modernas de anestesia le permiten que su cuello uterino se dilate mientras usted esta en la cama, mientras esto pasa usted ahorrara energ\u00eda para cuando sea el momento de pujar. La anestesia regional no debe interferir con su habilidad para pujar, solamente la va a ser mas confortable.<\/span><\/p>\n<p><b><span style=\"color: #000000; \">Que voy a sentir despu\u00e9s de que el bloqueo haga su efecto?<\/span><\/b><br \/><span style=\"color: #000000; \">Va a sentir un alivio del dolor, pero va a sentir la presi\u00f3n de las contracciones, tambi\u00e9n va a sentir cuando su obstetra la examine. Dependiendo de las circunstancias y de la condici\u00f3n de su bebe, el anestesi\u00f3logo va a graduar el nivel de adormecimiento para su confort. Usted puede notar sensaci\u00f3n de adormecimiento y de pesadez en las piernas.<\/span><\/p>\n<p><b><span style=\"color: #000000; \">Cuanto tiempo va a durar el bloqueo?<\/span><\/b><br \/><span style=\"color: #000000; \">La duraci\u00f3n de la peridural puede ser extendido de acuerdo a lo que usted necesite. Despu\u00e9s de que el cat\u00e9ter es colocado, dosis adicionales de medicaciones pueden ser aplicados a necesidad. A medida que el parto progresa, su confort va a ser moni toreado y las medicaciones ajustadas de acuerdo a este. Una enfermera puede ayudar a su anestesi\u00f3logo en este monitoreo. despu\u00e9s del nacimiento el cat\u00e9ter va a ser retirado y despu\u00e9s de unas pocas horas su sensaci\u00f3n va a volver a la normalidad.<\/span><\/p>\n<p><b><span style=\"color: #000000; \">Y si planeo tener parto natural? Puedo tener ayuda despu\u00e9s?<\/span><\/b><br \/><span style=\"color: #000000; \">Por supuesto que si. Si usted siente que el dolor en muy intenso y no lo puede tolerar usted puede cambiar de parecer y el anestesi\u00f3logo le ayudara en el manejo del dolor siempre y cuando el parto no este muy avanzado y el nacimiento sea inminente. El cambiar de parecer no debe ser considerado como una falla.<\/span><\/p>\n<p><b><span style=\"color: #000000; \">Hay alguna situaci\u00f3n en la que la peridural tenga alguna ventaja sobre el parto natural?<\/span><\/b><br \/><span style=\"color: #000000; \">La anestesia peridural representa beneficio si usted padece de condiciones como problemas con el coraz\u00f3n o los pulmones. Ocasionalmente, puede ser beneficial si usted tiene preeclmpsia (presi\u00f3n arterial alta y piernas hinchadas). Ud. debe discutir esto con su obstetra y anestesi\u00f3logo.<\/span><\/p>\n<p><b><span style=\"color: #000000; \">Tendr\u00e9 dolor de espalda despu\u00e9s de la peridural?<\/span><\/b><br \/><span style=\"color: #000000; \">Usted puede sentir un dolor localizado en el sitio de la inserci\u00f3n de la aguja, el cual puede durar un par de d\u00edas. De otra manera, usted puede experimentar dolor de espalda generalizado, el cual no es necesariamente atribuible a la peridural. Estudios han demostrado que madres que tienes parto natural tienen el mismo riesgo de tener dolor de espalda generalizado que aquellas que recibieron peridural.<\/span><\/p>\n<p><b><span style=\"color: #000000; \">Podr\u00e9 orinar si tengo peridural?<\/span><\/b><br \/><span style=\"color: #000000; \">La anestesia peridural puede disminuir la sensaci\u00f3n de vejiga llena y el obstetra o la enfermera le pondr\u00e1 una sonda temporal para drenar la orina.<\/span><br \/><span style=\"color: rgb(0, 0, 0);\"><br \/><\/span><\/font><\/p>\n<\/td>\n<\/tr>\n<\/tbody>\n<\/table>\n<\/td>\n<\/tr>\n<\/tbody>\n<\/table>\n<p align=\"left\" style=\"margin-top: 10px; margin-bottom: 10px; color: rgb(105, 105, 105); font-family: Arial, 'Arial Unicode MS', Helvetica, sans-serif; font-weight: 400; background-color: rgba(255, 255, 255, 0.597656);\"><font face=\"Tahoma, arial, verdana\" size=\"3\"><span style=\"color: rgb(20, 20, 20);\"><\/span><\/font><\/p>\n<p align=\"left\" style=\"margin-top: 10px; margin-bottom: 10px; color: rgb(105, 105, 105); font-family: Arial, 'Arial Unicode MS', Helvetica, sans-serif; font-weight: 400; background-color: rgba(255, 255, 255, 0.597656);\"><font face=\"Tahoma, arial, verdana\" size=\"3\"><b><\/b><\/font><\/p>\n<p align=\"left\" style=\"margin-top: 10px; margin-bottom: 10px; color: rgb(105, 105, 105); font-family: Arial, 'Arial Unicode MS', Helvetica, sans-serif; font-weight: 400; background-color: rgba(255, 255, 255, 0.597656);\"><font face=\"Tahoma, arial, verdana\" size=\"3\"><\/font><\/p>\n<p align=\"left\" style=\"margin-top: 10px; margin-bottom: 10px; color: rgb(105, 105, 105); font-family: Arial, 'Arial Unicode MS', Helvetica, sans-serif; font-weight: 400; background-color: rgba(255, 255, 255, 0.597656);\"><font face=\"Tahoma, arial, verdana\" size=\"3\"><b><\/b><\/font><\/p>\n<p align=\"left\" style=\"margin-top: 10px; margin-bottom: 10px; color: rgb(105, 105, 105); font-family: Arial, 'Arial Unicode MS', Helvetica, sans-serif; font-weight: 400; background-color: rgba(255, 255, 255, 0.597656);\"><font face=\"Tahoma, arial, verdana\" size=\"3\"><\/font><\/p>\n<p align=\"left\" style=\"margin-top: 10px; margin-bottom: 10px; color: rgb(105, 105, 105); font-family: Arial, 'Arial Unicode MS', Helvetica, sans-serif; font-weight: 400; background-color: rgba(255, 255, 255, 0.597656);\"><font face=\"Tahoma, arial, verdana\" size=\"3\"><b><\/b><\/font><\/p>\n<p align=\"left\" style=\"margin-top: 10px; margin-bottom: 10px; color: rgb(105, 105, 105); font-family: Arial, 'Arial Unicode MS', Helvetica, sans-serif; font-weight: 400; background-color: rgba(255, 255, 255, 0.597656);\"><font face=\"Tahoma, arial, verdana\" size=\"3\"><\/font><\/p>\n<p align=\"left\" style=\"margin-top: 10px; margin-bottom: 10px; color: rgb(105, 105, 105); font-family: Arial, 'Arial Unicode MS', Helvetica, sans-serif; font-weight: 400; background-color: rgba(255, 255, 255, 0.597656);\"><font face=\"Tahoma, arial, verdana\" size=\"3\"><b><\/b><\/font><\/p>\n<p align=\"left\" style=\"margin-top: 10px; margin-bottom: 10px; color: rgb(105, 105, 105); font-family: Arial, 'Arial Unicode MS', Helvetica, sans-serif; font-weight: 400; background-color: rgba(255, 255, 255, 0.597656);\"><font face=\"Tahoma, arial, verdana\" size=\"3\"><\/font><\/p>\n<p align=\"left\" style=\"margin-top: 10px; margin-bottom: 10px; color: rgb(105, 105, 105); font-family: Arial, 'Arial Unicode MS', Helvetica, sans-serif; font-weight: 400; background-color: rgba(255, 255, 255, 0.597656);\"><font face=\"Tahoma, arial, verdana\" size=\"3\"><b><\/b><\/font><\/p>\n<p align=\"left\" style=\"margin-top: 10px; margin-bottom: 10px; color: rgb(105, 105, 105); font-family: Arial, 'Arial Unicode MS', Helvetica, sans-serif; font-weight: 400; background-color: rgba(255, 255, 255, 0.597656);\"><font face=\"Tahoma, arial, verdana\" size=\"3\"><\/font><\/p>\n<p align=\"left\" style=\"margin-top: 10px; margin-bottom: 10px; color: rgb(105, 105, 105); font-family: Arial, 'Arial Unicode MS', Helvetica, sans-serif; font-weight: 400; background-color: rgba(255, 255, 255, 0.597656);\"><font face=\"Tahoma, arial, verdana\" size=\"3\"><b><\/b><\/font><\/p>\n<p align=\"left\" style=\"margin-top: 10px; margin-bottom: 10px; color: rgb(105, 105, 105); font-family: Arial, 'Arial Unicode MS', Helvetica, sans-serif; font-weight: 400; background-color: rgba(255, 255, 255, 0.597656);\"><font face=\"Tahoma, arial, verdana\" size=\"3\"><\/font><\/p>\n<p align=\"left\" style=\"margin-top: 10px; margin-bottom: 10px; color: rgb(105, 105, 105); font-family: Arial, 'Arial Unicode MS', Helvetica, sans-serif; font-weight: 400; background-color: rgba(255, 255, 255, 0.597656);\"><font face=\"Tahoma, arial, verdana\" size=\"3\"><b><\/b><\/font><\/p>\n<p align=\"left\" style=\"margin-top: 10px; margin-bottom: 10px; color: rgb(105, 105, 105); font-family: Arial, 'Arial Unicode MS', Helvetica, sans-serif; font-weight: 400; background-color: rgba(255, 255, 255, 0.597656);\"><font face=\"Tahoma, arial, verdana\" size=\"3\"><\/font><\/p>\n<p align=\"left\" style=\"margin-top: 10px; margin-bottom: 10px; color: rgb(105, 105, 105); font-family: Arial, 'Arial Unicode MS', Helvetica, sans-serif; font-weight: 400; background-color: rgba(255, 255, 255, 0.597656);\"><font face=\"Tahoma, arial, verdana\" size=\"3\"><b><\/b><\/font><\/p>\n<p align=\"left\" style=\"margin-top: 10px; margin-bottom: 10px; color: rgb(105, 105, 105); font-family: Arial, 'Arial Unicode MS', Helvetica, sans-serif; font-weight: 400; background-color: rgba(255, 255, 255, 0.597656);\"><font face=\"Tahoma, arial, verdana\" size=\"3\"><span style=\"color: rgb(20, 20, 20);\"><\/span><\/font><\/p>\n<p align=\"left\" style=\"margin-top: 10px; margin-bottom: 10px; color: rgb(105, 105, 105); font-family: Arial, 'Arial Unicode MS', Helvetica, sans-serif; font-weight: 400; background-color: rgba(255, 255, 255, 0.597656);\"><font face=\"Tahoma, arial, verdana\" size=\"3\"><span style=\"color: rgb(20, 20, 20);\"><br \/><\/span><\/font><\/p>\n<p align=\"left\" style=\"margin-top: 10px; margin-bottom: 10px; font-weight: 400; background-color: rgba(255, 255, 255, 0.59375); text-align: center;\"><span style=\"font-family: Tahoma; text-align: -webkit-center; color: #000000; \">Haga click<\/span><a href=\"\/anestesia-para-cesarea\" target=\"_parent\" rel=\"noopener\"><\/a><span style=\"color: rgb(20, 20, 20); font-family: Tahoma, arial, verdana; font-size: medium;\"><\/span><\/p>\n<p align=\"left\" style=\"margin-top: 10px; margin-bottom: 10px; font-weight: 400; background-color: rgba(255, 255, 255, 0.59375); text-align: center;\"><a href=\"\/anestesia-para-cesarea\/espinal-raquidea-periduralcombinada\" target=\"_parent\" rel=\"noopener\">CESAREA<\/a><span style=\"color: rgb(0, 0, 0); font-family: 'Times New Roman'; font-size: medium; font-weight: 400; text-align: start; background-color: rgb(255, 255, 255); \"><\/span><span style=\"font-family: Tahoma; text-align: -webkit-center; \"><br \/><\/span><\/p>\n<p><\/p>\n","protected":false},"excerpt":{"rendered":"<p>La mayor\u00eda de los puntos fueron resueltos en las paginas anteriores, sin embargo ac\u00e1 aclaramos algunas dudas frecuentes. Tengo que estar en la cama despu\u00e9s de la anestesia regional?No necesariamente, pero esto puede cambiar dependiendo de las practicas de su hospital. En algunos hospitales, los doctores prefieren que usted este en la cama despu\u00e9s de&#8230;<\/p>\n<p class=\"more-link-wrap\"><a href=\"https:\/\/painfreebirthing.com\/spn\/preguntas-freceuntes\/\" class=\"more-link\">Read More<span class=\"screen-reader-text\"> &ldquo;Preguntas Frecuentes (FAQ&#8217;s)s&rdquo;<\/span> &raquo;<\/a><\/p>\n","protected":false},"author":1,"featured_media":0,"parent":0,"menu_order":48,"comment_status":"closed","ping_status":"closed","template":"","meta":{"footnotes":""},"class_list":["post-283","page","type-page","status-publish","hentry"],"_links":{"self":[{"href":"https:\/\/painfreebirthing.com\/spn\/wp-json\/wp\/v2\/pages\/283","targetHints":{"allow":["GET"]}}],"collection":[{"href":"https:\/\/painfreebirthing.com\/spn\/wp-json\/wp\/v2\/pages"}],"about":[{"href":"https:\/\/painfreebirthing.com\/spn\/wp-json\/wp\/v2\/types\/page"}],"author":[{"embeddable":true,"href":"https:\/\/painfreebirthing.com\/spn\/wp-json\/wp\/v2\/users\/1"}],"replies":[{"embeddable":true,"href":"https:\/\/painfreebirthing.com\/spn\/wp-json\/wp\/v2\/comments?post=283"}],"version-history":[{"count":0,"href":"https:\/\/painfreebirthing.com\/spn\/wp-json\/wp\/v2\/pages\/283\/revisions"}],"wp:attachment":[{"href":"https:\/\/painfreebirthing.com\/spn\/wp-json\/wp\/v2\/media?parent=283"}],"curies":[{"name":"wp","href":"https:\/\/api.w.org\/{rel}","templated":true}]}}