{"id":281,"date":"2023-07-08T15:12:46","date_gmt":"2023-07-08T15:12:46","guid":{"rendered":"https:\/\/painfreebirthing.com\/spn\/preocupaciones-frecuentes\/tiene-miedo-de-no-poder-quedarse-quieta-para-el-procedimiento\/"},"modified":"2023-07-08T15:12:46","modified_gmt":"2023-07-08T15:12:46","slug":"tiene-miedo-de-no-poder-quedarse-quieta-para-el-procedimiento","status":"publish","type":"page","link":"https:\/\/painfreebirthing.com\/spn\/preocupaciones-frecuentes\/tiene-miedo-de-no-poder-quedarse-quieta-para-el-procedimiento\/","title":{"rendered":"Tiene miedo de no poder estarse quieta para el procedimiento?"},"content":{"rendered":"<table border=\"0\" width=\"100%\">\n<tbody>\n<tr>\n<td align=\"center\" style=\"text-align: center; \">\n<table border=\"0\" width=\"100%\">\n<tbody>\n<tr>\n<td align=\"center\" style=\"text-align: center; \"><font face=\"Tahoma, arial, verdana\" size=\"3\"><span style=\"color: #000000; \">No se preocupe&#8230;<\/span><\/font><\/td>\n<\/tr>\n<tr>\n<td align=\"center\">\n<p align=\"left\"><font face=\"Tahoma, arial, verdana\" size=\"3\"><span style=\"color: #000000; \">Las enfermeras la van ayudar en este aspecto. Ellas son muy experimentadas en este aspecto, ellas le van a ayudar a colocarse en la posici\u00f3n adecuada y en mantener esta posici\u00f3n durante el procedimiento aun si esta teniendo contracciones. El anestesi\u00f3logo le va a indicar paso por paso del procedimiento y Ud. se va a sorprender cuando todo este finalizado.<\/span><br \/><\/font><\/p>\n<p><span style=\"font-family: Tahoma, arial, verdana; font-size: medium;\"><br \/><\/span><\/p>\n<\/td>\n<\/tr>\n<\/tbody>\n<\/table>\n<p><font face=\"Tahoma, arial, verdana\" size=\"3\"><span style=\"color: rgb(226, 52, 29); \"><\/span><\/font><\/td>\n<\/tr>\n<tr>\n<td align=\"center\" style=\"text-align: center; \"><font face=\"Tahoma, arial, verdana\" size=\"3\"><span style=\"color: rgb(20, 20, 20); \"><\/span><br \/><img loading=\"lazy\" decoding=\"async\" width=\"288\" height=\"432\" alt=\"\" class=\"art-lightbox\" src=\"https:\/\/painfreebirthing.com\/spn\/wp-content\/uploads\/2023\/07\/motion.gif\" ><\/p>\n<p><span style=\"color: rgb(0, 0, 0); font-size: medium; font-weight: 400; text-align: -webkit-center; \">Haga Click&nbsp;<\/span><br \/><a href=\"\/effectos-secundarios-y-complicaciones\" target=\"_parent\" rel=\"noopener\">Effectos Secundarios Y&nbsp;complicaciones&nbsp;<\/a><font size=\"2\" face=\"Tahoma\" style=\"color: rgb(0, 0, 0); font-weight: 400; text-align: start; \"><a target=\"main\" href=\"http:\/\/www.painfreebirthing.com\/spanish\/complicationssp.htm\" rel=\"noopener\"><\/a><\/font><a target=\"main\" href=\"http:\/\/www.painfreebirthing.com\/spanish\/complicationssp.htm\" style=\"font-family: 'Times New Roman'; font-size: medium; font-weight: 400; text-align: start;  \" rel=\"noopener\"><\/a><a href=\"\/effectos-secundarios-y-complicaciones\" target=\"_parent\" rel=\"noopener\"><\/a><\/font><\/td>\n<\/tr>\n<\/tbody>\n<\/table>\n<p><\/p>\n","protected":false},"excerpt":{"rendered":"<p>No se preocupe&#8230; Las enfermeras la van ayudar en este aspecto. Ellas son muy experimentadas en este aspecto, ellas le van a ayudar a colocarse en la posici\u00f3n adecuada y en mantener esta posici\u00f3n durante el procedimiento aun si esta teniendo contracciones. El anestesi\u00f3logo le va a indicar paso por paso del procedimiento y Ud&#8230;.<\/p>\n<p class=\"more-link-wrap\"><a href=\"https:\/\/painfreebirthing.com\/spn\/preocupaciones-frecuentes\/tiene-miedo-de-no-poder-quedarse-quieta-para-el-procedimiento\/\" class=\"more-link\">Read More<span class=\"screen-reader-text\"> &ldquo;Tiene miedo de no poder estarse quieta para el procedimiento?&rdquo;<\/span> &raquo;<\/a><\/p>\n","protected":false},"author":1,"featured_media":0,"parent":279,"menu_order":46,"comment_status":"closed","ping_status":"closed","template":"","meta":{"footnotes":""},"class_list":["post-281","page","type-page","status-publish","hentry"],"_links":{"self":[{"href":"https:\/\/painfreebirthing.com\/spn\/wp-json\/wp\/v2\/pages\/281","targetHints":{"allow":["GET"]}}],"collection":[{"href":"https:\/\/painfreebirthing.com\/spn\/wp-json\/wp\/v2\/pages"}],"about":[{"href":"https:\/\/painfreebirthing.com\/spn\/wp-json\/wp\/v2\/types\/page"}],"author":[{"embeddable":true,"href":"https:\/\/painfreebirthing.com\/spn\/wp-json\/wp\/v2\/users\/1"}],"replies":[{"embeddable":true,"href":"https:\/\/painfreebirthing.com\/spn\/wp-json\/wp\/v2\/comments?post=281"}],"version-history":[{"count":0,"href":"https:\/\/painfreebirthing.com\/spn\/wp-json\/wp\/v2\/pages\/281\/revisions"}],"up":[{"embeddable":true,"href":"https:\/\/painfreebirthing.com\/spn\/wp-json\/wp\/v2\/pages\/279"}],"wp:attachment":[{"href":"https:\/\/painfreebirthing.com\/spn\/wp-json\/wp\/v2\/media?parent=281"}],"curies":[{"name":"wp","href":"https:\/\/api.w.org\/{rel}","templated":true}]}}