{"id":280,"date":"2023-07-08T15:12:45","date_gmt":"2023-07-08T15:12:45","guid":{"rendered":"https:\/\/painfreebirthing.com\/spn\/preocupaciones-frecuentes\/le-tiene-miedo-a-las-agujas\/"},"modified":"2023-07-08T15:12:45","modified_gmt":"2023-07-08T15:12:45","slug":"le-tiene-miedo-a-las-agujas","status":"publish","type":"page","link":"https:\/\/painfreebirthing.com\/spn\/preocupaciones-frecuentes\/le-tiene-miedo-a-las-agujas\/","title":{"rendered":"Usted le tiene miedo a las agujas?"},"content":{"rendered":"<table border=\"0\" width=\"100%\">\n<tbody>\n<tr>\n<td align=\"center\" style=\"text-align: center; \">\n<table border=\"0\" width=\"100%\">\n<tbody>\n<tr>\n<td align=\"center\" style=\"text-align: center; \"><font face=\"Tahoma, arial, verdana\" size=\"3\"><span style=\"color: #000000; \">No se preocupe&#8230;<\/span><\/font><\/td>\n<\/tr>\n<tr>\n<td align=\"center\">\n<p align=\"left\"><font face=\"Tahoma, arial, verdana\" size=\"3\"><\/p>\n<p><span style=\"color: #000000; \">Para su sorpresa, el anestesi\u00f3logo va a trabajar con Ud. para colocar la peridural, el va a inyectar anestesia local en al piel con una aguja muy peque\u00f1a antes de colocar la aguja de la peridural. El dolor del pinchazo inicial no va a ser mayor que una contracci\u00f3n. Una vez la anestesia local ha sido colocada Ud. no va a sentir dolor solamente sensaci\u00f3n de presi\u00f3n.<\/span><br \/><span style=\"color: #000000; \">.<\/span><\/font><\/p>\n<p style=\"text-align: center; \"><span style=\"color: rgb(0, 0, 0); font-family: Tahoma, arial, verdana; font-size: medium;\"><br \/><\/span><\/p>\n<\/td>\n<\/tr>\n<\/tbody>\n<\/table>\n<p><font face=\"Tahoma, arial, verdana\" size=\"3\"><span style=\"color: rgb(226, 52, 29); \"><\/span><\/font><\/td>\n<\/tr>\n<tr>\n<td align=\"center\">\n<p align=\"left\" style=\"margin-top: 10px; margin-bottom: 10px; \"><font face=\"Tahoma, arial, verdana\" size=\"3\"><\/font><\/p>\n<p align=\"left\" style=\"margin-top: 10px; margin-bottom: 10px; \"><font face=\"Tahoma, arial, verdana\" size=\"3\"><span style=\"color: rgb(64, 64, 64); \"><br \/><\/span><\/font><\/p>\n<p align=\"left\" style=\"margin-top: 10px; margin-bottom: 10px; text-align: center; \"><img loading=\"lazy\" decoding=\"async\" width=\"325\" height=\"288\" alt=\"\" class=\"art-lightbox\" src=\"https:\/\/painfreebirthing.com\/spn\/wp-content\/uploads\/2023\/07\/running.gif\" ><font face=\"Tahoma, arial, verdana\" size=\"3\"><span style=\"color: rgb(64, 64, 64); \"><br \/><\/span><\/font><\/p>\n<p align=\"left\" style=\"margin-top: 10px; margin-bottom: 10px; text-align: center; \"><\/p>\n<p align=\"left\" style=\"margin-top: 10px; margin-bottom: 10px; text-align: center; \"><span style=\"font-family: Tahoma, arial, verdana; color: #000000; \">Haga Click<\/span><\/p>\n<\/td>\n<\/tr>\n<\/tbody>\n<\/table>\n<p style=\"text-align: center; \"><font size=\"2\" face=\"Tahoma\" style=\"color: rgb(0, 0, 0); font-weight: 400; text-align: start; \"><a target=\"_parent\" href=\"\/preocupaciones-frecuentes\/tiene-miedo-de-no-poder-quedarse-quieta-para-el-procedimiento\" rel=\"noopener\">Tiene Miedo De No Poder&nbsp;<\/a><\/font><a target=\"main\" href=\"http:\/\/www.painfreebirthing.com\/spanish\/motionsp.htm\" style=\"font-family: 'Times New Roman'; font-size: medium; font-weight: 400; text-align: start;  \" rel=\"noopener\"><font size=\"2\" face=\"Tahoma\" >Quedarse Quieta Para&nbsp;<\/font><font size=\"2\" face=\"Tahoma\" >El Procedimiento?&nbsp;<\/font><\/a><a href=\"\/common-worries\/are-you-scared-of-not-being-still-for-the-procedure\" target=\"_parent\" rel=\"noopener\"><\/a><\/p>\n","protected":false},"excerpt":{"rendered":"<p>No se preocupe&#8230; Para su sorpresa, el anestesi\u00f3logo va a trabajar con Ud. para colocar la peridural, el va a inyectar anestesia local en al piel con una aguja muy peque\u00f1a antes de colocar la aguja de la peridural. El dolor del pinchazo inicial no va a ser mayor que una contracci\u00f3n. Una vez la&#8230;<\/p>\n<p class=\"more-link-wrap\"><a href=\"https:\/\/painfreebirthing.com\/spn\/preocupaciones-frecuentes\/le-tiene-miedo-a-las-agujas\/\" class=\"more-link\">Read More<span class=\"screen-reader-text\"> &ldquo;Usted le tiene miedo a las agujas?&rdquo;<\/span> &raquo;<\/a><\/p>\n","protected":false},"author":1,"featured_media":0,"parent":279,"menu_order":45,"comment_status":"closed","ping_status":"closed","template":"","meta":{"footnotes":""},"class_list":["post-280","page","type-page","status-publish","hentry"],"_links":{"self":[{"href":"https:\/\/painfreebirthing.com\/spn\/wp-json\/wp\/v2\/pages\/280","targetHints":{"allow":["GET"]}}],"collection":[{"href":"https:\/\/painfreebirthing.com\/spn\/wp-json\/wp\/v2\/pages"}],"about":[{"href":"https:\/\/painfreebirthing.com\/spn\/wp-json\/wp\/v2\/types\/page"}],"author":[{"embeddable":true,"href":"https:\/\/painfreebirthing.com\/spn\/wp-json\/wp\/v2\/users\/1"}],"replies":[{"embeddable":true,"href":"https:\/\/painfreebirthing.com\/spn\/wp-json\/wp\/v2\/comments?post=280"}],"version-history":[{"count":0,"href":"https:\/\/painfreebirthing.com\/spn\/wp-json\/wp\/v2\/pages\/280\/revisions"}],"up":[{"embeddable":true,"href":"https:\/\/painfreebirthing.com\/spn\/wp-json\/wp\/v2\/pages\/279"}],"wp:attachment":[{"href":"https:\/\/painfreebirthing.com\/spn\/wp-json\/wp\/v2\/media?parent=280"}],"curies":[{"name":"wp","href":"https:\/\/api.w.org\/{rel}","templated":true}]}}