{"id":277,"date":"2023-07-08T15:12:42","date_gmt":"2023-07-08T15:12:42","guid":{"rendered":"https:\/\/painfreebirthing.com\/spn\/lo-que-querias-saber\/la-peridural-produce-elevacion-de-la-temperatura\/"},"modified":"2023-07-08T15:12:42","modified_gmt":"2023-07-08T15:12:42","slug":"la-peridural-produce-elevacion-de-la-temperatura","status":"publish","type":"page","link":"https:\/\/painfreebirthing.com\/spn\/lo-que-querias-saber\/la-peridural-produce-elevacion-de-la-temperatura\/","title":{"rendered":"La peridural produce elevaci\u00f3n de la temperatura?"},"content":{"rendered":"<p align=\"left\" style=\"margin-top: 10px; margin-bottom: 10px; color: rgb(105, 105, 105); font-family: Arial, 'Arial Unicode MS', Helvetica, sans-serif; font-weight: 400; background-color: rgba(255, 255, 255, 0.597656);\"><span style=\"color: rgb(0, 0, 0); font-family: Tahoma; font-size: medium; font-weight: 400;\">Un peque\u00f1o porcentaje de las mujeres van a tener la temperatura corporal elevada durante el trabajo de parto. Esto es mas com\u00fan en mujeres que van a tener su primer bebe y en trabajos de parto prolongados cuando usan peridural. Despu\u00e9s de muchas investigaciones se ha concluido que es muy poco probable que esto refleje infecci\u00f3n en la madre o el bebe. Sin embargo, en algunos casos, los pediatras puede hacer algunos estudios de sangre al bebe para descartar cualquier posibilidad de infecci\u00f3n. La mayor\u00eda de las mujeres no tiene fiebre durante el embarazo con o sin peridural, pero Ud. debe saber que este hallazgo es mas com\u00fan en pacientes que usan peridural para el parto. La informaci\u00f3n mas reciente muestra que la elevaci\u00f3n de la temperatura ocurre en 24% de las mujeres que van a tener su primer bebe y que usan peridural comparado con 5% en mujeres sin peridural. No se encontr\u00f3 ninguna diferencia en mujeres que tienen mas de un parto.<\/span><br style=\"color: rgb(0, 0, 0); font-family: Tahoma; font-size: medium; font-weight: 400;\"><br style=\"color: rgb(0, 0, 0); font-family: Tahoma; font-size: medium; font-weight: 400;\"><span style=\"color: rgb(0, 0, 0); font-family: Tahoma; font-size: medium; font-weight: 400;\">El mecanismo de este fen\u00f3meno no es claro. Este puede estar relacionado con la manera en que el cuerpo genera y distribuye el calor. Durante el parto con dolor la mujer respira profundo y r\u00e1pido y esto puede ayudar a disipar el calor del cuerpo. Una vez no tiene dolor, la respiraci\u00f3n es calmada, eventualmente la temperatura se elevara.<\/span><br style=\"color: rgb(0, 0, 0); font-family: Tahoma; font-size: medium; font-weight: 400;\"><br style=\"color: rgb(0, 0, 0); font-family: Tahoma; font-size: medium; font-weight: 400;\"><span style=\"color: rgb(0, 0, 0); font-family: Tahoma; font-size: medium; font-weight: 400;\">ACOG (American College Of Obstetricians and Gynecologists) Practice Bulletin on Obstetric Analgesia and Anesthesia. July 2002;36:177-191.<\/span><br style=\"color: rgb(0, 0, 0); font-family: Tahoma; font-size: medium; font-weight: 400;\"><span style=\"color: rgb(0, 0, 0); font-family: Tahoma; font-size: medium; font-weight: 400;\">Philip J, Alaxander JM, Sharma K, Leveno KJ, McIntire DD, Wiley J. Epidural analgesia during labor and maternal fever. Anesthesiology 1999;90:1271-5.&nbsp;<\/span><font face=\"Tahoma\"><\/font><\/p>\n<p align=\"left\" style=\"margin-top: 10px; margin-bottom: 10px; color: rgb(105, 105, 105); font-family: Arial, 'Arial Unicode MS', Helvetica, sans-serif; font-weight: 400; background-color: rgba(255, 255, 255, 0.597656);\"><\/p>\n<p align=\"left\" style=\"margin-top: 10px; margin-bottom: 10px; color: rgb(105, 105, 105); font-family: Arial, 'Arial Unicode MS', Helvetica, sans-serif; font-weight: 400; background-color: rgba(255, 255, 255, 0.59375); text-align: center;\"><a href=\"\/what-you-wanted-to-know\/can-i-have-epidural-if-i-have-tattoo\" target=\"_parent\" rel=\"noopener\">H<\/a>ega click<\/p>\n<p align=\"left\" style=\"margin-top: 10px; margin-bottom: 10px; color: rgb(105, 105, 105); font-family: Arial, 'Arial Unicode MS', Helvetica, sans-serif; font-weight: 400; background-color: rgba(255, 255, 255, 0.59375); text-align: center;\"><a href=\"\/lo-que-querias-saber\/can-i-have-epidural-if-i-have-tattoo\" target=\"_parent\" rel=\"noopener\">Can I Have Epidural If I Have Tattoo?<\/a><\/p>\n<p><\/p>\n","protected":false},"excerpt":{"rendered":"<p>Un peque\u00f1o porcentaje de las mujeres van a tener la temperatura corporal elevada durante el trabajo de parto. Esto es mas com\u00fan en mujeres que van a tener su primer bebe y en trabajos de parto prolongados cuando usan peridural. Despu\u00e9s de muchas investigaciones se ha concluido que es muy poco probable que esto refleje&#8230;<\/p>\n<p class=\"more-link-wrap\"><a href=\"https:\/\/painfreebirthing.com\/spn\/lo-que-querias-saber\/la-peridural-produce-elevacion-de-la-temperatura\/\" class=\"more-link\">Read More<span class=\"screen-reader-text\"> &ldquo;La peridural produce elevaci\u00f3n de la temperatura?&rdquo;<\/span> &raquo;<\/a><\/p>\n","protected":false},"author":1,"featured_media":0,"parent":267,"menu_order":42,"comment_status":"closed","ping_status":"closed","template":"","meta":{"footnotes":""},"class_list":["post-277","page","type-page","status-publish","hentry"],"_links":{"self":[{"href":"https:\/\/painfreebirthing.com\/spn\/wp-json\/wp\/v2\/pages\/277","targetHints":{"allow":["GET"]}}],"collection":[{"href":"https:\/\/painfreebirthing.com\/spn\/wp-json\/wp\/v2\/pages"}],"about":[{"href":"https:\/\/painfreebirthing.com\/spn\/wp-json\/wp\/v2\/types\/page"}],"author":[{"embeddable":true,"href":"https:\/\/painfreebirthing.com\/spn\/wp-json\/wp\/v2\/users\/1"}],"replies":[{"embeddable":true,"href":"https:\/\/painfreebirthing.com\/spn\/wp-json\/wp\/v2\/comments?post=277"}],"version-history":[{"count":0,"href":"https:\/\/painfreebirthing.com\/spn\/wp-json\/wp\/v2\/pages\/277\/revisions"}],"up":[{"embeddable":true,"href":"https:\/\/painfreebirthing.com\/spn\/wp-json\/wp\/v2\/pages\/267"}],"wp:attachment":[{"href":"https:\/\/painfreebirthing.com\/spn\/wp-json\/wp\/v2\/media?parent=277"}],"curies":[{"name":"wp","href":"https:\/\/api.w.org\/{rel}","templated":true}]}}