{"id":276,"date":"2023-07-08T15:12:41","date_gmt":"2023-07-08T15:12:41","guid":{"rendered":"https:\/\/painfreebirthing.com\/spn\/lo-que-querias-saber\/la-peridural-afecta-la-lactancia\/"},"modified":"2023-07-08T15:12:41","modified_gmt":"2023-07-08T15:12:41","slug":"la-peridural-afecta-la-lactancia","status":"publish","type":"page","link":"https:\/\/painfreebirthing.com\/spn\/lo-que-querias-saber\/la-peridural-afecta-la-lactancia\/","title":{"rendered":"La peridural afecta la lactancia?"},"content":{"rendered":"<table border=\"0\" width=\"100%\">\n<tbody>\n<tr>\n<td align=\"center\">\n<p align=\"left\"><font face=\"Tahoma\" style=\"font-size: 16px;\"><span style=\"color: #000000; \">La anestesia peridural usa dosis muy bajas de medicamentos. Algunos estudios pueden detectar la presencia de esos medicamentos en el bebe, pero los niveles son absolutamente m\u00ednimos, aun despu\u00e9s de infusiones perd\u00farales prolongadas. Algunas mujeres puede experimentar dificultad para lactar, por una gran variedad de razones, independientemente del m\u00e9todo de anestesia que hayan recibido. Una consulta de lactario puede estar disponible en su hospital, la cual la puede ayudar a lactar satisfactoriamente. La leche materna ofrece nutrici\u00f3n optima a su bebe en ausencia de alguna contraindicaci\u00f3n.<\/span><\/p>\n<p><span style=\"color: #000000; \">ACOG (American College Of Obstetricians and Gynecologists) Practice Bulletin on Obstetric Analgesia and Anesthesia. July 2002;36:177-191.<\/span><br \/><span style=\"color: #000000; \">Bader AM, Fragneto R, Terui K, Arthur GR, Loferski B, Datta S. Maternal and neonatal fentanyl and bupivacaine concentrations after epidural infusion during labor. Anesth Analg 1995;81:829-31.<\/span><br \/><span style=\"color: #000000; \">Halpern SH, Levine T, Wilson DB, MacDonell J, Katsiris SE, Leighton BL. Effect of labor analgesia on breastfeeding success. Birth 1999;26:83-88.&nbsp;<\/span><br \/><\/font><\/p>\n<p><span style=\"font-size: 16px; font-family: Tahoma; color: #000000; \">&nbsp;<\/span><\/td>\n<\/tr>\n<tr>\n<td align=\"left\">\n<p align=\"center\"><font face=\"Tahoma, arial, verdana\" size=\"3\"><span style=\"color: #000000; \">Haga Click&nbsp;<\/span><\/font><\/p>\n<\/td>\n<\/tr>\n<\/tbody>\n<\/table>\n<p align=\"left\" style=\"margin-top: 10px; margin-bottom: 10px; color: rgb(105, 105, 105); font-family: Arial, 'Arial Unicode MS', Helvetica, sans-serif; font-weight: 400; background-color: rgba(255, 255, 255, 0.597656);\"><font face=\"Tahoma\"><\/font><\/p>\n<p align=\"left\" style=\"margin-top: 10px; margin-bottom: 10px; color: rgb(105, 105, 105); font-family: Arial, 'Arial Unicode MS', Helvetica, sans-serif; font-weight: 400; background-color: rgba(255, 255, 255, 0.597656);\"><font face=\"Tahoma\"><\/font><\/p>\n<p><\/p>\n<p style=\"text-align: center;\"><a href=\"\/lo-que-querias-saber\/la-peridural-produce-elevacion-de-la-temperatura\" target=\"_parent\" rel=\"noopener\">La peridural produce&nbsp;elevaci\u00f3n de la&nbsp;temperatura?&nbsp;&nbsp;<\/a><font face=\"Tahoma\" size=\"2\" style=\"color: rgb(0, 0, 0); font-weight: 400; text-align: start; \"><a target=\"main\" href=\"http:\/\/www.painfreebirthing.com\/spanish\/feversp.htm\" rel=\"noopener\"><\/a><\/font><a target=\"main\" href=\"http:\/\/www.painfreebirthing.com\/spanish\/feversp.htm\" style=\"font-family: 'Times New Roman'; font-size: medium; font-weight: 400; text-align: start;  \" rel=\"noopener\"><\/a><a href=\"\/what-you-wanted-to-know\/does-epidural-cause-elevated-temperatures\" target=\"_parent\" rel=\"noopener\"><\/a><\/p>\n","protected":false},"excerpt":{"rendered":"<p>La anestesia peridural usa dosis muy bajas de medicamentos. Algunos estudios pueden detectar la presencia de esos medicamentos en el bebe, pero los niveles son absolutamente m\u00ednimos, aun despu\u00e9s de infusiones perd\u00farales prolongadas. Algunas mujeres puede experimentar dificultad para lactar, por una gran variedad de razones, independientemente del m\u00e9todo de anestesia que hayan recibido. Una&#8230;<\/p>\n<p class=\"more-link-wrap\"><a href=\"https:\/\/painfreebirthing.com\/spn\/lo-que-querias-saber\/la-peridural-afecta-la-lactancia\/\" class=\"more-link\">Read More<span class=\"screen-reader-text\"> &ldquo;La peridural afecta la lactancia?&rdquo;<\/span> &raquo;<\/a><\/p>\n","protected":false},"author":1,"featured_media":0,"parent":267,"menu_order":41,"comment_status":"closed","ping_status":"closed","template":"","meta":{"footnotes":""},"class_list":["post-276","page","type-page","status-publish","hentry"],"_links":{"self":[{"href":"https:\/\/painfreebirthing.com\/spn\/wp-json\/wp\/v2\/pages\/276","targetHints":{"allow":["GET"]}}],"collection":[{"href":"https:\/\/painfreebirthing.com\/spn\/wp-json\/wp\/v2\/pages"}],"about":[{"href":"https:\/\/painfreebirthing.com\/spn\/wp-json\/wp\/v2\/types\/page"}],"author":[{"embeddable":true,"href":"https:\/\/painfreebirthing.com\/spn\/wp-json\/wp\/v2\/users\/1"}],"replies":[{"embeddable":true,"href":"https:\/\/painfreebirthing.com\/spn\/wp-json\/wp\/v2\/comments?post=276"}],"version-history":[{"count":0,"href":"https:\/\/painfreebirthing.com\/spn\/wp-json\/wp\/v2\/pages\/276\/revisions"}],"up":[{"embeddable":true,"href":"https:\/\/painfreebirthing.com\/spn\/wp-json\/wp\/v2\/pages\/267"}],"wp:attachment":[{"href":"https:\/\/painfreebirthing.com\/spn\/wp-json\/wp\/v2\/media?parent=276"}],"curies":[{"name":"wp","href":"https:\/\/api.w.org\/{rel}","templated":true}]}}