{"id":275,"date":"2023-07-08T15:12:40","date_gmt":"2023-07-08T15:12:40","guid":{"rendered":"https:\/\/painfreebirthing.com\/spn\/lo-que-querias-saber\/puedo-comer-o-tomar-durante-el-trabajo-de-parto\/"},"modified":"2023-07-08T15:12:40","modified_gmt":"2023-07-08T15:12:40","slug":"puedo-comer-o-tomar-durante-el-trabajo-de-parto","status":"publish","type":"page","link":"https:\/\/painfreebirthing.com\/spn\/lo-que-querias-saber\/puedo-comer-o-tomar-durante-el-trabajo-de-parto\/","title":{"rendered":"Puedo comer o tomar durante el trabajo de parto?"},"content":{"rendered":"<table border=\"0\" width=\"100%\" height=\"563\">\n<tbody>\n<tr>\n<td><\/td>\n<\/tr>\n<tr>\n<td><span style=\"color: rgb(0, 0, 0); font-family: Tahoma, arial, verdana; font-size: medium; text-align: start; \"><span style=\"font-weight: bold;\">Por que hay que preocuparse acerca del comer o tomar durante el trabajo de parto?<\/span><\/p>\n<p>Existe la preocupaci\u00f3n de que la comida o bebida sea regurgitada del estomago a la garganta y aspirada en los pulmones, esto da como resultado da\u00f1o a los pulmones lo cual puede resultar en problemas que pueden ser letales ( como es mostrado en la figura de abajo). Esto adquiere mas importancia si usted requiere anestesia general para el parto.<\/p>\n<p><\/span><font face=\"Tahoma, arial, verdana\" size=\"3\"><b><span style=\"color: #000000; \"><\/span><\/b><\/font><\/p>\n<p style=\"margin-top: 10px; margin-bottom: 10px; \"><font face=\"Tahoma, arial, verdana\" size=\"3\"><span style=\"color: #000000; \"><\/span><\/font><\/p>\n<p style=\"margin-top: 10px; margin-bottom: 10px; text-align: center; \">&nbsp;<img loading=\"lazy\" decoding=\"async\" width=\"432\" height=\"288\" alt=\"\" class=\"art-lightbox\" src=\"https:\/\/painfreebirthing.com\/spn\/wp-content\/uploads\/2023\/07\/aspiration.gif\"><\/p>\n<\/td>\n<\/tr>\n<tr>\n<td align=\"center\" style=\"text-align: center; \"><\/td>\n<\/tr>\n<tr>\n<td align=\"center\">&nbsp;<\/p>\n<table border=\"0\" width=\"100%\" height=\"563\">\n<tbody>\n<tr>\n<td align=\"center\">\n<p><font face=\"Tahoma, arial, verdana\" size=\"3\"><b><span style=\"color: #000000; \">Gu\u00edas sobre la ingesta de l\u00edquidos durante el trabajo de partor<\/span><\/b><\/font>&nbsp;<\/p>\n<p><font face=\"Tahoma, arial, verdana\" size=\"3\"><b><span style=\"color: #000000; \">Comida s\u00f3lida debe ser evitada durante el parto. Cantidades moderadas de l\u00edquidos son permitidos.&nbsp;&nbsp;<\/span><\/b><\/font><\/p>\n<p>&nbsp;<\/p>\n<\/td>\n<\/tr>\n<tr>\n<td><font face=\"Tahoma, arial, verdana\" size=\"3\"><span style=\"color: rgb(0, 0, 0); \">Recientemente se ha tratado de liberalizar la ingesta de l\u00edquidos durante el trabajo de parto. Los par\u00e1metros para anestesia obstetricia dados por el ASA publicados recientemente favorecen esta practica ( Anesthesiology, 199;90:600-11). Mas aun, evidencia reciente demuestra afectos metab\u00f3licos adversos del ayuno prolongado durante el trabajo de parto y favorece la ingesta de l\u00edquidos<span style=\"font-weight: bold;\">.<\/span><\/span><\/font><\/p>\n<p>&nbsp;<\/p>\n<\/td>\n<\/tr>\n<tr>\n<td>\n<p><font face=\"Tahoma, arial, verdana\" size=\"3\"><span style=\"font-weight: bold; color: rgb(0, 0, 0); \">El ayuno en la paciente obstetricia:<\/span><br \/><span style=\"font-weight: bold; color: rgb(0, 0, 0); \">1.\tL\u00edquidos claros: la ingesta de l\u00edquidos claros favorece el confort y la satisfacci\u00f3n materna.<\/span><\/p>\n<p><span style=\"color: rgb(0, 0, 0); \">Recomendaciones: La ingesta de cantidades moderadas de l\u00edquidos puede ser permitida para pacientes con trabajo de parto de bajo riesgo. Ejemplos de l\u00edquidos claros incluyen, pero no se limitan a, agua, jugo de frutas sin pulpa, bebidas carbonatadas, t\u00e9 claro, caf\u00e9 negro. El volumen de liquido ingerido es menos importante que el tipo de liquido. Sin embargo, pacientes con riesgos adicionales de aspiraci\u00f3n (por Ej. Obesidad m\u00f3rbida, diabetes, v\u00eda a\u00e9rea dif\u00edcil), o en pacientes con alto riesgo de ces\u00e1rea deben tener restricciones en la ingesta dependiendo de cada caso.<\/span><\/p>\n<p><span style=\"color: rgb(0, 0, 0); \">Por favor consulte con su medico acerca de las practicas en la instituci\u00f3n donde Ud. va a tener su bebe. En nuestra instituci\u00f3n, las pacientes pueden tomar jugo de frutas, saltines y caldo, evitando comidas mas pesadas o comida con alto contenido de grasa hasta el momento en que entran en fase activa de parto o hasta cuando se les coloque la peridural. Despu\u00e9s de la anestesia regional, la ingesta de l\u00edquidos es limitada a 8 0z\/h de l\u00edquidos no carbonatados como por Ej. Jugo de manzana o cranberry, gelatina, t\u00e9, caf\u00e9 sin leche. En todas las circunstancias, el anestesi\u00f3logo puede restringir aun mas esta ingesta si hay alguna preocupaci\u00f3n acerca de posible ces\u00e1rea.<\/span><\/p>\n<p><span style=\"color: rgb(0, 0, 0); \">2.\tS\u00f3lidos: La comida s\u00f3lida debe ser evitada en los pacientes en trabajo de parto. Un periodo de 8 horas de ayuno o mas es recomendable para mujeres que van a tener ces\u00e1rea electiva.<\/span><\/p>\n<p><span style=\"color: rgb(0, 0, 0); \">Una vez mas, por favor preg\u00fantele a su medico acerca de las pol\u00edticas de ingesta en su hospital. En nuestra instituci\u00f3n cuando una mujer quiere ligadura de trompas, ella tiene que estar en ayuno por 8 horas despu\u00e9s del parto.<\/span><br \/><span style=\"font-weight: bold; color: rgb(0, 0, 0); \">.<\/span><\/font><\/p>\n<p align=\"center\"><font face=\"Tahoma, arial, verdana\" size=\"3\"><span style=\"color: #000000; \">Haga Click<\/span><\/font><\/p>\n<p align=\"center\"><font face=\"Tahoma\" size=\"2\" style=\"color: rgb(0, 0, 0); font-weight: 400; text-align: start; \"><a target=\"_parent\" href=\"\/lo-que-querias-saber\/la-peridural-afecta-la-lactancia\" rel=\"noopener\">La peridural afecta&nbsp;<\/a><\/font><a target=\"main\" href=\"http:\/\/www.painfreebirthing.com\/spanish\/breastfeedingsp.htm\" style=\"font-family: 'Times New Roman'; font-size: medium; font-weight: 400; text-align: start;  \" rel=\"noopener\"><font face=\"Tahoma\" size=\"2\" >la lactancia?&nbsp;<\/font><\/a><font face=\"Tahoma, arial, verdana\" size=\"3\"><span style=\"color: #000000; \"><br \/><\/span><\/font><\/p>\n<\/td>\n<\/tr>\n<\/tbody>\n<\/table>\n<p style=\"margin-top: 10px; margin-bottom: 10px; \"><font face=\"Tahoma, arial, verdana\" size=\"3\"><b><span style=\"color: #000000; \"><\/span><\/b><\/font><\/p>\n<p style=\"margin-top: 10px; margin-bottom: 10px; \"><font face=\"Tahoma, arial, verdana\" size=\"3\"><\/font><\/p>\n<\/td>\n<\/tr>\n<tr>\n<td><font face=\"Tahoma, arial, verdana\" size=\"3\"><\/font><\/td>\n<\/tr>\n<tr>\n<td>\n<p style=\"margin-top: 10px; margin-bottom: 10px; \"><font face=\"Tahoma, arial, verdana\" size=\"3\"><b><\/b><\/font><\/p>\n<p style=\"margin-top: 10px; margin-bottom: 10px; \"><font face=\"Tahoma, arial, verdana\" size=\"3\"><\/font><\/p>\n<p style=\"margin-top: 10px; margin-bottom: 10px; \"><font face=\"Tahoma, arial, verdana\" size=\"3\"><\/font><\/p>\n<p style=\"margin-top: 10px; margin-bottom: 10px; \"><font face=\"Tahoma, arial, verdana\" size=\"3\"><\/font><\/p>\n<p style=\"margin-top: 10px; margin-bottom: 10px; \"><font face=\"Tahoma, arial, verdana\" size=\"3\"><\/font><\/p>\n<p style=\"margin-top: 10px; margin-bottom: 10px; \"><font face=\"Tahoma, arial, verdana\" size=\"3\"><\/font><\/p>\n<p style=\"margin-top: 10px; margin-bottom: 10px; \"><font face=\"Tahoma, arial, verdana\" size=\"3\"><\/font><\/p>\n<p style=\"margin-top: 10px; margin-bottom: 10px; text-align: center; \"><font face=\"Tahoma, arial, verdana\" size=\"3\"><span style=\"color: #000000; \"><\/span><\/font><\/p>\n<\/td>\n<\/tr>\n<\/tbody>\n<\/table>\n<p><\/p>\n","protected":false},"excerpt":{"rendered":"<p>Por que hay que preocuparse acerca del comer o tomar durante el trabajo de parto? Existe la preocupaci\u00f3n de que la comida o bebida sea regurgitada del estomago a la garganta y aspirada en los pulmones, esto da como resultado da\u00f1o a los pulmones lo cual puede resultar en problemas que pueden ser letales (&#8230;<\/p>\n<p class=\"more-link-wrap\"><a href=\"https:\/\/painfreebirthing.com\/spn\/lo-que-querias-saber\/puedo-comer-o-tomar-durante-el-trabajo-de-parto\/\" class=\"more-link\">Read More<span class=\"screen-reader-text\"> &ldquo;Puedo comer o tomar durante el trabajo de parto?&rdquo;<\/span> &raquo;<\/a><\/p>\n","protected":false},"author":1,"featured_media":0,"parent":267,"menu_order":40,"comment_status":"closed","ping_status":"closed","template":"","meta":{"footnotes":""},"class_list":["post-275","page","type-page","status-publish","hentry"],"_links":{"self":[{"href":"https:\/\/painfreebirthing.com\/spn\/wp-json\/wp\/v2\/pages\/275","targetHints":{"allow":["GET"]}}],"collection":[{"href":"https:\/\/painfreebirthing.com\/spn\/wp-json\/wp\/v2\/pages"}],"about":[{"href":"https:\/\/painfreebirthing.com\/spn\/wp-json\/wp\/v2\/types\/page"}],"author":[{"embeddable":true,"href":"https:\/\/painfreebirthing.com\/spn\/wp-json\/wp\/v2\/users\/1"}],"replies":[{"embeddable":true,"href":"https:\/\/painfreebirthing.com\/spn\/wp-json\/wp\/v2\/comments?post=275"}],"version-history":[{"count":0,"href":"https:\/\/painfreebirthing.com\/spn\/wp-json\/wp\/v2\/pages\/275\/revisions"}],"up":[{"embeddable":true,"href":"https:\/\/painfreebirthing.com\/spn\/wp-json\/wp\/v2\/pages\/267"}],"wp:attachment":[{"href":"https:\/\/painfreebirthing.com\/spn\/wp-json\/wp\/v2\/media?parent=275"}],"curies":[{"name":"wp","href":"https:\/\/api.w.org\/{rel}","templated":true}]}}