{"id":272,"date":"2023-07-08T15:12:37","date_gmt":"2023-07-08T15:12:37","guid":{"rendered":"https:\/\/painfreebirthing.com\/spn\/lo-que-querias-saber\/que-procedimientos-afectan-menos-al-bebe\/"},"modified":"2023-07-08T15:12:37","modified_gmt":"2023-07-08T15:12:37","slug":"que-procedimientos-afectan-menos-al-bebe","status":"publish","type":"page","link":"https:\/\/painfreebirthing.com\/spn\/lo-que-querias-saber\/que-procedimientos-afectan-menos-al-bebe\/","title":{"rendered":"Que procedimientos afectan menos al bebe? Peridural o m\u00e9todos IV?"},"content":{"rendered":"<table border=\"0\" width=\"100%\">\n<tbody>\n<tr>\n<td align=\"center\">\n<p align=\"center\" style=\"margin-top: 10px; margin-bottom: 10px; \"><span style=\"font-family: Tahoma, arial, verdana; font-weight: bold; font-size: medium;\"><br \/><\/span><\/p>\n<\/td>\n<\/tr>\n<tr>\n<td>\n<p align=\"center\" style=\"margin-top: 10px; margin-bottom: 10px; \"><span style=\"font-size: 20px; font-weight: bold; color: rgb(226, 52, 29); \">&nbsp;Epidural&nbsp;<\/span><\/p>\n<\/td>\n<\/tr>\n<tr>\n<td align=\"center\">\n<p align=\"center\" style=\"margin-top: 10px; margin-bottom: 10px; \">&nbsp;<img loading=\"lazy\" decoding=\"async\" width=\"192\" height=\"192\" alt=\"\" class=\"art-lightbox\" src=\"https:\/\/painfreebirthing.com\/spn\/wp-content\/uploads\/2023\/07\/baby1.gif\"><\/p>\n<\/td>\n<\/tr>\n<tr>\n<td>\n<p align=\"center\" style=\"margin-top: 10px; margin-bottom: 10px; \"><span style=\"color: rgb(39, 2, 4); font-family: Tahoma, arial, verdana; font-weight: bold; font-size: medium;\"><br \/><\/span><\/p>\n<table border=\"0\" width=\"100%\">\n<tbody>\n<tr>\n<td><font size=\"3\" face=\"Tahoma\"><span style=\"color: #000000; \">Usualmente dos tipos de medicamentos son usados para producir analgesia peridural; anest\u00e9sicos locales y opioides (narc\u00f3ticos). Los anest\u00e9sicos locales en el espacio peridural puede alcanzar al bebe v\u00eda circulaci\u00f3n materna. Sin embargo, la cantidad que alcanza el bebe es muy peque\u00f1a para tener un efecto en la frecuencia cardiaca del bebe, o en su estado de conciencia despu\u00e9s del nacimiento. Igualmente, los opioides usados en el espacio peridural puede alcanzar al bebe, pero la cantidad que recibe el bebe es mucho menor que cuando la madre recibe opiodes IV. Esto es debido a que solo una fracci\u00f3n de la dosis usada IV es usada peridural.<\/span><\/p>\n<p><span style=\"color: #000000; \">En algunas ocasiones, despu\u00e9s de 10 o 15 minutos de colocada la peridural con anestesiados locales y opiodes, se puede apreciar disminuci\u00f3n de la frecuencia cardiaca del bebe con o sin cambios en el patr\u00f3n (variabilidad latido-latido disminuida) en un 30 % de las mujeres embarazadas. Esto parece ser en particular en pacientes que tienen mucho dolor antes de la peridural. Sin embargo, estos cambios en la frecuencia cardiaca son transitorios y duran solamente 3 a 4 minutos. Mientras la frecuencia cardiaca del bebe sea minotoreada continuamente, y las medidas correctivas aplicadas, estos cambios de la frecuencia cardiaca no son preocupantes.<\/span><\/p>\n<p><span style=\"color: #000000; \">Un efecto secundario de la peridural que ocurre con frecuencia es la disminuci\u00f3n de la presi\u00f3n arterial materna. Si esta es excesiva y no es tratada, puede afectar al bebe. Sin embargo esta no es una preocupaci\u00f3n mayor, ya que la presi\u00f3n arterial siempre es tomada frecuentemente despu\u00e9s de la peridural y las medidas correctivas son tomadas si es necesario.<\/span><\/p>\n<p><span style=\"color: #000000; \">Las pruebas neonatales de neurocomportamiento ( pruebas realizadas para medir la actividad del bebe) despu\u00e9s de diferentes tipos de analgesia materna han producido resultados conflictivos. En los \u00faltimos a\u00f1os, la dosis de anest\u00e9sicos locales y de opioides usados en la peridural ha disminuido, y hay un consenso general que en el rango de dosis actuales y bajo circunstancias normales, los efectos de los anest\u00e9sicos locales en el bebe tienen muy poca o ninguna importancia cl\u00ednica.<\/span><\/p>\n<p><span style=\"color: #000000; \">Bajo algunas situaciones, el alivio del dolor por medio de la peridural puede ser de beneficio para el bebe como por ejemplo en la mujer embarazada con preeclampsia (presi\u00f3n arterial elevada, piernas hinchadas, etc.). La anestesia peridural puede mejorar el flujo de sangre hacia el bebe durante el parto.<\/span><\/p>\n<p><span style=\"color: #000000; \">Efecto de las medicaciones usadas IV para el manejo del dolor materno en los bebes<\/span><br \/><span style=\"color: #000000; \">Todos los medicamentos administrados IV a la madre cruzan la placenta y entran en la circulaci\u00f3n del bebe. Como resultado, el bebe puede mostrar alg\u00fan efecto. En el \u00fatero el patr\u00f3n de la frecuencia cardiaca puede cambiar ligeramente. No hay ning\u00fan efecto adverso conocido debido a este cambio.<\/span><\/p>\n<p><span style=\"color: #000000; \">Una mayor preocupaci\u00f3n de los medicamentos IV durante el parto es su efecto depresor en los bebes. Este efecto es dependiente del tipo y de la dosis usada, al igual que el tiempo antes del nacimiento. Si el bebe tiene suficiente tiempo para metabolizar los medicamentos antes de nacer, solo un m\u00ednimo efecto va a ser visto. El bebe va a nacer normal o un poco adormecido. Puede haber un peque\u00f1o cambio transitorio en las pruebas de neurocomportaminto por algunos d\u00edas despu\u00e9s de usado los medicamentos IV. Por otro lado, la presencia de cantidades mayores de medicamentos en el bebe pueden dar como resultado depresi\u00f3n respiratoria y el bebe puede requerir la atenci\u00f3n de un pediatra . El tiempo y la dosis de administraci\u00f3n es ajustada para tratar de minimizar los efectos de estos medicamentos en el bebe.<\/span><\/p>\n<p><span style=\"color: #000000; \">Referencias<\/span><\/p>\n<p><span style=\"color: #000000; \">1. Cohen SE, Tan S, Albright GA, et al. Epidural fentanyl\/bupivacaine mixtures for obstetric analgesia. Anesthesiology 1987;67:403.<\/span><br \/><span style=\"color: #000000; \">2. Viscomi CM, Hood DD, Melone PJ, et al. Fetal heart rate variability after epidural fentanyl during labor. Aesthesia and Analgesia 1987;71:679.<\/span><br \/><span style=\"color: #000000; \">3. Jouppila P, Jouppila R, Hollman A, Koivula A. Lumbar epidural analgesia to improve intervillous blood flow during labor in severe preclampsia. Obstetrics and Gynecology 1982;59:158.<\/span><br \/><span style=\"color: #000000; \">4. Hodgkinson R, Bhatt M, Wang CN. Double blind comparison of the neurobehavior of neonate following the administration of different doses of meperidine to the mother. Can Anaesth Soc J 1978;25;405.<\/span><\/font><\/p>\n<\/td>\n<\/tr>\n<tr>\n<td>\n<p align=\"center\"><font size=\"3\" face=\"Tahoma\"><span style=\"color: #000000; \">Haga click<\/span><\/font><\/p>\n<p align=\"center\"><font face=\"Tahoma, arial, verdana\" size=\"2\" style=\"color: rgb(0, 0, 0); font-weight: 400; text-align: start; \"><a target=\"_parent\" href=\"\/lo-que-querias-saber\/efectos-del-manejo-del-dolor-en-el-progreso-del-parto\" rel=\"noopener\">Efectos del manejo del&nbsp;<\/a><\/font><a target=\"main\" href=\"http:\/\/www.painfreebirthing.com\/spanish\/laborsp.htm\" style=\"font-family: 'Times New Roman'; font-size: medium; font-weight: 400; text-align: start;  \" rel=\"noopener\"><font face=\"Tahoma, arial, verdana\" size=\"2\" >dolor en el progreso&nbsp;del parto&nbsp;<\/font><\/a><font size=\"3\" face=\"Tahoma\"><span style=\"color: #000000; \"><br \/><\/span><\/font><\/p>\n<\/td>\n<\/tr>\n<\/tbody>\n<\/table>\n<p style=\"margin-top: 10px; margin-bottom: 10px; \"><font face=\"Tahoma, arial, verdana\" size=\"3\"><span style=\"color: rgb(39, 2, 4); \"><\/span><\/font><\/p>\n<p style=\"margin-top: 10px; margin-bottom: 10px; \"><font face=\"Tahoma, arial, verdana\" size=\"3\"><\/font><font face=\"Tahoma, arial, verdana\" size=\"3\"><\/font><\/p>\n<p style=\"margin-top: 10px; margin-bottom: 10px; \"><font face=\"Tahoma, arial, verdana\" size=\"3\"><\/font><\/p>\n<p style=\"margin-top: 10px; margin-bottom: 10px; \"><font face=\"Tahoma, arial, verdana\" size=\"3\"><\/font><\/p>\n<p style=\"margin-top: 10px; margin-bottom: 10px; \"><font face=\"Tahoma, arial, verdana\" size=\"3\"><\/font><\/p>\n<\/td>\n<\/tr>\n<tr>\n<td align=\"center\" style=\"text-align: center; \"><font face=\"Tahoma, arial, verdana\"><b style=\"font-size: 16px; \"><\/b><\/font><\/td>\n<\/tr>\n<tr>\n<td>\n<p style=\"margin-top: 10px; margin-bottom: 10px; \"><font face=\"Tahoma, arial, verdana\" size=\"3\"><\/font><\/p>\n<p style=\"margin-top: 10px; margin-bottom: 10px; \"><font face=\"Tahoma, arial, verdana\" size=\"3\"><\/font><\/p>\n<p style=\"margin-top: 10px; margin-bottom: 10px; \"><font face=\"Tahoma, arial, verdana\" size=\"3\"><\/font><\/p>\n<p style=\"margin-top: 10px; margin-bottom: 10px; text-align: center; \"><a href=\"\/what-you-wanted-to-know\/how-does-pain-relief-affect-labor\" target=\"_parent\" rel=\"noopener\"><\/a><font face=\"Tahoma, arial, verdana\" size=\"3\"><span style=\"color: rgb(39, 2, 4); \"><\/span><\/font><\/p>\n<p style=\"margin-top: 10px; margin-bottom: 10px; \">&nbsp;<\/p>\n<\/td>\n<\/tr>\n<\/tbody>\n<\/table>\n<p><\/p>\n","protected":false},"excerpt":{"rendered":"<p>&nbsp;Epidural&nbsp; &nbsp; Usualmente dos tipos de medicamentos son usados para producir analgesia peridural; anest\u00e9sicos locales y opioides (narc\u00f3ticos). Los anest\u00e9sicos locales en el espacio peridural puede alcanzar al bebe v\u00eda circulaci\u00f3n materna. Sin embargo, la cantidad que alcanza el bebe es muy peque\u00f1a para tener un efecto en la frecuencia cardiaca del bebe, o en&#8230;<\/p>\n<p class=\"more-link-wrap\"><a href=\"https:\/\/painfreebirthing.com\/spn\/lo-que-querias-saber\/que-procedimientos-afectan-menos-al-bebe\/\" class=\"more-link\">Read More<span class=\"screen-reader-text\"> &ldquo;Que procedimientos afectan menos al bebe? Peridural o m\u00e9todos IV?&rdquo;<\/span> &raquo;<\/a><\/p>\n","protected":false},"author":1,"featured_media":0,"parent":267,"menu_order":37,"comment_status":"closed","ping_status":"closed","template":"","meta":{"footnotes":""},"class_list":["post-272","page","type-page","status-publish","hentry"],"_links":{"self":[{"href":"https:\/\/painfreebirthing.com\/spn\/wp-json\/wp\/v2\/pages\/272","targetHints":{"allow":["GET"]}}],"collection":[{"href":"https:\/\/painfreebirthing.com\/spn\/wp-json\/wp\/v2\/pages"}],"about":[{"href":"https:\/\/painfreebirthing.com\/spn\/wp-json\/wp\/v2\/types\/page"}],"author":[{"embeddable":true,"href":"https:\/\/painfreebirthing.com\/spn\/wp-json\/wp\/v2\/users\/1"}],"replies":[{"embeddable":true,"href":"https:\/\/painfreebirthing.com\/spn\/wp-json\/wp\/v2\/comments?post=272"}],"version-history":[{"count":0,"href":"https:\/\/painfreebirthing.com\/spn\/wp-json\/wp\/v2\/pages\/272\/revisions"}],"up":[{"embeddable":true,"href":"https:\/\/painfreebirthing.com\/spn\/wp-json\/wp\/v2\/pages\/267"}],"wp:attachment":[{"href":"https:\/\/painfreebirthing.com\/spn\/wp-json\/wp\/v2\/media?parent=272"}],"curies":[{"name":"wp","href":"https:\/\/api.w.org\/{rel}","templated":true}]}}