{"id":271,"date":"2023-07-08T15:12:36","date_gmt":"2023-07-08T15:12:36","guid":{"rendered":"https:\/\/painfreebirthing.com\/spn\/lo-que-querias-saber\/cuando-me-colocan-la-peridural\/"},"modified":"2023-07-08T15:12:36","modified_gmt":"2023-07-08T15:12:36","slug":"cuando-me-colocan-la-peridural","status":"publish","type":"page","link":"https:\/\/painfreebirthing.com\/spn\/lo-que-querias-saber\/cuando-me-colocan-la-peridural\/","title":{"rendered":"Cu\u00e1ndo me colocan la peridural?"},"content":{"rendered":"<table border=\"0\" width=\"100%\">\n<tbody>\n<tr>\n<td>\n<table border=\"0\" width=\"100%\">\n<tbody>\n<tr>\n<td><font face=\"Tahoma\" style=\"font-size: 16px;\"><span style=\"color: #000000; \">La decisi\u00f3n de colocar la peridural esta entre usted, su obstetra y su anestesi\u00f3logo. Generalmente la peridural es colocada cuando usted se encuentre en fase activa del parto y tenga contracciones regulares. Nosotros recomendamos que si usted esta interesada en recibir la peridural, insista en ver a el anestesi\u00f3logo con anticipaci\u00f3n. Esto permitir\u00e1 que el anestesi\u00f3logo obtenga su historia medica y examen f\u00edsico completo. M\u00e1s importante, Ud. puede discutir las opciones que tiene para el manejo del dolor antes de tener dolor. D\u00e1ndole a conocer sus preferencias a el anestesi\u00f3logo, o firmando la autorizaci\u00f3n para la anestesia NO la obliga a recibir anestesia peridural. Mas tarde Ud. puede cambiar de parecer y decidir si Ud. prefiere tener un parto natural o alg\u00fan m\u00e9todo alternativo para el manejo del dolor.<\/span><br \/><span style=\"color: #000000; \">Muchos factores determinan cuando puede Ud. recibir la peridural, incluyendo la posici\u00f3n del bebe, o si es su primer bebe. Algunos obstetras prefieren que Ud. este por lo menos 4 cm dilatada antes de recibir la peridural. Estos obstetras creen que una peridural temprana puede retardar el trabajo de parto, pero los datos disponibles sobre este tema son controversiales. Algunas condiciones medicas sin embargo, favorecen el colocar la peridural temprano. Una vez el obstetra da el visto bueno para que Ud. reciba la peridural, el anestesi\u00f3logo va a colocar la peridural. Si usted no ha visto al anestesi\u00f3logo con anterioridad, una historia cl\u00ednica y examen f\u00edsico abreviado y la autorizaci\u00f3n para la anestesia van a ser obtenidos antes de el procedimiento.<\/span><br \/><span style=\"color: #000000; \">Nunca es muy tarde para recibir la peridural, a menos que la cabeza del bebe sea visible. Aun si usted pensaba en tener un parto natural y nunca vio a el anestesi\u00f3logo, usted puede cambiar de parecer y si usted encuentra que las contracciones son muy dolorosas puede recibir la peridural. Nosotros le recomendamos que asista a clases maternidad y escuche la clase relacionada con t\u00e9cnicas para el manejo del dolor. Es importante que usted mantenga su mente abierta y que sea flexible durante su control prenatal y el trabajo de parto en s\u00ed. Cada persona experimenta el trabajo de parto de una manera diferente, y el ser flexible provee el m\u00e1ximo nivel de beneficio para usted y su bebe.<\/span><\/p>\n<p><span style=\"color: #000000; \">Opini\u00f3n reciente de el Colegio Americano de Obstetras y Ginec\u00f3logos; Febrero 2002<\/span><\/p>\n<p><span style=\"color: #000000; \">Diferentes estudios reportan datos conflictivos en relaci\u00f3n a el nivel de riesgo de ces\u00e1rea en mujeres nul\u00edparas (primer embarazo) quienes reciben analgesia peridural antes de los 5 cm de dilataci\u00f3n. Como resultado algunas instituciones requieren que las mujeres en trabajo de parto est\u00e9n 4-5 cm dilatadas antes de recibir la peridural. No es claro si estas instituciones han desarrollado protocolos locales que son sensibles a las necesidades locales de sus pacientes. El trabajo de parto resulta en un dolor severo para la mujer, y no hay ninguna otra situaci\u00f3n donde sea considerado aceptable para una persona experimentar dolor intenso. Por lo tanto, el Colegio Americano de Obstetras y Ginec\u00f3logos quiere reafirmar su opini\u00f3n publicada junto a la Sociedad Americana de Anestesia que mientras la supervisi\u00f3n de un medico, y en ausencia de contraindicaciones, la solicitud por parte de la madre es indicaci\u00f3n medica suficiente para el manejo del dolor durante el parto. Las decisiones relacionadas con analgesia deben ser coordinadas entre los obstetras, anestesi\u00f3logos y pacientes.<\/span><br \/><\/font><\/td>\n<\/tr>\n<tr>\n<td><font face=\"Tahoma\" style=\"font-size: 16px; \"><span style=\"color: #000000; \">References: Practice guidelines of obstetric anesthesia. Anesthesiology 1999;90:600.<\/span><\/font><\/td>\n<\/tr>\n<tr>\n<td align=\"center\"><span style=\"font-size: 16px; color: #000000; \">&nbsp;<\/span><\/p>\n<p style=\"text-align: center; \"><font face=\"Tahoma\" style=\"font-size: 16px; \"><span style=\"color: #000000; \">Haga click<\/span><\/font><\/p>\n<p style=\"text-align: center; \"><a href=\"\/lo-que-querias-saber\/que-procedimientos-afectan-menos-al-bebe\" target=\"_parent\" rel=\"noopener\">&nbsp;Que procedimientos&nbsp;afectan menos al bebe?&nbsp;<\/a><font face=\"Tahoma, arial, verdana\" size=\"2\" style=\"color: rgb(0, 0, 0); font-weight: 400; text-align: start; \"><\/font><a target=\"main\" href=\"http:\/\/www.painfreebirthing.com\/spanish\/babysp.htm\" style=\"font-family: 'Times New Roman'; font-size: medium; font-weight: 400; text-align: start; \" rel=\"noopener\"><font face=\"Tahoma, arial, verdana\" size=\"2\" ><\/font><\/a><font face=\"Tahoma\" style=\"font-size: 16px; \"><span style=\"color: #000000; \"><br \/><\/span><\/font><\/p>\n<\/td>\n<\/tr>\n<\/tbody>\n<\/table>\n<p><font face=\"Tahoma, arial, verdana\" size=\"3\"><span style=\"color: rgb(20, 20, 20); \"><\/span><\/font><\/p>\n<p style=\"margin-top: 10px; margin-bottom: 10px; \"><font face=\"Tahoma, arial, verdana\" size=\"3\"><\/font><\/p>\n<p style=\"margin-top: 10px; margin-bottom: 10px; \"><font face=\"Tahoma, arial, verdana\" size=\"3\"><\/font><\/p>\n<\/td>\n<\/tr>\n<tr>\n<td><font face=\"Tahoma, arial, verdana\" size=\"3\"><b><\/b><\/font><\/p>\n<p style=\"margin-top: 10px; margin-bottom: 10px; \"><font face=\"Tahoma, arial, verdana\" size=\"3\"><\/font><\/p>\n<p style=\"margin-top: 10px; margin-bottom: 10px; \"><font face=\"Tahoma, arial, verdana\" size=\"3\"><\/font><\/p>\n<p style=\"margin-top: 10px; margin-bottom: 10px; text-align: center; \"><font face=\"Tahoma, arial, verdana\" size=\"3\"><span style=\"color: rgb(20, 20, 20); \"><\/span><\/font><\/p>\n<p style=\"margin-top: 10px; margin-bottom: 10px; \">&nbsp;&nbsp;<\/p>\n<\/td>\n<\/tr>\n<\/tbody>\n<\/table>\n<p><\/p>\n","protected":false},"excerpt":{"rendered":"<p>La decisi\u00f3n de colocar la peridural esta entre usted, su obstetra y su anestesi\u00f3logo. Generalmente la peridural es colocada cuando usted se encuentre en fase activa del parto y tenga contracciones regulares. Nosotros recomendamos que si usted esta interesada en recibir la peridural, insista en ver a el anestesi\u00f3logo con anticipaci\u00f3n. Esto permitir\u00e1 que el&#8230;<\/p>\n<p class=\"more-link-wrap\"><a href=\"https:\/\/painfreebirthing.com\/spn\/lo-que-querias-saber\/cuando-me-colocan-la-peridural\/\" class=\"more-link\">Read More<span class=\"screen-reader-text\"> &ldquo;Cu\u00e1ndo me colocan la peridural?&rdquo;<\/span> &raquo;<\/a><\/p>\n","protected":false},"author":1,"featured_media":0,"parent":267,"menu_order":36,"comment_status":"closed","ping_status":"closed","template":"","meta":{"footnotes":""},"class_list":["post-271","page","type-page","status-publish","hentry"],"_links":{"self":[{"href":"https:\/\/painfreebirthing.com\/spn\/wp-json\/wp\/v2\/pages\/271","targetHints":{"allow":["GET"]}}],"collection":[{"href":"https:\/\/painfreebirthing.com\/spn\/wp-json\/wp\/v2\/pages"}],"about":[{"href":"https:\/\/painfreebirthing.com\/spn\/wp-json\/wp\/v2\/types\/page"}],"author":[{"embeddable":true,"href":"https:\/\/painfreebirthing.com\/spn\/wp-json\/wp\/v2\/users\/1"}],"replies":[{"embeddable":true,"href":"https:\/\/painfreebirthing.com\/spn\/wp-json\/wp\/v2\/comments?post=271"}],"version-history":[{"count":0,"href":"https:\/\/painfreebirthing.com\/spn\/wp-json\/wp\/v2\/pages\/271\/revisions"}],"up":[{"embeddable":true,"href":"https:\/\/painfreebirthing.com\/spn\/wp-json\/wp\/v2\/pages\/267"}],"wp:attachment":[{"href":"https:\/\/painfreebirthing.com\/spn\/wp-json\/wp\/v2\/media?parent=271"}],"curies":[{"name":"wp","href":"https:\/\/api.w.org\/{rel}","templated":true}]}}