{"id":270,"date":"2023-07-08T15:12:35","date_gmt":"2023-07-08T15:12:35","guid":{"rendered":"https:\/\/painfreebirthing.com\/spn\/lo-que-querias-saber\/peridural-mientras-camina\/"},"modified":"2023-07-08T15:12:35","modified_gmt":"2023-07-08T15:12:35","slug":"peridural-mientras-camina","status":"publish","type":"page","link":"https:\/\/painfreebirthing.com\/spn\/lo-que-querias-saber\/peridural-mientras-camina\/","title":{"rendered":"Peridural mientras camina"},"content":{"rendered":"<p class=\"MsoNormal\" align=\"left\" style=\"color: rgb(0, 0, 0); font-size: medium; font-weight: 400;\"><span lang=\"ES-CO\" style=\"font-family: Tahoma;\">La llamada peridural mientras camina combina las t\u00e9cnicas espinal y peridural como fue descrito en la seccion \u201cespinal-peridural combinada\u201d.&nbsp; La parte espinal ofrece un alivio r\u00e1pido del dolor sin producir debilidad en las piernas.&nbsp; La parte peridural ofrece flexibilidad en el manejo continuo del dolor.&nbsp; La t\u00e9cnica puede ser ajustada para permitir que las mujeres caminen&nbsp; en la sala de parto sin que tengan dolor. Aunque no es claro que el caminar durante el trabajo de parto disminuya la duraci\u00f3n de este, ha sido sugerido que la necesidad de analgesia es menor, y las mujeres&nbsp; prefieren la oportunidad de poder caminar as\u00ed sea por un corto periodo de tiempo durante el trabajo de parto.&nbsp; La mayor\u00eda de anestesi\u00f3logos puede usar la t\u00e9cnica combinada para el manejo del dolor, pero no le permitir\u00e1n caminar una vez la peridural haya sido colocada.<\/span><\/p>\n<p align=\"left\" style=\"color: rgb(0, 0, 0); font-size: medium; font-weight: 400;\"><span style=\"font-family: Tahoma;\">&nbsp;<\/span><\/p>\n<p style=\"color: rgb(0, 0, 0); font-size: medium; font-weight: 400; text-align: -webkit-center;\"><span style=\"font-family: Tahoma;\">&nbsp;<\/span><\/p>\n<p align=\"center\" style=\"color: rgb(0, 0, 0); font-size: medium; font-weight: 400;\"><span style=\"font-family: Tahoma;\"><br \/><\/span><\/p>\n<p><span style=\"color: rgb(0, 0, 0); font-size: medium; font-weight: 400; text-align: -webkit-left; background-color: rgba(255, 255, 255, 0.59375); font-family: Tahoma;\">&nbsp;<\/span><\/p>\n<p style=\"text-align: center;\"><img loading=\"lazy\" decoding=\"async\" width=\"384\" height=\"288\" alt=\"\" class=\"art-lightbox\" src=\"https:\/\/painfreebirthing.com\/spn\/wp-content\/uploads\/2023\/07\/walkingpic.gif\"><span style=\"color: rgb(0, 0, 0); font-family: Tahoma, arial, verdana; font-size: medium; font-weight: 400; text-align: -webkit-left; background-color: rgba(255, 255, 255, 0.597656);\"><br \/><\/span><\/p>\n<p style=\"text-align: center;\"><span style=\"font-family: Tahoma; text-align: -webkit-center;\"><br \/><\/span><\/p>\n<p style=\"text-align: center;\"><span style=\"font-family: Tahoma; text-align: -webkit-center; color: #000000;\">Hega click<\/span><a href=\"\/what-you-wanted-to-know\/when-can-i-have-pain-relief\" target=\"_parent\" rel=\"noopener\"><\/a><\/p>\n<p style=\"text-align: center;\"><a href=\"\/lo-que-querias-saber\/cuando-me-colocan-la-peridural\" target=\"_parent\" rel=\"noopener\">Cu\u00e1ndo me colocan&nbsp;la peridural?&nbsp;<\/a><span style=\"font-size: 16px; font-family: Tahoma;\"><span lang=\"ES-CO\" style=\"color: rgb(0, 0, 0); font-weight: 400; text-align: start;\"><span style=\"color: rgb(0, 0, 0);\"><a target=\"main\" href=\"http:\/\/www.painfreebirthing.com\/spanish\/whencanihavesp.htm\" rel=\"noopener\"><\/a><\/span><\/span><a target=\"main\" href=\"http:\/\/www.painfreebirthing.com\/spanish\/whencanihavesp.htm\" style=\"font-weight: 400; text-align: start;\" rel=\"noopener\"><\/a><span style=\"color: #000000;\"><\/span><span style=\"text-align: -webkit-center;\"><br \/><\/span><\/span><\/p>\n<p><span style=\"color: rgb(0, 0, 0); font-family: Tahoma, arial, verdana; font-size: medium; font-weight: 400; text-align: -webkit-left; background-color: rgba(255, 255, 255, 0.597656);\"><br \/><\/span><\/p>\n<p><span style=\"color: rgb(0, 0, 0); font-family: Tahoma, arial, verdana; font-size: medium; font-weight: 400; text-align: -webkit-left; background-color: rgba(255, 255, 255, 0.597656);\"><br \/><\/span><\/p>\n","protected":false},"excerpt":{"rendered":"<p>La llamada peridural mientras camina combina las t\u00e9cnicas espinal y peridural como fue descrito en la seccion \u201cespinal-peridural combinada\u201d.&nbsp; La parte espinal ofrece un alivio r\u00e1pido del dolor sin producir debilidad en las piernas.&nbsp; La parte peridural ofrece flexibilidad en el manejo continuo del dolor.&nbsp; La t\u00e9cnica puede ser ajustada para permitir que las mujeres&#8230;<\/p>\n<p class=\"more-link-wrap\"><a href=\"https:\/\/painfreebirthing.com\/spn\/lo-que-querias-saber\/peridural-mientras-camina\/\" class=\"more-link\">Read More<span class=\"screen-reader-text\"> &ldquo;Peridural mientras camina&rdquo;<\/span> &raquo;<\/a><\/p>\n","protected":false},"author":1,"featured_media":0,"parent":267,"menu_order":35,"comment_status":"closed","ping_status":"closed","template":"","meta":{"footnotes":""},"class_list":["post-270","page","type-page","status-publish","hentry"],"_links":{"self":[{"href":"https:\/\/painfreebirthing.com\/spn\/wp-json\/wp\/v2\/pages\/270","targetHints":{"allow":["GET"]}}],"collection":[{"href":"https:\/\/painfreebirthing.com\/spn\/wp-json\/wp\/v2\/pages"}],"about":[{"href":"https:\/\/painfreebirthing.com\/spn\/wp-json\/wp\/v2\/types\/page"}],"author":[{"embeddable":true,"href":"https:\/\/painfreebirthing.com\/spn\/wp-json\/wp\/v2\/users\/1"}],"replies":[{"embeddable":true,"href":"https:\/\/painfreebirthing.com\/spn\/wp-json\/wp\/v2\/comments?post=270"}],"version-history":[{"count":0,"href":"https:\/\/painfreebirthing.com\/spn\/wp-json\/wp\/v2\/pages\/270\/revisions"}],"up":[{"embeddable":true,"href":"https:\/\/painfreebirthing.com\/spn\/wp-json\/wp\/v2\/pages\/267"}],"wp:attachment":[{"href":"https:\/\/painfreebirthing.com\/spn\/wp-json\/wp\/v2\/media?parent=270"}],"curies":[{"name":"wp","href":"https:\/\/api.w.org\/{rel}","templated":true}]}}