{"id":268,"date":"2023-07-08T15:12:33","date_gmt":"2023-07-08T15:12:33","guid":{"rendered":"https:\/\/painfreebirthing.com\/spn\/lo-que-querias-saber\/anestesia-combinada-espinal-epidural\/"},"modified":"2023-07-08T15:12:33","modified_gmt":"2023-07-08T15:12:33","slug":"anestesia-combinada-espinal-epidural","status":"publish","type":"page","link":"https:\/\/painfreebirthing.com\/spn\/lo-que-querias-saber\/anestesia-combinada-espinal-epidural\/","title":{"rendered":"Anestesia combinada espinal-epidural"},"content":{"rendered":"<table width=\"100%\">\n<tbody>\n<tr>\n<td colspan=\"2\">\n<table border=\"0\" width=\"100%\" height=\"563\">\n<tbody>\n<tr>\n<td align=\"center\" height=\"47\" style=\"text-align: center; \"><font face=\"Tahoma, arial, verdana\" size=\"3\"><b><span style=\"color: #000000; \">Anestesia combinada espinal-epidural<\/span><\/b><\/font><\/td>\n<\/tr>\n<tr>\n<td align=\"center\" style=\"text-align: center; \"><font face=\"Tahoma, arial, verdana\" size=\"3\"><b><span style=\"color: #000000; \">La combinaci\u00f3n de estas ambas t\u00e9cnicas espinal(raqu\u00eddea) \u2013 peridural puede combinar las ventajas de cada t\u00e9cnica. Diferentes ventajas de la t\u00e9cnica combinada sobre la peridural son:<\/span><br \/><span style=\"color: #000000; \">Comienzo r\u00e1pido<\/span><br \/><span style=\"color: #000000; \">Analgesia profunda<\/span><br \/><span style=\"color: #000000; \">Perdida de habilidad para mover las piernas es m\u00ednima<\/span><br \/><span style=\"color: #000000; \">M\u00ednima cantidad de medicaciones va a ir a otras partes del cuerpo, incluyendo el bebe.<\/span><br \/><span style=\"color: #000000; \">Alto grado de satisfacci\u00f3n por parte de la madre<\/span><\/p>\n<p><span style=\"color: #000000; \">Procedimiento de la t\u00e9cnica combinada<\/span><br \/><span style=\"color: #000000; \">Haga click en el bot\u00f3n \u201cplay\u201d para empezar a ver el procedimiento. Las im\u00e1genes cambian solas.<\/span><\/b><\/font><\/p>\n<p>&nbsp;<\/p>\n<p>&nbsp;<\/p>\n<\/td>\n<\/tr>\n<tr>\n<td align=\"center\" style=\"text-align: center; \"><b><font face=\"Tahoma, arial, verdana\" size=\"3\"><span style=\"color: #000000; \">Procedimiento de la t\u00e9cnica combinada<\/span><\/font><\/b>&nbsp;<font face=\"Tahoma, arial, verdana\" size=\"5\"><b><span style=\"color: #000000; \">(CSE)<\/span><\/b><\/font><\/td>\n<\/tr>\n<tr>\n<td align=\"center\" style=\"text-align: center; \"><font face=\"Tahoma, arial, verdana\" size=\"3\"><b><span style=\"color: #000000; \">Haga click en el bot\u00f3n \u201cplay\u201d para empezar a ver el procedimiento. Las im\u00e1genes cambian solas.<\/span><\/b><\/font><\/td>\n<\/tr>\n<\/tbody>\n<\/table>\n<\/td>\n<\/tr>\n<\/tbody>\n<\/table>\n<table border=\"0\" width=\"100%\" height=\"563\">\n<tbody>\n<tr><\/tr>\n<tr>\n<td align=\"center\" style=\"text-align: center; \"><span style=\"font-size: 16px; font-weight: bold; \"><\/span><\/td>\n<\/tr>\n<tr>\n<td align=\"center\" style=\"text-align: center; \"><img loading=\"lazy\" decoding=\"async\" width=\"288\" height=\"432\" alt=\"\" class=\"art-lightbox\" src=\"https:\/\/painfreebirthing.com\/spn\/wp-content\/uploads\/2023\/07\/cseporc.gif\" ><\/td>\n<\/tr>\n<tr>\n<td>\n<p style=\"margin-top: 10px; margin-bottom: 10px; \"><span style=\"color: rgb(0, 0, 0); font-family: Tahoma, arial, verdana; font-size: medium; text-align: start; \">En las t\u00e9cnica combinada, el espacio peridural es localizado como fue descrito en la seccion anestesia peridural. Despu\u00e9s de encontrado este espacio, una peque\u00f1a aguja es colocada por dentro de la aguja peridural hasta el liquido espinal y una peque\u00f1a cantidad de medicaci\u00f3n es inyectada en el liquido espinal ( anestesia espinal o raqu\u00eddea). Esto da como resultado el inmediato alivio del dolor y usted va a empezar a sentirse c\u00f3moda. Luego esta peque\u00f1a aguja es retirada y un cat\u00e9ter peridural es colocado en el espacio peridural, luego la aguja peridural es retirada y el cat\u00e9ter es fijado a la espalda con cinta.<\/p>\n<p>Una bomba peridural inyecta medicamento gradualmente en el espacio peridural como fue descrito en la seccion anestesia peridural. La parte espinal de la t\u00e9cnica combinada usualmente dura unos 90 minutos. Cuando el efecto de la anestesia espinal va pasando, la anestesia peridural empieza a actuar y usted sentir\u00e1 adecuado alivio del dolor. La dosis de medicamentos epidurales son ajustados para proveer un optimo alivio del dolor hasta que el bebe nazca.<\/span><span style=\"font-size: 16px; color: rgb(0, 0, 0); \"><\/span><b style=\"font-style: italic; \"><\/b><\/p>\n<p style=\"margin-top: 10px; margin-bottom: 10px; \"><span style=\"font-size: 16px; color: rgb(0, 0, 0); \"><br \/><\/span><\/p>\n<p style=\"margin-top: 10px; margin-bottom: 10px; text-align: center; \"><span style=\"color: rgb(0, 0, 0); font-family: Tahoma, arial, verdana; font-size: medium; font-weight: 400; text-align: -webkit-center; \">Haga click<\/span><a href=\"\/after-epidural-placement\/patient-controlled-epidural-analgesia\" target=\"_parent\" rel=\"noopener\"><\/a><span style=\"font-size: 16px; color: rgb(0, 0, 0); \"><\/span><\/p>\n<p style=\"margin-top: 10px; margin-bottom: 10px; text-align: center; \"><a target=\"_parent\" href=\"\/lo-que-querias-saber\/analgesia-epidural-controlada-por-el-paciente\" style=\"font-family: Tahoma, arial, verdana; font-size: small; font-weight: 400; text-align: start; background-color: rgb(255, 255, 255);  \" rel=\"noopener\">Analgesia Epidural&nbsp;Controlada por el Paciente&nbsp;<\/a><span style=\"color: rgb(0, 0, 0); font-family: Tahoma, arial, verdana; font-size: medium; font-weight: 400; text-align: -webkit-center; \"><br \/><\/span><\/p>\n<p style=\"margin-top: 10px; margin-bottom: 10px; \"><b style=\"font-style: italic; \"><\/b><\/p>\n<\/td>\n<\/tr>\n<\/tbody>\n<\/table>\n<p><\/p>\n","protected":false},"excerpt":{"rendered":"<p>Anestesia combinada espinal-epidural La combinaci\u00f3n de estas ambas t\u00e9cnicas espinal(raqu\u00eddea) \u2013 peridural puede combinar las ventajas de cada t\u00e9cnica. Diferentes ventajas de la t\u00e9cnica combinada sobre la peridural son:Comienzo r\u00e1pidoAnalgesia profundaPerdida de habilidad para mover las piernas es m\u00ednimaM\u00ednima cantidad de medicaciones va a ir a otras partes del cuerpo, incluyendo el bebe.Alto grado de&#8230;<\/p>\n<p class=\"more-link-wrap\"><a href=\"https:\/\/painfreebirthing.com\/spn\/lo-que-querias-saber\/anestesia-combinada-espinal-epidural\/\" class=\"more-link\">Read More<span class=\"screen-reader-text\"> &ldquo;Anestesia combinada espinal-epidural&rdquo;<\/span> &raquo;<\/a><\/p>\n","protected":false},"author":1,"featured_media":0,"parent":267,"menu_order":33,"comment_status":"closed","ping_status":"closed","template":"","meta":{"footnotes":""},"class_list":["post-268","page","type-page","status-publish","hentry"],"_links":{"self":[{"href":"https:\/\/painfreebirthing.com\/spn\/wp-json\/wp\/v2\/pages\/268","targetHints":{"allow":["GET"]}}],"collection":[{"href":"https:\/\/painfreebirthing.com\/spn\/wp-json\/wp\/v2\/pages"}],"about":[{"href":"https:\/\/painfreebirthing.com\/spn\/wp-json\/wp\/v2\/types\/page"}],"author":[{"embeddable":true,"href":"https:\/\/painfreebirthing.com\/spn\/wp-json\/wp\/v2\/users\/1"}],"replies":[{"embeddable":true,"href":"https:\/\/painfreebirthing.com\/spn\/wp-json\/wp\/v2\/comments?post=268"}],"version-history":[{"count":0,"href":"https:\/\/painfreebirthing.com\/spn\/wp-json\/wp\/v2\/pages\/268\/revisions"}],"up":[{"embeddable":true,"href":"https:\/\/painfreebirthing.com\/spn\/wp-json\/wp\/v2\/pages\/267"}],"wp:attachment":[{"href":"https:\/\/painfreebirthing.com\/spn\/wp-json\/wp\/v2\/media?parent=268"}],"curies":[{"name":"wp","href":"https:\/\/api.w.org\/{rel}","templated":true}]}}