{"id":266,"date":"2023-07-08T15:12:31","date_gmt":"2023-07-08T15:12:31","guid":{"rendered":"https:\/\/painfreebirthing.com\/spn\/que-pasa-despues-de-colocada-la-peridural\/monitoreo-del-alivio-del-dolor-durante-el-parto\/"},"modified":"2023-07-08T15:12:31","modified_gmt":"2023-07-08T15:12:31","slug":"monitoreo-del-alivio-del-dolor-durante-el-parto","status":"publish","type":"page","link":"https:\/\/painfreebirthing.com\/spn\/que-pasa-despues-de-colocada-la-peridural\/monitoreo-del-alivio-del-dolor-durante-el-parto\/","title":{"rendered":"Monitoreo del alivio del dolor durante el parto."},"content":{"rendered":"<p><font face=\"Tahoma, arial, verdana\" size=\"3\" style=\"color: rgb(0, 0, 0); font-size: medium; font-weight: 400; text-align: start; \"><br \/>Como fue descrito anteriormente, despu\u00e9s de que el dolor ha sido controlado con la inyecci\u00f3n peridural de anestesia local y se sienta confortable, una \u201cbomba\u201d peridural es programada para que le administre cierta cantidad de medicaci\u00f3n en determinado tiempo. Esta bomba inyecta medicaci\u00f3n en el espacio peridural hasta que el bebe nace. Esto asegura que usted va a estar c\u00f3moda hasta el nacimiento del bebe. Sin embargo en ocasiones la cantidad de medicaci\u00f3n administrada programada en la bomba peridural puede no ser adecuada y usted puede volver a sentir dolor con las contracciones. El anestesi\u00f3logo tratara de ajustar la dosis de la medicaci\u00f3n para alcanzar un nivel optimo de analgesia. Su enfermera y el anestesi\u00f3logo van a monitorear el dolor durante todo el trabajo de parto.<br \/><\/font><\/p>\n<p style=\"color: rgb(0, 0, 0); font-family: 'Times New Roman'; font-size: medium; font-weight: 400; text-align: start; \"><\/p>\n<table border=\"0\" width=\"100%\">\n<tbody>\n<tr>\n<td align=\"center\">\n<\/td>\n<\/tr>\n<tr>\n<td align=\"center\" style=\"text-align: center; \"><img loading=\"lazy\" decoding=\"async\" width=\"432\" height=\"432\" alt=\"\" class=\"art-lightbox\" src=\"https:\/\/painfreebirthing.com\/spn\/wp-content\/uploads\/2023\/07\/paincontraction.gif\" ><\/p>\n<p><\/td>\n<\/tr>\n<tr>\n<td>\n<p align=\"center\" style=\"margin-top: 10px; margin-bottom: 10px; \">&nbsp;<span style=\"color: rgb(0, 0, 0); font-family: Tahoma; font-size: medium; font-weight: 400; \">Haga click<\/span><\/p>\n<p align=\"center\" style=\"margin-top: 10px; margin-bottom: 10px; \"><a target=\"_parent\" href=\"\/lo-que-querias-saber\/anestesia-combinada-espinal-epidural\" style=\"font-family: 'Times New Roman'; font-size: medium; font-weight: 400; text-align: start;  \" rel=\"noopener\">Anestesia combinada&nbsp;espinal-epidural&nbsp;<\/a><span style=\"color: rgb(0, 0, 0); font-family: Tahoma; font-size: medium; font-weight: 400; \"><br \/><\/span><\/p>\n<\/td>\n<\/tr>\n<\/tbody>\n<\/table>\n<p><\/p>\n","protected":false},"excerpt":{"rendered":"<p>Como fue descrito anteriormente, despu\u00e9s de que el dolor ha sido controlado con la inyecci\u00f3n peridural de anestesia local y se sienta confortable, una \u201cbomba\u201d peridural es programada para que le administre cierta cantidad de medicaci\u00f3n en determinado tiempo. Esta bomba inyecta medicaci\u00f3n en el espacio peridural hasta que el bebe nace. Esto asegura que&#8230;<\/p>\n<p class=\"more-link-wrap\"><a href=\"https:\/\/painfreebirthing.com\/spn\/que-pasa-despues-de-colocada-la-peridural\/monitoreo-del-alivio-del-dolor-durante-el-parto\/\" class=\"more-link\">Read More<span class=\"screen-reader-text\"> &ldquo;Monitoreo del alivio del dolor durante el parto.&rdquo;<\/span> &raquo;<\/a><\/p>\n","protected":false},"author":1,"featured_media":0,"parent":262,"menu_order":31,"comment_status":"closed","ping_status":"closed","template":"","meta":{"footnotes":""},"class_list":["post-266","page","type-page","status-publish","hentry"],"_links":{"self":[{"href":"https:\/\/painfreebirthing.com\/spn\/wp-json\/wp\/v2\/pages\/266","targetHints":{"allow":["GET"]}}],"collection":[{"href":"https:\/\/painfreebirthing.com\/spn\/wp-json\/wp\/v2\/pages"}],"about":[{"href":"https:\/\/painfreebirthing.com\/spn\/wp-json\/wp\/v2\/types\/page"}],"author":[{"embeddable":true,"href":"https:\/\/painfreebirthing.com\/spn\/wp-json\/wp\/v2\/users\/1"}],"replies":[{"embeddable":true,"href":"https:\/\/painfreebirthing.com\/spn\/wp-json\/wp\/v2\/comments?post=266"}],"version-history":[{"count":0,"href":"https:\/\/painfreebirthing.com\/spn\/wp-json\/wp\/v2\/pages\/266\/revisions"}],"up":[{"embeddable":true,"href":"https:\/\/painfreebirthing.com\/spn\/wp-json\/wp\/v2\/pages\/262"}],"wp:attachment":[{"href":"https:\/\/painfreebirthing.com\/spn\/wp-json\/wp\/v2\/media?parent=266"}],"curies":[{"name":"wp","href":"https:\/\/api.w.org\/{rel}","templated":true}]}}