{"id":264,"date":"2023-07-08T15:12:29","date_gmt":"2023-07-08T15:12:29","guid":{"rendered":"https:\/\/painfreebirthing.com\/spn\/que-pasa-despues-de-colocada-la-peridural\/cambios-en-la-presion-arterial-durante-la-anestesia-peridural\/"},"modified":"2023-07-08T15:12:29","modified_gmt":"2023-07-08T15:12:29","slug":"cambios-en-la-presion-arterial-durante-la-anestesia-peridural","status":"publish","type":"page","link":"https:\/\/painfreebirthing.com\/spn\/que-pasa-despues-de-colocada-la-peridural\/cambios-en-la-presion-arterial-durante-la-anestesia-peridural\/","title":{"rendered":"Cambios en la presi\u00f3n    arterial durante la     anestesia peridural"},"content":{"rendered":"<p><span style=\"color: rgb(0, 0, 0); font-family: Tahoma, arial, verdana; font-size: medium; font-weight: 400; text-align: start; \">La enfermera y el anestesi\u00f3logo van a monitorear su presi\u00f3n durante el tiempo que tenga la peridural. Ocasionalmente, la presi\u00f3n arterial puede bajar con este tipo de anestesia. El anestesi\u00f3logo va a corregir esta disminuci\u00f3n de la presi\u00f3n inmediatamente con medicaciones IV para normalizar la presi\u00f3n. Esta disminuci\u00f3n transitoria no representa ning\u00fan riesgo para el bebe ya que el bebe esta bajo constante monitoreo.<\/span><\/p>\n<table border=\"0\" width=\"100%\">\n<tbody>\n<tr>\n<td align=\"center\"><font face=\"Tahoma, arial, verdana\" size=\"3\"><b><\/b><\/font><\/td>\n<\/tr>\n<tr>\n<td><font face=\"Tahoma, arial, verdana\" size=\"3\"><span style=\"color: rgb(0, 0, 0); \">&nbsp;<\/span><\/font><\/p>\n<p style=\"margin-top: 10px; margin-bottom: 10px; \">&nbsp;<\/p>\n<\/td>\n<\/tr>\n<tr>\n<td align=\"center\" style=\"text-align: center; \"><img loading=\"lazy\" decoding=\"async\" width=\"432\" height=\"432\" alt=\"\" class=\"art-lightbox\" src=\"https:\/\/painfreebirthing.com\/spn\/wp-content\/uploads\/2023\/07\/hypotension.gif\" ><\/td>\n<\/tr>\n<tr>\n<td align=\"center\" style=\"text-align: center; \">\n<p><span style=\"color: rgb(0, 0, 0); font-family: Tahoma; font-size: medium; font-weight: 400; text-align: -webkit-center; \">Haga click<br \/><a href=\"\/que-pasa-despues-de-colocada-la-peridural\/una-peridural-ideal\" target=\"_parent\" rel=\"noopener\">Una peridural ideal&nbsp;<\/a><font face=\"Tahoma, arial, verdana\" size=\"2\" style=\"font-weight: 400; text-align: start; \"><a target=\"main\" href=\"http:\/\/www.painfreebirthing.com\/spanish\/vigilance3sp.htm\" rel=\"noopener\"><\/a><\/font><br \/><\/span><a href=\"\/after-epidural-placement\/aim-of-epidural-labor-analgesia\" target=\"_parent\" rel=\"noopener\"><\/a><\/td>\n<\/tr>\n<\/tbody>\n<\/table>\n<p><\/p>\n","protected":false},"excerpt":{"rendered":"<p>La enfermera y el anestesi\u00f3logo van a monitorear su presi\u00f3n durante el tiempo que tenga la peridural. Ocasionalmente, la presi\u00f3n arterial puede bajar con este tipo de anestesia. El anestesi\u00f3logo va a corregir esta disminuci\u00f3n de la presi\u00f3n inmediatamente con medicaciones IV para normalizar la presi\u00f3n. Esta disminuci\u00f3n transitoria no representa ning\u00fan riesgo para el&#8230;<\/p>\n<p class=\"more-link-wrap\"><a href=\"https:\/\/painfreebirthing.com\/spn\/que-pasa-despues-de-colocada-la-peridural\/cambios-en-la-presion-arterial-durante-la-anestesia-peridural\/\" class=\"more-link\">Read More<span class=\"screen-reader-text\"> &ldquo;Cambios en la presi\u00f3n    arterial durante la     anestesia peridural&rdquo;<\/span> &raquo;<\/a><\/p>\n","protected":false},"author":1,"featured_media":0,"parent":262,"menu_order":29,"comment_status":"closed","ping_status":"closed","template":"","meta":{"footnotes":""},"class_list":["post-264","page","type-page","status-publish","hentry"],"_links":{"self":[{"href":"https:\/\/painfreebirthing.com\/spn\/wp-json\/wp\/v2\/pages\/264","targetHints":{"allow":["GET"]}}],"collection":[{"href":"https:\/\/painfreebirthing.com\/spn\/wp-json\/wp\/v2\/pages"}],"about":[{"href":"https:\/\/painfreebirthing.com\/spn\/wp-json\/wp\/v2\/types\/page"}],"author":[{"embeddable":true,"href":"https:\/\/painfreebirthing.com\/spn\/wp-json\/wp\/v2\/users\/1"}],"replies":[{"embeddable":true,"href":"https:\/\/painfreebirthing.com\/spn\/wp-json\/wp\/v2\/comments?post=264"}],"version-history":[{"count":0,"href":"https:\/\/painfreebirthing.com\/spn\/wp-json\/wp\/v2\/pages\/264\/revisions"}],"up":[{"embeddable":true,"href":"https:\/\/painfreebirthing.com\/spn\/wp-json\/wp\/v2\/pages\/262"}],"wp:attachment":[{"href":"https:\/\/painfreebirthing.com\/spn\/wp-json\/wp\/v2\/media?parent=264"}],"curies":[{"name":"wp","href":"https:\/\/api.w.org\/{rel}","templated":true}]}}